{"id":127975,"date":"2022-11-04T09:32:27","date_gmt":"2022-11-04T08:32:27","guid":{"rendered":"https:\/\/eurecat.org\/?page_id=127975"},"modified":"2022-11-04T09:32:27","modified_gmt":"2022-11-04T08:32:27","slug":"data-treatment-information-eurecats-newsletters","status":"publish","type":"page","link":"https:\/\/eurecat.org\/en\/eurecat\/data-treatment-information-eurecats-newsletters\/","title":{"rendered":"DATA TREATMENT INFORMATION \u2013 EURECAT\u2019S NEWSLETTERS"},"content":{"rendered":"<div class=\"fusion-fullwidth fullwidth-box fusion-builder-row-1 nonhundred-percent-fullwidth non-hundred-percent-height-scrolling\" style=\"--awb-border-radius-top-left:0px;--awb-border-radius-top-right:0px;--awb-border-radius-bottom-right:0px;--awb-border-radius-bottom-left:0px;--awb-flex-wrap:wrap;\" ><div class=\"fusion-builder-row fusion-row\"><div class=\"fusion-layout-column fusion_builder_column fusion-builder-column-0 fusion_builder_column_1_1 1_1 fusion-one-full fusion-column-first fusion-column-last\" style=\"--awb-bg-size:cover;\"><div class=\"fusion-column-wrapper fusion-flex-column-wrapper-legacy\"><div class=\"fusion-text fusion-text-1\" style=\"--awb-text-transform:none;\"><p><strong>Data Controller: <\/strong>The Data Controller is Fundaci\u00f3 Eurecat, with Vat number G66210345 sited at Av. Universitat Aut\u00f2noma 23, 08290, Cerdanyola del Vall\u00e8s (BCN), <a href=\"mailto:legal@eurecat.org\">legal@eurecat.org<\/a> (the \u201c<strong>Data Controller<\/strong>\u201d).<\/p>\n<p>Data Protection Officer contact information de contact <a href=\"mailto:dpo@eurecat.org\">dpo@eurecat.org<\/a><\/p>\n<p><strong>Purposes of the data treatment: <\/strong>identifying data (name, surname, email address) and professional data (business activity, position) shall be processed to submitting you information related the checkbox selected which are Live Praline\u2019s and Eurecat\u2019s projects, as well as to profiling you to segment the newsletter activity to your interests.<\/p>\n<p><strong>Legal Basis:<\/strong> the legal basis for processing your data is the consent granted (GDPR art 6.1 a).<\/p>\n<p><strong>Recipients<\/strong>: The data shall not be ceded to third parties; however, the data may be accessible to third parties as to the Data Controller services providers or, because of legal obligations. Further information at <a href=\"https:\/\/eurecat.org\/en\/privacy-policy\/\">Privacy Policy.<\/a><\/p>\n<p><strong>Storage<\/strong>: The data shall be stored for the term required to develop the purpose of the treatment, or, until the data subject request its deletion.<\/p>\n<p><strong>Automated decisions and profiling<\/strong>: the data shall not be object to automated decisions. The data from the form shall be used to segment each information shipment to those subject matters that according to your profile may interest you. Further information at <a href=\"https:\/\/eurecat.org\/en\/privacy-policy\/\">Privacy Policy.<\/a><\/p>\n<p><strong>Rights<\/strong>: the consent may be revoked at any time. You may also have the right to access, rectify, erase the data and exercise your right to restriction of the processing data and to ask for the portability of the data according to the legal conditions contacting the Data Controller at: <strong>Fundaci\u00f3 Eurecat<\/strong> a Av. Universitat Aut\u00f2noma 23, 08290 Cerdanyola del Vall\u00e8s (Barcelona), or, by email a <a href=\"mailto:rgplegad@i2cat.net\">legal@eurecat.org<\/a><\/p>\n<p><strong>Supervisory Authority:<\/strong> in case the user shall not obtained the execution of a right petition, or its the response or, shall be considered it unsatisfactory, or require further information about the subject\u2019s data rights, you may consult to the Agencia Espa\u00f1ola de Protecci\u00f3n de Datos (<a href=\"http:\/\/www.agpd.es\">www.agpd.es<\/a>).<\/p>\n<p><strong>Further Information: <\/strong>you may consult further information about the data treatment at <a href=\"https:\/\/eurecat.org\/en\/privacy-policy\/\">Privacy Policy<\/a><\/p>\n<\/div><div class=\"fusion-clearfix\"><\/div><\/div><\/div><\/div><\/div>\n","protected":false},"excerpt":{"rendered":"","protected":false},"author":12,"featured_media":0,"parent":3063,"menu_order":120,"comment_status":"closed","ping_status":"closed","template":"","meta":{"footnotes":""},"class_list":["post-127975","page","type-page","status-publish","hentry"],"yoast_head":"<!-- This site is optimized with the Yoast SEO plugin v27.5 - https:\/\/yoast.com\/product\/yoast-seo-wordpress\/ -->\n<title>DATA TREATMENT INFORMATION \u2013 EURECAT\u2019S NEWSLETTERS - Eurecat<\/title>\n<meta name=\"robots\" content=\"noindex, follow\" \/>\n<meta property=\"og:locale\" content=\"en_US\" \/>\n<meta property=\"og:type\" content=\"article\" \/>\n<meta property=\"og:title\" content=\"DATA TREATMENT INFORMATION \u2013 EURECAT\u2019S NEWSLETTERS - Eurecat\" \/>\n<meta property=\"og:url\" content=\"https:\/\/eurecat.org\/en\/eurecat\/data-treatment-information-eurecats-newsletters\/\" \/>\n<meta property=\"og:site_name\" content=\"Eurecat\" \/>\n<meta name=\"twitter:card\" content=\"summary_large_image\" \/>\n<meta name=\"twitter:label1\" content=\"Est. reading time\" \/>\n\t<meta name=\"twitter:data1\" content=\"3 minutes\" \/>\n<script type=\"application\/ld+json\" class=\"yoast-schema-graph\">{\"@context\":\"https:\\\/\\\/schema.org\",\"@graph\":[{\"@type\":\"WebPage\",\"@id\":\"https:\\\/\\\/eurecat.org\\\/en\\\/eurecat\\\/data-treatment-information-eurecats-newsletters\\\/\",\"url\":\"https:\\\/\\\/eurecat.org\\\/en\\\/eurecat\\\/data-treatment-information-eurecats-newsletters\\\/\",\"name\":\"DATA TREATMENT INFORMATION \u2013 EURECAT\u2019S NEWSLETTERS - Eurecat\",\"isPartOf\":{\"@id\":\"https:\\\/\\\/eurecat.org\\\/en\\\/#website\"},\"datePublished\":\"2022-11-04T08:32:27+00:00\",\"breadcrumb\":{\"@id\":\"https:\\\/\\\/eurecat.org\\\/en\\\/eurecat\\\/data-treatment-information-eurecats-newsletters\\\/#breadcrumb\"},\"inLanguage\":\"en-US\",\"potentialAction\":[{\"@type\":\"ReadAction\",\"target\":[\"https:\\\/\\\/eurecat.org\\\/en\\\/eurecat\\\/data-treatment-information-eurecats-newsletters\\\/\"]}]},{\"@type\":\"BreadcrumbList\",\"@id\":\"https:\\\/\\\/eurecat.org\\\/en\\\/eurecat\\\/data-treatment-information-eurecats-newsletters\\\/#breadcrumb\",\"itemListElement\":[{\"@type\":\"ListItem\",\"position\":1,\"name\":\"Inici\",\"item\":\"https:\\\/\\\/eurecat.org\\\/en\\\/\"},{\"@type\":\"ListItem\",\"position\":2,\"name\":\"Eurecat\",\"item\":\"https:\\\/\\\/eurecat.org\\\/en\\\/eurecat\\\/\"},{\"@type\":\"ListItem\",\"position\":3,\"name\":\"DATA TREATMENT INFORMATION \u2013 EURECAT\u2019S NEWSLETTERS\"}]},{\"@type\":\"WebSite\",\"@id\":\"https:\\\/\\\/eurecat.org\\\/en\\\/#website\",\"url\":\"https:\\\/\\\/eurecat.org\\\/en\\\/\",\"name\":\"Eurecat\",\"description\":\"Otro sitio realizado con WordPress\",\"potentialAction\":[{\"@type\":\"SearchAction\",\"target\":{\"@type\":\"EntryPoint\",\"urlTemplate\":\"https:\\\/\\\/eurecat.org\\\/en\\\/?s={search_term_string}\"},\"query-input\":{\"@type\":\"PropertyValueSpecification\",\"valueRequired\":true,\"valueName\":\"search_term_string\"}}],\"inLanguage\":\"en-US\"}]}<\/script>\n<!-- \/ Yoast SEO plugin. -->","yoast_head_json":{"title":"DATA TREATMENT INFORMATION \u2013 EURECAT\u2019S NEWSLETTERS - Eurecat","robots":{"index":"noindex","follow":"follow"},"og_locale":"en_US","og_type":"article","og_title":"DATA TREATMENT INFORMATION \u2013 EURECAT\u2019S NEWSLETTERS - Eurecat","og_url":"https:\/\/eurecat.org\/en\/eurecat\/data-treatment-information-eurecats-newsletters\/","og_site_name":"Eurecat","twitter_card":"summary_large_image","twitter_misc":{"Est. reading time":"3 minutes"},"schema":{"@context":"https:\/\/schema.org","@graph":[{"@type":"WebPage","@id":"https:\/\/eurecat.org\/en\/eurecat\/data-treatment-information-eurecats-newsletters\/","url":"https:\/\/eurecat.org\/en\/eurecat\/data-treatment-information-eurecats-newsletters\/","name":"DATA TREATMENT INFORMATION \u2013 EURECAT\u2019S NEWSLETTERS - Eurecat","isPartOf":{"@id":"https:\/\/eurecat.org\/en\/#website"},"datePublished":"2022-11-04T08:32:27+00:00","breadcrumb":{"@id":"https:\/\/eurecat.org\/en\/eurecat\/data-treatment-information-eurecats-newsletters\/#breadcrumb"},"inLanguage":"en-US","potentialAction":[{"@type":"ReadAction","target":["https:\/\/eurecat.org\/en\/eurecat\/data-treatment-information-eurecats-newsletters\/"]}]},{"@type":"BreadcrumbList","@id":"https:\/\/eurecat.org\/en\/eurecat\/data-treatment-information-eurecats-newsletters\/#breadcrumb","itemListElement":[{"@type":"ListItem","position":1,"name":"Inici","item":"https:\/\/eurecat.org\/en\/"},{"@type":"ListItem","position":2,"name":"Eurecat","item":"https:\/\/eurecat.org\/en\/eurecat\/"},{"@type":"ListItem","position":3,"name":"DATA TREATMENT INFORMATION \u2013 EURECAT\u2019S NEWSLETTERS"}]},{"@type":"WebSite","@id":"https:\/\/eurecat.org\/en\/#website","url":"https:\/\/eurecat.org\/en\/","name":"Eurecat","description":"Otro sitio realizado con WordPress","potentialAction":[{"@type":"SearchAction","target":{"@type":"EntryPoint","urlTemplate":"https:\/\/eurecat.org\/en\/?s={search_term_string}"},"query-input":{"@type":"PropertyValueSpecification","valueRequired":true,"valueName":"search_term_string"}}],"inLanguage":"en-US"}]}},"_links":{"self":[{"href":"https:\/\/eurecat.org\/en\/wp-json\/wp\/v2\/pages\/127975","targetHints":{"allow":["GET"]}}],"collection":[{"href":"https:\/\/eurecat.org\/en\/wp-json\/wp\/v2\/pages"}],"about":[{"href":"https:\/\/eurecat.org\/en\/wp-json\/wp\/v2\/types\/page"}],"author":[{"embeddable":true,"href":"https:\/\/eurecat.org\/en\/wp-json\/wp\/v2\/users\/12"}],"replies":[{"embeddable":true,"href":"https:\/\/eurecat.org\/en\/wp-json\/wp\/v2\/comments?post=127975"}],"version-history":[{"count":1,"href":"https:\/\/eurecat.org\/en\/wp-json\/wp\/v2\/pages\/127975\/revisions"}],"predecessor-version":[{"id":127976,"href":"https:\/\/eurecat.org\/en\/wp-json\/wp\/v2\/pages\/127975\/revisions\/127976"}],"up":[{"embeddable":true,"href":"https:\/\/eurecat.org\/en\/wp-json\/wp\/v2\/pages\/3063"}],"wp:attachment":[{"href":"https:\/\/eurecat.org\/en\/wp-json\/wp\/v2\/media?parent=127975"}],"curies":[{"name":"wp","href":"https:\/\/api.w.org\/{rel}","templated":true}]}}