{"id":97681,"date":"2020-03-05T08:54:11","date_gmt":"2020-03-05T07:54:11","guid":{"rendered":"https:\/\/eurecat.org\/?page_id=97681"},"modified":"2025-03-10T16:52:24","modified_gmt":"2025-03-10T15:52:24","slug":"eurecat-latam","status":"publish","type":"page","link":"https:\/\/eurecat.org\/en\/eurecat\/international-presence\/eurecat-latam\/","title":{"rendered":"Eurecat Latam"},"content":{"rendered":"<div class=\"fusion-fullwidth fullwidth-box fusion-builder-row-1 fusion-flex-container has-pattern-background has-mask-background fusion-parallax-none nonhundred-percent-fullwidth non-hundred-percent-height-scrolling eu_2024 section-hero section-color-transparent\" style=\"--awb-border-radius-top-left:0px;--awb-border-radius-top-right:0px;--awb-border-radius-bottom-right:0px;--awb-border-radius-bottom-left:0px;--awb-background-color:rgba(0,0,0,0.37);--awb-background-image:url(&quot;https:\/\/eurecat.org\/wp-content\/uploads\/2024\/10\/header-6.jpg&quot;);--awb-background-size:cover;--awb-flex-wrap:wrap;\" ><div class=\"fusion-builder-row fusion-row fusion-flex-align-items-flex-start fusion-flex-content-wrap\" style=\"max-width:1424.8px;margin-left: calc(-4% \/ 2 );margin-right: calc(-4% \/ 2 );\"><div class=\"fusion-layout-column fusion_builder_column fusion-builder-column-0 fusion_builder_column_1_1 1_1 fusion-flex-column\" style=\"--awb-bg-size:cover;--awb-width-large:100%;--awb-margin-top-large:0px;--awb-spacing-right-large:1.92%;--awb-margin-bottom-large:20px;--awb-spacing-left-large:1.92%;--awb-width-medium:100%;--awb-order-medium:0;--awb-spacing-right-medium:1.92%;--awb-spacing-left-medium:1.92%;--awb-width-small:100%;--awb-order-small:0;--awb-spacing-right-small:1.92%;--awb-spacing-left-small:1.92%;\" data-scroll-devices=\"small-visibility,medium-visibility,large-visibility\"><div class=\"fusion-column-wrapper fusion-column-has-shadow fusion-flex-justify-content-flex-start fusion-content-layout-column\"><div class=\"fusion-text fusion-text-1\"><p>International Presence<\/p>\n<h1>Eurecat LATAM<\/h1>\n<\/div><\/div><\/div><\/div><\/div><div class=\"fusion-fullwidth fullwidth-box fusion-builder-row-2 fusion-flex-container has-pattern-background has-mask-background fusion-parallax-fixed nonhundred-percent-fullwidth non-hundred-percent-height-scrolling eu_2024 section-color-transparent section-intro\" style=\"--awb-background-position:left top;--awb-border-radius-top-left:0px;--awb-border-radius-top-right:0px;--awb-border-radius-bottom-right:0px;--awb-border-radius-bottom-left:0px;--awb-background-image:url(&quot;https:\/\/eurecat.org\/wp-content\/uploads\/2024\/07\/cercle-opacity.png&quot;);--awb-background-size:600px;--awb-flex-wrap:wrap;background-attachment:fixed;\" ><div class=\"fusion-builder-row fusion-row fusion-flex-align-items-flex-start fusion-flex-content-wrap\" style=\"max-width:1424.8px;margin-left: calc(-4% \/ 2 );margin-right: calc(-4% \/ 2 );\"><div class=\"fusion-layout-column fusion_builder_column fusion-builder-column-1 fusion_builder_column_1_1 1_1 fusion-flex-column\" style=\"--awb-bg-size:cover;--awb-width-large:100%;--awb-margin-top-large:0px;--awb-spacing-right-large:1.92%;--awb-margin-bottom-large:20px;--awb-spacing-left-large:1.92%;--awb-width-medium:100%;--awb-order-medium:0;--awb-spacing-right-medium:1.92%;--awb-spacing-left-medium:1.92%;--awb-width-small:100%;--awb-order-small:0;--awb-spacing-right-small:1.92%;--awb-spacing-left-small:1.92%;\"><div class=\"fusion-column-wrapper fusion-column-has-shadow fusion-flex-justify-content-flex-start fusion-content-layout-column\"><div class=\"fusion-text fusion-text-2\"><h2>Boosting innovation and business competitiveness in LATAM<\/h2>\n<\/div><div class=\"fusion-text fusion-text-3 txt-lg\"><p>Eurecat, the second private organization in Spain in R&amp;D has since October 2019 its first headquarters in Latin America. Specifically, in Chile, one of the Latin American countries with the highest GDP per capita, with high levels of competitiveness, growth, quality of life and economic stability.<\/p>\n<p>Eurecat has been collaborating for years with different Latin American companies and institutions in technology transfer, business promotion and the development of leading innovation projects based on the hybridization of advanced industrial and digital technologies in fields such as food, smart cities, environment, energy efficiency, education, tourism and logistics in order to promote the competitiveness of its companies and the well-being of the Society.<\/p>\n<\/div><\/div><\/div><\/div><\/div><div class=\"fusion-fullwidth fullwidth-box fusion-builder-row-3 fusion-flex-container has-pattern-background has-mask-background nonhundred-percent-fullwidth non-hundred-percent-height-scrolling eu_2024 section-color-lightest\" style=\"--awb-border-radius-top-left:0px;--awb-border-radius-top-right:0px;--awb-border-radius-bottom-right:0px;--awb-border-radius-bottom-left:0px;--awb-flex-wrap:wrap;\" ><div class=\"fusion-builder-row fusion-row fusion-flex-align-items-center fusion-flex-content-wrap\" style=\"max-width:1424.8px;margin-left: calc(-4% \/ 2 );margin-right: calc(-4% \/ 2 );\"><div class=\"fusion-layout-column fusion_builder_column fusion-builder-column-2 fusion_builder_column_1_2 1_2 fusion-flex-column\" style=\"--awb-bg-size:cover;--awb-width-large:50%;--awb-margin-top-large:0px;--awb-spacing-right-large:3.84%;--awb-margin-bottom-large:20px;--awb-spacing-left-large:3.84%;--awb-width-medium:100%;--awb-order-medium:0;--awb-spacing-right-medium:1.92%;--awb-spacing-left-medium:1.92%;--awb-width-small:100%;--awb-order-small:0;--awb-spacing-right-small:1.92%;--awb-spacing-left-small:1.92%;\"><div class=\"fusion-column-wrapper fusion-column-has-shadow fusion-flex-justify-content-flex-start fusion-content-layout-column\"><div class=\"fusion-image-element \" style=\"--awb-caption-title-font-family:var(--h2_typography-font-family);--awb-caption-title-font-weight:var(--h2_typography-font-weight);--awb-caption-title-font-style:var(--h2_typography-font-style);--awb-caption-title-size:var(--h2_typography-font-size);--awb-caption-title-transform:var(--h2_typography-text-transform);--awb-caption-title-line-height:var(--h2_typography-line-height);--awb-caption-title-letter-spacing:var(--h2_typography-letter-spacing);\"><span class=\" fusion-imageframe imageframe-none imageframe-1 hover-type-none\"><img decoding=\"async\" width=\"800\" height=\"585\" title=\"Eurecat_Latam800x585\" src=\"https:\/\/eurecat.org\/wp-content\/uploads\/2024\/10\/Eurecat_Latam800x585.jpg\" alt class=\"img-responsive wp-image-162598\" srcset=\"https:\/\/eurecat.org\/wp-content\/uploads\/2024\/10\/Eurecat_Latam800x585-200x146.jpg 200w, https:\/\/eurecat.org\/wp-content\/uploads\/2024\/10\/Eurecat_Latam800x585-400x293.jpg 400w, https:\/\/eurecat.org\/wp-content\/uploads\/2024\/10\/Eurecat_Latam800x585-600x439.jpg 600w, https:\/\/eurecat.org\/wp-content\/uploads\/2024\/10\/Eurecat_Latam800x585.jpg 800w\" sizes=\"(max-width: 1024px) 100vw, (max-width: 640px) 100vw, 800px\" \/><\/span><\/div><\/div><\/div><div class=\"fusion-layout-column fusion_builder_column fusion-builder-column-3 fusion_builder_column_1_2 1_2 fusion-flex-column\" style=\"--awb-bg-size:cover;--awb-width-large:50%;--awb-margin-top-large:0px;--awb-spacing-right-large:3.84%;--awb-margin-bottom-large:20px;--awb-spacing-left-large:3.84%;--awb-width-medium:100%;--awb-order-medium:0;--awb-spacing-right-medium:1.92%;--awb-spacing-left-medium:1.92%;--awb-width-small:100%;--awb-order-small:0;--awb-spacing-right-small:1.92%;--awb-spacing-left-small:1.92%;\"><div class=\"fusion-column-wrapper fusion-column-has-shadow fusion-flex-justify-content-flex-start fusion-content-layout-column\"><div class=\"fusion-text fusion-text-4\"><h4>Collaboration agreement signed between Eurecat and SE Santiago<\/h4>\n<\/div><div class=\"fusion-text fusion-text-5\"><p>The Se Santiago Regional Strategic Programme, arises from the Corfo Metropolitano\u2019s portfolio of projects, which aims to promote the development of smart city topics applied to the Metropolitan region of Chile.<\/p>\n<\/div><\/div><\/div><\/div><\/div><div class=\"fusion-fullwidth fullwidth-box fusion-builder-row-4 fusion-flex-container has-pattern-background has-mask-background nonhundred-percent-fullwidth non-hundred-percent-height-scrolling eu_2024 section-header section-color-gradient \" style=\"--awb-border-radius-top-left:0px;--awb-border-radius-top-right:0px;--awb-border-radius-bottom-right:0px;--awb-border-radius-bottom-left:0px;--awb-background-size:cover;--awb-flex-wrap:wrap;\" ><div class=\"fusion-builder-row fusion-row fusion-flex-align-items-flex-start fusion-flex-content-wrap\" style=\"max-width:1424.8px;margin-left: calc(-4% \/ 2 );margin-right: calc(-4% \/ 2 );\"><div class=\"fusion-layout-column fusion_builder_column fusion-builder-column-4 fusion_builder_column_1_1 1_1 fusion-flex-column\" style=\"--awb-bg-size:cover;--awb-width-large:100%;--awb-margin-top-large:0px;--awb-spacing-right-large:1.92%;--awb-margin-bottom-large:20px;--awb-spacing-left-large:1.92%;--awb-width-medium:100%;--awb-order-medium:0;--awb-spacing-right-medium:1.92%;--awb-spacing-left-medium:1.92%;--awb-width-small:100%;--awb-order-small:0;--awb-spacing-right-small:1.92%;--awb-spacing-left-small:1.92%;\" data-scroll-devices=\"small-visibility,medium-visibility,large-visibility\"><div class=\"fusion-column-wrapper fusion-column-has-shadow fusion-flex-justify-content-flex-start fusion-content-layout-column\"><div class=\"fusion-text fusion-text-6 topline\"><h2>Contact<\/h2>\n<\/div><\/div><\/div><\/div><\/div><div class=\"fusion-fullwidth fullwidth-box fusion-builder-row-5 fusion-flex-container has-pattern-background has-mask-background fusion-parallax-fixed nonhundred-percent-fullwidth non-hundred-percent-height-scrolling eu_2024 section-color-transparent section-contact\" style=\"--awb-background-position:left top;--awb-border-radius-top-left:0px;--awb-border-radius-top-right:0px;--awb-border-radius-bottom-right:0px;--awb-border-radius-bottom-left:0px;--awb-background-image:url(&quot;https:\/\/eurecat.org\/wp-content\/uploads\/2024\/07\/cercle-opacity.png&quot;);--awb-background-size:600px;--awb-flex-wrap:wrap;background-attachment:fixed;\" ><div class=\"fusion-builder-row fusion-row fusion-flex-align-items-flex-start fusion-flex-content-wrap\" style=\"max-width:1424.8px;margin-left: calc(-4% \/ 2 );margin-right: calc(-4% \/ 2 );\"><div class=\"fusion-layout-column fusion_builder_column fusion-builder-column-5 fusion_builder_column_1_1 1_1 fusion-flex-column contact\" style=\"--awb-bg-size:cover;--awb-width-large:100%;--awb-margin-top-large:0px;--awb-spacing-right-large:1.92%;--awb-margin-bottom-large:20px;--awb-spacing-left-large:1.92%;--awb-width-medium:100%;--awb-order-medium:0;--awb-spacing-right-medium:1.92%;--awb-spacing-left-medium:1.92%;--awb-width-small:100%;--awb-order-small:0;--awb-spacing-right-small:1.92%;--awb-spacing-left-small:1.92%;\" data-scroll-devices=\"small-visibility,medium-visibility,large-visibility\"><div class=\"fusion-column-wrapper fusion-column-has-shadow fusion-flex-justify-content-flex-start fusion-content-layout-column\"><div class=\"fusion-image-element \" style=\"--awb-caption-title-font-family:var(--h2_typography-font-family);--awb-caption-title-font-weight:var(--h2_typography-font-weight);--awb-caption-title-font-style:var(--h2_typography-font-style);--awb-caption-title-size:var(--h2_typography-font-size);--awb-caption-title-transform:var(--h2_typography-text-transform);--awb-caption-title-line-height:var(--h2_typography-line-height);--awb-caption-title-letter-spacing:var(--h2_typography-letter-spacing);\"><span class=\" fusion-imageframe imageframe-none imageframe-2 hover-type-none contact-img\"><img decoding=\"async\" width=\"360\" height=\"360\" title=\"javiera+_sarmento\" src=\"https:\/\/eurecat.org\/wp-content\/uploads\/2025\/02\/javiera_sarmento.png\" alt class=\"img-responsive wp-image-171983\" srcset=\"https:\/\/eurecat.org\/wp-content\/uploads\/2025\/02\/javiera_sarmento-200x200.png 200w, https:\/\/eurecat.org\/wp-content\/uploads\/2025\/02\/javiera_sarmento.png 360w\" sizes=\"(max-width: 1024px) 100vw, (max-width: 640px) 100vw, 360px\" \/><\/span><\/div><div class=\"fusion-text fusion-text-7 contact-name topline\"><h3>Javiera Sarmiento<\/h3>\n<\/div><div class=\"fusion-text fusion-text-8 contact-job-position\"><p><strong>Executive Director Eurecat LATAM<\/strong><\/p>\n<\/div><div class=\"fusion-text fusion-text-9\"><p>Agricultural Engineer from the Pontifical Catholic University of Valpara\u00edso and Master&#8217;s in Technology Innovation Management and Entrepreneurship from Adolfo Ib\u00e1\u00f1ez University in Chile. She has extensive experience in Research, Development, and Innovation projects in both the public and private sectors, as well as in Technology Transfer and Circular Economy. She currently leads the Eurecat office in Latin America located in Santiago, Chile.<\/p>\n<div class=\"wpaicg-chat-shortcode-type\"><\/div>\n<\/div><div class=\"fusion-text fusion-text-10 contact-list\"><ul>\n<li><a href=\"mailto:javiera.sarmiento@eurecat.org\">javiera.sarmiento@eurecat.org<\/a><\/li>\n<\/ul>\n<\/div><div ><a class=\"fusion-button button-flat fusion-button-default-size button-default fusion-button-default button-1 fusion-button-default-span fusion-button-default-type\" target=\"_self\" href=\"mailto:javiera.sarmiento@eurecat.org\"><span class=\"fusion-button-text awb-button__text awb-button__text--default\">Contact<\/span><\/a><\/div><\/div><\/div><\/div><\/div>\n","protected":false},"excerpt":{"rendered":"","protected":false},"author":6,"featured_media":115253,"parent":97685,"menu_order":0,"comment_status":"closed","ping_status":"closed","template":"100-width.php","meta":{"footnotes":""},"class_list":["post-97681","page","type-page","status-publish","has-post-thumbnail","hentry"],"yoast_head":"<!-- This site is optimized with the Yoast SEO plugin v27.5 - https:\/\/yoast.com\/product\/yoast-seo-wordpress\/ -->\n<title>Eurecat Latam - Eurecat<\/title>\n<meta name=\"robots\" content=\"index, follow, max-snippet:-1, max-image-preview:large, max-video-preview:-1\" \/>\n<link rel=\"canonical\" href=\"https:\/\/eurecat.org\/en\/eurecat\/international-presence\/eurecat-latam\/\" \/>\n<meta property=\"og:locale\" content=\"en_US\" \/>\n<meta property=\"og:type\" content=\"article\" \/>\n<meta property=\"og:title\" content=\"Eurecat Latam - Eurecat\" \/>\n<meta property=\"og:url\" content=\"https:\/\/eurecat.org\/en\/eurecat\/international-presence\/eurecat-latam\/\" \/>\n<meta property=\"og:site_name\" content=\"Eurecat\" \/>\n<meta property=\"article:modified_time\" content=\"2025-03-10T15:52:24+00:00\" \/>\n<meta property=\"og:image\" content=\"https:\/\/eurecat.org\/wp-content\/uploads\/2021\/06\/eurecatlatam_destacada_520x272.jpg\" \/>\n\t<meta property=\"og:image:width\" content=\"520\" \/>\n\t<meta property=\"og:image:height\" content=\"272\" \/>\n\t<meta property=\"og:image:type\" content=\"image\/jpeg\" \/>\n<meta name=\"twitter:card\" content=\"summary_large_image\" \/>\n<meta name=\"twitter:label1\" content=\"Est. reading time\" \/>\n\t<meta name=\"twitter:data1\" content=\"2 minutes\" \/>\n<script type=\"application\/ld+json\" class=\"yoast-schema-graph\">{\"@context\":\"https:\\\/\\\/schema.org\",\"@graph\":[{\"@type\":\"WebPage\",\"@id\":\"https:\\\/\\\/eurecat.org\\\/en\\\/eurecat\\\/international-presence\\\/eurecat-latam\\\/\",\"url\":\"https:\\\/\\\/eurecat.org\\\/en\\\/eurecat\\\/international-presence\\\/eurecat-latam\\\/\",\"name\":\"Eurecat Latam - Eurecat\",\"isPartOf\":{\"@id\":\"https:\\\/\\\/eurecat.org\\\/en\\\/#website\"},\"primaryImageOfPage\":{\"@id\":\"https:\\\/\\\/eurecat.org\\\/en\\\/eurecat\\\/international-presence\\\/eurecat-latam\\\/#primaryimage\"},\"image\":{\"@id\":\"https:\\\/\\\/eurecat.org\\\/en\\\/eurecat\\\/international-presence\\\/eurecat-latam\\\/#primaryimage\"},\"thumbnailUrl\":\"https:\\\/\\\/eurecat.org\\\/wp-content\\\/uploads\\\/2021\\\/06\\\/eurecatlatam_destacada_520x272.jpg\",\"datePublished\":\"2020-03-05T07:54:11+00:00\",\"dateModified\":\"2025-03-10T15:52:24+00:00\",\"breadcrumb\":{\"@id\":\"https:\\\/\\\/eurecat.org\\\/en\\\/eurecat\\\/international-presence\\\/eurecat-latam\\\/#breadcrumb\"},\"inLanguage\":\"en-US\",\"potentialAction\":[{\"@type\":\"ReadAction\",\"target\":[\"https:\\\/\\\/eurecat.org\\\/en\\\/eurecat\\\/international-presence\\\/eurecat-latam\\\/\"]}]},{\"@type\":\"ImageObject\",\"inLanguage\":\"en-US\",\"@id\":\"https:\\\/\\\/eurecat.org\\\/en\\\/eurecat\\\/international-presence\\\/eurecat-latam\\\/#primaryimage\",\"url\":\"https:\\\/\\\/eurecat.org\\\/wp-content\\\/uploads\\\/2021\\\/06\\\/eurecatlatam_destacada_520x272.jpg\",\"contentUrl\":\"https:\\\/\\\/eurecat.org\\\/wp-content\\\/uploads\\\/2021\\\/06\\\/eurecatlatam_destacada_520x272.jpg\",\"width\":520,\"height\":272,\"caption\":\"eurecat latam\"},{\"@type\":\"BreadcrumbList\",\"@id\":\"https:\\\/\\\/eurecat.org\\\/en\\\/eurecat\\\/international-presence\\\/eurecat-latam\\\/#breadcrumb\",\"itemListElement\":[{\"@type\":\"ListItem\",\"position\":1,\"name\":\"Inici\",\"item\":\"https:\\\/\\\/eurecat.org\\\/en\\\/\"},{\"@type\":\"ListItem\",\"position\":2,\"name\":\"Eurecat\",\"item\":\"https:\\\/\\\/eurecat.org\\\/en\\\/eurecat\\\/\"},{\"@type\":\"ListItem\",\"position\":3,\"name\":\"International presence\",\"item\":\"https:\\\/\\\/eurecat.org\\\/en\\\/eurecat\\\/international-presence\\\/\"},{\"@type\":\"ListItem\",\"position\":4,\"name\":\"Eurecat Latam\"}]},{\"@type\":\"WebSite\",\"@id\":\"https:\\\/\\\/eurecat.org\\\/en\\\/#website\",\"url\":\"https:\\\/\\\/eurecat.org\\\/en\\\/\",\"name\":\"Eurecat\",\"description\":\"Otro sitio realizado con WordPress\",\"potentialAction\":[{\"@type\":\"SearchAction\",\"target\":{\"@type\":\"EntryPoint\",\"urlTemplate\":\"https:\\\/\\\/eurecat.org\\\/en\\\/?s={search_term_string}\"},\"query-input\":{\"@type\":\"PropertyValueSpecification\",\"valueRequired\":true,\"valueName\":\"search_term_string\"}}],\"inLanguage\":\"en-US\"}]}<\/script>\n<!-- \/ Yoast SEO plugin. -->","yoast_head_json":{"title":"Eurecat Latam - Eurecat","robots":{"index":"index","follow":"follow","max-snippet":"max-snippet:-1","max-image-preview":"max-image-preview:large","max-video-preview":"max-video-preview:-1"},"canonical":"https:\/\/eurecat.org\/en\/eurecat\/international-presence\/eurecat-latam\/","og_locale":"en_US","og_type":"article","og_title":"Eurecat Latam - Eurecat","og_url":"https:\/\/eurecat.org\/en\/eurecat\/international-presence\/eurecat-latam\/","og_site_name":"Eurecat","article_modified_time":"2025-03-10T15:52:24+00:00","og_image":[{"width":520,"height":272,"url":"https:\/\/eurecat.org\/wp-content\/uploads\/2021\/06\/eurecatlatam_destacada_520x272.jpg","type":"image\/jpeg"}],"twitter_card":"summary_large_image","twitter_misc":{"Est. reading time":"2 minutes"},"schema":{"@context":"https:\/\/schema.org","@graph":[{"@type":"WebPage","@id":"https:\/\/eurecat.org\/en\/eurecat\/international-presence\/eurecat-latam\/","url":"https:\/\/eurecat.org\/en\/eurecat\/international-presence\/eurecat-latam\/","name":"Eurecat Latam - Eurecat","isPartOf":{"@id":"https:\/\/eurecat.org\/en\/#website"},"primaryImageOfPage":{"@id":"https:\/\/eurecat.org\/en\/eurecat\/international-presence\/eurecat-latam\/#primaryimage"},"image":{"@id":"https:\/\/eurecat.org\/en\/eurecat\/international-presence\/eurecat-latam\/#primaryimage"},"thumbnailUrl":"https:\/\/eurecat.org\/wp-content\/uploads\/2021\/06\/eurecatlatam_destacada_520x272.jpg","datePublished":"2020-03-05T07:54:11+00:00","dateModified":"2025-03-10T15:52:24+00:00","breadcrumb":{"@id":"https:\/\/eurecat.org\/en\/eurecat\/international-presence\/eurecat-latam\/#breadcrumb"},"inLanguage":"en-US","potentialAction":[{"@type":"ReadAction","target":["https:\/\/eurecat.org\/en\/eurecat\/international-presence\/eurecat-latam\/"]}]},{"@type":"ImageObject","inLanguage":"en-US","@id":"https:\/\/eurecat.org\/en\/eurecat\/international-presence\/eurecat-latam\/#primaryimage","url":"https:\/\/eurecat.org\/wp-content\/uploads\/2021\/06\/eurecatlatam_destacada_520x272.jpg","contentUrl":"https:\/\/eurecat.org\/wp-content\/uploads\/2021\/06\/eurecatlatam_destacada_520x272.jpg","width":520,"height":272,"caption":"eurecat latam"},{"@type":"BreadcrumbList","@id":"https:\/\/eurecat.org\/en\/eurecat\/international-presence\/eurecat-latam\/#breadcrumb","itemListElement":[{"@type":"ListItem","position":1,"name":"Inici","item":"https:\/\/eurecat.org\/en\/"},{"@type":"ListItem","position":2,"name":"Eurecat","item":"https:\/\/eurecat.org\/en\/eurecat\/"},{"@type":"ListItem","position":3,"name":"International presence","item":"https:\/\/eurecat.org\/en\/eurecat\/international-presence\/"},{"@type":"ListItem","position":4,"name":"Eurecat Latam"}]},{"@type":"WebSite","@id":"https:\/\/eurecat.org\/en\/#website","url":"https:\/\/eurecat.org\/en\/","name":"Eurecat","description":"Otro sitio realizado con WordPress","potentialAction":[{"@type":"SearchAction","target":{"@type":"EntryPoint","urlTemplate":"https:\/\/eurecat.org\/en\/?s={search_term_string}"},"query-input":{"@type":"PropertyValueSpecification","valueRequired":true,"valueName":"search_term_string"}}],"inLanguage":"en-US"}]}},"_links":{"self":[{"href":"https:\/\/eurecat.org\/en\/wp-json\/wp\/v2\/pages\/97681","targetHints":{"allow":["GET"]}}],"collection":[{"href":"https:\/\/eurecat.org\/en\/wp-json\/wp\/v2\/pages"}],"about":[{"href":"https:\/\/eurecat.org\/en\/wp-json\/wp\/v2\/types\/page"}],"author":[{"embeddable":true,"href":"https:\/\/eurecat.org\/en\/wp-json\/wp\/v2\/users\/6"}],"replies":[{"embeddable":true,"href":"https:\/\/eurecat.org\/en\/wp-json\/wp\/v2\/comments?post=97681"}],"version-history":[{"count":2,"href":"https:\/\/eurecat.org\/en\/wp-json\/wp\/v2\/pages\/97681\/revisions"}],"predecessor-version":[{"id":174167,"href":"https:\/\/eurecat.org\/en\/wp-json\/wp\/v2\/pages\/97681\/revisions\/174167"}],"up":[{"embeddable":true,"href":"https:\/\/eurecat.org\/en\/wp-json\/wp\/v2\/pages\/97685"}],"wp:featuredmedia":[{"embeddable":true,"href":"https:\/\/eurecat.org\/en\/wp-json\/wp\/v2\/media\/115253"}],"wp:attachment":[{"href":"https:\/\/eurecat.org\/en\/wp-json\/wp\/v2\/media?parent=97681"}],"curies":[{"name":"wp","href":"https:\/\/api.w.org\/{rel}","templated":true}]}}