{"id":103726,"date":"2020-07-13T11:38:06","date_gmt":"2020-07-13T09:38:06","guid":{"rendered":"https:\/\/eurecat.org\/?page_id=103726"},"modified":"2020-07-28T10:46:52","modified_gmt":"2020-07-28T10:46:52","slug":"innovacion-para-el-bien-de-nuestra-sociedad","status":"publish","type":"page","link":"https:\/\/eurecat.org\/es\/innovacion-para-el-bien-de-nuestra-sociedad\/","title":{"rendered":"Editorial: Innovaci\u00f3n para el bien de nuestra sociedad"},"content":{"rendered":"<p>Eurecat ha acogido este mes de julio la presentaci\u00f3n del primer proyecto de uso de an\u00e1lisis de Big Data e Inteligencia Artificial para ayudar a prever, detectar y mitigar la propagaci\u00f3n de epidemias. Utilizando tecnolog\u00edas digitales avanzadas, este observatorio epidemiol\u00f3gico propondr\u00e1 nuevos modelos matem\u00e1ticos de monitorizaci\u00f3n y de predicci\u00f3n para la detecci\u00f3n temprana de futuros brotes epid\u00e9micos, capaces de proporcionar la informaci\u00f3n necesaria para tomar acciones de prevenci\u00f3n y de contenci\u00f3n m\u00e1s eficaces.<\/p>\n<p>La posibilidad de adelantarse y prever epidemias tiene una importancia capital ahora y mirando hacia el futuro. Esto hace del observatorio epidemiol\u00f3gico un proyecto estrat\u00e9gico, al igual que la creaci\u00f3n de un grupo de seguimiento impulsado por la Ag\u00e8ncia Catalana de l\u2019Aigua, con el objetivo de identificar la posible presencia del virus SARS-CoV-2 en varias estaciones depuradoras de las comarcas catalanas, a partir del an\u00e1lisis de las aguas residuales. Esta iniciativa constituye una herramienta complementaria en el control y en el seguimiento de la pandemia, a la que aportamos conocimientos derivados de nuestra participaci\u00f3n en el proyecto europeo Sewers4Covid y en la iniciativa promovida por la Comisi\u00f3n Europea para la evaluaci\u00f3n de la viabilidad de un sistema de control de las aguas residuales en toda la UE para la vigilancia del SARS-CoV-2.<\/p>\n<p>En este newsletter, tambi\u00e9n os hablamos de la pr\u00f3xima edici\u00f3n del XPatient Congress, dedicada a los aprendizajes de pacientes y de profesionales durante la crisis de la Covid-19, y del proyecto LuCaDAlert, que ha comenzado una prueba piloto con el Instituto de Investigaci\u00f3n e Innovaci\u00f3n Parc Taul\u00ed para identificar n\u00f3dulos indicadores de posibles c\u00e1nceres pulmonares en radiograf\u00edas mediante tecnolog\u00eda Deep Learning.<\/p>\n<p>La concesi\u00f3n del premio Nutraingredients a un ingrediente probi\u00f3tico para el control del peso, desarrollado por la empresa ADM Biopolis y sustentado con evidencias cient\u00edficas de estudios realizados por nuestro equipo y el dise\u00f1o de ap\u00f3sitos inteligentes con Hartmann para detectar y monitorizar infecciones en las heridas son otras de las informaciones que encontrar\u00e9is en este n\u00famero, junto con una colaboraci\u00f3n con SEAT para aportar formaci\u00f3n en Industria 4.0 con titulaci\u00f3n universitaria para sus operarios o el proyecto Biogasnet, que articular\u00e1 un sistema de purificaci\u00f3n que impulsa el biog\u00e1s como energ\u00eda alternativa.<\/p>\n<p>En nombre de todo el equipo de Eurecat, desearos buen verano y agradecer vuestra complicidad y atenci\u00f3n durante todos estos \u00faltimos meses, donde os hemos querido compartir innovaciones tecnol\u00f3gicas pensadas para ayudar a superar con \u00e9xito la dimensi\u00f3n sanitaria, social y econ\u00f3mica del nuevo paradigma que estamos viviendo.<\/p>\n","protected":false},"excerpt":{"rendered":"<p>Eurecat ha acogido este mes de julio la presentaci\u00f3n del primer proyecto de uso de an\u00e1lisis de Big Data e Inteligencia Artificial para ayudar a prever, detectar y mitigar la propagaci\u00f3n de epidemias. Utilizando tecnolog\u00edas digitales avanzadas, este observatorio epidemiol\u00f3gico propondr\u00e1 nuevos modelos matem\u00e1ticos de monitorizaci\u00f3n y de predicci\u00f3n para la detecci\u00f3n temprana de futuros  [&#8230;]<\/p>\n","protected":false},"author":6,"featured_media":0,"parent":0,"menu_order":1998,"comment_status":"closed","ping_status":"closed","template":"","meta":{"footnotes":""},"class_list":["post-103726","page","type-page","status-publish","hentry"],"yoast_head":"<!-- This site is optimized with the Yoast SEO plugin v27.5 - https:\/\/yoast.com\/product\/yoast-seo-wordpress\/ -->\n<title>Editorial: Innovaci\u00f3n para el bien de nuestra sociedad - Eurecat<\/title>\n<meta name=\"robots\" content=\"noindex, follow\" \/>\n<meta property=\"og:locale\" content=\"es_ES\" \/>\n<meta property=\"og:type\" content=\"article\" \/>\n<meta property=\"og:title\" content=\"Editorial: Innovaci\u00f3n para el bien de nuestra sociedad - Eurecat\" \/>\n<meta property=\"og:description\" content=\"Eurecat ha acogido este mes de julio la presentaci\u00f3n del primer proyecto de uso de an\u00e1lisis de Big Data e Inteligencia Artificial para ayudar a prever, detectar y mitigar la propagaci\u00f3n de epidemias. Utilizando tecnolog\u00edas digitales avanzadas, este observatorio epidemiol\u00f3gico propondr\u00e1 nuevos modelos matem\u00e1ticos de monitorizaci\u00f3n y de predicci\u00f3n para la detecci\u00f3n temprana de futuros [...]\" \/>\n<meta property=\"og:url\" content=\"https:\/\/eurecat.org\/es\/innovacion-para-el-bien-de-nuestra-sociedad\/\" \/>\n<meta property=\"og:site_name\" content=\"Eurecat\" \/>\n<meta property=\"article:modified_time\" content=\"2020-07-28T10:46:52+00:00\" \/>\n<meta name=\"twitter:card\" content=\"summary_large_image\" \/>\n<meta name=\"twitter:label1\" content=\"Tiempo de lectura\" \/>\n\t<meta name=\"twitter:data1\" content=\"2 minutos\" \/>\n<script type=\"application\/ld+json\" class=\"yoast-schema-graph\">{\"@context\":\"https:\\\/\\\/schema.org\",\"@graph\":[{\"@type\":\"WebPage\",\"@id\":\"https:\\\/\\\/eurecat.org\\\/es\\\/innovacion-para-el-bien-de-nuestra-sociedad\\\/\",\"url\":\"https:\\\/\\\/eurecat.org\\\/es\\\/innovacion-para-el-bien-de-nuestra-sociedad\\\/\",\"name\":\"Editorial: Innovaci\u00f3n para el bien de nuestra sociedad - Eurecat\",\"isPartOf\":{\"@id\":\"https:\\\/\\\/eurecat.org\\\/es\\\/#website\"},\"datePublished\":\"2020-07-13T09:38:06+00:00\",\"dateModified\":\"2020-07-28T10:46:52+00:00\",\"breadcrumb\":{\"@id\":\"https:\\\/\\\/eurecat.org\\\/es\\\/innovacion-para-el-bien-de-nuestra-sociedad\\\/#breadcrumb\"},\"inLanguage\":\"es\",\"potentialAction\":[{\"@type\":\"ReadAction\",\"target\":[\"https:\\\/\\\/eurecat.org\\\/es\\\/innovacion-para-el-bien-de-nuestra-sociedad\\\/\"]}]},{\"@type\":\"BreadcrumbList\",\"@id\":\"https:\\\/\\\/eurecat.org\\\/es\\\/innovacion-para-el-bien-de-nuestra-sociedad\\\/#breadcrumb\",\"itemListElement\":[{\"@type\":\"ListItem\",\"position\":1,\"name\":\"Inici\",\"item\":\"https:\\\/\\\/eurecat.org\\\/es\\\/\"},{\"@type\":\"ListItem\",\"position\":2,\"name\":\"Editorial: Innovaci\u00f3n para el bien de nuestra sociedad\"}]},{\"@type\":\"WebSite\",\"@id\":\"https:\\\/\\\/eurecat.org\\\/es\\\/#website\",\"url\":\"https:\\\/\\\/eurecat.org\\\/es\\\/\",\"name\":\"Eurecat\",\"description\":\"Otro sitio realizado con WordPress\",\"potentialAction\":[{\"@type\":\"SearchAction\",\"target\":{\"@type\":\"EntryPoint\",\"urlTemplate\":\"https:\\\/\\\/eurecat.org\\\/es\\\/?s={search_term_string}\"},\"query-input\":{\"@type\":\"PropertyValueSpecification\",\"valueRequired\":true,\"valueName\":\"search_term_string\"}}],\"inLanguage\":\"es\"}]}<\/script>\n<!-- \/ Yoast SEO plugin. -->","yoast_head_json":{"title":"Editorial: Innovaci\u00f3n para el bien de nuestra sociedad - Eurecat","robots":{"index":"noindex","follow":"follow"},"og_locale":"es_ES","og_type":"article","og_title":"Editorial: Innovaci\u00f3n para el bien de nuestra sociedad - Eurecat","og_description":"Eurecat ha acogido este mes de julio la presentaci\u00f3n del primer proyecto de uso de an\u00e1lisis de Big Data e Inteligencia Artificial para ayudar a prever, detectar y mitigar la propagaci\u00f3n de epidemias. Utilizando tecnolog\u00edas digitales avanzadas, este observatorio epidemiol\u00f3gico propondr\u00e1 nuevos modelos matem\u00e1ticos de monitorizaci\u00f3n y de predicci\u00f3n para la detecci\u00f3n temprana de futuros [...]","og_url":"https:\/\/eurecat.org\/es\/innovacion-para-el-bien-de-nuestra-sociedad\/","og_site_name":"Eurecat","article_modified_time":"2020-07-28T10:46:52+00:00","twitter_card":"summary_large_image","twitter_misc":{"Tiempo de lectura":"2 minutos"},"schema":{"@context":"https:\/\/schema.org","@graph":[{"@type":"WebPage","@id":"https:\/\/eurecat.org\/es\/innovacion-para-el-bien-de-nuestra-sociedad\/","url":"https:\/\/eurecat.org\/es\/innovacion-para-el-bien-de-nuestra-sociedad\/","name":"Editorial: Innovaci\u00f3n para el bien de nuestra sociedad - Eurecat","isPartOf":{"@id":"https:\/\/eurecat.org\/es\/#website"},"datePublished":"2020-07-13T09:38:06+00:00","dateModified":"2020-07-28T10:46:52+00:00","breadcrumb":{"@id":"https:\/\/eurecat.org\/es\/innovacion-para-el-bien-de-nuestra-sociedad\/#breadcrumb"},"inLanguage":"es","potentialAction":[{"@type":"ReadAction","target":["https:\/\/eurecat.org\/es\/innovacion-para-el-bien-de-nuestra-sociedad\/"]}]},{"@type":"BreadcrumbList","@id":"https:\/\/eurecat.org\/es\/innovacion-para-el-bien-de-nuestra-sociedad\/#breadcrumb","itemListElement":[{"@type":"ListItem","position":1,"name":"Inici","item":"https:\/\/eurecat.org\/es\/"},{"@type":"ListItem","position":2,"name":"Editorial: Innovaci\u00f3n para el bien de nuestra sociedad"}]},{"@type":"WebSite","@id":"https:\/\/eurecat.org\/es\/#website","url":"https:\/\/eurecat.org\/es\/","name":"Eurecat","description":"Otro sitio realizado con WordPress","potentialAction":[{"@type":"SearchAction","target":{"@type":"EntryPoint","urlTemplate":"https:\/\/eurecat.org\/es\/?s={search_term_string}"},"query-input":{"@type":"PropertyValueSpecification","valueRequired":true,"valueName":"search_term_string"}}],"inLanguage":"es"}]}},"_links":{"self":[{"href":"https:\/\/eurecat.org\/es\/wp-json\/wp\/v2\/pages\/103726","targetHints":{"allow":["GET"]}}],"collection":[{"href":"https:\/\/eurecat.org\/es\/wp-json\/wp\/v2\/pages"}],"about":[{"href":"https:\/\/eurecat.org\/es\/wp-json\/wp\/v2\/types\/page"}],"author":[{"embeddable":true,"href":"https:\/\/eurecat.org\/es\/wp-json\/wp\/v2\/users\/6"}],"replies":[{"embeddable":true,"href":"https:\/\/eurecat.org\/es\/wp-json\/wp\/v2\/comments?post=103726"}],"version-history":[{"count":0,"href":"https:\/\/eurecat.org\/es\/wp-json\/wp\/v2\/pages\/103726\/revisions"}],"wp:attachment":[{"href":"https:\/\/eurecat.org\/es\/wp-json\/wp\/v2\/media?parent=103726"}],"curies":[{"name":"wp","href":"https:\/\/api.w.org\/{rel}","templated":true}]}}