{"id":129952,"date":"2023-01-11T10:00:10","date_gmt":"2023-01-11T09:00:10","guid":{"rendered":"https:\/\/eurecat.org\/?page_id=129952"},"modified":"2023-01-18T18:16:49","modified_gmt":"2023-01-18T17:16:49","slug":"iot-wearables-jornada-tecnica-iot-wearables-additive-electronics-for-the-iot-devices","status":"publish","type":"page","link":"https:\/\/eurecat.org\/es\/servicios\/eurecatevents\/iot-wearables-jornada-tecnica-iot-wearables-additive-electronics-for-the-iot-devices\/","title":{"rendered":"IoT &#038; Wearables"},"content":{"rendered":"<div class=\"fusion-fullwidth fullwidth-box fusion-builder-row-1 nonhundred-percent-fullwidth non-hundred-percent-height-scrolling\" style=\"--awb-border-radius-top-left:0px;--awb-border-radius-top-right:0px;--awb-border-radius-bottom-right:0px;--awb-border-radius-bottom-left:0px;--awb-padding-top:0px;--awb-padding-right:0px;--awb-padding-bottom:0px;--awb-padding-left:0px;--awb-margin-top:0px;--awb-margin-bottom:0px;--awb-flex-wrap:wrap;\" ><div class=\"fusion-builder-row fusion-row\"><div class=\"fusion-layout-column fusion_builder_column fusion-builder-column-0 fusion_builder_column_1_1 1_1 fusion-one-full fusion-column-first fusion-column-last\" style=\"--awb-bg-size:cover;\"><div class=\"fusion-column-wrapper fusion-column-has-shadow fusion-flex-column-wrapper-legacy\"><div class=\"fusion-text fusion-text-1\" style=\"--awb-text-transform:none;\"><h2 style=\"text-align: center;\"><span style=\"color: #3c3d91;\"><strong>Jornada t\u00e9cnica IoT y Wearables<\/strong><\/span><\/h2>\n<\/div><div class=\"fusion-text fusion-text-2\" style=\"--awb-text-transform:none;\"><h1 style=\"text-align: center;\"><strong><span style=\"color: #662483;\">Additive Electronics as a key enable technology for the IoT Devices<\/span><\/strong><\/h1>\n<div id=\"gtx-trans\" style=\"position: absolute; left: 1178px; top: -1.57422px;\">\n<div class=\"gtx-trans-icon\"><\/div>\n<\/div>\n<\/div><div class=\"fusion-text fusion-text-3\" style=\"--awb-text-transform:none;\"><h2 style=\"text-align: center;\"><strong><span style=\"color: #3c3d91;\">1 de febrero 2023 | de 16:30 a 17:15 h<br \/>\nJornada presencial en el marco del IoT World Congress Solutions<br \/>\n<\/span><\/strong><span style=\"color: #333333;\">Hall 4 | Fira Barcelona Gran Via (Cybersecurity Congress room)\u00a0<\/span><\/h2>\n<\/div><div class=\"fusion-clearfix\"><\/div><\/div><\/div><\/div><\/div><div class=\"fusion-bg-parallax\" data-bg-align=\"center center\" data-direction=\"up\" data-mute=\"false\" data-opacity=\"100\" data-velocity=\"-0\" data-mobile-enabled=\"false\" data-break_parents=\"0\" data-bg-image=\"https:\/\/eurecat.org\/wp-content\/uploads\/2023\/01\/Banner-Superior-1400x400px-es.jpg\" data-bg-repeat=\"false\" ><\/div><div class=\"fusion-fullwidth fullwidth-box fusion-builder-row-2 has-pattern-background has-mask-background fusion-parallax-up hundred-percent-fullwidth non-hundred-percent-height-scrolling\" style=\"--awb-border-radius-top-left:0px;--awb-border-radius-top-right:0px;--awb-border-radius-bottom-right:0px;--awb-border-radius-bottom-left:0px;--awb-padding-top:210px;--awb-padding-bottom:210px;--awb-margin-top:0px;--awb-margin-bottom:0px;--awb-background-image:url(&quot;https:\/\/eurecat.org\/wp-content\/uploads\/2023\/01\/Banner-Superior-1400x400px-es.jpg&quot;);--awb-background-size:cover;--awb-flex-wrap:wrap;\" ><div class=\"fusion-builder-row fusion-row\"><\/div><\/div><div class=\"fusion-fullwidth fullwidth-box fusion-builder-row-3 nonhundred-percent-fullwidth non-hundred-percent-height-scrolling\" style=\"--awb-border-radius-top-left:0px;--awb-border-radius-top-right:0px;--awb-border-radius-bottom-right:0px;--awb-border-radius-bottom-left:0px;--awb-padding-top:20px;--awb-flex-wrap:wrap;\" ><div class=\"fusion-builder-row fusion-row\"><div class=\"fusion-layout-column fusion_builder_column fusion-builder-column-1 fusion_builder_column_1_4 1_4 fusion-one-fourth fusion-column-first\" style=\"--awb-bg-size:cover;width:25%;width:calc(25% - ( ( 4% ) * 0.25 ) );margin-right: 4%;\"><div class=\"fusion-column-wrapper fusion-column-has-shadow fusion-flex-column-wrapper-legacy\"><div class=\"fusion-text fusion-text-4\"><h4><strong>Organiza:<\/strong><\/h4>\n<p><img decoding=\"async\" class=\"alignnone size-full wp-image-129931\" src=\"https:\/\/eurecat.org\/wp-content\/uploads\/2023\/01\/Organiza-EURECAT_ca.jpg\" alt=\"\" width=\"250\" height=\"175\" srcset=\"https:\/\/eurecat.org\/wp-content\/uploads\/2023\/01\/Organiza-EURECAT_ca-200x140.jpg 200w, https:\/\/eurecat.org\/wp-content\/uploads\/2023\/01\/Organiza-EURECAT_ca.jpg 250w\" sizes=\"(max-width: 250px) 100vw, 250px\" \/><\/p>\n<\/div><div class=\"fusion-clearfix\"><\/div><\/div><\/div><div class=\"fusion-layout-column fusion_builder_column fusion-builder-column-2 fusion_builder_column_3_4 3_4 fusion-three-fourth fusion-column-last\" style=\"--awb-bg-size:cover;width:75%;width:calc(75% - ( ( 4% ) * 0.75 ) );\"><div class=\"fusion-column-wrapper fusion-column-has-shadow fusion-flex-column-wrapper-legacy\"><div class=\"fusion-text fusion-text-5\"><h4 style=\"text-align: left;\"><strong>Colaboran:<\/strong><\/h4>\n<p><img decoding=\"async\" class=\"alignnone size-full wp-image-129934 alignleft\" src=\"https:\/\/eurecat.org\/wp-content\/uploads\/2023\/01\/Organiza-Cluster-FUNCTIONAL-PRINT.jpg\" alt=\"\" width=\"250\" height=\"175\" srcset=\"https:\/\/eurecat.org\/wp-content\/uploads\/2023\/01\/Organiza-Cluster-FUNCTIONAL-PRINT-200x140.jpg 200w, https:\/\/eurecat.org\/wp-content\/uploads\/2023\/01\/Organiza-Cluster-FUNCTIONAL-PRINT.jpg 250w\" sizes=\"(max-width: 250px) 100vw, 250px\" \/><img decoding=\"async\" class=\"alignnone size-full wp-image-129937 alignleft\" src=\"https:\/\/eurecat.org\/wp-content\/uploads\/2023\/01\/Organitza_3DNeo.jpg\" alt=\"\" width=\"250\" height=\"175\" srcset=\"https:\/\/eurecat.org\/wp-content\/uploads\/2023\/01\/Organitza_3DNeo-200x140.jpg 200w, https:\/\/eurecat.org\/wp-content\/uploads\/2023\/01\/Organitza_3DNeo.jpg 250w\" sizes=\"(max-width: 250px) 100vw, 250px\" \/><\/p>\n<\/div><div class=\"fusion-clearfix\"><\/div><\/div><\/div><\/div><\/div><div class=\"fusion-fullwidth fullwidth-box fusion-builder-row-4 nonhundred-percent-fullwidth non-hundred-percent-height-scrolling\" style=\"--awb-border-radius-top-left:0px;--awb-border-radius-top-right:0px;--awb-border-radius-bottom-right:0px;--awb-border-radius-bottom-left:0px;--awb-padding-top:0px;--awb-padding-bottom:0px;--awb-flex-wrap:wrap;\" ><div class=\"fusion-builder-row fusion-row\"><div class=\"fusion-layout-column fusion_builder_column fusion-builder-column-3 fusion_builder_column_2_3 2_3 fusion-two-third fusion-column-first\" style=\"--awb-padding-top:0px;--awb-padding-bottom:0px;--awb-bg-size:cover;--awb-margin-top:0px px;--awb-margin-bottom:0px px;width:66.666666666667%;width:calc(66.666666666667% - ( ( 4% ) * 0.66666666666667 ) );margin-right: 4%;\"><div class=\"fusion-column-wrapper fusion-column-has-shadow fusion-flex-column-wrapper-legacy\"><div class=\"fusion-sep-clear\"><\/div><div class=\"fusion-separator fusion-full-width-sep\" style=\"margin-left: auto;margin-right: auto;margin-top:15px;margin-bottom:15px;width:100%;\"><\/div><div class=\"fusion-sep-clear\"><\/div><div class=\"fusion-text fusion-text-6\" style=\"--awb-text-transform:none;\"><h3>Los pr\u00f3ximos d\u00edas 31 de enero, 1 y 2 de febrero, vuelve la Feria Internacional \u2013 IoT Solutions World Congress a Barcelona.<\/h3>\n<h3>Como cada a\u00f1o, la feria ofrece un sinf\u00edn de actividades de todo tipo. All\u00ed encontrareis el pabell\u00f3n de exposiciones, eventos paralelos, bancos de pruebas (plataformas de experimentaci\u00f3n que sus condiciones se asemejan al mundo real), congresos y entrega de premios IoT de esta VI edici\u00f3n.<\/h3>\n<h3><strong>La jornada se presentar\u00e1 como <em>Additive Electronics as a key enable technology \u00a0for the IoT Devices<\/em>. En esta sesi\u00f3n se profundizar\u00e1 en el estado del arte de la electr\u00f3nica impresa y como gracias a su potencial y transversalidad es considerada como una tecnolog\u00eda facilitadora para el despliegue e implementaci\u00f3n de dispositivos IoT.<\/strong><\/h3>\n<h3><strong>Esta sesi\u00f3n poner en valor los siguientes objetivos: <\/strong><\/h3>\n<ul>\n<li>\n<h3><strong>Conocer c\u00f3mo los wearables y objetos inteligentes pueden resolver necesidades de mercado<\/strong><\/h3>\n<\/li>\n<li>\n<h3><strong>Conocer como estos objetos y gadgets pueden conectarse en el mundo digital mediante IoT y explorar nuevas oportunidades de mercado<\/strong><\/h3>\n<\/li>\n<li>\n<h3><strong>Conocer como las m\u00e9tricas y la monitorizaci\u00f3n pueden mejorar nuestra salud o rendimiento.<\/strong><\/h3>\n<\/li>\n<\/ul>\n<h3><\/h3>\n<\/div><div class=\"fusion-sep-clear\"><\/div><div class=\"fusion-separator fusion-full-width-sep\" style=\"margin-left: auto;margin-right: auto;margin-top:10px;margin-bottom:10px;width:100%;\"><\/div><div class=\"fusion-sep-clear\"><\/div><div class=\"fusion-button-wrapper\"><a class=\"fusion-button button-flat fusion-button-default-size button-custom fusion-button-default button-1 fusion-button-default-span fusion-button-default-type\" style=\"--button_accent_color:#ffffff;--button_accent_hover_color:#ffffff;--button_border_hover_color:#ffffff;--button_gradient_top_color:#3d6fb6;--button_gradient_bottom_color:#3d6fb6;--button_gradient_top_color_hover:#3d6fb6;--button_gradient_bottom_color_hover:#3d6fb6;\" target=\"_blank\" rel=\"noopener noreferrer\" href=\"http:\/\/functionalprint.com\/jornada-tecnica-iot-wearables-barcelona-1febrero\/\"><i class=\"fa-check-circle fas awb-button__icon awb-button__icon--default button-icon-left\" aria-hidden=\"true\"><\/i><span class=\"fusion-button-text awb-button__text awb-button__text--default\">\u00a1INSCR\u00cdBETE AQU\u00cd!<\/span><\/a><\/div><div class=\"fusion-sep-clear\"><\/div><div class=\"fusion-separator fusion-full-width-sep\" style=\"margin-left: auto;margin-right: auto;margin-top:10px;margin-bottom:10px;width:100%;\"><\/div><div class=\"fusion-sep-clear\"><\/div><div class=\"fusion-text fusion-text-7\" style=\"--awb-text-transform:none;\"><h3><span style=\"color: #662483;\"><span style=\"color: #e21f57;\">&gt;&gt;<\/span><\/span><strong><span style=\"color: #662483;\"><span style=\"color: #333333;\">\u00a0Esta jornada se celebra como side event, en el marco de IoT Solutions World Congres. Incluye una invitaci\u00f3n a la zona de expositores y ofrece la posibilidad de obtener un 50% de descuento en las sesiones congresuales. Desde el Cluster Functional Print contactar\u00e1n a todos los inscritos para gestionar los accesos al IoTSWC 2023.<\/span><\/span><\/strong><\/h3>\n<h3><\/h3>\n<div id=\"gtx-trans\" style=\"position: absolute; left: 22px; top: 43.4609px;\">\n<div class=\"gtx-trans-icon\"><\/div>\n<\/div>\n<\/div><div class=\"fusion-sep-clear\"><\/div><div class=\"fusion-separator fusion-full-width-sep\" style=\"margin-left: auto;margin-right: auto;margin-top:30px;margin-bottom:10px;width:100%;\"><\/div><div class=\"fusion-sep-clear\"><\/div><div class=\"fusion-clearfix\"><\/div><\/div><\/div><div class=\"fusion-layout-column fusion_builder_column fusion-builder-column-4 fusion_builder_column_1_3 1_3 fusion-one-third fusion-column-last\" style=\"--awb-padding-top:5px;--awb-padding-right:15px;--awb-padding-bottom:0px;--awb-padding-left:15px;--awb-bg-color:#f3e6ef;--awb-bg-color-hover:#f3e6ef;--awb-bg-size:cover;--awb-border-color:#ffffff;--awb-border-left:7px;--awb-border-style:solid;width:33.333333333333%;width:calc(33.333333333333% - ( ( 4% ) * 0.33333333333333 ) );\"><div class=\"fusion-column-wrapper fusion-column-has-shadow fusion-flex-column-wrapper-legacy\"><div class=\"fusion-sep-clear\"><\/div><div class=\"fusion-separator fusion-full-width-sep\" style=\"margin-left: auto;margin-right: auto;margin-top:10px;margin-bottom:0px;width:100%;\"><\/div><div class=\"fusion-sep-clear\"><\/div><div class=\"fusion-text fusion-text-8\" style=\"--awb-text-transform:none;\"><h3><span style=\"color: #662483;\"><strong>A QUIEN SE DIRIGE:<\/strong><\/span><\/h3>\n<ul>\n<li><strong>Responsables de innovaci\u00f3n, responsables de proyectos y responsables de producto.<\/strong><\/li>\n<li><strong>Directores de proyectos.<\/strong><\/li>\n<li><strong>Dise\u00f1adores.<\/strong><\/li>\n<li><strong>Ingenieros electr\u00f3nicos o de telecomunicaciones.<\/strong><\/li>\n<\/ul>\n<h3><strong><span style=\"color: #ffffff;\">\u00a0<\/span><\/strong><\/h3>\n<\/div><div class=\"fusion-sep-clear\"><\/div><div class=\"fusion-separator fusion-full-width-sep\" style=\"margin-left: auto;margin-right: auto;margin-top:10px;margin-bottom:0px;width:100%;\"><\/div><div class=\"fusion-sep-clear\"><\/div><div class=\"fusion-text fusion-text-9\" style=\"--awb-text-transform:none;\"><h2><strong><span style=\"color: #662483;\">\u00c1MBITOS DE APLICACI\u00d3N:<\/span><\/strong><\/h2>\n<\/div><div class=\"fusion-image-element in-legacy-container\" style=\"--awb-caption-title-font-family:var(--h2_typography-font-family);--awb-caption-title-font-weight:var(--h2_typography-font-weight);--awb-caption-title-font-style:var(--h2_typography-font-style);--awb-caption-title-size:var(--h2_typography-font-size);--awb-caption-title-transform:var(--h2_typography-text-transform);--awb-caption-title-line-height:var(--h2_typography-line-height);--awb-caption-title-letter-spacing:var(--h2_typography-letter-spacing);\"><span class=\" fusion-imageframe imageframe-none imageframe-1 hover-type-none\"><img decoding=\"async\" width=\"383\" height=\"132\" title=\"Icones-sectors1-es\" src=\"https:\/\/eurecat.org\/wp-content\/uploads\/2023\/01\/Icones-sectors1-es.png\" alt class=\"img-responsive wp-image-129993\" srcset=\"https:\/\/eurecat.org\/wp-content\/uploads\/2023\/01\/Icones-sectors1-es-200x69.png 200w, https:\/\/eurecat.org\/wp-content\/uploads\/2023\/01\/Icones-sectors1-es.png 383w\" sizes=\"(max-width: 800px) 100vw, 383px\" \/><\/span><\/div><div class=\"fusion-sep-clear\"><\/div><div class=\"fusion-separator fusion-full-width-sep\" style=\"margin-left: auto;margin-right: auto;margin-bottom:5px;width:100%;\"><\/div><div class=\"fusion-sep-clear\"><\/div><div class=\"fusion-image-element in-legacy-container\" style=\"--awb-caption-title-font-family:var(--h2_typography-font-family);--awb-caption-title-font-weight:var(--h2_typography-font-weight);--awb-caption-title-font-style:var(--h2_typography-font-style);--awb-caption-title-size:var(--h2_typography-font-size);--awb-caption-title-transform:var(--h2_typography-text-transform);--awb-caption-title-line-height:var(--h2_typography-line-height);--awb-caption-title-letter-spacing:var(--h2_typography-letter-spacing);\"><span class=\" fusion-imageframe imageframe-none imageframe-2 hover-type-none\"><img decoding=\"async\" width=\"383\" height=\"132\" title=\"Icones-sectors2-es\" src=\"https:\/\/eurecat.org\/wp-content\/uploads\/2023\/01\/Icones-sectors2-es.png\" alt class=\"img-responsive wp-image-129996\" srcset=\"https:\/\/eurecat.org\/wp-content\/uploads\/2023\/01\/Icones-sectors2-es-200x69.png 200w, https:\/\/eurecat.org\/wp-content\/uploads\/2023\/01\/Icones-sectors2-es.png 383w\" sizes=\"(max-width: 800px) 100vw, 383px\" \/><\/span><\/div><div class=\"fusion-sep-clear\"><\/div><div class=\"fusion-separator fusion-full-width-sep\" style=\"margin-left: auto;margin-right: auto;margin-bottom:5px;width:100%;\"><\/div><div class=\"fusion-sep-clear\"><\/div><div class=\"fusion-clearfix\"><\/div><\/div><\/div><\/div><\/div>\n","protected":false},"excerpt":{"rendered":"","protected":false},"author":21,"featured_media":129893,"parent":2777,"menu_order":70,"comment_status":"closed","ping_status":"closed","template":"100-width.php","meta":{"footnotes":""},"class_list":["post-129952","page","type-page","status-publish","has-post-thumbnail","hentry"],"yoast_head":"<!-- This site is optimized with the Yoast SEO plugin v27.5 - https:\/\/yoast.com\/product\/yoast-seo-wordpress\/ -->\n<title>IoT &amp; Wearables - Eurecat<\/title>\n<meta name=\"description\" content=\"Jornada t\u00e9cnica (Side Event IoTWSC2023): Additive Electronics as key enable technology for the IoT Devices\" \/>\n<meta name=\"robots\" content=\"index, follow, max-snippet:-1, max-image-preview:large, max-video-preview:-1\" \/>\n<link rel=\"canonical\" href=\"https:\/\/eurecat.org\/es\/servicios\/eurecatevents\/iot-wearables-jornada-tecnica-iot-wearables-additive-electronics-for-the-iot-devices\/\" \/>\n<meta property=\"og:locale\" content=\"es_ES\" \/>\n<meta property=\"og:type\" content=\"article\" \/>\n<meta property=\"og:title\" content=\"IoT &amp; Wearables - Eurecat\" \/>\n<meta property=\"og:description\" content=\"Jornada t\u00e9cnica (Side Event IoTWSC2023): Additive Electronics as key enable technology for the IoT Devices\" \/>\n<meta property=\"og:url\" content=\"https:\/\/eurecat.org\/es\/servicios\/eurecatevents\/iot-wearables-jornada-tecnica-iot-wearables-additive-electronics-for-the-iot-devices\/\" \/>\n<meta property=\"og:site_name\" content=\"Eurecat\" \/>\n<meta property=\"article:modified_time\" content=\"2023-01-18T17:16:49+00:00\" \/>\n<meta property=\"og:image\" content=\"https:\/\/eurecat.org\/wp-content\/uploads\/2023\/01\/Jornada-tecnica-IoT-y-Wearables.png\" \/>\n\t<meta property=\"og:image:width\" content=\"1024\" \/>\n\t<meta property=\"og:image:height\" content=\"512\" \/>\n\t<meta property=\"og:image:type\" content=\"image\/png\" \/>\n<meta name=\"twitter:card\" content=\"summary_large_image\" \/>\n<meta name=\"twitter:label1\" content=\"Tiempo de lectura\" \/>\n\t<meta name=\"twitter:data1\" content=\"12 minutos\" \/>\n<script type=\"application\/ld+json\" class=\"yoast-schema-graph\">{\"@context\":\"https:\\\/\\\/schema.org\",\"@graph\":[{\"@type\":\"WebPage\",\"@id\":\"https:\\\/\\\/eurecat.org\\\/es\\\/servicios\\\/eurecatevents\\\/iot-wearables-jornada-tecnica-iot-wearables-additive-electronics-for-the-iot-devices\\\/\",\"url\":\"https:\\\/\\\/eurecat.org\\\/es\\\/servicios\\\/eurecatevents\\\/iot-wearables-jornada-tecnica-iot-wearables-additive-electronics-for-the-iot-devices\\\/\",\"name\":\"IoT & Wearables - Eurecat\",\"isPartOf\":{\"@id\":\"https:\\\/\\\/eurecat.org\\\/es\\\/#website\"},\"primaryImageOfPage\":{\"@id\":\"https:\\\/\\\/eurecat.org\\\/es\\\/servicios\\\/eurecatevents\\\/iot-wearables-jornada-tecnica-iot-wearables-additive-electronics-for-the-iot-devices\\\/#primaryimage\"},\"image\":{\"@id\":\"https:\\\/\\\/eurecat.org\\\/es\\\/servicios\\\/eurecatevents\\\/iot-wearables-jornada-tecnica-iot-wearables-additive-electronics-for-the-iot-devices\\\/#primaryimage\"},\"thumbnailUrl\":\"https:\\\/\\\/eurecat.org\\\/wp-content\\\/uploads\\\/2023\\\/01\\\/Jornada-tecnica-IoT-y-Wearables.png\",\"datePublished\":\"2023-01-11T09:00:10+00:00\",\"dateModified\":\"2023-01-18T17:16:49+00:00\",\"description\":\"Jornada t\u00e9cnica (Side Event IoTWSC2023): Additive Electronics as key enable technology for the IoT Devices\",\"breadcrumb\":{\"@id\":\"https:\\\/\\\/eurecat.org\\\/es\\\/servicios\\\/eurecatevents\\\/iot-wearables-jornada-tecnica-iot-wearables-additive-electronics-for-the-iot-devices\\\/#breadcrumb\"},\"inLanguage\":\"es\",\"potentialAction\":[{\"@type\":\"ReadAction\",\"target\":[\"https:\\\/\\\/eurecat.org\\\/es\\\/servicios\\\/eurecatevents\\\/iot-wearables-jornada-tecnica-iot-wearables-additive-electronics-for-the-iot-devices\\\/\"]}]},{\"@type\":\"ImageObject\",\"inLanguage\":\"es\",\"@id\":\"https:\\\/\\\/eurecat.org\\\/es\\\/servicios\\\/eurecatevents\\\/iot-wearables-jornada-tecnica-iot-wearables-additive-electronics-for-the-iot-devices\\\/#primaryimage\",\"url\":\"https:\\\/\\\/eurecat.org\\\/wp-content\\\/uploads\\\/2023\\\/01\\\/Jornada-tecnica-IoT-y-Wearables.png\",\"contentUrl\":\"https:\\\/\\\/eurecat.org\\\/wp-content\\\/uploads\\\/2023\\\/01\\\/Jornada-tecnica-IoT-y-Wearables.png\",\"width\":1024,\"height\":512},{\"@type\":\"BreadcrumbList\",\"@id\":\"https:\\\/\\\/eurecat.org\\\/es\\\/servicios\\\/eurecatevents\\\/iot-wearables-jornada-tecnica-iot-wearables-additive-electronics-for-the-iot-devices\\\/#breadcrumb\",\"itemListElement\":[{\"@type\":\"ListItem\",\"position\":1,\"name\":\"Inici\",\"item\":\"https:\\\/\\\/eurecat.org\\\/es\\\/\"},{\"@type\":\"ListItem\",\"position\":2,\"name\":\"Actividades\",\"item\":\"https:\\\/\\\/eurecat.org\\\/es\\\/servicios\\\/\"},{\"@type\":\"ListItem\",\"position\":3,\"name\":\"Esdeveniments Eurecat\",\"item\":\"https:\\\/\\\/eurecat.org\\\/es\\\/servicios\\\/eurecatevents\\\/\"},{\"@type\":\"ListItem\",\"position\":4,\"name\":\"IoT &#038; Wearables\"}]},{\"@type\":\"WebSite\",\"@id\":\"https:\\\/\\\/eurecat.org\\\/es\\\/#website\",\"url\":\"https:\\\/\\\/eurecat.org\\\/es\\\/\",\"name\":\"Eurecat\",\"description\":\"Otro sitio realizado con WordPress\",\"potentialAction\":[{\"@type\":\"SearchAction\",\"target\":{\"@type\":\"EntryPoint\",\"urlTemplate\":\"https:\\\/\\\/eurecat.org\\\/es\\\/?s={search_term_string}\"},\"query-input\":{\"@type\":\"PropertyValueSpecification\",\"valueRequired\":true,\"valueName\":\"search_term_string\"}}],\"inLanguage\":\"es\"}]}<\/script>\n<!-- \/ Yoast SEO plugin. -->","yoast_head_json":{"title":"IoT & Wearables - Eurecat","description":"Jornada t\u00e9cnica (Side Event IoTWSC2023): Additive Electronics as key enable technology for the IoT Devices","robots":{"index":"index","follow":"follow","max-snippet":"max-snippet:-1","max-image-preview":"max-image-preview:large","max-video-preview":"max-video-preview:-1"},"canonical":"https:\/\/eurecat.org\/es\/servicios\/eurecatevents\/iot-wearables-jornada-tecnica-iot-wearables-additive-electronics-for-the-iot-devices\/","og_locale":"es_ES","og_type":"article","og_title":"IoT & Wearables - Eurecat","og_description":"Jornada t\u00e9cnica (Side Event IoTWSC2023): Additive Electronics as key enable technology for the IoT Devices","og_url":"https:\/\/eurecat.org\/es\/servicios\/eurecatevents\/iot-wearables-jornada-tecnica-iot-wearables-additive-electronics-for-the-iot-devices\/","og_site_name":"Eurecat","article_modified_time":"2023-01-18T17:16:49+00:00","og_image":[{"width":1024,"height":512,"url":"https:\/\/eurecat.org\/wp-content\/uploads\/2023\/01\/Jornada-tecnica-IoT-y-Wearables.png","type":"image\/png"}],"twitter_card":"summary_large_image","twitter_misc":{"Tiempo de lectura":"12 minutos"},"schema":{"@context":"https:\/\/schema.org","@graph":[{"@type":"WebPage","@id":"https:\/\/eurecat.org\/es\/servicios\/eurecatevents\/iot-wearables-jornada-tecnica-iot-wearables-additive-electronics-for-the-iot-devices\/","url":"https:\/\/eurecat.org\/es\/servicios\/eurecatevents\/iot-wearables-jornada-tecnica-iot-wearables-additive-electronics-for-the-iot-devices\/","name":"IoT & Wearables - Eurecat","isPartOf":{"@id":"https:\/\/eurecat.org\/es\/#website"},"primaryImageOfPage":{"@id":"https:\/\/eurecat.org\/es\/servicios\/eurecatevents\/iot-wearables-jornada-tecnica-iot-wearables-additive-electronics-for-the-iot-devices\/#primaryimage"},"image":{"@id":"https:\/\/eurecat.org\/es\/servicios\/eurecatevents\/iot-wearables-jornada-tecnica-iot-wearables-additive-electronics-for-the-iot-devices\/#primaryimage"},"thumbnailUrl":"https:\/\/eurecat.org\/wp-content\/uploads\/2023\/01\/Jornada-tecnica-IoT-y-Wearables.png","datePublished":"2023-01-11T09:00:10+00:00","dateModified":"2023-01-18T17:16:49+00:00","description":"Jornada t\u00e9cnica (Side Event IoTWSC2023): Additive Electronics as key enable technology for the IoT Devices","breadcrumb":{"@id":"https:\/\/eurecat.org\/es\/servicios\/eurecatevents\/iot-wearables-jornada-tecnica-iot-wearables-additive-electronics-for-the-iot-devices\/#breadcrumb"},"inLanguage":"es","potentialAction":[{"@type":"ReadAction","target":["https:\/\/eurecat.org\/es\/servicios\/eurecatevents\/iot-wearables-jornada-tecnica-iot-wearables-additive-electronics-for-the-iot-devices\/"]}]},{"@type":"ImageObject","inLanguage":"es","@id":"https:\/\/eurecat.org\/es\/servicios\/eurecatevents\/iot-wearables-jornada-tecnica-iot-wearables-additive-electronics-for-the-iot-devices\/#primaryimage","url":"https:\/\/eurecat.org\/wp-content\/uploads\/2023\/01\/Jornada-tecnica-IoT-y-Wearables.png","contentUrl":"https:\/\/eurecat.org\/wp-content\/uploads\/2023\/01\/Jornada-tecnica-IoT-y-Wearables.png","width":1024,"height":512},{"@type":"BreadcrumbList","@id":"https:\/\/eurecat.org\/es\/servicios\/eurecatevents\/iot-wearables-jornada-tecnica-iot-wearables-additive-electronics-for-the-iot-devices\/#breadcrumb","itemListElement":[{"@type":"ListItem","position":1,"name":"Inici","item":"https:\/\/eurecat.org\/es\/"},{"@type":"ListItem","position":2,"name":"Actividades","item":"https:\/\/eurecat.org\/es\/servicios\/"},{"@type":"ListItem","position":3,"name":"Esdeveniments Eurecat","item":"https:\/\/eurecat.org\/es\/servicios\/eurecatevents\/"},{"@type":"ListItem","position":4,"name":"IoT &#038; Wearables"}]},{"@type":"WebSite","@id":"https:\/\/eurecat.org\/es\/#website","url":"https:\/\/eurecat.org\/es\/","name":"Eurecat","description":"Otro sitio realizado con WordPress","potentialAction":[{"@type":"SearchAction","target":{"@type":"EntryPoint","urlTemplate":"https:\/\/eurecat.org\/es\/?s={search_term_string}"},"query-input":{"@type":"PropertyValueSpecification","valueRequired":true,"valueName":"search_term_string"}}],"inLanguage":"es"}]}},"_links":{"self":[{"href":"https:\/\/eurecat.org\/es\/wp-json\/wp\/v2\/pages\/129952","targetHints":{"allow":["GET"]}}],"collection":[{"href":"https:\/\/eurecat.org\/es\/wp-json\/wp\/v2\/pages"}],"about":[{"href":"https:\/\/eurecat.org\/es\/wp-json\/wp\/v2\/types\/page"}],"author":[{"embeddable":true,"href":"https:\/\/eurecat.org\/es\/wp-json\/wp\/v2\/users\/21"}],"replies":[{"embeddable":true,"href":"https:\/\/eurecat.org\/es\/wp-json\/wp\/v2\/comments?post=129952"}],"version-history":[{"count":2,"href":"https:\/\/eurecat.org\/es\/wp-json\/wp\/v2\/pages\/129952\/revisions"}],"predecessor-version":[{"id":130435,"href":"https:\/\/eurecat.org\/es\/wp-json\/wp\/v2\/pages\/129952\/revisions\/130435"}],"up":[{"embeddable":true,"href":"https:\/\/eurecat.org\/es\/wp-json\/wp\/v2\/pages\/2777"}],"wp:featuredmedia":[{"embeddable":true,"href":"https:\/\/eurecat.org\/es\/wp-json\/wp\/v2\/media\/129893"}],"wp:attachment":[{"href":"https:\/\/eurecat.org\/es\/wp-json\/wp\/v2\/media?parent=129952"}],"curies":[{"name":"wp","href":"https:\/\/api.w.org\/{rel}","templated":true}]}}