{"id":165872,"date":"2024-12-09T11:38:38","date_gmt":"2024-12-09T10:38:38","guid":{"rendered":"https:\/\/eurecat.org\/eurecat-i-accio\/"},"modified":"2024-12-12T08:23:43","modified_gmt":"2024-12-12T07:23:43","slug":"con-accio-al-lado-de-la-empresa","status":"publish","type":"page","link":"https:\/\/eurecat.org\/es\/con-accio-al-lado-de-la-empresa\/","title":{"rendered":"Con ACCI\u00d3, al lado de la empresa"},"content":{"rendered":"<div class=\"fusion-fullwidth fullwidth-box fusion-builder-row-1 fusion-flex-container has-pattern-background has-mask-background fusion-parallax-none nonhundred-percent-fullwidth non-hundred-percent-height-scrolling eu_2024 section-hero section-color-transparent\" style=\"--awb-border-radius-top-left:0px;--awb-border-radius-top-right:0px;--awb-border-radius-bottom-right:0px;--awb-border-radius-bottom-left:0px;--awb-background-color:rgba(0,0,0,0.37);--awb-background-image:url(&quot;https:\/\/eurecat.org\/wp-content\/uploads\/2024\/12\/00-HEADER-SECTORS-AMBITS.jpg&quot;);--awb-background-size:cover;--awb-flex-wrap:wrap;\" ><div class=\"fusion-builder-row fusion-row fusion-flex-align-items-flex-start fusion-flex-content-wrap\" style=\"max-width:1424.8px;margin-left: calc(-4% \/ 2 );margin-right: calc(-4% \/ 2 );\"><div class=\"fusion-layout-column fusion_builder_column fusion-builder-column-0 fusion_builder_column_1_1 1_1 fusion-flex-column\" style=\"--awb-bg-size:cover;--awb-width-large:100%;--awb-margin-top-large:0px;--awb-spacing-right-large:1.92%;--awb-margin-bottom-large:20px;--awb-spacing-left-large:1.92%;--awb-width-medium:100%;--awb-order-medium:0;--awb-spacing-right-medium:1.92%;--awb-spacing-left-medium:1.92%;--awb-width-small:100%;--awb-order-small:0;--awb-spacing-right-small:1.92%;--awb-spacing-left-small:1.92%;\" data-scroll-devices=\"small-visibility,medium-visibility,large-visibility\"><div class=\"fusion-column-wrapper fusion-column-has-shadow fusion-flex-justify-content-flex-start fusion-content-layout-column\"><div class=\"fusion-text fusion-text-1\"><p>Eurecat y ACCI\u00d3<\/p>\n<h1>Impulso a la innovaci\u00f3n<\/h1>\n<\/div><\/div><\/div><\/div><\/div><div class=\"fusion-fullwidth fullwidth-box fusion-builder-row-2 fusion-flex-container has-pattern-background has-mask-background fusion-parallax-fixed nonhundred-percent-fullwidth non-hundred-percent-height-scrolling eu_2024 section-color-transparent section-intro\" style=\"--awb-background-position:left top;--awb-border-radius-top-left:0px;--awb-border-radius-top-right:0px;--awb-border-radius-bottom-right:0px;--awb-border-radius-bottom-left:0px;--awb-background-image:url(&quot;https:\/\/eurecat.org\/wp-content\/uploads\/2024\/07\/cercle-opacity.png&quot;);--awb-background-size:600px;--awb-flex-wrap:wrap;background-attachment:fixed;\" ><div class=\"fusion-builder-row fusion-row fusion-flex-align-items-flex-start fusion-flex-content-wrap\" style=\"max-width:1424.8px;margin-left: calc(-4% \/ 2 );margin-right: calc(-4% \/ 2 );\"><div class=\"fusion-layout-column fusion_builder_column fusion-builder-column-1 fusion_builder_column_1_1 1_1 fusion-flex-column\" style=\"--awb-bg-size:cover;--awb-width-large:100%;--awb-margin-top-large:0px;--awb-spacing-right-large:1.92%;--awb-margin-bottom-large:20px;--awb-spacing-left-large:1.92%;--awb-width-medium:100%;--awb-order-medium:0;--awb-spacing-right-medium:1.92%;--awb-spacing-left-medium:1.92%;--awb-width-small:100%;--awb-order-small:0;--awb-spacing-right-small:1.92%;--awb-spacing-left-small:1.92%;\"><div class=\"fusion-column-wrapper fusion-column-has-shadow fusion-flex-justify-content-flex-start fusion-content-layout-column\"><div class=\"fusion-text fusion-text-2\"><h2><strong>Con ACCI\u00d3, al lado de la empresa<\/strong><\/h2>\n<\/div><div class=\"fusion-text fusion-text-3 txt-lg\"><p>Eurecat comparte con<a href=\"https:\/\/www.accio.gencat.cat\/es\/inici\/index.html\" target=\"_blank\" rel=\"noopener\"> ACCI\u00d3<\/a>, la agencia p\u00fablica para la competitividad de la empresa catalana, adscrita al Departamento de Empresa y Trabajo de la Generalitat de Catalu\u00f1a, el objetivo de impulsar la competitividad y el crecimiento del tejido empresarial catal\u00e1n, a trav\u00e9s, entre otros, del fomento de la innovaci\u00f3n.<\/p>\n<p>En el caso de Eurecat, el impulso a la innovaci\u00f3n en las empresas, de cualquier tama\u00f1o, se orienta a incrementar sustancialmente su participaci\u00f3n como centro tecnol\u00f3gico en las actividades de innovaci\u00f3n de estas empresas, instrument\u00e1ndose mediante acuerdos de colaboraci\u00f3n estrat\u00e9gicos, el desarrollo de proyectos de I+D+i o cualquier otro medio que permita alcanzar este objetivo concreto.<\/p>\n<p>Por otro lado, las startups tambi\u00e9n son una prioridad tanto para Eurecat como para <a href=\"https:\/\/www.accio.gencat.cat\/es\/serveis\/innovacio\/startups-i-innovacio-disruptiva\/index.html\" target=\"_blank\" rel=\"noopener\">ACCI\u00d3<\/a>, no solo por sus proyectos disruptivos que impactan en todo el tejido empresarial catal\u00e1n, sino tambi\u00e9n porque representan una fuente de innovaci\u00f3n para empresas m\u00e1s grandes.<\/p>\n<p>Tanto Eurecat como <a href=\"https:\/\/www.accio.gencat.cat\/es\/serveis\/innovacio\/index.html\" target=\"_blank\" rel=\"noopener\">ACCI\u00d3<\/a>, presentes en todo el territorio, se adaptan a toda la realidad del ecosistema empresarial catal\u00e1n y se convierten en los mejores acompa\u00f1antes para las empresas del presente y del futuro.<\/p>\n<\/div><\/div><\/div><div class=\"fusion-layout-column fusion_builder_column fusion-builder-column-2 fusion_builder_column_1_2 1_2 fusion-flex-column\" style=\"--awb-bg-size:cover;--awb-width-large:50%;--awb-margin-top-large:0px;--awb-spacing-right-large:3.84%;--awb-margin-bottom-large:20px;--awb-spacing-left-large:3.84%;--awb-width-medium:50%;--awb-order-medium:0;--awb-spacing-right-medium:3.84%;--awb-spacing-left-medium:3.84%;--awb-width-small:100%;--awb-order-small:0;--awb-spacing-right-small:1.92%;--awb-spacing-left-small:1.92%;\" data-scroll-devices=\"small-visibility,medium-visibility,large-visibility\"><div class=\"fusion-column-wrapper fusion-column-has-shadow fusion-flex-justify-content-flex-start fusion-content-layout-column\"><div class=\"fusion-text fusion-text-4 topline\"><h3>Actividades<\/h3>\n<\/div><div class=\"fusion-text fusion-text-5\"><p>Mantente al d\u00eda de las pr\u00f3ximas jornadas, convocatorias y sesiones que impulsa ACCI\u00d3 para fomentar la innovaci\u00f3n y la incorporaci\u00f3n de tecnolog\u00edas avanzadas en las empresas: <a href=\"https:\/\/www.accio.gencat.cat\/butlleti-agenda\" target=\"_blank\" rel=\"noopener\">https:\/\/www.accio.gencat.cat\/butlleti-agenda<\/a><\/p>\n<\/div><\/div><\/div><div class=\"fusion-layout-column fusion_builder_column fusion-builder-column-3 fusion_builder_column_1_2 1_2 fusion-flex-column\" style=\"--awb-bg-size:cover;--awb-width-large:50%;--awb-margin-top-large:0px;--awb-spacing-right-large:3.84%;--awb-margin-bottom-large:20px;--awb-spacing-left-large:3.84%;--awb-width-medium:50%;--awb-order-medium:0;--awb-spacing-right-medium:3.84%;--awb-spacing-left-medium:3.84%;--awb-width-small:100%;--awb-order-small:0;--awb-spacing-right-small:1.92%;--awb-spacing-left-small:1.92%;\" data-scroll-devices=\"small-visibility,medium-visibility,large-visibility\"><div class=\"fusion-column-wrapper fusion-column-has-shadow fusion-flex-justify-content-flex-start fusion-content-layout-column\"><div class=\"fusion-text fusion-text-6 topline\"><h3>Asesoramiento<\/h3>\n<\/div><div class=\"fusion-text fusion-text-7\"><p>ACCI\u00d3 te asesora para encontrar ayudas y soluciones para incorporar tecnolog\u00eda e I+D en tu empresa: <a href=\"http:\/\/www.accio.gencat.cat\/es\/serveis\/innovacio\/tecnologia-i-rd-per-a-empresa\/servei-dassessorament-tecnologia-i-projectes-rd\/index.html\" target=\"_blank\" rel=\"noopener\">http:\/\/www.accio.gencat.cat\/es\/serveis\/innovacio\/tecnologia-i-rd-per-a-empresa\/servei-dassessorament-tecnologia-i-projectes-rd\/index.html<\/a><\/p>\n<\/div><div class=\"fusion-text fusion-text-8 topline\"><h3>Impulsa tu empresa<\/h3>\n<\/div><div class=\"fusion-text fusion-text-9\"><p>Conoce todas las ayudas, programas y servicios de ACCI\u00d3 para impulsar la innovaci\u00f3n en las empresas: <a href=\"http:\/\/www.accio.gencat.cat\/es\/serveis\/innovacio\/index.html\" target=\"_blank\" rel=\"noopener\">http:\/\/www.accio.gencat.cat\/es\/serveis\/innovacio\/index.html<\/a><\/p>\n<\/div><\/div><\/div><\/div><\/div>\n","protected":false},"excerpt":{"rendered":"","protected":false},"author":39,"featured_media":0,"parent":0,"menu_order":0,"comment_status":"closed","ping_status":"closed","template":"100-width.php","meta":{"footnotes":""},"class_list":["post-165872","page","type-page","status-publish","hentry"],"yoast_head":"<!-- This site is optimized with the Yoast SEO plugin v27.5 - https:\/\/yoast.com\/product\/yoast-seo-wordpress\/ -->\n<title>Con ACCI\u00d3, al lado de la empresa - Eurecat<\/title>\n<meta name=\"robots\" content=\"index, follow, max-snippet:-1, max-image-preview:large, max-video-preview:-1\" \/>\n<link rel=\"canonical\" href=\"https:\/\/eurecat.org\/es\/con-accio-al-lado-de-la-empresa\/\" \/>\n<meta property=\"og:locale\" content=\"es_ES\" \/>\n<meta property=\"og:type\" content=\"article\" \/>\n<meta property=\"og:title\" content=\"Con ACCI\u00d3, al lado de la empresa - Eurecat\" \/>\n<meta property=\"og:url\" content=\"https:\/\/eurecat.org\/es\/con-accio-al-lado-de-la-empresa\/\" \/>\n<meta property=\"og:site_name\" content=\"Eurecat\" \/>\n<meta property=\"article:modified_time\" content=\"2024-12-12T07:23:43+00:00\" \/>\n<meta name=\"twitter:card\" content=\"summary_large_image\" \/>\n<meta name=\"twitter:label1\" content=\"Tiempo de lectura\" \/>\n\t<meta name=\"twitter:data1\" content=\"2 minutos\" \/>\n<script type=\"application\/ld+json\" class=\"yoast-schema-graph\">{\"@context\":\"https:\\\/\\\/schema.org\",\"@graph\":[{\"@type\":\"WebPage\",\"@id\":\"https:\\\/\\\/eurecat.org\\\/es\\\/con-accio-al-lado-de-la-empresa\\\/\",\"url\":\"https:\\\/\\\/eurecat.org\\\/es\\\/con-accio-al-lado-de-la-empresa\\\/\",\"name\":\"Con ACCI\u00d3, al lado de la empresa - Eurecat\",\"isPartOf\":{\"@id\":\"https:\\\/\\\/eurecat.org\\\/es\\\/#website\"},\"datePublished\":\"2024-12-09T10:38:38+00:00\",\"dateModified\":\"2024-12-12T07:23:43+00:00\",\"breadcrumb\":{\"@id\":\"https:\\\/\\\/eurecat.org\\\/es\\\/con-accio-al-lado-de-la-empresa\\\/#breadcrumb\"},\"inLanguage\":\"es\",\"potentialAction\":[{\"@type\":\"ReadAction\",\"target\":[\"https:\\\/\\\/eurecat.org\\\/es\\\/con-accio-al-lado-de-la-empresa\\\/\"]}]},{\"@type\":\"BreadcrumbList\",\"@id\":\"https:\\\/\\\/eurecat.org\\\/es\\\/con-accio-al-lado-de-la-empresa\\\/#breadcrumb\",\"itemListElement\":[{\"@type\":\"ListItem\",\"position\":1,\"name\":\"Inici\",\"item\":\"https:\\\/\\\/eurecat.org\\\/es\\\/\"},{\"@type\":\"ListItem\",\"position\":2,\"name\":\"Con ACCI\u00d3, al lado de la empresa\"}]},{\"@type\":\"WebSite\",\"@id\":\"https:\\\/\\\/eurecat.org\\\/es\\\/#website\",\"url\":\"https:\\\/\\\/eurecat.org\\\/es\\\/\",\"name\":\"Eurecat\",\"description\":\"Otro sitio realizado con WordPress\",\"potentialAction\":[{\"@type\":\"SearchAction\",\"target\":{\"@type\":\"EntryPoint\",\"urlTemplate\":\"https:\\\/\\\/eurecat.org\\\/es\\\/?s={search_term_string}\"},\"query-input\":{\"@type\":\"PropertyValueSpecification\",\"valueRequired\":true,\"valueName\":\"search_term_string\"}}],\"inLanguage\":\"es\"}]}<\/script>\n<!-- \/ Yoast SEO plugin. -->","yoast_head_json":{"title":"Con ACCI\u00d3, al lado de la empresa - Eurecat","robots":{"index":"index","follow":"follow","max-snippet":"max-snippet:-1","max-image-preview":"max-image-preview:large","max-video-preview":"max-video-preview:-1"},"canonical":"https:\/\/eurecat.org\/es\/con-accio-al-lado-de-la-empresa\/","og_locale":"es_ES","og_type":"article","og_title":"Con ACCI\u00d3, al lado de la empresa - Eurecat","og_url":"https:\/\/eurecat.org\/es\/con-accio-al-lado-de-la-empresa\/","og_site_name":"Eurecat","article_modified_time":"2024-12-12T07:23:43+00:00","twitter_card":"summary_large_image","twitter_misc":{"Tiempo de lectura":"2 minutos"},"schema":{"@context":"https:\/\/schema.org","@graph":[{"@type":"WebPage","@id":"https:\/\/eurecat.org\/es\/con-accio-al-lado-de-la-empresa\/","url":"https:\/\/eurecat.org\/es\/con-accio-al-lado-de-la-empresa\/","name":"Con ACCI\u00d3, al lado de la empresa - Eurecat","isPartOf":{"@id":"https:\/\/eurecat.org\/es\/#website"},"datePublished":"2024-12-09T10:38:38+00:00","dateModified":"2024-12-12T07:23:43+00:00","breadcrumb":{"@id":"https:\/\/eurecat.org\/es\/con-accio-al-lado-de-la-empresa\/#breadcrumb"},"inLanguage":"es","potentialAction":[{"@type":"ReadAction","target":["https:\/\/eurecat.org\/es\/con-accio-al-lado-de-la-empresa\/"]}]},{"@type":"BreadcrumbList","@id":"https:\/\/eurecat.org\/es\/con-accio-al-lado-de-la-empresa\/#breadcrumb","itemListElement":[{"@type":"ListItem","position":1,"name":"Inici","item":"https:\/\/eurecat.org\/es\/"},{"@type":"ListItem","position":2,"name":"Con ACCI\u00d3, al lado de la empresa"}]},{"@type":"WebSite","@id":"https:\/\/eurecat.org\/es\/#website","url":"https:\/\/eurecat.org\/es\/","name":"Eurecat","description":"Otro sitio realizado con WordPress","potentialAction":[{"@type":"SearchAction","target":{"@type":"EntryPoint","urlTemplate":"https:\/\/eurecat.org\/es\/?s={search_term_string}"},"query-input":{"@type":"PropertyValueSpecification","valueRequired":true,"valueName":"search_term_string"}}],"inLanguage":"es"}]}},"_links":{"self":[{"href":"https:\/\/eurecat.org\/es\/wp-json\/wp\/v2\/pages\/165872","targetHints":{"allow":["GET"]}}],"collection":[{"href":"https:\/\/eurecat.org\/es\/wp-json\/wp\/v2\/pages"}],"about":[{"href":"https:\/\/eurecat.org\/es\/wp-json\/wp\/v2\/types\/page"}],"author":[{"embeddable":true,"href":"https:\/\/eurecat.org\/es\/wp-json\/wp\/v2\/users\/39"}],"replies":[{"embeddable":true,"href":"https:\/\/eurecat.org\/es\/wp-json\/wp\/v2\/comments?post=165872"}],"version-history":[{"count":2,"href":"https:\/\/eurecat.org\/es\/wp-json\/wp\/v2\/pages\/165872\/revisions"}],"predecessor-version":[{"id":165986,"href":"https:\/\/eurecat.org\/es\/wp-json\/wp\/v2\/pages\/165872\/revisions\/165986"}],"wp:attachment":[{"href":"https:\/\/eurecat.org\/es\/wp-json\/wp\/v2\/media?parent=165872"}],"curies":[{"name":"wp","href":"https:\/\/api.w.org\/{rel}","templated":true}]}}