{"id":20204,"date":"2017-01-19T10:01:29","date_gmt":"2017-01-19T10:01:29","guid":{"rendered":"http:\/\/eurecat.org\/?page_id=20204\/"},"modified":"2017-12-20T09:23:20","modified_gmt":"2017-12-20T09:23:20","slug":"soluciones-termicas-polimeros-composites","status":"publish","type":"page","link":"https:\/\/eurecat.org\/es\/servicios\/eurecatevents\/soluciones-termicas-polimeros-composites\/","title":{"rendered":"Jornada: Soluciones t\u00e9rmicas para pol\u00edmeros y composites"},"content":{"rendered":"<div class=\"fusion-fullwidth fullwidth-box fusion-builder-row-1 hundred-percent-fullwidth non-hundred-percent-height-scrolling\" style=\"--awb-border-radius-top-left:0px;--awb-border-radius-top-right:0px;--awb-border-radius-bottom-right:0px;--awb-border-radius-bottom-left:0px;--awb-flex-wrap:wrap;\" ><div class=\"fusion-builder-row fusion-row\"><div class=\"fusion-layout-column fusion_builder_column fusion-builder-column-0 fusion_builder_column_1_1 1_1 fusion-one-full fusion-column-first fusion-column-last fusion-column-no-min-height\" style=\"--awb-bg-size:cover;--awb-margin-bottom:0px;\"><div class=\"fusion-column-wrapper fusion-flex-column-wrapper-legacy\"><div class=\"fusion-text fusion-text-1\"><h1 style=\"text-align: center;\"><strong><span style=\"color: #800080;\">Soluciones t\u00e9rmicas para pol\u00edmeros y composites<\/span><\/strong><\/h1>\n<h3><strong>Eurecat y NETZSCH Analyzing &amp; Testing\u00a0<\/strong>organizan este seminario destinado a <strong>especialistas de la industria del pl\u00e1stico <\/strong>con el objetivo de ofrecerles un mayor conocimiento en las t\u00e9cnicas de an\u00e1lisis t\u00e9rmico para caracterizaci\u00f3n de pol\u00edmeros y composites.<\/h3>\n<\/div><div class=\"fusion-sep-clear\"><\/div><div class=\"fusion-separator fusion-has-icon fusion-full-width-sep\" style=\"margin-left: auto;margin-right: auto;margin-top:30px;margin-bottom:30px;width:100%;\"><div class=\"fusion-separator-border sep-single sep-solid\" style=\"--awb-height:20px;--awb-amount:20px;border-color:#e0dede;border-top-width:1px;\"><\/div><span class=\"icon-wrapper\" style=\"border-color:#e0dede;background-color:rgba(255,255,255,0);font-size:14px;width: 1.75em; height: 1.75em;border-width:1px;padding:1px;margin-top:-0.5px\"><i class=\" fa fa-chevron-down\" style=\"font-size: inherit;color:#e0dede;\" aria-hidden=\"true\"><\/i><\/span><div class=\"fusion-separator-border sep-single sep-solid\" style=\"--awb-height:20px;--awb-amount:20px;border-color:#e0dede;border-top-width:1px;\"><\/div><\/div><div class=\"fusion-sep-clear\"><\/div><div class=\"fusion-clearfix\"><\/div><\/div><\/div><\/div><\/div><div class=\"fusion-fullwidth fullwidth-box fusion-builder-row-2 nonhundred-percent-fullwidth non-hundred-percent-height-scrolling\" style=\"--awb-background-position:left top;--awb-border-radius-top-left:0px;--awb-border-radius-top-right:0px;--awb-border-radius-bottom-right:0px;--awb-border-radius-bottom-left:0px;--awb-padding-top:20px;--awb-padding-right:0px;--awb-padding-bottom:0px;--awb-padding-left:0px;--awb-border-sizes-top:0px;--awb-border-sizes-bottom:0px;--awb-flex-wrap:wrap;\" ><div class=\"fusion-builder-row fusion-row\"><div class=\"fusion-layout-column fusion_builder_column fusion-builder-column-1 fusion_builder_column_3_5 3_5 fusion-three-fifth fusion-column-first\" style=\"--awb-bg-size:cover;width:58.4%; margin-right: 4%;\"><div class=\"fusion-column-wrapper fusion-flex-column-wrapper-legacy\"><div class=\"fusion-text fusion-text-2\"><p><img decoding=\"async\" class=\"aligncenter size-full wp-image-20185\" src=\"https:\/\/eurecat.org\/wp-content\/uploads\/2017\/01\/Foto_Netzsch.jpg\" alt=\"\" width=\"869\" height=\"209\" srcset=\"https:\/\/eurecat.org\/wp-content\/uploads\/2017\/01\/Foto_Netzsch-30x7.jpg 30w, https:\/\/eurecat.org\/wp-content\/uploads\/2017\/01\/Foto_Netzsch-120x29.jpg 120w, https:\/\/eurecat.org\/wp-content\/uploads\/2017\/01\/Foto_Netzsch-200x48.jpg 200w, https:\/\/eurecat.org\/wp-content\/uploads\/2017\/01\/Foto_Netzsch-300x72.jpg 300w, https:\/\/eurecat.org\/wp-content\/uploads\/2017\/01\/Foto_Netzsch-400x96.jpg 400w, https:\/\/eurecat.org\/wp-content\/uploads\/2017\/01\/Foto_Netzsch-500x120.jpg 500w, https:\/\/eurecat.org\/wp-content\/uploads\/2017\/01\/Foto_Netzsch-600x144.jpg 600w, https:\/\/eurecat.org\/wp-content\/uploads\/2017\/01\/Foto_Netzsch-768x185.jpg 768w, https:\/\/eurecat.org\/wp-content\/uploads\/2017\/01\/Foto_Netzsch-800x192.jpg 800w, https:\/\/eurecat.org\/wp-content\/uploads\/2017\/01\/Foto_Netzsch.jpg 869w\" sizes=\"(max-width: 869px) 100vw, 869px\" \/><\/p>\n<\/div><div class=\"fusion-text fusion-text-3\"><h3><span style=\"color: #000080;\"><strong>Programa<\/strong><\/span><\/h3>\n<\/div><div class=\"fusion-sep-clear\"><\/div><div class=\"fusion-separator fusion-full-width-sep\" style=\"margin-left: auto;margin-right: auto;margin-bottom:10px;width:100%;\"><div class=\"fusion-separator-border sep-single sep-solid\" style=\"--awb-height:20px;--awb-amount:20px;--awb-sep-color:#e0e0e0;border-color:#e0e0e0;border-top-width:1px;\"><\/div><\/div><div class=\"fusion-sep-clear\"><\/div><div class=\"fusion-text fusion-text-4\"><p>Conocer las propiedades t\u00e9rmicas de los pol\u00edmeros es una ventaja decisiva en la producci\u00f3n de pl\u00e1sticos de alta calidad. Los m\u00e9todos termoanal\u00edticos nos ayudan a responder importantes preguntas en el \u00e1rea de desarrollo de producto, control de calidad, an\u00e1lisis de fallos y optimizaci\u00f3n de proceso.<\/p>\n<p>Este seminario aportar\u00e1 informaci\u00f3n de las <strong>t\u00e9cnicas de DSC <\/strong>(Calorimetr\u00eda Diferencial de Barrido), <strong>TGA <\/strong>(An\u00e1lisis Termogavim\u00e9trico) y <strong>DEA<\/strong> (An\u00e1lisis Diel\u00e9ctrico) <strong>para la optimizaci\u00f3n de los procesos de producci\u00f3n y el an\u00e1lisis de fallos <\/strong>a partir de ejemplos de aplicaciones.<\/p>\n<\/div><div class=\"fusion-sep-clear\"><\/div><div class=\"fusion-separator fusion-full-width-sep\" style=\"margin-left: auto;margin-right: auto;margin-top:10px;margin-bottom:10px;width:100%;\"><\/div><div class=\"fusion-sep-clear\"><\/div><div class=\"fusion-sep-clear\"><\/div><div class=\"fusion-separator fusion-full-width-sep\" style=\"margin-left: auto;margin-right: auto;margin-bottom:10px;width:100%;\"><div class=\"fusion-separator-border sep-single sep-solid\" style=\"--awb-height:20px;--awb-amount:20px;--awb-sep-color:#e0e0e0;border-color:#e0e0e0;border-top-width:1px;\"><\/div><\/div><div class=\"fusion-sep-clear\"><\/div><div class=\"fusion-sep-clear\"><\/div><div class=\"fusion-separator fusion-full-width-sep\" style=\"margin-left: auto;margin-right: auto;margin-top:20px;margin-bottom:20px;width:100%;\"><\/div><div class=\"fusion-sep-clear\"><\/div><div class=\"fusion-image-element fusion-image-align-center in-legacy-container\" style=\"text-align:center;--awb-caption-title-font-family:var(--h2_typography-font-family);--awb-caption-title-font-weight:var(--h2_typography-font-weight);--awb-caption-title-font-style:var(--h2_typography-font-style);--awb-caption-title-size:var(--h2_typography-font-size);--awb-caption-title-transform:var(--h2_typography-text-transform);--awb-caption-title-line-height:var(--h2_typography-line-height);--awb-caption-title-letter-spacing:var(--h2_typography-letter-spacing);\"><div class=\"imageframe-align-center\"><span class=\" fusion-imageframe imageframe-none imageframe-1 hover-type-none\"><img decoding=\"async\" width=\"635\" height=\"722\" title=\"programa_netzsch_201701_ESP\" src=\"https:\/\/eurecat.org\/wp-content\/uploads\/2017\/01\/programa_netzsch_201701_ESP.png\" alt class=\"img-responsive wp-image-20205\" srcset=\"https:\/\/eurecat.org\/wp-content\/uploads\/2017\/01\/programa_netzsch_201701_ESP-200x227.png 200w, https:\/\/eurecat.org\/wp-content\/uploads\/2017\/01\/programa_netzsch_201701_ESP-400x455.png 400w, https:\/\/eurecat.org\/wp-content\/uploads\/2017\/01\/programa_netzsch_201701_ESP-600x682.png 600w, https:\/\/eurecat.org\/wp-content\/uploads\/2017\/01\/programa_netzsch_201701_ESP.png 635w\" sizes=\"(max-width: 800px) 100vw, 635px\" \/><\/span><\/div><\/div><div class=\"fusion-clearfix\"><\/div><\/div><\/div><div class=\"fusion-layout-column fusion_builder_column fusion-builder-column-2 fusion_builder_column_2_5 2_5 fusion-two-fifth fusion-column-last\" style=\"--awb-padding-top:10px;--awb-padding-right:10px;--awb-padding-bottom:10px;--awb-padding-left:10px;--awb-bg-color:#fcfcfc;--awb-bg-color-hover:#fcfcfc;--awb-bg-position:center center;--awb-bg-size:cover;--awb-margin-bottom:2px;width:37.6%;\"><div class=\"fusion-column-wrapper fusion-flex-column-wrapper-legacy\"><div class=\"fusion-column-content-centered\"><div class=\"fusion-column-content\"><div class=\"fusion-image-element fusion-image-align-center in-legacy-container\" style=\"text-align:center;--awb-caption-title-font-family:var(--h2_typography-font-family);--awb-caption-title-font-weight:var(--h2_typography-font-weight);--awb-caption-title-font-style:var(--h2_typography-font-style);--awb-caption-title-size:var(--h2_typography-font-size);--awb-caption-title-transform:var(--h2_typography-text-transform);--awb-caption-title-line-height:var(--h2_typography-line-height);--awb-caption-title-letter-spacing:var(--h2_typography-letter-spacing);\"><div class=\"imageframe-align-center\"><span class=\" fusion-imageframe imageframe-none imageframe-2 hover-type-none\"><a class=\"fusion-no-lightbox\" href=\"http:\/\/cdn.bdigital.org\/PDF\/jornada_composites_2017\/programa_soluciones_termicas_polimeros_composites_cast.pdf\" target=\"_blank\" aria-label=\"buttonprogramaWEBEVENTS\" rel=\"noopener noreferrer\"><img decoding=\"async\" width=\"180\" height=\"70\" src=\"https:\/\/eurecat.org\/wp-content\/uploads\/2016\/02\/buttonprogramaWEBEVENTS.png\" alt class=\"img-responsive wp-image-5270\" srcset=\"https:\/\/eurecat.org\/wp-content\/uploads\/2016\/02\/buttonprogramaWEBEVENTS-120x47.png 120w, https:\/\/eurecat.org\/wp-content\/uploads\/2016\/02\/buttonprogramaWEBEVENTS-177x70.png 177w, https:\/\/eurecat.org\/wp-content\/uploads\/2016\/02\/buttonprogramaWEBEVENTS.png 180w\" sizes=\"(max-width: 180px) 100vw, 180px\" \/><\/a><\/span><\/div><\/div><div class=\"fusion-sep-clear\"><\/div><div class=\"fusion-separator fusion-full-width-sep\" style=\"margin-left: auto;margin-right: auto;margin-top:10px;margin-bottom:10px;width:100%;\"><div class=\"fusion-separator-border sep-single sep-solid\" style=\"--awb-height:20px;--awb-amount:20px;border-color:#e0dede;border-top-width:1px;\"><\/div><\/div><div class=\"fusion-sep-clear\"><\/div><div class=\"fusion-text fusion-text-5\"><h3 style=\"text-align: center;\"><span style=\"color: #000080;\"><strong>Informaci\u00f3n de la jornada<\/strong><\/span><\/h3>\n<\/div><div class=\"fusion-sep-clear\"><\/div><div class=\"fusion-separator fusion-full-width-sep\" style=\"margin-left: auto;margin-right: auto;margin-bottom:10px;width:100%;\"><\/div><div class=\"fusion-sep-clear\"><\/div><div class=\"fusion-text fusion-text-6\"><p style=\"text-align: center;\"><strong>D\u00eda:<\/strong>\u00a023 de febrero del 2017<\/p>\n<p style=\"text-align: center;\"><strong>Horario:<\/strong> 09:00h a 17:00h<\/p>\n<p style=\"text-align: center;\"><strong>Lugar:<\/strong>\u00a0Eurecat Cerdanyola<\/p>\n<p style=\"text-align: center;\">Av. Universitat Aut\u00f2noma, 23<\/p>\n<p style=\"text-align: center;\">08290 Cerdanyola del Vall\u00e8s (Barcelona)<\/p>\n<\/div><div class=\"fusion-text fusion-text-7\"><p style=\"text-align: center;\"><strong>Contacto:<\/strong><\/p>\n<p style=\"text-align: center;\">Eurecat Events &#8211;\u00a0<strong><a href=\"mailto:events@eurecat.org\" target=\"_blank\" rel=\"noopener\">events@eurecat.org<\/a>\u00a0|\u00a0<\/strong>Tel: 932 381 400<\/p>\n<\/div><div class=\"fusion-sep-clear\"><\/div><div class=\"fusion-separator fusion-full-width-sep\" style=\"margin-left: auto;margin-right: auto;width:100%;\"><\/div><div class=\"fusion-sep-clear\"><\/div><div class=\"fusion-text fusion-text-8\"><p style=\"text-align: center;\"><strong>Localizaci\u00f3n:<\/strong><\/p>\n<\/div><div class=\"fusion-text fusion-text-9\"><p><a href=\"https:\/\/www.google.es\/maps\/place\/Eurecat+-+Cerdanyola\/@41.4888987,2.1262888,17.91z\/data=!4m5!3m4!1s0x12a49613238c3c1f:0xb7f38da751c1b3ae!8m2!3d41.4887866!4d2.1263307\"><img decoding=\"async\" class=\"aligncenter size-full wp-image-20200\" src=\"https:\/\/eurecat.org\/wp-content\/uploads\/2017\/01\/GoogleMaps_EurecatCerdanyola.png\" alt=\"\" width=\"1000\" height=\"500\" srcset=\"https:\/\/eurecat.org\/wp-content\/uploads\/2017\/01\/GoogleMaps_EurecatCerdanyola-30x15.png 30w, https:\/\/eurecat.org\/wp-content\/uploads\/2017\/01\/GoogleMaps_EurecatCerdanyola-120x60.png 120w, https:\/\/eurecat.org\/wp-content\/uploads\/2017\/01\/GoogleMaps_EurecatCerdanyola-200x100.png 200w, https:\/\/eurecat.org\/wp-content\/uploads\/2017\/01\/GoogleMaps_EurecatCerdanyola-300x150.png 300w, https:\/\/eurecat.org\/wp-content\/uploads\/2017\/01\/GoogleMaps_EurecatCerdanyola-400x200.png 400w, https:\/\/eurecat.org\/wp-content\/uploads\/2017\/01\/GoogleMaps_EurecatCerdanyola-500x250.png 500w, https:\/\/eurecat.org\/wp-content\/uploads\/2017\/01\/GoogleMaps_EurecatCerdanyola-600x300.png 600w, https:\/\/eurecat.org\/wp-content\/uploads\/2017\/01\/GoogleMaps_EurecatCerdanyola-768x384.png 768w, https:\/\/eurecat.org\/wp-content\/uploads\/2017\/01\/GoogleMaps_EurecatCerdanyola-800x400.png 800w, https:\/\/eurecat.org\/wp-content\/uploads\/2017\/01\/GoogleMaps_EurecatCerdanyola.png 1000w\" sizes=\"(max-width: 1000px) 100vw, 1000px\" \/><\/a><\/p>\n<\/div><\/div><\/div><div class=\"fusion-clearfix\"><\/div><\/div><\/div><\/div><\/div>\n","protected":false},"excerpt":{"rendered":"","protected":false},"author":12,"featured_media":13529,"parent":2777,"menu_order":15,"comment_status":"closed","ping_status":"closed","template":"","meta":{"footnotes":""},"class_list":["post-20204","page","type-page","status-publish","has-post-thumbnail","hentry"],"yoast_head":"<!-- This site is optimized with the Yoast SEO plugin v27.4 - https:\/\/yoast.com\/product\/yoast-seo-wordpress\/ -->\n<title>Eurecat Jornada Soluciones t\u00e9rmicas para pol\u00edmeros y composites<\/title>\n<meta name=\"description\" content=\"Eurecat presenta una jornada sobre soluciones t\u00e9rmicas para pol\u00edmeros y composites destinado a especialistas de la industria del pl\u00e1stico\" \/>\n<meta name=\"robots\" content=\"index, follow, max-snippet:-1, max-image-preview:large, max-video-preview:-1\" \/>\n<link rel=\"canonical\" href=\"https:\/\/eurecat.org\/es\/servicios\/eurecatevents\/soluciones-termicas-polimeros-composites\/\" \/>\n<meta property=\"og:locale\" content=\"es_ES\" \/>\n<meta property=\"og:type\" content=\"article\" \/>\n<meta property=\"og:title\" content=\"Eurecat Jornada Soluciones t\u00e9rmicas para pol\u00edmeros y composites\" \/>\n<meta property=\"og:description\" content=\"Eurecat presenta una jornada sobre soluciones t\u00e9rmicas para pol\u00edmeros y composites destinado a especialistas de la industria del pl\u00e1stico\" \/>\n<meta property=\"og:url\" content=\"https:\/\/eurecat.org\/es\/servicios\/eurecatevents\/soluciones-termicas-polimeros-composites\/\" \/>\n<meta property=\"og:site_name\" content=\"Eurecat\" \/>\n<meta property=\"article:modified_time\" content=\"2017-12-20T09:23:20+00:00\" \/>\n<meta property=\"og:image\" content=\"https:\/\/eurecat.org\/wp-content\/uploads\/2016\/07\/eurecat-folleto.jpg\" \/>\n\t<meta property=\"og:image:width\" content=\"841\" \/>\n\t<meta property=\"og:image:height\" content=\"603\" \/>\n\t<meta property=\"og:image:type\" content=\"image\/jpeg\" \/>\n<meta name=\"twitter:card\" content=\"summary_large_image\" \/>\n<meta name=\"twitter:label1\" content=\"Tiempo de lectura\" \/>\n\t<meta name=\"twitter:data1\" content=\"5 minutos\" \/>\n<script type=\"application\/ld+json\" class=\"yoast-schema-graph\">{\"@context\":\"https:\\\/\\\/schema.org\",\"@graph\":[{\"@type\":\"WebPage\",\"@id\":\"https:\\\/\\\/eurecat.org\\\/es\\\/servicios\\\/eurecatevents\\\/soluciones-termicas-polimeros-composites\\\/\",\"url\":\"https:\\\/\\\/eurecat.org\\\/es\\\/servicios\\\/eurecatevents\\\/soluciones-termicas-polimeros-composites\\\/\",\"name\":\"Eurecat Jornada Soluciones t\u00e9rmicas para pol\u00edmeros y composites\",\"isPartOf\":{\"@id\":\"https:\\\/\\\/eurecat.org\\\/es\\\/#website\"},\"primaryImageOfPage\":{\"@id\":\"https:\\\/\\\/eurecat.org\\\/es\\\/servicios\\\/eurecatevents\\\/soluciones-termicas-polimeros-composites\\\/#primaryimage\"},\"image\":{\"@id\":\"https:\\\/\\\/eurecat.org\\\/es\\\/servicios\\\/eurecatevents\\\/soluciones-termicas-polimeros-composites\\\/#primaryimage\"},\"thumbnailUrl\":\"https:\\\/\\\/eurecat.org\\\/wp-content\\\/uploads\\\/2016\\\/07\\\/eurecat-folleto.jpg\",\"datePublished\":\"2017-01-19T10:01:29+00:00\",\"dateModified\":\"2017-12-20T09:23:20+00:00\",\"description\":\"Eurecat presenta una jornada sobre soluciones t\u00e9rmicas para pol\u00edmeros y composites destinado a especialistas de la industria del pl\u00e1stico\",\"breadcrumb\":{\"@id\":\"https:\\\/\\\/eurecat.org\\\/es\\\/servicios\\\/eurecatevents\\\/soluciones-termicas-polimeros-composites\\\/#breadcrumb\"},\"inLanguage\":\"es\",\"potentialAction\":[{\"@type\":\"ReadAction\",\"target\":[\"https:\\\/\\\/eurecat.org\\\/es\\\/servicios\\\/eurecatevents\\\/soluciones-termicas-polimeros-composites\\\/\"]}]},{\"@type\":\"ImageObject\",\"inLanguage\":\"es\",\"@id\":\"https:\\\/\\\/eurecat.org\\\/es\\\/servicios\\\/eurecatevents\\\/soluciones-termicas-polimeros-composites\\\/#primaryimage\",\"url\":\"https:\\\/\\\/eurecat.org\\\/wp-content\\\/uploads\\\/2016\\\/07\\\/eurecat-folleto.jpg\",\"contentUrl\":\"https:\\\/\\\/eurecat.org\\\/wp-content\\\/uploads\\\/2016\\\/07\\\/eurecat-folleto.jpg\",\"width\":841,\"height\":603},{\"@type\":\"BreadcrumbList\",\"@id\":\"https:\\\/\\\/eurecat.org\\\/es\\\/servicios\\\/eurecatevents\\\/soluciones-termicas-polimeros-composites\\\/#breadcrumb\",\"itemListElement\":[{\"@type\":\"ListItem\",\"position\":1,\"name\":\"Inici\",\"item\":\"https:\\\/\\\/eurecat.org\\\/es\\\/\"},{\"@type\":\"ListItem\",\"position\":2,\"name\":\"Actividades\",\"item\":\"https:\\\/\\\/eurecat.org\\\/es\\\/servicios\\\/\"},{\"@type\":\"ListItem\",\"position\":3,\"name\":\"Esdeveniments Eurecat\",\"item\":\"https:\\\/\\\/eurecat.org\\\/es\\\/servicios\\\/eurecatevents\\\/\"},{\"@type\":\"ListItem\",\"position\":4,\"name\":\"Jornada: Soluciones t\u00e9rmicas para pol\u00edmeros y composites\"}]},{\"@type\":\"WebSite\",\"@id\":\"https:\\\/\\\/eurecat.org\\\/es\\\/#website\",\"url\":\"https:\\\/\\\/eurecat.org\\\/es\\\/\",\"name\":\"Eurecat\",\"description\":\"Otro sitio realizado con WordPress\",\"potentialAction\":[{\"@type\":\"SearchAction\",\"target\":{\"@type\":\"EntryPoint\",\"urlTemplate\":\"https:\\\/\\\/eurecat.org\\\/es\\\/?s={search_term_string}\"},\"query-input\":{\"@type\":\"PropertyValueSpecification\",\"valueRequired\":true,\"valueName\":\"search_term_string\"}}],\"inLanguage\":\"es\"}]}<\/script>\n<!-- \/ Yoast SEO plugin. -->","yoast_head_json":{"title":"Eurecat Jornada Soluciones t\u00e9rmicas para pol\u00edmeros y composites","description":"Eurecat presenta una jornada sobre soluciones t\u00e9rmicas para pol\u00edmeros y composites destinado a especialistas de la industria del pl\u00e1stico","robots":{"index":"index","follow":"follow","max-snippet":"max-snippet:-1","max-image-preview":"max-image-preview:large","max-video-preview":"max-video-preview:-1"},"canonical":"https:\/\/eurecat.org\/es\/servicios\/eurecatevents\/soluciones-termicas-polimeros-composites\/","og_locale":"es_ES","og_type":"article","og_title":"Eurecat Jornada Soluciones t\u00e9rmicas para pol\u00edmeros y composites","og_description":"Eurecat presenta una jornada sobre soluciones t\u00e9rmicas para pol\u00edmeros y composites destinado a especialistas de la industria del pl\u00e1stico","og_url":"https:\/\/eurecat.org\/es\/servicios\/eurecatevents\/soluciones-termicas-polimeros-composites\/","og_site_name":"Eurecat","article_modified_time":"2017-12-20T09:23:20+00:00","og_image":[{"width":841,"height":603,"url":"https:\/\/eurecat.org\/wp-content\/uploads\/2016\/07\/eurecat-folleto.jpg","type":"image\/jpeg"}],"twitter_card":"summary_large_image","twitter_misc":{"Tiempo de lectura":"5 minutos"},"schema":{"@context":"https:\/\/schema.org","@graph":[{"@type":"WebPage","@id":"https:\/\/eurecat.org\/es\/servicios\/eurecatevents\/soluciones-termicas-polimeros-composites\/","url":"https:\/\/eurecat.org\/es\/servicios\/eurecatevents\/soluciones-termicas-polimeros-composites\/","name":"Eurecat Jornada Soluciones t\u00e9rmicas para pol\u00edmeros y composites","isPartOf":{"@id":"https:\/\/eurecat.org\/es\/#website"},"primaryImageOfPage":{"@id":"https:\/\/eurecat.org\/es\/servicios\/eurecatevents\/soluciones-termicas-polimeros-composites\/#primaryimage"},"image":{"@id":"https:\/\/eurecat.org\/es\/servicios\/eurecatevents\/soluciones-termicas-polimeros-composites\/#primaryimage"},"thumbnailUrl":"https:\/\/eurecat.org\/wp-content\/uploads\/2016\/07\/eurecat-folleto.jpg","datePublished":"2017-01-19T10:01:29+00:00","dateModified":"2017-12-20T09:23:20+00:00","description":"Eurecat presenta una jornada sobre soluciones t\u00e9rmicas para pol\u00edmeros y composites destinado a especialistas de la industria del pl\u00e1stico","breadcrumb":{"@id":"https:\/\/eurecat.org\/es\/servicios\/eurecatevents\/soluciones-termicas-polimeros-composites\/#breadcrumb"},"inLanguage":"es","potentialAction":[{"@type":"ReadAction","target":["https:\/\/eurecat.org\/es\/servicios\/eurecatevents\/soluciones-termicas-polimeros-composites\/"]}]},{"@type":"ImageObject","inLanguage":"es","@id":"https:\/\/eurecat.org\/es\/servicios\/eurecatevents\/soluciones-termicas-polimeros-composites\/#primaryimage","url":"https:\/\/eurecat.org\/wp-content\/uploads\/2016\/07\/eurecat-folleto.jpg","contentUrl":"https:\/\/eurecat.org\/wp-content\/uploads\/2016\/07\/eurecat-folleto.jpg","width":841,"height":603},{"@type":"BreadcrumbList","@id":"https:\/\/eurecat.org\/es\/servicios\/eurecatevents\/soluciones-termicas-polimeros-composites\/#breadcrumb","itemListElement":[{"@type":"ListItem","position":1,"name":"Inici","item":"https:\/\/eurecat.org\/es\/"},{"@type":"ListItem","position":2,"name":"Actividades","item":"https:\/\/eurecat.org\/es\/servicios\/"},{"@type":"ListItem","position":3,"name":"Esdeveniments Eurecat","item":"https:\/\/eurecat.org\/es\/servicios\/eurecatevents\/"},{"@type":"ListItem","position":4,"name":"Jornada: Soluciones t\u00e9rmicas para pol\u00edmeros y composites"}]},{"@type":"WebSite","@id":"https:\/\/eurecat.org\/es\/#website","url":"https:\/\/eurecat.org\/es\/","name":"Eurecat","description":"Otro sitio realizado con WordPress","potentialAction":[{"@type":"SearchAction","target":{"@type":"EntryPoint","urlTemplate":"https:\/\/eurecat.org\/es\/?s={search_term_string}"},"query-input":{"@type":"PropertyValueSpecification","valueRequired":true,"valueName":"search_term_string"}}],"inLanguage":"es"}]}},"_links":{"self":[{"href":"https:\/\/eurecat.org\/es\/wp-json\/wp\/v2\/pages\/20204","targetHints":{"allow":["GET"]}}],"collection":[{"href":"https:\/\/eurecat.org\/es\/wp-json\/wp\/v2\/pages"}],"about":[{"href":"https:\/\/eurecat.org\/es\/wp-json\/wp\/v2\/types\/page"}],"author":[{"embeddable":true,"href":"https:\/\/eurecat.org\/es\/wp-json\/wp\/v2\/users\/12"}],"replies":[{"embeddable":true,"href":"https:\/\/eurecat.org\/es\/wp-json\/wp\/v2\/comments?post=20204"}],"version-history":[{"count":0,"href":"https:\/\/eurecat.org\/es\/wp-json\/wp\/v2\/pages\/20204\/revisions"}],"up":[{"embeddable":true,"href":"https:\/\/eurecat.org\/es\/wp-json\/wp\/v2\/pages\/2777"}],"wp:featuredmedia":[{"embeddable":true,"href":"https:\/\/eurecat.org\/es\/wp-json\/wp\/v2\/media\/13529"}],"wp:attachment":[{"href":"https:\/\/eurecat.org\/es\/wp-json\/wp\/v2\/media?parent=20204"}],"curies":[{"name":"wp","href":"https:\/\/api.w.org\/{rel}","templated":true}]}}