{"id":2739,"date":"2015-07-14T12:25:12","date_gmt":"2015-07-14T11:25:12","guid":{"rendered":"http:\/\/eurecat.org\/es\/?page_id=2739"},"modified":"2022-05-24T08:56:18","modified_gmt":"2022-05-24T07:56:18","slug":"sector-publico","status":"publish","type":"page","link":"https:\/\/eurecat.org\/es\/sectores\/sector-publico\/","title":{"rendered":"Sector P\u00fablico"},"content":{"rendered":"<div class=\"fusion-fullwidth fullwidth-box fusion-builder-row-1 fusion-parallax-none nonhundred-percent-fullwidth non-hundred-percent-height-scrolling\" style=\"--awb-background-blend-mode:overlay;--awb-border-radius-top-left:0px;--awb-border-radius-top-right:0px;--awb-border-radius-bottom-right:0px;--awb-border-radius-bottom-left:0px;--awb-padding-top:60px;--awb-padding-bottom:60px;--awb-background-color:rgba(0,0,0,0.37);--awb-background-image:url(&quot;https:\/\/eurecat.org\/wp-content\/uploads\/2019\/02\/HEAD-sector-public_1500x250.jpg&quot;);--awb-background-size:cover;--awb-flex-wrap:wrap;\" ><div class=\"fusion-builder-row fusion-row\"><div class=\"fusion-layout-column fusion_builder_column fusion-builder-column-0 fusion_builder_column_1_1 1_1 fusion-one-full fusion-column-first fusion-column-last\" style=\"--awb-padding-top:20px;--awb-bg-size:cover;\"><div class=\"fusion-column-wrapper fusion-flex-column-wrapper-legacy\"><div class=\"fusion-title title fusion-title-1 fusion-sep-none fusion-title-center fusion-title-text fusion-title-size-one\" style=\"--awb-margin-top-small:0px;--awb-margin-right-small:0px;--awb-margin-bottom-small:20px;--awb-margin-left-small:0px;\"><h1 class=\"fusion-title-heading title-heading-center\" style=\"margin:0;\"><p style=\"text-align: center;\"><span style=\"color: #ffffff;\"><strong>SECTOR P\u00daBLICO<\/strong><\/span><\/p><\/h1><\/div><div class=\"fusion-clearfix\"><\/div><\/div><\/div><\/div><\/div><div class=\"fusion-fullwidth fullwidth-box fusion-builder-row-2 nonhundred-percent-fullwidth non-hundred-percent-height-scrolling\" style=\"--awb-border-radius-top-left:0px;--awb-border-radius-top-right:0px;--awb-border-radius-bottom-right:0px;--awb-border-radius-bottom-left:0px;--awb-padding-top:20px;--awb-padding-bottom:20px;--awb-background-color:#662483;--awb-flex-wrap:wrap;\" ><div class=\"fusion-builder-row fusion-row\"><div class=\"fusion-layout-column fusion_builder_column fusion-builder-column-1 fusion_builder_column_1_1 1_1 fusion-one-full fusion-column-first fusion-column-last\" style=\"--awb-padding-top:20px;--awb-bg-size:cover;\"><div class=\"fusion-column-wrapper fusion-flex-column-wrapper-legacy\"><div class=\"fusion-text fusion-text-1\"><h2 style=\"text-align: center;\"><span style=\"color: #ffffff;\"><strong>CONTACTO<\/strong><\/span><\/h2>\n<\/div><div class=\"fusion-clearfix\"><\/div><\/div><\/div><\/div><\/div><div class=\"fusion-fullwidth fullwidth-box fusion-builder-row-3 nonhundred-percent-fullwidth non-hundred-percent-height-scrolling\" style=\"--awb-border-radius-top-left:0px;--awb-border-radius-top-right:0px;--awb-border-radius-bottom-right:0px;--awb-border-radius-bottom-left:0px;--awb-padding-top:30px;--awb-flex-wrap:wrap;\" ><div class=\"fusion-builder-row fusion-row\"><div class=\"fusion-layout-column fusion_builder_column fusion-builder-column-2 fusion_builder_column_1_4 1_4 fusion-one-fourth fusion-column-first fusion-no-small-visibility\" style=\"--awb-bg-size:cover;width:25%;width:calc(25% - ( ( 4% + 4% ) * 0.25 ) );margin-right: 4%;\"><div class=\"fusion-column-wrapper fusion-flex-column-wrapper-legacy\"><div class=\"fusion-clearfix\"><\/div><\/div><\/div><div class=\"fusion-layout-column fusion_builder_column fusion-builder-column-3 fusion_builder_column_1_4 1_4 fusion-one-fourth\" style=\"--awb-padding-left:30px;--awb-bg-size:cover;--awb-border-color:#662483;--awb-border-left:1px;--awb-border-style:solid;width:25%;width:calc(25% - ( ( 4% + 4% ) * 0.25 ) );margin-right: 4%;\"><div class=\"fusion-column-wrapper fusion-flex-column-wrapper-legacy\"><div class=\"fusion-image-element fusion-image-align-right in-legacy-container\" style=\"text-align:right;--awb-max-width:200px;--awb-caption-title-font-family:var(--h2_typography-font-family);--awb-caption-title-font-weight:var(--h2_typography-font-weight);--awb-caption-title-font-style:var(--h2_typography-font-style);--awb-caption-title-size:var(--h2_typography-font-size);--awb-caption-title-transform:var(--h2_typography-text-transform);--awb-caption-title-line-height:var(--h2_typography-line-height);--awb-caption-title-letter-spacing:var(--h2_typography-letter-spacing);\"><span class=\" fusion-imageframe imageframe-none imageframe-1 hover-type-none\" style=\"margin-left:25px;float:right;\"><img decoding=\"async\" width=\"360\" height=\"360\" alt=\"encarna baras eurecat sostenibilidad\" title=\"encarna-baras-eurecat-circle-360x360px\" src=\"https:\/\/eurecat.org\/wp-content\/uploads\/2020\/02\/encarna-baras-eurecat-circle-360x360px.png\" class=\"img-responsive wp-image-95424\" srcset=\"https:\/\/eurecat.org\/wp-content\/uploads\/2020\/02\/encarna-baras-eurecat-circle-360x360px-200x200.png 200w, https:\/\/eurecat.org\/wp-content\/uploads\/2020\/02\/encarna-baras-eurecat-circle-360x360px.png 360w\" sizes=\"(max-width: 800px) 100vw, 360px\" \/><\/span><\/div><div class=\"fusion-clearfix\"><\/div><\/div><\/div><div class=\"fusion-layout-column fusion_builder_column fusion-builder-column-4 fusion_builder_column_1_4 1_4 fusion-one-fourth fusion-column-last fusion-no-small-visibility\" style=\"--awb-bg-size:cover;width:25%;width:calc(25% - ( ( 4% + 4% ) * 0.25 ) );\"><div class=\"fusion-column-wrapper fusion-flex-column-wrapper-legacy\"><div class=\"fusion-text fusion-text-2\"><h3><strong>Encarna Baras<\/strong><\/h3>\n<p>Gestora Negocio Sector P\u00fablico<\/p>\n<p><em>Tel. +34 682 663 658<br \/>\n<a href=\"https:\/\/eurecat.org\/es\/contacto\/\">encarna.baras[at]eurecat.org<\/a><\/em><\/p>\n<\/div><div class=\"fusion-clearfix\"><\/div><\/div><\/div><\/div><\/div><div class=\"fusion-fullwidth fullwidth-box fusion-builder-row-4 hundred-percent-fullwidth non-hundred-percent-height-scrolling\" style=\"--awb-border-radius-top-left:0px;--awb-border-radius-top-right:0px;--awb-border-radius-bottom-right:0px;--awb-border-radius-bottom-left:0px;--awb-overflow:visible;--awb-flex-wrap:wrap;\" ><div class=\"fusion-builder-row fusion-row\"><div class=\"fusion-layout-column fusion_builder_column fusion-builder-column-5 fusion_builder_column_1_2 1_2 fusion-one-half fusion-column-first\" style=\"--awb-bg-size:cover;width:48%; margin-right: 4%;\"><div class=\"fusion-column-wrapper fusion-flex-column-wrapper-legacy\"><div class=\"fusion-title title fusion-title-2 fusion-title-text fusion-title-size-two\" style=\"--awb-margin-top-small:0px;--awb-margin-right-small:0px;--awb-margin-bottom-small:20px;--awb-margin-left-small:0px;\"><h2 class=\"fusion-title-heading title-heading-left\" style=\"margin:0;\"><strong>Productos, materiales, tecnolog\u00edas y sistemas digitales innovadores<\/strong><\/h2><span class=\"awb-title-spacer\"><\/span><div class=\"title-sep-container\"><div class=\"title-sep sep-double sep-solid\" style=\"border-color:#e0dede;\"><\/div><\/div><\/div><div class=\"accordian fusion-accordian\" style=\"--awb-border-size:1px;--awb-icon-size:13px;--awb-content-font-size:14px;--awb-icon-alignment:left;--awb-hover-color:#f9f9f9;--awb-border-color:#cccccc;--awb-background-color:#ffffff;--awb-divider-color:#e0dede;--awb-divider-hover-color:#e0dede;--awb-icon-color:#ffffff;--awb-title-color:#662483;--awb-content-color:#747474;--awb-icon-box-color:#333333;--awb-toggle-hover-accent-color:#642c81;--awb-title-font-family:&quot;Open Sans&quot;;--awb-title-font-weight:400;--awb-title-font-style:normal;--awb-title-font-size:13px;--awb-content-font-family:&quot;Open Sans&quot;;--awb-content-font-style:normal;--awb-content-font-weight:400;\"><div class=\"panel-group fusion-toggle-icon-boxed\" id=\"accordion-2739-1\"><div class=\"fusion-panel panel-default panel-1f7df69b3be28d57e fusion-toggle-has-divider\"><div class=\"panel-heading\"><h4 class=\"panel-title toggle\" id=\"toggle_1f7df69b3be28d57e\"><a aria-expanded=\"false\" aria-controls=\"1f7df69b3be28d57e\" role=\"button\" data-toggle=\"collapse\" data-parent=\"#accordion-2739-1\" data-target=\"#1f7df69b3be28d57e\" href=\"#1f7df69b3be28d57e\"><span class=\"fusion-toggle-icon-wrapper\" aria-hidden=\"true\"><i class=\"fa-fusion-box active-icon awb-icon-minus\" aria-hidden=\"true\"><\/i><i class=\"fa-fusion-box inactive-icon awb-icon-plus\" aria-hidden=\"true\"><\/i><\/span><span class=\"fusion-toggle-heading\">Proyectos de innovaci\u00f3n<\/span><\/a><\/h4><\/div><div id=\"1f7df69b3be28d57e\" class=\"panel-collapse collapse \" aria-labelledby=\"toggle_1f7df69b3be28d57e\"><div class=\"panel-body toggle-content fusion-clearfix\">\n<p>&#8211; Oficina t\u00e9cnica para ejecutar las pol\u00edticas de innovaci\u00f3n lideradas desde las AA.PP. (servicios de diagn\u00f3stico y acompa\u00f1amiento para la innovaci\u00f3n y la internacionalizaci\u00f3n de las pymes, eventos de difusi\u00f3n tecnol\u00f3gica, generaci\u00f3n de ideas y networking, etc.)<\/p>\n<p>&#8211; Smart services (asesoria tecnol\u00f3gica, definici\u00f3n de modelos de negocio sostenibles, conceptualizaci\u00f3n y validaci\u00f3n de pilotos, etc.)<\/p>\n<p>&#8211; Smart data (pre-procesamiento de datos internos, captaci\u00f3n de datos de redes sociales, cruce y anal\u00edtica, etc)<\/p>\n<\/div><\/div><\/div><div class=\"fusion-panel panel-default panel-38ea82445e63b687b fusion-toggle-has-divider\"><div class=\"panel-heading\"><h4 class=\"panel-title toggle\" id=\"toggle_38ea82445e63b687b\"><a aria-expanded=\"false\" aria-controls=\"38ea82445e63b687b\" role=\"button\" data-toggle=\"collapse\" data-parent=\"#accordion-2739-1\" data-target=\"#38ea82445e63b687b\" href=\"#38ea82445e63b687b\"><span class=\"fusion-toggle-icon-wrapper\" aria-hidden=\"true\"><i class=\"fa-fusion-box active-icon awb-icon-minus\" aria-hidden=\"true\"><\/i><i class=\"fa-fusion-box inactive-icon awb-icon-plus\" aria-hidden=\"true\"><\/i><\/span><span class=\"fusion-toggle-heading\">Consultor\u00eda tecnol\u00f3gica y de negocio<\/span><\/a><\/h4><\/div><div id=\"38ea82445e63b687b\" class=\"panel-collapse collapse \" aria-labelledby=\"toggle_38ea82445e63b687b\"><div class=\"panel-body toggle-content fusion-clearfix\"><\/div><\/div><\/div><div class=\"fusion-panel panel-default panel-272d1f8a5aad7502b fusion-toggle-has-divider\"><div class=\"panel-heading\"><h4 class=\"panel-title toggle\" id=\"toggle_272d1f8a5aad7502b\"><a aria-expanded=\"false\" aria-controls=\"272d1f8a5aad7502b\" role=\"button\" data-toggle=\"collapse\" data-parent=\"#accordion-2739-1\" data-target=\"#272d1f8a5aad7502b\" href=\"#272d1f8a5aad7502b\"><span class=\"fusion-toggle-icon-wrapper\" aria-hidden=\"true\"><i class=\"fa-fusion-box active-icon awb-icon-minus\" aria-hidden=\"true\"><\/i><i class=\"fa-fusion-box inactive-icon awb-icon-plus\" aria-hidden=\"true\"><\/i><\/span><span class=\"fusion-toggle-heading\">Din\u00e1micas de innovaci\u00f3n y generaci\u00f3n de ideas<\/span><\/a><\/h4><\/div><div id=\"272d1f8a5aad7502b\" class=\"panel-collapse collapse \" aria-labelledby=\"toggle_272d1f8a5aad7502b\"><div class=\"panel-body toggle-content fusion-clearfix\"><\/div><\/div><\/div><\/div><\/div><div class=\"fusion-clearfix\"><\/div><\/div><\/div><div class=\"fusion-layout-column fusion_builder_column fusion-builder-column-6 fusion_builder_column_1_2 1_2 fusion-one-half fusion-column-last\" style=\"--awb-bg-size:cover;width:48%;\"><div class=\"fusion-column-wrapper fusion-flex-column-wrapper-legacy\"><div class=\"fusion-title title fusion-title-3 fusion-sep-none fusion-title-text fusion-title-size-two\" style=\"--awb-margin-top-small:0px;--awb-margin-right-small:0px;--awb-margin-bottom-small:20px;--awb-margin-left-small:0px;\"><h2 class=\"fusion-title-heading title-heading-left\" style=\"margin:0;\"><strong>Eurecat, en la vanguardia de los avances cient\u00edficos y tecnol\u00f3gicos para hacer frente a las necesidades de presente y a los retos de futuro<\/strong><\/h2><\/div><div class=\"fusion-text fusion-text-3\"><p>Partiendo del conocimiento tecnol\u00f3gico y las tendencias innovadoras de los mercados sectoriales, Eurecat ofrece un servicio a medida de las Administraciones P\u00fabliques, encarg\u00e1ndose de toda la cadena de valor para cada caso. Y complementariamente, Eurecat tambi\u00e9n se encarga de la gesti\u00f3n de todo el servicio contratado.<\/p>\n<\/div><div class=\"fusion-sep-clear\"><\/div><div class=\"fusion-separator fusion-has-icon fusion-full-width-sep\" style=\"margin-left: auto;margin-right: auto;margin-top:20px;margin-bottom:30px;width:100%;\"><\/div><div class=\"fusion-sep-clear\"><\/div><div class=\"fusion-clearfix\"><\/div><\/div><\/div><div class=\"fusion-layout-column fusion_builder_column fusion-builder-column-7 fusion_builder_column_1_1 1_1 fusion-one-full fusion-column-first fusion-column-last fusion-column-no-min-height\" style=\"--awb-bg-size:cover;--awb-margin-bottom:0px;\"><div class=\"fusion-column-wrapper fusion-flex-column-wrapper-legacy\"><div class=\"fusion-reading-box-container reading-box-container-1\" style=\"--awb-title-color:#000000;--awb-margin-top:0px;--awb-margin-bottom:84px;\"><div class=\"reading-box\" style=\"background-color:#eff3ff;border-width:1px;border-color:#f6f6f6;border-left-width:3px;border-left-color:var(--primary_color);border-style:solid;\"><h2>El conocimiento de los procesos de gesti\u00f3n internos de la Administraci\u00f3n P\u00fablica y la experiencia acumulada por varios agentes del sistema p\u00fablico <\/h2><div class=\"reading-box-description fusion-reading-box-additional\">hacen que desde la interlocuci\u00f3n y hasta el seguimiento del proyecto\/servicio, nuestros t\u00e9cnicos hablen el mismo lenguaje que el cliente.<\/div><div class=\"fusion-clearfix\"><\/div><\/div><\/div><div class=\"fusion-sep-clear\"><\/div><div class=\"fusion-separator fusion-has-icon fusion-full-width-sep\" style=\"margin-left: auto;margin-right: auto;margin-bottom:60px;width:100%;\"><div class=\"fusion-separator-border sep-single sep-solid\" style=\"--awb-height:20px;--awb-amount:20px;border-color:#e0dede;border-top-width:1px;\"><\/div><span class=\"icon-wrapper\" style=\"border-color:transparent;font-size:14px;width: 1.75em; height: 1.75em;border-width:1px;padding:1px;margin-top:-0.5px\"><i class=\" fa fa-bullseye\" style=\"font-size: inherit;color:#e0dede;\" aria-hidden=\"true\"><\/i><\/span><div class=\"fusion-separator-border sep-single sep-solid\" style=\"--awb-height:20px;--awb-amount:20px;border-color:#e0dede;border-top-width:1px;\"><\/div><\/div><div class=\"fusion-sep-clear\"><\/div><div class=\"fusion-clearfix\"><\/div><\/div><\/div><div class=\"fusion-layout-column fusion_builder_column fusion-builder-column-8 fusion_builder_column_1_1 1_1 fusion-one-full fusion-column-first fusion-column-last fusion-column-no-min-height\" style=\"--awb-bg-size:cover;--awb-margin-bottom:0px;\"><div class=\"fusion-column-wrapper fusion-flex-column-wrapper-legacy\"><div class=\"fusion-title title fusion-title-4 fusion-title-text fusion-title-size-two\" style=\"--awb-margin-top-small:0px;--awb-margin-right-small:0px;--awb-margin-bottom-small:20px;--awb-margin-left-small:0px;--awb-sep-color:#663399;\"><h2 class=\"fusion-title-heading title-heading-left\" style=\"margin:0;\"><strong>Nuevos productos y tecnolog\u00edas orientadas a las Administraciones p\u00fablicas<\/strong><\/h2><span class=\"awb-title-spacer\"><\/span><div class=\"title-sep-container\"><div class=\"title-sep sep-single sep-solid\" style=\"border-color:#663399;\"><\/div><\/div><\/div><div class=\"fusion-clearfix\"><\/div><\/div><\/div><div class=\"fusion-layout-column fusion_builder_column fusion-builder-column-9 fusion_builder_column_1_3 1_3 fusion-one-third fusion-column-first\" style=\"--awb-bg-size:cover;width:30.6666%; margin-right: 4%;\"><div class=\"fusion-column-wrapper fusion-flex-column-wrapper-legacy\"><div class=\"fusion-text fusion-text-4\"><h2><a href=\"https:\/\/eurecat.org\/wp-content\/uploads\/2015\/07\/ev-connect.jpg\"><img decoding=\"async\" class=\"alignnone size-medium wp-image-2230\" src=\"https:\/\/eurecat.org\/wp-content\/uploads\/2015\/07\/ev-connect-300x171.jpg\" alt=\"ev-connect\" width=\"300\" height=\"171\" srcset=\"https:\/\/eurecat.org\/wp-content\/uploads\/2015\/07\/ev-connect-120x68.jpg 120w, https:\/\/eurecat.org\/wp-content\/uploads\/2015\/07\/ev-connect.jpg 300w\" sizes=\"(max-width: 300px) 100vw, 300px\" \/><\/a>\u00a0 \u00a0EV-CONNECT<\/h2>\n<p>Servicio contratado por la Comisi\u00f3n Europea para desarrollar una hoja de ruta estrat\u00e9gica, en colaboraci\u00f3n con los actores principales, para pasar del actual sistema de infraestructuras de carga de bater\u00edas el\u00e9ctricas para veh\u00edculos, hacia un modelo basado en redes interconectadas.<\/p>\n<\/div><div class=\"fusion-clearfix\"><\/div><\/div><\/div><div class=\"fusion-layout-column fusion_builder_column fusion-builder-column-10 fusion_builder_column_1_3 1_3 fusion-one-third\" style=\"--awb-bg-size:cover;width:30.6666%; margin-right: 4%;\"><div class=\"fusion-column-wrapper fusion-flex-column-wrapper-legacy\"><div class=\"fusion-text fusion-text-5\"><h2><a href=\"https:\/\/eurecat.org\/wp-content\/uploads\/2015\/07\/idigital.jpg\"><img decoding=\"async\" class=\"alignnone size-medium wp-image-1433\" src=\"https:\/\/eurecat.org\/wp-content\/uploads\/2015\/07\/idigital-300x171.jpg\" alt=\"idigital\" width=\"300\" height=\"171\" srcset=\"https:\/\/eurecat.org\/wp-content\/uploads\/2015\/07\/idigital-120x68.jpg 120w, https:\/\/eurecat.org\/wp-content\/uploads\/2015\/07\/idigital-300x171.jpg 300w, https:\/\/eurecat.org\/wp-content\/uploads\/2015\/07\/idigital-500x285.jpg 500w, https:\/\/eurecat.org\/wp-content\/uploads\/2015\/07\/idigital.jpg 576w\" sizes=\"(max-width: 300px) 100vw, 300px\" \/><\/a><br \/>\niDigital<\/h2>\n<p>Eurecat-BDigital act\u00faa como una Oficina t\u00e9cnica del proyecto idigital de la Generalidad de Catalu\u00f1a, dirigido al desarrollo de un polo de innovaci\u00f3n digital, generador de crecimiento econ\u00f3mico, ocupaci\u00f3n de calidad y transformador de la sociedad catalana, gracias a las TIC.<\/p>\n<\/div><div class=\"fusion-clearfix\"><\/div><\/div><\/div><div class=\"fusion-layout-column fusion_builder_column fusion-builder-column-11 fusion_builder_column_1_3 1_3 fusion-one-third fusion-column-last\" style=\"--awb-bg-size:cover;width:30.6666%;\"><div class=\"fusion-column-wrapper fusion-flex-column-wrapper-legacy\"><div class=\"fusion-text fusion-text-6\"><h2><a href=\"https:\/\/eurecat.org\/wp-content\/uploads\/2015\/07\/bewiser.jpg\"><img decoding=\"async\" class=\"alignnone size-medium wp-image-1436\" src=\"https:\/\/eurecat.org\/wp-content\/uploads\/2015\/07\/bewiser-300x171.jpg\" alt=\"BeWiser\" width=\"300\" height=\"171\" srcset=\"https:\/\/eurecat.org\/wp-content\/uploads\/2015\/07\/bewiser-120x68.jpg 120w, https:\/\/eurecat.org\/wp-content\/uploads\/2015\/07\/bewiser-300x171.jpg 300w, https:\/\/eurecat.org\/wp-content\/uploads\/2015\/07\/bewiser-500x285.jpg 500w, https:\/\/eurecat.org\/wp-content\/uploads\/2015\/07\/bewiser.jpg 576w\" sizes=\"(max-width: 300px) 100vw, 300px\" \/><\/a><br \/>\nBeWiser<\/h2>\n<p>Estudio de la seguridad wireless a Internet en el marco de organizaciones y empresas, aprovechando el papel que juegan los Cl\u00fasters Triple H\u00e9lix como un polo de innovaci\u00f3n en las regiones europeas. Este estudio ha permitido reforzar la posici\u00f3n de Europa en el despliegue de tecnolog\u00edas wireless como un motor del desarrollo econ\u00f3mico y poder alinearse con los retos marcados por la Agenda Digital Europea.<\/p>\n<\/div><div class=\"fusion-clearfix\"><\/div><\/div><\/div><\/div><\/div>\n","protected":false},"excerpt":{"rendered":"","protected":false},"author":12,"featured_media":77465,"parent":2736,"menu_order":15,"comment_status":"open","ping_status":"closed","template":"100-width.php","meta":{"footnotes":""},"class_list":["post-2739","page","type-page","status-publish","has-post-thumbnail","hentry"],"yoast_head":"<!-- This site is optimized with the Yoast SEO plugin v27.5 - https:\/\/yoast.com\/product\/yoast-seo-wordpress\/ -->\n<title>Sector P\u00fablico - Eurecat<\/title>\n<meta name=\"robots\" content=\"index, follow, max-snippet:-1, max-image-preview:large, max-video-preview:-1\" \/>\n<link rel=\"canonical\" href=\"https:\/\/eurecat.org\/es\/sectores\/sector-publico\/\" \/>\n<meta property=\"og:locale\" content=\"es_ES\" \/>\n<meta property=\"og:type\" content=\"article\" \/>\n<meta property=\"og:title\" content=\"Sector P\u00fablico - Eurecat\" \/>\n<meta property=\"og:url\" content=\"https:\/\/eurecat.org\/es\/sectores\/sector-publico\/\" \/>\n<meta property=\"og:site_name\" content=\"Eurecat\" \/>\n<meta property=\"article:modified_time\" content=\"2022-05-24T07:56:18+00:00\" \/>\n<meta property=\"og:image\" content=\"https:\/\/eurecat.org\/wp-content\/uploads\/2019\/02\/publico-destacada_520x272_ESP.jpg\" \/>\n\t<meta property=\"og:image:width\" content=\"520\" \/>\n\t<meta property=\"og:image:height\" content=\"272\" \/>\n\t<meta property=\"og:image:type\" content=\"image\/jpeg\" \/>\n<meta name=\"twitter:card\" content=\"summary_large_image\" \/>\n<meta name=\"twitter:label1\" content=\"Tiempo de lectura\" \/>\n\t<meta name=\"twitter:data1\" content=\"12 minutos\" \/>\n<script type=\"application\/ld+json\" class=\"yoast-schema-graph\">{\"@context\":\"https:\\\/\\\/schema.org\",\"@graph\":[{\"@type\":\"WebPage\",\"@id\":\"https:\\\/\\\/eurecat.org\\\/es\\\/sectores\\\/sector-publico\\\/\",\"url\":\"https:\\\/\\\/eurecat.org\\\/es\\\/sectores\\\/sector-publico\\\/\",\"name\":\"Sector P\u00fablico - Eurecat\",\"isPartOf\":{\"@id\":\"https:\\\/\\\/eurecat.org\\\/es\\\/#website\"},\"primaryImageOfPage\":{\"@id\":\"https:\\\/\\\/eurecat.org\\\/es\\\/sectores\\\/sector-publico\\\/#primaryimage\"},\"image\":{\"@id\":\"https:\\\/\\\/eurecat.org\\\/es\\\/sectores\\\/sector-publico\\\/#primaryimage\"},\"thumbnailUrl\":\"https:\\\/\\\/eurecat.org\\\/wp-content\\\/uploads\\\/2019\\\/02\\\/publico-destacada_520x272_ESP.jpg\",\"datePublished\":\"2015-07-14T11:25:12+00:00\",\"dateModified\":\"2022-05-24T07:56:18+00:00\",\"breadcrumb\":{\"@id\":\"https:\\\/\\\/eurecat.org\\\/es\\\/sectores\\\/sector-publico\\\/#breadcrumb\"},\"inLanguage\":\"es\",\"potentialAction\":[{\"@type\":\"ReadAction\",\"target\":[\"https:\\\/\\\/eurecat.org\\\/es\\\/sectores\\\/sector-publico\\\/\"]}]},{\"@type\":\"ImageObject\",\"inLanguage\":\"es\",\"@id\":\"https:\\\/\\\/eurecat.org\\\/es\\\/sectores\\\/sector-publico\\\/#primaryimage\",\"url\":\"https:\\\/\\\/eurecat.org\\\/wp-content\\\/uploads\\\/2019\\\/02\\\/publico-destacada_520x272_ESP.jpg\",\"contentUrl\":\"https:\\\/\\\/eurecat.org\\\/wp-content\\\/uploads\\\/2019\\\/02\\\/publico-destacada_520x272_ESP.jpg\",\"width\":520,\"height\":272,\"caption\":\"sector publico eurecat\"},{\"@type\":\"BreadcrumbList\",\"@id\":\"https:\\\/\\\/eurecat.org\\\/es\\\/sectores\\\/sector-publico\\\/#breadcrumb\",\"itemListElement\":[{\"@type\":\"ListItem\",\"position\":1,\"name\":\"Inici\",\"item\":\"https:\\\/\\\/eurecat.org\\\/es\\\/\"},{\"@type\":\"ListItem\",\"position\":2,\"name\":\"Sectores\",\"item\":\"https:\\\/\\\/eurecat.org\\\/es\\\/sectores\\\/\"},{\"@type\":\"ListItem\",\"position\":3,\"name\":\"Sector P\u00fablico\"}]},{\"@type\":\"WebSite\",\"@id\":\"https:\\\/\\\/eurecat.org\\\/es\\\/#website\",\"url\":\"https:\\\/\\\/eurecat.org\\\/es\\\/\",\"name\":\"Eurecat\",\"description\":\"Otro sitio realizado con WordPress\",\"potentialAction\":[{\"@type\":\"SearchAction\",\"target\":{\"@type\":\"EntryPoint\",\"urlTemplate\":\"https:\\\/\\\/eurecat.org\\\/es\\\/?s={search_term_string}\"},\"query-input\":{\"@type\":\"PropertyValueSpecification\",\"valueRequired\":true,\"valueName\":\"search_term_string\"}}],\"inLanguage\":\"es\"}]}<\/script>\n<!-- \/ Yoast SEO plugin. -->","yoast_head_json":{"title":"Sector P\u00fablico - Eurecat","robots":{"index":"index","follow":"follow","max-snippet":"max-snippet:-1","max-image-preview":"max-image-preview:large","max-video-preview":"max-video-preview:-1"},"canonical":"https:\/\/eurecat.org\/es\/sectores\/sector-publico\/","og_locale":"es_ES","og_type":"article","og_title":"Sector P\u00fablico - Eurecat","og_url":"https:\/\/eurecat.org\/es\/sectores\/sector-publico\/","og_site_name":"Eurecat","article_modified_time":"2022-05-24T07:56:18+00:00","og_image":[{"width":520,"height":272,"url":"https:\/\/eurecat.org\/wp-content\/uploads\/2019\/02\/publico-destacada_520x272_ESP.jpg","type":"image\/jpeg"}],"twitter_card":"summary_large_image","twitter_misc":{"Tiempo de lectura":"12 minutos"},"schema":{"@context":"https:\/\/schema.org","@graph":[{"@type":"WebPage","@id":"https:\/\/eurecat.org\/es\/sectores\/sector-publico\/","url":"https:\/\/eurecat.org\/es\/sectores\/sector-publico\/","name":"Sector P\u00fablico - Eurecat","isPartOf":{"@id":"https:\/\/eurecat.org\/es\/#website"},"primaryImageOfPage":{"@id":"https:\/\/eurecat.org\/es\/sectores\/sector-publico\/#primaryimage"},"image":{"@id":"https:\/\/eurecat.org\/es\/sectores\/sector-publico\/#primaryimage"},"thumbnailUrl":"https:\/\/eurecat.org\/wp-content\/uploads\/2019\/02\/publico-destacada_520x272_ESP.jpg","datePublished":"2015-07-14T11:25:12+00:00","dateModified":"2022-05-24T07:56:18+00:00","breadcrumb":{"@id":"https:\/\/eurecat.org\/es\/sectores\/sector-publico\/#breadcrumb"},"inLanguage":"es","potentialAction":[{"@type":"ReadAction","target":["https:\/\/eurecat.org\/es\/sectores\/sector-publico\/"]}]},{"@type":"ImageObject","inLanguage":"es","@id":"https:\/\/eurecat.org\/es\/sectores\/sector-publico\/#primaryimage","url":"https:\/\/eurecat.org\/wp-content\/uploads\/2019\/02\/publico-destacada_520x272_ESP.jpg","contentUrl":"https:\/\/eurecat.org\/wp-content\/uploads\/2019\/02\/publico-destacada_520x272_ESP.jpg","width":520,"height":272,"caption":"sector publico eurecat"},{"@type":"BreadcrumbList","@id":"https:\/\/eurecat.org\/es\/sectores\/sector-publico\/#breadcrumb","itemListElement":[{"@type":"ListItem","position":1,"name":"Inici","item":"https:\/\/eurecat.org\/es\/"},{"@type":"ListItem","position":2,"name":"Sectores","item":"https:\/\/eurecat.org\/es\/sectores\/"},{"@type":"ListItem","position":3,"name":"Sector P\u00fablico"}]},{"@type":"WebSite","@id":"https:\/\/eurecat.org\/es\/#website","url":"https:\/\/eurecat.org\/es\/","name":"Eurecat","description":"Otro sitio realizado con WordPress","potentialAction":[{"@type":"SearchAction","target":{"@type":"EntryPoint","urlTemplate":"https:\/\/eurecat.org\/es\/?s={search_term_string}"},"query-input":{"@type":"PropertyValueSpecification","valueRequired":true,"valueName":"search_term_string"}}],"inLanguage":"es"}]}},"_links":{"self":[{"href":"https:\/\/eurecat.org\/es\/wp-json\/wp\/v2\/pages\/2739","targetHints":{"allow":["GET"]}}],"collection":[{"href":"https:\/\/eurecat.org\/es\/wp-json\/wp\/v2\/pages"}],"about":[{"href":"https:\/\/eurecat.org\/es\/wp-json\/wp\/v2\/types\/page"}],"author":[{"embeddable":true,"href":"https:\/\/eurecat.org\/es\/wp-json\/wp\/v2\/users\/12"}],"replies":[{"embeddable":true,"href":"https:\/\/eurecat.org\/es\/wp-json\/wp\/v2\/comments?post=2739"}],"version-history":[{"count":0,"href":"https:\/\/eurecat.org\/es\/wp-json\/wp\/v2\/pages\/2739\/revisions"}],"up":[{"embeddable":true,"href":"https:\/\/eurecat.org\/es\/wp-json\/wp\/v2\/pages\/2736"}],"wp:featuredmedia":[{"embeddable":true,"href":"https:\/\/eurecat.org\/es\/wp-json\/wp\/v2\/media\/77465"}],"wp:attachment":[{"href":"https:\/\/eurecat.org\/es\/wp-json\/wp\/v2\/media?parent=2739"}],"curies":[{"name":"wp","href":"https:\/\/api.w.org\/{rel}","templated":true}]}}