{"id":2768,"date":"2015-06-17T10:36:45","date_gmt":"2015-06-17T08:36:45","guid":{"rendered":"http:\/\/eurecat.org\/es\/?page_id=2768"},"modified":"2025-01-14T12:45:24","modified_gmt":"2025-01-14T11:45:24","slug":"servicios","status":"publish","type":"page","link":"https:\/\/eurecat.org\/es\/servicios\/","title":{"rendered":"Actividades"},"content":{"rendered":"<div class=\"fusion-fullwidth fullwidth-box fusion-builder-row-1 fusion-flex-container has-pattern-background has-mask-background fusion-parallax-none nonhundred-percent-fullwidth non-hundred-percent-height-scrolling eu_2024 section-hero section-color-transparent\" style=\"--awb-border-radius-top-left:0px;--awb-border-radius-top-right:0px;--awb-border-radius-bottom-right:0px;--awb-border-radius-bottom-left:0px;--awb-background-color:rgba(0,0,0,0.37);--awb-background-image:url(&quot;https:\/\/eurecat.org\/wp-content\/uploads\/2025\/01\/activitats-eurecat.jpg&quot;);--awb-background-size:cover;--awb-flex-wrap:wrap;\" ><div class=\"fusion-builder-row fusion-row fusion-flex-align-items-flex-start fusion-flex-content-wrap\" style=\"max-width:1424.8px;margin-left: calc(-4% \/ 2 );margin-right: calc(-4% \/ 2 );\"><div class=\"fusion-layout-column fusion_builder_column fusion-builder-column-0 fusion_builder_column_1_1 1_1 fusion-flex-column\" style=\"--awb-bg-size:cover;--awb-width-large:100%;--awb-margin-top-large:0px;--awb-spacing-right-large:1.92%;--awb-margin-bottom-large:20px;--awb-spacing-left-large:1.92%;--awb-width-medium:100%;--awb-order-medium:0;--awb-spacing-right-medium:1.92%;--awb-spacing-left-medium:1.92%;--awb-width-small:100%;--awb-order-small:0;--awb-spacing-right-small:1.92%;--awb-spacing-left-small:1.92%;\" data-scroll-devices=\"small-visibility,medium-visibility,large-visibility\"><div class=\"fusion-column-wrapper fusion-column-has-shadow fusion-flex-justify-content-flex-start fusion-content-layout-column\"><div class=\"fusion-text fusion-text-1\"><h1>Actividades<\/h1>\n<\/div><\/div><\/div><\/div><\/div><div class=\"fusion-fullwidth fullwidth-box fusion-builder-row-2 fusion-flex-container has-pattern-background has-mask-background fusion-parallax-fixed nonhundred-percent-fullwidth non-hundred-percent-height-scrolling eu_2024 section-color-transparent section-intro\" style=\"--awb-background-position:left top;--awb-border-radius-top-left:0px;--awb-border-radius-top-right:0px;--awb-border-radius-bottom-right:0px;--awb-border-radius-bottom-left:0px;--awb-background-image:url(&quot;https:\/\/eurecat.org\/wp-content\/uploads\/2024\/07\/cercle-opacity.png&quot;);--awb-background-size:600px;--awb-flex-wrap:wrap;background-attachment:fixed;\" ><div class=\"fusion-builder-row fusion-row fusion-flex-align-items-flex-start fusion-flex-content-wrap\" style=\"max-width:1424.8px;margin-left: calc(-4% \/ 2 );margin-right: calc(-4% \/ 2 );\"><div class=\"fusion-layout-column fusion_builder_column fusion-builder-column-1 fusion_builder_column_1_1 1_1 fusion-flex-column\" style=\"--awb-bg-size:cover;--awb-width-large:100%;--awb-margin-top-large:0px;--awb-spacing-right-large:1.92%;--awb-margin-bottom-large:20px;--awb-spacing-left-large:1.92%;--awb-width-medium:100%;--awb-order-medium:0;--awb-spacing-right-medium:1.92%;--awb-spacing-left-medium:1.92%;--awb-width-small:100%;--awb-order-small:0;--awb-spacing-right-small:1.92%;--awb-spacing-left-small:1.92%;\"><div class=\"fusion-column-wrapper fusion-column-has-shadow fusion-flex-justify-content-flex-start fusion-content-layout-column\"><div class=\"fusion-text fusion-text-2\"><h2>Ofrecemos a las empresas productos y servicios innovadores mediante la investigaci\u00f3n y el desarrollo aplicado y la transferencia de tecnolog\u00eda<\/h2>\n<\/div><div class=\"fusion-text fusion-text-3 txt-lg\"><p>Contamos con servicios de I+D aplicada, m\u00e1s de 20 laboratorios al servicio de las empresas e instituciones, y adem\u00e1s ofrecemos servicios de formaci\u00f3n, consultor\u00eda y actividades propias de promoci\u00f3n y divulgaci\u00f3n para impulsar la transferencia de conocimientos.<\/p>\n<\/div><\/div><\/div><\/div><\/div><div class=\"fusion-fullwidth fullwidth-box fusion-builder-row-3 fusion-flex-container has-pattern-background has-mask-background nonhundred-percent-fullwidth non-hundred-percent-height-scrolling eu_2024 section-color-gradient \" style=\"--awb-border-radius-top-left:0px;--awb-border-radius-top-right:0px;--awb-border-radius-bottom-right:0px;--awb-border-radius-bottom-left:0px;--awb-background-size:cover;--awb-flex-wrap:wrap;\" ><div class=\"fusion-builder-row fusion-row fusion-flex-align-items-flex-start fusion-flex-content-wrap\" style=\"max-width:1424.8px;margin-left: calc(-4% \/ 2 );margin-right: calc(-4% \/ 2 );\"><div class=\"fusion-layout-column fusion_builder_column fusion-builder-column-2 fusion_builder_column_1_3 1_3 fusion-flex-column\" style=\"--awb-bg-size:cover;--awb-width-large:33.333333333333%;--awb-margin-top-large:0px;--awb-spacing-right-large:5.76%;--awb-margin-bottom-large:20px;--awb-spacing-left-large:5.76%;--awb-width-medium:50%;--awb-order-medium:0;--awb-spacing-right-medium:3.84%;--awb-spacing-left-medium:3.84%;--awb-width-small:100%;--awb-order-small:0;--awb-spacing-right-small:1.92%;--awb-spacing-left-small:1.92%;\" data-scroll-devices=\"small-visibility,medium-visibility,large-visibility\"><div class=\"fusion-column-wrapper fusion-column-has-shadow fusion-flex-justify-content-flex-start fusion-content-layout-column\"><div class=\"fusion-text fusion-text-4 big-number\"><p>1<\/p>\n<\/div><div class=\"fusion-text fusion-text-5\"><h3>Servicios de I + D aplicado, la base de la actividad del Centro<\/h3>\n<\/div><div class=\"fusion-image-element \" style=\"--awb-caption-title-font-family:var(--h2_typography-font-family);--awb-caption-title-font-weight:var(--h2_typography-font-weight);--awb-caption-title-font-style:var(--h2_typography-font-style);--awb-caption-title-size:var(--h2_typography-font-size);--awb-caption-title-transform:var(--h2_typography-text-transform);--awb-caption-title-line-height:var(--h2_typography-line-height);--awb-caption-title-letter-spacing:var(--h2_typography-letter-spacing);\"><span class=\" fusion-imageframe imageframe-none imageframe-1 hover-type-none\"><img decoding=\"async\" width=\"700\" height=\"370\" title=\"plastronica700x370\" src=\"https:\/\/eurecat.org\/wp-content\/uploads\/2025\/01\/plastronica700x370.jpg\" alt class=\"img-responsive wp-image-168641\" srcset=\"https:\/\/eurecat.org\/wp-content\/uploads\/2025\/01\/plastronica700x370-200x106.jpg 200w, https:\/\/eurecat.org\/wp-content\/uploads\/2025\/01\/plastronica700x370-400x211.jpg 400w, https:\/\/eurecat.org\/wp-content\/uploads\/2025\/01\/plastronica700x370-600x317.jpg 600w, https:\/\/eurecat.org\/wp-content\/uploads\/2025\/01\/plastronica700x370.jpg 700w\" sizes=\"(max-width: 1024px) 100vw, (max-width: 640px) 100vw, 600px\" \/><\/span><\/div><div ><a class=\"fusion-button button-flat fusion-button-default-size button-default fusion-button-default button-1 fusion-button-default-span fusion-button-default-type\" target=\"_self\" href=\"https:\/\/eurecat.org\/es\/servicios\/idi-estrategica\/\"><span class=\"fusion-button-text awb-button__text awb-button__text--default\">M\u00e1s informaci\u00f3n <\/span><\/a><\/div><div class=\"fusion-text fusion-text-6\"><ul>\n<li>Aplicaciones y necesidades espec\u00edficas de mercado<\/li>\n<li>Adquisici\u00f3n de nuevos conocimientos<\/li>\n<li>Transferencia de los conocimiento para la creaci\u00f3n de nuevos productos, procesos o servicios<\/li>\n<li>Mejora de los productos, procesos o servicios ya existentes.<\/li>\n<li>I+D aplicado<\/li>\n<li>Proyectos de investigaci\u00f3n aplicada<\/li>\n<li>Innovaci\u00f3n y desarrollo de producto<\/li>\n<\/ul>\n<\/div><\/div><\/div><div class=\"fusion-layout-column fusion_builder_column fusion-builder-column-3 fusion_builder_column_1_3 1_3 fusion-flex-column\" style=\"--awb-bg-size:cover;--awb-width-large:33.333333333333%;--awb-margin-top-large:0px;--awb-spacing-right-large:5.76%;--awb-margin-bottom-large:20px;--awb-spacing-left-large:5.76%;--awb-width-medium:50%;--awb-order-medium:0;--awb-spacing-right-medium:3.84%;--awb-spacing-left-medium:3.84%;--awb-width-small:100%;--awb-order-small:0;--awb-spacing-right-small:1.92%;--awb-spacing-left-small:1.92%;\" data-scroll-devices=\"small-visibility,medium-visibility,large-visibility\"><div class=\"fusion-column-wrapper fusion-column-has-shadow fusion-flex-justify-content-flex-start fusion-content-layout-column\"><div class=\"fusion-text fusion-text-7 big-number\"><p>2<\/p>\n<\/div><div class=\"fusion-text fusion-text-8\"><h3>M\u00e1s de 20 laboratorios de alta especializaci\u00f3n y m\u00e1s de 200 servicios asociados para solucionar retos complejos industriales o de innovaci\u00f3n<\/h3>\n<\/div><div class=\"fusion-image-element \" style=\"--awb-caption-title-font-family:var(--h2_typography-font-family);--awb-caption-title-font-weight:var(--h2_typography-font-weight);--awb-caption-title-font-style:var(--h2_typography-font-style);--awb-caption-title-size:var(--h2_typography-font-size);--awb-caption-title-transform:var(--h2_typography-text-transform);--awb-caption-title-line-height:var(--h2_typography-line-height);--awb-caption-title-letter-spacing:var(--h2_typography-letter-spacing);\"><span class=\" fusion-imageframe imageframe-none imageframe-2 hover-type-none\"><img decoding=\"async\" width=\"700\" height=\"370\" title=\"4plastronica700x370\" src=\"https:\/\/eurecat.org\/wp-content\/uploads\/2025\/01\/4plastronica700x370.jpg\" alt class=\"img-responsive wp-image-168659\" srcset=\"https:\/\/eurecat.org\/wp-content\/uploads\/2025\/01\/4plastronica700x370-200x106.jpg 200w, https:\/\/eurecat.org\/wp-content\/uploads\/2025\/01\/4plastronica700x370-400x211.jpg 400w, https:\/\/eurecat.org\/wp-content\/uploads\/2025\/01\/4plastronica700x370-600x317.jpg 600w, https:\/\/eurecat.org\/wp-content\/uploads\/2025\/01\/4plastronica700x370.jpg 700w\" sizes=\"(max-width: 1024px) 100vw, (max-width: 640px) 100vw, 600px\" \/><\/span><\/div><div ><a class=\"fusion-button button-flat fusion-button-default-size button-default fusion-button-default button-2 fusion-button-default-span fusion-button-default-type\" target=\"_self\" href=\"https:\/\/labs.eurecat.org\/\"><span class=\"fusion-button-text awb-button__text awb-button__text--default\">M\u00e1s informaci\u00f3n <\/span><\/a><\/div><div class=\"fusion-text fusion-text-9\"><p>La aplicaci\u00f3n de servicios de laboratorios, equipados con tecnolog\u00eda referencial para los \u00e1mbitos industrial, digital, biotecnol\u00f3gico, sostenibilidad y de transferencia, es clave para que las empresas puedan competir y reforzar su capacidad de innovaci\u00f3n. Eurecat Labs cubre una amplia tipolog\u00eda de ensayos que incluyen el an\u00e1lisis y caracterizaci\u00f3n, ensayos seg\u00fan norma, ensayos a medida y procesos, entre otros.<\/p>\n<p>En Eurecat contamos con una s\u00f3lida experiencia de acompa\u00f1amiento a las empresas y pymes a trav\u00e9s de nuestras 11 sedes distribuidas por el territorio en las provincias de Barcelona, Lleida, Girona y Tarragona.<\/p>\n<ul>\n<li>Servicios tecnol\u00f3gicos<\/li>\n<li>Prototipado y realizaci\u00f3n de pilotos<\/li>\n<li>Ensayos y certificaciones<\/li>\n<li>Producci\u00f3n de series cortas<\/li>\n<\/ul>\n<\/div><\/div><\/div><div class=\"fusion-layout-column fusion_builder_column fusion-builder-column-4 fusion_builder_column_1_3 1_3 fusion-flex-column\" style=\"--awb-bg-size:cover;--awb-width-large:33.333333333333%;--awb-margin-top-large:0px;--awb-spacing-right-large:5.76%;--awb-margin-bottom-large:20px;--awb-spacing-left-large:5.76%;--awb-width-medium:50%;--awb-order-medium:0;--awb-spacing-right-medium:3.84%;--awb-spacing-left-medium:3.84%;--awb-width-small:100%;--awb-order-small:0;--awb-spacing-right-small:1.92%;--awb-spacing-left-small:1.92%;\" data-scroll-devices=\"small-visibility,medium-visibility,large-visibility\"><div class=\"fusion-column-wrapper fusion-column-has-shadow fusion-flex-justify-content-flex-start fusion-content-layout-column\"><div class=\"fusion-text fusion-text-10 big-number\"><p>3<\/p>\n<\/div><div class=\"fusion-text fusion-text-11\"><h3>Estrategia y gesti\u00f3n de la innovaci\u00f3n<\/h3>\n<\/div><div class=\"fusion-image-element \" style=\"--awb-caption-title-font-family:var(--h2_typography-font-family);--awb-caption-title-font-weight:var(--h2_typography-font-weight);--awb-caption-title-font-style:var(--h2_typography-font-style);--awb-caption-title-size:var(--h2_typography-font-size);--awb-caption-title-transform:var(--h2_typography-text-transform);--awb-caption-title-line-height:var(--h2_typography-line-height);--awb-caption-title-letter-spacing:var(--h2_typography-letter-spacing);\"><span class=\" fusion-imageframe imageframe-none imageframe-3 hover-type-none\"><img decoding=\"async\" width=\"700\" height=\"370\" title=\"transferencia\" src=\"https:\/\/eurecat.org\/wp-content\/uploads\/2024\/11\/transferencia.jpg\" alt class=\"img-responsive wp-image-163228\" srcset=\"https:\/\/eurecat.org\/wp-content\/uploads\/2024\/11\/transferencia-200x106.jpg 200w, https:\/\/eurecat.org\/wp-content\/uploads\/2024\/11\/transferencia-400x211.jpg 400w, https:\/\/eurecat.org\/wp-content\/uploads\/2024\/11\/transferencia-600x317.jpg 600w, https:\/\/eurecat.org\/wp-content\/uploads\/2024\/11\/transferencia.jpg 700w\" sizes=\"(max-width: 1024px) 100vw, (max-width: 640px) 100vw, 600px\" \/><\/span><\/div><div ><a class=\"fusion-button button-flat fusion-button-default-size button-default fusion-button-default button-3 fusion-button-default-span fusion-button-default-type\" target=\"_self\" href=\"https:\/\/eurecat.org\/es\/servicios\/consultoria-tecnologica\/\"><span class=\"fusion-button-text awb-button__text awb-button__text--default\">M\u00e1s informaci\u00f3n <\/span><\/a><\/div><div class=\"fusion-text fusion-text-12\"><p>Eurecat ofrece un servicio integral para la elaboraci\u00f3n de un plan de acci\u00f3n detallado que define la estrategia para la innovaci\u00f3n y desarrollo de tecnolog\u00eda en la empresa, adem\u00e1s de los procedimientos y la sistem\u00e1tica para llevar a cabo la actividad de I+D+i internamente.<\/p>\n<p>Este servicio est\u00e1 orientado a identificar en que se puede innovar y desarrollar un plan personalizado para que esta innovaci\u00f3n en productos o servicios se realice de forma ordenada , \u00e1gil y efectiva.<\/p>\n<ul>\n<li>Consultor\u00eda tecnol\u00f3gica<\/li>\n<li>Estrategia y gesti\u00f3n de la innovaci\u00f3n<\/li>\n<li>Gesti\u00f3n de proyectos<\/li>\n<li>Gesti\u00f3n de ayudas p\u00fablicas<\/li>\n<li>Inteligencia competitiva<\/li>\n<li>Sistemas de gesti\u00f3n industrial y mejora de procesos<\/li>\n<\/ul>\n<\/div><\/div><\/div><div class=\"fusion-layout-column fusion_builder_column fusion-builder-column-5 fusion_builder_column_1_3 1_3 fusion-flex-column\" style=\"--awb-bg-size:cover;--awb-width-large:33.333333333333%;--awb-margin-top-large:0px;--awb-spacing-right-large:5.76%;--awb-margin-bottom-large:20px;--awb-spacing-left-large:5.76%;--awb-width-medium:50%;--awb-order-medium:0;--awb-spacing-right-medium:3.84%;--awb-spacing-left-medium:3.84%;--awb-width-small:100%;--awb-order-small:0;--awb-spacing-right-small:1.92%;--awb-spacing-left-small:1.92%;\" data-scroll-devices=\"small-visibility,medium-visibility,large-visibility\"><div class=\"fusion-column-wrapper fusion-column-has-shadow fusion-flex-justify-content-flex-start fusion-content-layout-column\"><div class=\"fusion-text fusion-text-13 big-number\"><p>4<\/p>\n<\/div><div class=\"fusion-text fusion-text-14\"><h3>Transferencia de conocimientos<\/h3>\n<\/div><div class=\"fusion-image-element \" style=\"--awb-caption-title-font-family:var(--h2_typography-font-family);--awb-caption-title-font-weight:var(--h2_typography-font-weight);--awb-caption-title-font-style:var(--h2_typography-font-style);--awb-caption-title-size:var(--h2_typography-font-size);--awb-caption-title-transform:var(--h2_typography-text-transform);--awb-caption-title-line-height:var(--h2_typography-line-height);--awb-caption-title-letter-spacing:var(--h2_typography-letter-spacing);\"><span class=\" fusion-imageframe imageframe-none imageframe-4 hover-type-none\"><img decoding=\"async\" width=\"700\" height=\"370\" alt=\"consultoria\" title=\"consultoria\" src=\"https:\/\/eurecat.org\/wp-content\/uploads\/2024\/12\/consultoria.jpg\" class=\"img-responsive wp-image-166966\" srcset=\"https:\/\/eurecat.org\/wp-content\/uploads\/2024\/12\/consultoria-200x106.jpg 200w, https:\/\/eurecat.org\/wp-content\/uploads\/2024\/12\/consultoria-400x211.jpg 400w, https:\/\/eurecat.org\/wp-content\/uploads\/2024\/12\/consultoria-600x317.jpg 600w, https:\/\/eurecat.org\/wp-content\/uploads\/2024\/12\/consultoria.jpg 700w\" sizes=\"(max-width: 1024px) 100vw, (max-width: 640px) 100vw, 600px\" \/><\/span><\/div><div ><a class=\"fusion-button button-flat fusion-button-default-size button-default fusion-button-default button-4 fusion-button-default-span fusion-button-default-type\" target=\"_self\" href=\"https:\/\/eurecatacademy.org\/\"><span class=\"fusion-button-text awb-button__text awb-button__text--default\">M\u00e1s informaci\u00f3n <\/span><\/a><\/div><div class=\"fusion-text fusion-text-15\"><p>A trav\u00e9s de programas formativos multidisciplinares dirigidos a profesionales y empresas interesadas en incrementar su experiencia en el \u00e1mbito tecnol\u00f3gico y de innovaci\u00f3n. Eurecat emplea metodolog\u00edas de formaci\u00f3n innovadoras a trav\u00e9s de workshops presenciales, hands donde los laboratorios, webinars online, o la combinaci\u00f3n de la formaci\u00f3n presencial con la formaci\u00f3n online.<\/p>\n<ul>\n<li>Formaci\u00f3n de alta especializaci\u00f3n<\/li>\n<li>Formaci\u00f3n abierta<\/li>\n<li>Formaci\u00f3n de postgrado<\/li>\n<li>Formaci\u00f3n \u2018in-company\u2019<\/li>\n<li>Formaci\u00f3n ocupacional- reciclaje profesional<\/li>\n<\/ul>\n<\/div><\/div><\/div><div class=\"fusion-layout-column fusion_builder_column fusion-builder-column-6 fusion_builder_column_1_3 1_3 fusion-flex-column\" style=\"--awb-bg-size:cover;--awb-width-large:33.333333333333%;--awb-margin-top-large:0px;--awb-spacing-right-large:5.76%;--awb-margin-bottom-large:20px;--awb-spacing-left-large:5.76%;--awb-width-medium:50%;--awb-order-medium:0;--awb-spacing-right-medium:3.84%;--awb-spacing-left-medium:3.84%;--awb-width-small:100%;--awb-order-small:0;--awb-spacing-right-small:1.92%;--awb-spacing-left-small:1.92%;\" data-scroll-devices=\"small-visibility,medium-visibility,large-visibility\"><div class=\"fusion-column-wrapper fusion-column-has-shadow fusion-flex-justify-content-flex-start fusion-content-layout-column\"><div class=\"fusion-text fusion-text-16 big-number\"><p>5<\/p>\n<\/div><div class=\"fusion-text fusion-text-17\"><h3>Eurecat idea y ejecuta<\/h3>\n<\/div><div class=\"fusion-image-element \" style=\"--awb-caption-title-font-family:var(--h2_typography-font-family);--awb-caption-title-font-weight:var(--h2_typography-font-weight);--awb-caption-title-font-style:var(--h2_typography-font-style);--awb-caption-title-size:var(--h2_typography-font-size);--awb-caption-title-transform:var(--h2_typography-text-transform);--awb-caption-title-line-height:var(--h2_typography-line-height);--awb-caption-title-letter-spacing:var(--h2_typography-letter-spacing);\"><span class=\" fusion-imageframe imageframe-none imageframe-5 hover-type-none\"><img decoding=\"async\" width=\"700\" height=\"370\" alt=\"eurecat events\" title=\"events\" src=\"https:\/\/eurecat.org\/wp-content\/uploads\/2025\/01\/events.jpg\" class=\"img-responsive wp-image-168773\" srcset=\"https:\/\/eurecat.org\/wp-content\/uploads\/2025\/01\/events-200x106.jpg 200w, https:\/\/eurecat.org\/wp-content\/uploads\/2025\/01\/events-400x211.jpg 400w, https:\/\/eurecat.org\/wp-content\/uploads\/2025\/01\/events-600x317.jpg 600w, https:\/\/eurecat.org\/wp-content\/uploads\/2025\/01\/events.jpg 700w\" sizes=\"(max-width: 1024px) 100vw, (max-width: 640px) 100vw, 600px\" \/><\/span><\/div><div ><a class=\"fusion-button button-flat fusion-button-default-size button-default fusion-button-default button-5 fusion-button-default-span fusion-button-default-type\" target=\"_self\" href=\"https:\/\/eurecat.org\/es\/servicios\/eurecatevents\/\"><span class=\"fusion-button-text awb-button__text awb-button__text--default\">M\u00e1s informaci\u00f3n <\/span><\/a><\/div><div class=\"fusion-text fusion-text-18\"><p>Organizamos y coordinamos m\u00faltiples actividades propias de promoci\u00f3n y divulgaci\u00f3n, posicion\u00e1ndose en el mercado como el punto de encuentro para miles de profesionales tanto de los proveedores tecnol\u00f3gicos como del tejido industrial.<\/p>\n<ul>\n<li>Promoci\u00f3n y divulgaci\u00f3n de la innovaci\u00f3n tecnol\u00f3gica<\/li>\n<li>Organizaci\u00f3n de eventos<\/li>\n<li>Actividades de promoci\u00f3n<\/li>\n<li>Divulgaci\u00f3n de la informaci\u00f3n<\/li>\n<li>Formatos a medida para empresas<\/li>\n<\/ul>\n<\/div><\/div><\/div><\/div><\/div>\n","protected":false},"excerpt":{"rendered":"","protected":false},"author":12,"featured_media":0,"parent":0,"menu_order":60,"comment_status":"open","ping_status":"closed","template":"100-width.php","meta":{"footnotes":""},"class_list":["post-2768","page","type-page","status-publish","hentry"],"yoast_head":"<!-- This site is optimized with the Yoast SEO plugin v27.4 - https:\/\/yoast.com\/product\/yoast-seo-wordpress\/ -->\n<title>Actividades - Eurecat<\/title>\n<meta name=\"robots\" content=\"index, follow, max-snippet:-1, max-image-preview:large, max-video-preview:-1\" \/>\n<link rel=\"canonical\" href=\"https:\/\/eurecat.org\/es\/servicios\/\" \/>\n<meta property=\"og:locale\" content=\"es_ES\" \/>\n<meta property=\"og:type\" content=\"article\" \/>\n<meta property=\"og:title\" content=\"Actividades - Eurecat\" \/>\n<meta property=\"og:url\" content=\"https:\/\/eurecat.org\/es\/servicios\/\" \/>\n<meta property=\"og:site_name\" content=\"Eurecat\" \/>\n<meta property=\"article:modified_time\" content=\"2025-01-14T11:45:24+00:00\" \/>\n<meta name=\"twitter:card\" content=\"summary_large_image\" \/>\n<meta name=\"twitter:label1\" content=\"Tiempo de lectura\" \/>\n\t<meta name=\"twitter:data1\" content=\"8 minutos\" \/>\n<script type=\"application\/ld+json\" class=\"yoast-schema-graph\">{\"@context\":\"https:\\\/\\\/schema.org\",\"@graph\":[{\"@type\":\"WebPage\",\"@id\":\"https:\\\/\\\/eurecat.org\\\/es\\\/servicios\\\/\",\"url\":\"https:\\\/\\\/eurecat.org\\\/es\\\/servicios\\\/\",\"name\":\"Actividades - Eurecat\",\"isPartOf\":{\"@id\":\"https:\\\/\\\/eurecat.org\\\/es\\\/#website\"},\"datePublished\":\"2015-06-17T08:36:45+00:00\",\"dateModified\":\"2025-01-14T11:45:24+00:00\",\"breadcrumb\":{\"@id\":\"https:\\\/\\\/eurecat.org\\\/es\\\/servicios\\\/#breadcrumb\"},\"inLanguage\":\"es\",\"potentialAction\":[{\"@type\":\"ReadAction\",\"target\":[\"https:\\\/\\\/eurecat.org\\\/es\\\/servicios\\\/\"]}]},{\"@type\":\"BreadcrumbList\",\"@id\":\"https:\\\/\\\/eurecat.org\\\/es\\\/servicios\\\/#breadcrumb\",\"itemListElement\":[{\"@type\":\"ListItem\",\"position\":1,\"name\":\"Inici\",\"item\":\"https:\\\/\\\/eurecat.org\\\/es\\\/\"},{\"@type\":\"ListItem\",\"position\":2,\"name\":\"Actividades\"}]},{\"@type\":\"WebSite\",\"@id\":\"https:\\\/\\\/eurecat.org\\\/es\\\/#website\",\"url\":\"https:\\\/\\\/eurecat.org\\\/es\\\/\",\"name\":\"Eurecat\",\"description\":\"Otro sitio realizado con WordPress\",\"potentialAction\":[{\"@type\":\"SearchAction\",\"target\":{\"@type\":\"EntryPoint\",\"urlTemplate\":\"https:\\\/\\\/eurecat.org\\\/es\\\/?s={search_term_string}\"},\"query-input\":{\"@type\":\"PropertyValueSpecification\",\"valueRequired\":true,\"valueName\":\"search_term_string\"}}],\"inLanguage\":\"es\"}]}<\/script>\n<!-- \/ Yoast SEO plugin. -->","yoast_head_json":{"title":"Actividades - Eurecat","robots":{"index":"index","follow":"follow","max-snippet":"max-snippet:-1","max-image-preview":"max-image-preview:large","max-video-preview":"max-video-preview:-1"},"canonical":"https:\/\/eurecat.org\/es\/servicios\/","og_locale":"es_ES","og_type":"article","og_title":"Actividades - Eurecat","og_url":"https:\/\/eurecat.org\/es\/servicios\/","og_site_name":"Eurecat","article_modified_time":"2025-01-14T11:45:24+00:00","twitter_card":"summary_large_image","twitter_misc":{"Tiempo de lectura":"8 minutos"},"schema":{"@context":"https:\/\/schema.org","@graph":[{"@type":"WebPage","@id":"https:\/\/eurecat.org\/es\/servicios\/","url":"https:\/\/eurecat.org\/es\/servicios\/","name":"Actividades - Eurecat","isPartOf":{"@id":"https:\/\/eurecat.org\/es\/#website"},"datePublished":"2015-06-17T08:36:45+00:00","dateModified":"2025-01-14T11:45:24+00:00","breadcrumb":{"@id":"https:\/\/eurecat.org\/es\/servicios\/#breadcrumb"},"inLanguage":"es","potentialAction":[{"@type":"ReadAction","target":["https:\/\/eurecat.org\/es\/servicios\/"]}]},{"@type":"BreadcrumbList","@id":"https:\/\/eurecat.org\/es\/servicios\/#breadcrumb","itemListElement":[{"@type":"ListItem","position":1,"name":"Inici","item":"https:\/\/eurecat.org\/es\/"},{"@type":"ListItem","position":2,"name":"Actividades"}]},{"@type":"WebSite","@id":"https:\/\/eurecat.org\/es\/#website","url":"https:\/\/eurecat.org\/es\/","name":"Eurecat","description":"Otro sitio realizado con WordPress","potentialAction":[{"@type":"SearchAction","target":{"@type":"EntryPoint","urlTemplate":"https:\/\/eurecat.org\/es\/?s={search_term_string}"},"query-input":{"@type":"PropertyValueSpecification","valueRequired":true,"valueName":"search_term_string"}}],"inLanguage":"es"}]}},"_links":{"self":[{"href":"https:\/\/eurecat.org\/es\/wp-json\/wp\/v2\/pages\/2768","targetHints":{"allow":["GET"]}}],"collection":[{"href":"https:\/\/eurecat.org\/es\/wp-json\/wp\/v2\/pages"}],"about":[{"href":"https:\/\/eurecat.org\/es\/wp-json\/wp\/v2\/types\/page"}],"author":[{"embeddable":true,"href":"https:\/\/eurecat.org\/es\/wp-json\/wp\/v2\/users\/12"}],"replies":[{"embeddable":true,"href":"https:\/\/eurecat.org\/es\/wp-json\/wp\/v2\/comments?post=2768"}],"version-history":[{"count":2,"href":"https:\/\/eurecat.org\/es\/wp-json\/wp\/v2\/pages\/2768\/revisions"}],"predecessor-version":[{"id":168788,"href":"https:\/\/eurecat.org\/es\/wp-json\/wp\/v2\/pages\/2768\/revisions\/168788"}],"wp:attachment":[{"href":"https:\/\/eurecat.org\/es\/wp-json\/wp\/v2\/media?parent=2768"}],"curies":[{"name":"wp","href":"https:\/\/api.w.org\/{rel}","templated":true}]}}