{"id":2772,"date":"2015-07-14T15:27:29","date_gmt":"2015-07-14T13:27:29","guid":{"rendered":"http:\/\/eurecat.org\/es\/?page_id=2772"},"modified":"2023-11-06T17:45:02","modified_gmt":"2023-11-06T16:45:02","slug":"servicios-tecnologicos","status":"publish","type":"page","link":"https:\/\/eurecat.org\/es\/servicios\/servicios-tecnologicos\/","title":{"rendered":"Servicios tecnol\u00f3gicos"},"content":{"rendered":"<div class=\"fusion-fullwidth fullwidth-box fusion-builder-row-1 hundred-percent-fullwidth non-hundred-percent-height-scrolling\" style=\"--awb-border-radius-top-left:0px;--awb-border-radius-top-right:0px;--awb-border-radius-bottom-right:0px;--awb-border-radius-bottom-left:0px;--awb-padding-top:30px;--awb-padding-right:30px;--awb-padding-bottom:30px;--awb-padding-left:30px;--awb-flex-wrap:wrap;\" ><div class=\"fusion-builder-row fusion-row\"><div class=\"fusion-layout-column fusion_builder_column fusion-builder-column-0 fusion_builder_column_1_3 1_3 fusion-one-third fusion-column-first fusion-column-no-min-height\" style=\"--awb-bg-size:cover;--awb-margin-bottom:0px;width:33.333333333333%;width:calc(33.333333333333% - ( ( 4% + 4% ) * 0.33333333333333 ) );margin-right: 4%;\"><div class=\"fusion-column-wrapper fusion-flex-column-wrapper-legacy\"><div class=\"fusion-image-element in-legacy-container\" style=\"--awb-caption-title-font-family:var(--h2_typography-font-family);--awb-caption-title-font-weight:var(--h2_typography-font-weight);--awb-caption-title-font-style:var(--h2_typography-font-style);--awb-caption-title-size:var(--h2_typography-font-size);--awb-caption-title-transform:var(--h2_typography-text-transform);--awb-caption-title-line-height:var(--h2_typography-line-height);--awb-caption-title-letter-spacing:var(--h2_typography-letter-spacing);\"><span class=\" fusion-imageframe imageframe-none imageframe-1 hover-type-none\"><img decoding=\"async\" width=\"342\" height=\"213\" title=\"ascamm 51\" src=\"https:\/\/eurecat.org\/wp-content\/uploads\/2015\/07\/ascamm-51-e1436887229914.jpg\" alt class=\"img-responsive wp-image-1478\" srcset=\"https:\/\/eurecat.org\/wp-content\/uploads\/2015\/07\/ascamm-51-e1436887229914-120x75.jpg 120w, https:\/\/eurecat.org\/wp-content\/uploads\/2015\/07\/ascamm-51-e1436887229914-300x187.jpg 300w, https:\/\/eurecat.org\/wp-content\/uploads\/2015\/07\/ascamm-51-e1436887229914.jpg 342w\" sizes=\"(max-width: 342px) 100vw, 342px\" \/><\/span><\/div><div class=\"fusion-clearfix\"><\/div><\/div><\/div><div class=\"fusion-layout-column fusion_builder_column fusion-builder-column-1 fusion_builder_column_1_3 1_3 fusion-one-third fusion-column-no-min-height\" style=\"--awb-bg-size:cover;--awb-margin-bottom:0px;width:33.333333333333%;width:calc(33.333333333333% - ( ( 4% + 4% ) * 0.33333333333333 ) );margin-right: 4%;\"><div class=\"fusion-column-wrapper fusion-flex-column-wrapper-legacy\"><div class=\"fusion-image-element in-legacy-container\" style=\"--awb-caption-title-font-family:var(--h2_typography-font-family);--awb-caption-title-font-weight:var(--h2_typography-font-weight);--awb-caption-title-font-style:var(--h2_typography-font-style);--awb-caption-title-size:var(--h2_typography-font-size);--awb-caption-title-transform:var(--h2_typography-text-transform);--awb-caption-title-line-height:var(--h2_typography-line-height);--awb-caption-title-letter-spacing:var(--h2_typography-letter-spacing);\"><span class=\" fusion-imageframe imageframe-none imageframe-2 hover-type-none\"><img decoding=\"async\" width=\"342\" height=\"213\" title=\"cetemmsa 44\" src=\"https:\/\/eurecat.org\/wp-content\/uploads\/2015\/07\/cetemmsa-44-e1436887292546.jpg\" alt class=\"img-responsive wp-image-1472\" srcset=\"https:\/\/eurecat.org\/wp-content\/uploads\/2015\/07\/cetemmsa-44-e1436887292546-120x75.jpg 120w, https:\/\/eurecat.org\/wp-content\/uploads\/2015\/07\/cetemmsa-44-e1436887292546-300x187.jpg 300w, https:\/\/eurecat.org\/wp-content\/uploads\/2015\/07\/cetemmsa-44-e1436887292546.jpg 342w\" sizes=\"(max-width: 342px) 100vw, 342px\" \/><\/span><\/div><div class=\"fusion-clearfix\"><\/div><\/div><\/div><div class=\"fusion-layout-column fusion_builder_column fusion-builder-column-2 fusion_builder_column_1_3 1_3 fusion-one-third fusion-column-last fusion-column-no-min-height\" style=\"--awb-bg-size:cover;--awb-margin-bottom:0px;width:33.333333333333%;width:calc(33.333333333333% - ( ( 4% + 4% ) * 0.33333333333333 ) );\"><div class=\"fusion-column-wrapper fusion-flex-column-wrapper-legacy\"><div class=\"fusion-image-element in-legacy-container\" style=\"--awb-caption-title-font-family:var(--h2_typography-font-family);--awb-caption-title-font-weight:var(--h2_typography-font-weight);--awb-caption-title-font-style:var(--h2_typography-font-style);--awb-caption-title-size:var(--h2_typography-font-size);--awb-caption-title-transform:var(--h2_typography-text-transform);--awb-caption-title-line-height:var(--h2_typography-line-height);--awb-caption-title-letter-spacing:var(--h2_typography-letter-spacing);\"><span class=\" fusion-imageframe imageframe-none imageframe-3 hover-type-none\"><img decoding=\"async\" width=\"342\" height=\"213\" title=\"ascamm 50\" src=\"https:\/\/eurecat.org\/wp-content\/uploads\/2015\/07\/ascamm-50-e1436887348480.jpg\" alt class=\"img-responsive wp-image-1475\" srcset=\"https:\/\/eurecat.org\/wp-content\/uploads\/2015\/07\/ascamm-50-e1436887348480-120x75.jpg 120w, https:\/\/eurecat.org\/wp-content\/uploads\/2015\/07\/ascamm-50-e1436887348480-300x187.jpg 300w, https:\/\/eurecat.org\/wp-content\/uploads\/2015\/07\/ascamm-50-e1436887348480.jpg 342w\" sizes=\"(max-width: 342px) 100vw, 342px\" \/><\/span><\/div><div class=\"fusion-clearfix\"><\/div><\/div><\/div><div class=\"fusion-layout-column fusion_builder_column fusion-builder-column-3 fusion_builder_column_1_1 1_1 fusion-one-full fusion-column-first fusion-column-last fusion-column-no-min-height\" style=\"--awb-bg-size:cover;--awb-margin-bottom:0px;\"><div class=\"fusion-column-wrapper fusion-flex-column-wrapper-legacy\"><div class=\"accordian fusion-accordian\" style=\"--awb-border-size:1px;--awb-icon-size:13px;--awb-content-font-size:14px;--awb-icon-alignment:left;--awb-hover-color:#f9f9f9;--awb-border-color:#cccccc;--awb-background-color:#ffffff;--awb-divider-color:#e0dede;--awb-divider-hover-color:#e0dede;--awb-icon-color:#ffffff;--awb-title-color:#662483;--awb-content-color:#747474;--awb-icon-box-color:#333333;--awb-toggle-hover-accent-color:#642c81;--awb-title-font-family:&quot;Open Sans&quot;;--awb-title-font-weight:400;--awb-title-font-style:normal;--awb-title-font-size:13px;--awb-title-line-height:1.54;--awb-content-font-family:&quot;Open Sans&quot;;--awb-content-font-style:normal;--awb-content-font-weight:400;\"><div class=\"panel-group fusion-toggle-icon-boxed\" id=\"accordion-2772-1\"><div class=\"fusion-panel panel-default panel-9b452655395bf8476 fusion-toggle-has-divider\" style=\"--awb-title-color:#662483;--awb-content-color:#747474;\"><div class=\"panel-heading\"><h4 class=\"panel-title toggle\" id=\"toggle_9b452655395bf8476\"><a class=\"active\" aria-expanded=\"true\" aria-controls=\"9b452655395bf8476\" role=\"button\" data-toggle=\"collapse\" data-parent=\"#accordion-2772-1\" data-target=\"#9b452655395bf8476\" href=\"#9b452655395bf8476\"><span class=\"fusion-toggle-icon-wrapper\" aria-hidden=\"true\"><i class=\"fa-fusion-box active-icon awb-icon-minus\" aria-hidden=\"true\"><\/i><i class=\"fa-fusion-box inactive-icon awb-icon-plus\" aria-hidden=\"true\"><\/i><\/span><span class=\"fusion-toggle-heading\">Prototipaje y realizaci\u00f3n de pilotos<\/span><\/a><\/h4><\/div><div id=\"9b452655395bf8476\" class=\"panel-collapse collapse in\" aria-labelledby=\"toggle_9b452655395bf8476\"><div class=\"panel-body toggle-content fusion-clearfix\">\n<p>Definici\u00f3n de prototipos y pilotos que se convierten en modelos innovadores, replicables, escalables y financieramente viables con el objetivo de dotarlos de testeo funcional y de dise\u00f1o.<\/p>\n<p><a href=\"https:\/\/labs.eurecat.org\"><span class=\"clila\">Eurecat Labs<\/span><\/a>\u00a0pone a disposici\u00f3n de empresas y entidades de investigaci\u00f3n m\u00e1s de 20 laboratorios de alta especializaci\u00f3n y m\u00e1s de 200 servicios asociados para encontrar soluciones tecnol\u00f3gicas a retos complejos industriales o de innovaci\u00f3n.<\/p>\n<p>La aplicaci\u00f3n de servicios de laboratorios, equipados con tecnolog\u00eda referencial para los \u00e1mbitos industrial, digital, biotecnol\u00f3gico, sostenibilidad y de transferencia, es clave para que las empresas puedan competir y reforzar su capacidad de innovaci\u00f3n.\u00a0<span class=\"clila\">Eurecat Labs<\/span>\u00a0cubre una amplia tipolog\u00eda de ensayos que incluyen el an\u00e1lisis y caracterizaci\u00f3n, ensayos seg\u00fan norma, ensayos a medida y procesos, entre otros.<\/p>\n<p>En\u00a0<span class=\"clila\">Eurecat<\/span>\u00a0contamos con una s\u00f3lida experiencia de acompa\u00f1amiento a las empresas y pymes a trav\u00e9s de nuestras 11 sedes distribuidas por el territorio en las provincias de Barcelona, Lleida, Girona y Tarragona.<\/p>\n<\/div><\/div><\/div><div class=\"fusion-panel panel-default panel-9385d3d4bfb48e755 fusion-toggle-has-divider\" style=\"--awb-title-color:#662483;--awb-content-color:#747474;\"><div class=\"panel-heading\"><h4 class=\"panel-title toggle\" id=\"toggle_9385d3d4bfb48e755\"><a aria-expanded=\"false\" aria-controls=\"9385d3d4bfb48e755\" role=\"button\" data-toggle=\"collapse\" data-parent=\"#accordion-2772-1\" data-target=\"#9385d3d4bfb48e755\" href=\"#9385d3d4bfb48e755\"><span class=\"fusion-toggle-icon-wrapper\" aria-hidden=\"true\"><i class=\"fa-fusion-box active-icon awb-icon-minus\" aria-hidden=\"true\"><\/i><i class=\"fa-fusion-box inactive-icon awb-icon-plus\" aria-hidden=\"true\"><\/i><\/span><span class=\"fusion-toggle-heading\">Ensayos y certificaciones<\/span><\/a><\/h4><\/div><div id=\"9385d3d4bfb48e755\" class=\"panel-collapse collapse \" aria-labelledby=\"toggle_9385d3d4bfb48e755\"><div class=\"panel-body toggle-content fusion-clearfix\">\n<p>Eurecat pone a disposici\u00f3n de las empresas del equipamiento, infraestructuras tecnol\u00f3gicas y laboratorios para sus procesos de desarrollo tecnol\u00f3gico, ensayos y certificaciones de materiales, dispositivos, productos y procesos. En la plataforma\u00a0<a href=\"https:\/\/labs.eurecat.org\"><span class=\"clila\">Eurecat Labs<\/span><\/a> se agrupa la informaci\u00f3n de 20 laboratorios de alta especializaci\u00f3n y m\u00e1s de 200 servicios asociados para encontrar soluciones tecnol\u00f3gicas a retos complejos industriales o de innovaci\u00f3n.<\/p>\n<p>La aplicaci\u00f3n de servicios de laboratorios, equipados con tecnolog\u00eda referencial para los \u00e1mbitos industrial, digital, biotecnol\u00f3gico, sostenibilidad y de transferencia, es clave para que las empresas puedan competir y reforzar su capacidad de innovaci\u00f3n.\u00a0<span class=\"clila\">Eurecat Labs<\/span>\u00a0cubre una amplia tipolog\u00eda de ensayos que incluyen el an\u00e1lisis y caracterizaci\u00f3n, ensayos seg\u00fan norma, ensayos a medida y procesos, entre otros.<\/p>\n<\/div><\/div><\/div><div class=\"fusion-panel panel-default panel-2ebeb400c39d7d627 fusion-toggle-has-divider\" style=\"--awb-title-color:#662483;--awb-content-color:#747474;\"><div class=\"panel-heading\"><h4 class=\"panel-title toggle\" id=\"toggle_2ebeb400c39d7d627\"><a aria-expanded=\"false\" aria-controls=\"2ebeb400c39d7d627\" role=\"button\" data-toggle=\"collapse\" data-parent=\"#accordion-2772-1\" data-target=\"#2ebeb400c39d7d627\" href=\"#2ebeb400c39d7d627\"><span class=\"fusion-toggle-icon-wrapper\" aria-hidden=\"true\"><i class=\"fa-fusion-box active-icon awb-icon-minus\" aria-hidden=\"true\"><\/i><i class=\"fa-fusion-box inactive-icon awb-icon-plus\" aria-hidden=\"true\"><\/i><\/span><span class=\"fusion-toggle-heading\">Producci\u00f3n de series cortas<\/span><\/a><\/h4><\/div><div id=\"2ebeb400c39d7d627\" class=\"panel-collapse collapse \" aria-labelledby=\"toggle_2ebeb400c39d7d627\"><div class=\"panel-body toggle-content fusion-clearfix\">\n<p>La producci\u00f3n de series cortas o preseries industriales es un complemento necesario de nuestra oferta tecnol\u00f3gica y un servicio esencial para las empresas que necesitan un modelo de industrializaci\u00f3n cercano al mercado y exponer las utilidades de los nuevos prototipos ante el canal de distribuci\u00f3n y agentes cercanos.<\/p>\n<p>Ponemos a disposici\u00f3n de las empresas una red especializada de partners tecnol\u00f3gicos para hacer posibles los conceptos y prototipos desarrollados en fases anteriores e incorporarlos con las mayores garant\u00edas en las cadenas de producci\u00f3n existentes.<\/p>\n<p>A trav\u00e9s de estas l\u00edneas de trabajo, desarrollamos o integramos tecnolog\u00edas propias y externas en sistemas de inteligencia incorporados a los productos y creados a medida de las necesidades de cada proyecto.<\/p>\n<p>M\u00e1s informaci\u00f3n sobre nuestros laboratorios y sus m\u00e1s de 200 servicios asociados en <a href=\"https:\/\/labs.eurecat.org\"><span class=\"clila\">Eurecat Labs.<\/span><\/a><\/p>\n<\/div><\/div><\/div><\/div><\/div><div class=\"fusion-text fusion-text-1\"><\/div><div class=\"fusion-clearfix\"><\/div><\/div><\/div><\/div><\/div>\n","protected":false},"excerpt":{"rendered":"","protected":false},"author":12,"featured_media":0,"parent":2768,"menu_order":2,"comment_status":"open","ping_status":"closed","template":"100-width.php","meta":{"footnotes":""},"class_list":["post-2772","page","type-page","status-publish","hentry"],"yoast_head":"<!-- This site is optimized with the Yoast SEO plugin v27.3 - https:\/\/yoast.com\/product\/yoast-seo-wordpress\/ -->\n<title>Servicios tecnol\u00f3gicos - Eurecat<\/title>\n<meta name=\"robots\" content=\"index, follow, max-snippet:-1, max-image-preview:large, max-video-preview:-1\" \/>\n<link rel=\"canonical\" href=\"https:\/\/eurecat.org\/es\/servicios\/servicios-tecnologicos\/\" \/>\n<meta property=\"og:locale\" content=\"es_ES\" \/>\n<meta property=\"og:type\" content=\"article\" \/>\n<meta property=\"og:title\" content=\"Servicios tecnol\u00f3gicos - Eurecat\" \/>\n<meta property=\"og:url\" content=\"https:\/\/eurecat.org\/es\/servicios\/servicios-tecnologicos\/\" \/>\n<meta property=\"og:site_name\" content=\"Eurecat\" \/>\n<meta property=\"article:modified_time\" content=\"2023-11-06T16:45:02+00:00\" \/>\n<meta property=\"og:image\" content=\"https:\/\/eurecat.org\/wp-content\/uploads\/2015\/07\/ascamm-51-e1436887229914.jpg\" \/>\n<meta name=\"twitter:card\" content=\"summary_large_image\" \/>\n<meta name=\"twitter:label1\" content=\"Tiempo de lectura\" \/>\n\t<meta name=\"twitter:data1\" content=\"5 minutos\" \/>\n<script type=\"application\/ld+json\" class=\"yoast-schema-graph\">{\"@context\":\"https:\\\/\\\/schema.org\",\"@graph\":[{\"@type\":\"WebPage\",\"@id\":\"https:\\\/\\\/eurecat.org\\\/es\\\/servicios\\\/servicios-tecnologicos\\\/\",\"url\":\"https:\\\/\\\/eurecat.org\\\/es\\\/servicios\\\/servicios-tecnologicos\\\/\",\"name\":\"Servicios tecnol\u00f3gicos - Eurecat\",\"isPartOf\":{\"@id\":\"https:\\\/\\\/eurecat.org\\\/es\\\/#website\"},\"primaryImageOfPage\":{\"@id\":\"https:\\\/\\\/eurecat.org\\\/es\\\/servicios\\\/servicios-tecnologicos\\\/#primaryimage\"},\"image\":{\"@id\":\"https:\\\/\\\/eurecat.org\\\/es\\\/servicios\\\/servicios-tecnologicos\\\/#primaryimage\"},\"thumbnailUrl\":\"https:\\\/\\\/eurecat.org\\\/wp-content\\\/uploads\\\/2015\\\/07\\\/ascamm-51-e1436887229914.jpg\",\"datePublished\":\"2015-07-14T13:27:29+00:00\",\"dateModified\":\"2023-11-06T16:45:02+00:00\",\"breadcrumb\":{\"@id\":\"https:\\\/\\\/eurecat.org\\\/es\\\/servicios\\\/servicios-tecnologicos\\\/#breadcrumb\"},\"inLanguage\":\"es\",\"potentialAction\":[{\"@type\":\"ReadAction\",\"target\":[\"https:\\\/\\\/eurecat.org\\\/es\\\/servicios\\\/servicios-tecnologicos\\\/\"]}]},{\"@type\":\"ImageObject\",\"inLanguage\":\"es\",\"@id\":\"https:\\\/\\\/eurecat.org\\\/es\\\/servicios\\\/servicios-tecnologicos\\\/#primaryimage\",\"url\":\"https:\\\/\\\/eurecat.org\\\/wp-content\\\/uploads\\\/2015\\\/07\\\/ascamm-51-e1436887229914.jpg\",\"contentUrl\":\"https:\\\/\\\/eurecat.org\\\/wp-content\\\/uploads\\\/2015\\\/07\\\/ascamm-51-e1436887229914.jpg\"},{\"@type\":\"BreadcrumbList\",\"@id\":\"https:\\\/\\\/eurecat.org\\\/es\\\/servicios\\\/servicios-tecnologicos\\\/#breadcrumb\",\"itemListElement\":[{\"@type\":\"ListItem\",\"position\":1,\"name\":\"Inici\",\"item\":\"https:\\\/\\\/eurecat.org\\\/es\\\/\"},{\"@type\":\"ListItem\",\"position\":2,\"name\":\"Actividades\",\"item\":\"https:\\\/\\\/eurecat.org\\\/es\\\/servicios\\\/\"},{\"@type\":\"ListItem\",\"position\":3,\"name\":\"Servicios tecnol\u00f3gicos\"}]},{\"@type\":\"WebSite\",\"@id\":\"https:\\\/\\\/eurecat.org\\\/es\\\/#website\",\"url\":\"https:\\\/\\\/eurecat.org\\\/es\\\/\",\"name\":\"Eurecat\",\"description\":\"Otro sitio realizado con WordPress\",\"potentialAction\":[{\"@type\":\"SearchAction\",\"target\":{\"@type\":\"EntryPoint\",\"urlTemplate\":\"https:\\\/\\\/eurecat.org\\\/es\\\/?s={search_term_string}\"},\"query-input\":{\"@type\":\"PropertyValueSpecification\",\"valueRequired\":true,\"valueName\":\"search_term_string\"}}],\"inLanguage\":\"es\"}]}<\/script>\n<!-- \/ Yoast SEO plugin. -->","yoast_head_json":{"title":"Servicios tecnol\u00f3gicos - Eurecat","robots":{"index":"index","follow":"follow","max-snippet":"max-snippet:-1","max-image-preview":"max-image-preview:large","max-video-preview":"max-video-preview:-1"},"canonical":"https:\/\/eurecat.org\/es\/servicios\/servicios-tecnologicos\/","og_locale":"es_ES","og_type":"article","og_title":"Servicios tecnol\u00f3gicos - Eurecat","og_url":"https:\/\/eurecat.org\/es\/servicios\/servicios-tecnologicos\/","og_site_name":"Eurecat","article_modified_time":"2023-11-06T16:45:02+00:00","og_image":[{"url":"https:\/\/eurecat.org\/wp-content\/uploads\/2015\/07\/ascamm-51-e1436887229914.jpg","type":"","width":"","height":""}],"twitter_card":"summary_large_image","twitter_misc":{"Tiempo de lectura":"5 minutos"},"schema":{"@context":"https:\/\/schema.org","@graph":[{"@type":"WebPage","@id":"https:\/\/eurecat.org\/es\/servicios\/servicios-tecnologicos\/","url":"https:\/\/eurecat.org\/es\/servicios\/servicios-tecnologicos\/","name":"Servicios tecnol\u00f3gicos - Eurecat","isPartOf":{"@id":"https:\/\/eurecat.org\/es\/#website"},"primaryImageOfPage":{"@id":"https:\/\/eurecat.org\/es\/servicios\/servicios-tecnologicos\/#primaryimage"},"image":{"@id":"https:\/\/eurecat.org\/es\/servicios\/servicios-tecnologicos\/#primaryimage"},"thumbnailUrl":"https:\/\/eurecat.org\/wp-content\/uploads\/2015\/07\/ascamm-51-e1436887229914.jpg","datePublished":"2015-07-14T13:27:29+00:00","dateModified":"2023-11-06T16:45:02+00:00","breadcrumb":{"@id":"https:\/\/eurecat.org\/es\/servicios\/servicios-tecnologicos\/#breadcrumb"},"inLanguage":"es","potentialAction":[{"@type":"ReadAction","target":["https:\/\/eurecat.org\/es\/servicios\/servicios-tecnologicos\/"]}]},{"@type":"ImageObject","inLanguage":"es","@id":"https:\/\/eurecat.org\/es\/servicios\/servicios-tecnologicos\/#primaryimage","url":"https:\/\/eurecat.org\/wp-content\/uploads\/2015\/07\/ascamm-51-e1436887229914.jpg","contentUrl":"https:\/\/eurecat.org\/wp-content\/uploads\/2015\/07\/ascamm-51-e1436887229914.jpg"},{"@type":"BreadcrumbList","@id":"https:\/\/eurecat.org\/es\/servicios\/servicios-tecnologicos\/#breadcrumb","itemListElement":[{"@type":"ListItem","position":1,"name":"Inici","item":"https:\/\/eurecat.org\/es\/"},{"@type":"ListItem","position":2,"name":"Actividades","item":"https:\/\/eurecat.org\/es\/servicios\/"},{"@type":"ListItem","position":3,"name":"Servicios tecnol\u00f3gicos"}]},{"@type":"WebSite","@id":"https:\/\/eurecat.org\/es\/#website","url":"https:\/\/eurecat.org\/es\/","name":"Eurecat","description":"Otro sitio realizado con WordPress","potentialAction":[{"@type":"SearchAction","target":{"@type":"EntryPoint","urlTemplate":"https:\/\/eurecat.org\/es\/?s={search_term_string}"},"query-input":{"@type":"PropertyValueSpecification","valueRequired":true,"valueName":"search_term_string"}}],"inLanguage":"es"}]}},"_links":{"self":[{"href":"https:\/\/eurecat.org\/es\/wp-json\/wp\/v2\/pages\/2772","targetHints":{"allow":["GET"]}}],"collection":[{"href":"https:\/\/eurecat.org\/es\/wp-json\/wp\/v2\/pages"}],"about":[{"href":"https:\/\/eurecat.org\/es\/wp-json\/wp\/v2\/types\/page"}],"author":[{"embeddable":true,"href":"https:\/\/eurecat.org\/es\/wp-json\/wp\/v2\/users\/12"}],"replies":[{"embeddable":true,"href":"https:\/\/eurecat.org\/es\/wp-json\/wp\/v2\/comments?post=2772"}],"version-history":[{"count":1,"href":"https:\/\/eurecat.org\/es\/wp-json\/wp\/v2\/pages\/2772\/revisions"}],"predecessor-version":[{"id":142584,"href":"https:\/\/eurecat.org\/es\/wp-json\/wp\/v2\/pages\/2772\/revisions\/142584"}],"up":[{"embeddable":true,"href":"https:\/\/eurecat.org\/es\/wp-json\/wp\/v2\/pages\/2768"}],"wp:attachment":[{"href":"https:\/\/eurecat.org\/es\/wp-json\/wp\/v2\/media?parent=2772"}],"curies":[{"name":"wp","href":"https:\/\/api.w.org\/{rel}","templated":true}]}}