{"id":2787,"date":"2015-07-14T07:07:31","date_gmt":"2015-07-14T07:07:31","guid":{"rendered":"http:\/\/eurecat.org\/es\/?page_id=2787"},"modified":"2018-03-14T10:30:07","modified_gmt":"2018-03-14T10:30:07","slug":"big-data-coe-barcelona","status":"publish","type":"page","link":"https:\/\/eurecat.org\/es\/eurecat\/centres-excellencia\/big-data-coe-barcelona\/","title":{"rendered":"Big Data CoE Barcelona"},"content":{"rendered":"<div class=\"fusion-fullwidth fullwidth-box fusion-builder-row-1 hundred-percent-fullwidth non-hundred-percent-height-scrolling\" style=\"--awb-border-radius-top-left:0px;--awb-border-radius-top-right:0px;--awb-border-radius-bottom-right:0px;--awb-border-radius-bottom-left:0px;--awb-overflow:visible;--awb-flex-wrap:wrap;\" ><div class=\"fusion-builder-row fusion-row\"><div class=\"fusion-layout-column fusion_builder_column fusion-builder-column-0 fusion_builder_column_1_3 1_3 fusion-one-third fusion-column-first\" style=\"--awb-bg-size:cover;width:30.6666%; margin-right: 4%;\"><div class=\"fusion-column-wrapper fusion-flex-column-wrapper-legacy\"><div class=\"fusion-image-element fusion-image-align-center in-legacy-container\" style=\"text-align:center;--awb-caption-title-font-family:var(--h2_typography-font-family);--awb-caption-title-font-weight:var(--h2_typography-font-weight);--awb-caption-title-font-style:var(--h2_typography-font-style);--awb-caption-title-size:var(--h2_typography-font-size);--awb-caption-title-transform:var(--h2_typography-text-transform);--awb-caption-title-line-height:var(--h2_typography-line-height);--awb-caption-title-letter-spacing:var(--h2_typography-letter-spacing);\"><div class=\"imageframe-align-center\"><span class=\" fusion-imageframe imageframe-none imageframe-1 hover-type-none\"><img decoding=\"async\" width=\"300\" height=\"213\" title=\"bigadata_centre\" src=\"https:\/\/eurecat.org\/wp-content\/uploads\/2015\/06\/bigadata_centre-300x213.jpg\" alt class=\"img-responsive wp-image-1934\" srcset=\"https:\/\/eurecat.org\/wp-content\/uploads\/2015\/06\/bigadata_centre-120x85.jpg 120w, https:\/\/eurecat.org\/wp-content\/uploads\/2015\/06\/bigadata_centre-300x214.jpg 300w, https:\/\/eurecat.org\/wp-content\/uploads\/2015\/06\/bigadata_centre.jpg 480w\" sizes=\"(max-width: 300px) 100vw, 300px\" \/><\/span><\/div><\/div><div class=\"fusion-image-element in-legacy-container\" style=\"--awb-caption-title-font-family:var(--h2_typography-font-family);--awb-caption-title-font-weight:var(--h2_typography-font-weight);--awb-caption-title-font-style:var(--h2_typography-font-style);--awb-caption-title-size:var(--h2_typography-font-size);--awb-caption-title-transform:var(--h2_typography-text-transform);--awb-caption-title-line-height:var(--h2_typography-line-height);--awb-caption-title-letter-spacing:var(--h2_typography-letter-spacing);\"><span class=\" fusion-imageframe imageframe-none imageframe-2 hover-type-none\"><a class=\"fusion-no-lightbox\" href=\"http:\/\/www.bigdatabcn.com\/\" target=\"_self\" aria-label=\"logobigdatacoeazulcmykc100m85y25k10\"><img decoding=\"async\" width=\"628\" height=\"179\" alt=\"big data coe barcelona\" src=\"https:\/\/eurecat.org\/wp-content\/uploads\/2015\/07\/LogoBigDataCoEazulCMYKc100m85y25k10.png\" class=\"img-responsive wp-image-15379\" srcset=\"https:\/\/eurecat.org\/wp-content\/uploads\/2015\/07\/LogoBigDataCoEazulCMYKc100m85y25k10-120x34.png 120w, https:\/\/eurecat.org\/wp-content\/uploads\/2015\/07\/LogoBigDataCoEazulCMYKc100m85y25k10-300x86.png 300w, https:\/\/eurecat.org\/wp-content\/uploads\/2015\/07\/LogoBigDataCoEazulCMYKc100m85y25k10-500x143.png 500w, https:\/\/eurecat.org\/wp-content\/uploads\/2015\/07\/LogoBigDataCoEazulCMYKc100m85y25k10.png 628w\" sizes=\"(max-width: 628px) 100vw, 628px\" \/><\/a><\/span><\/div><div class=\"fusion-clearfix\"><\/div><\/div><\/div><div class=\"fusion-layout-column fusion_builder_column fusion-builder-column-1 fusion_builder_column_2_3 2_3 fusion-two-third fusion-column-last\" style=\"--awb-bg-size:cover;width:65.3333%;\"><div class=\"fusion-column-wrapper fusion-flex-column-wrapper-legacy\"><div class=\"fusion-title title fusion-title-1 fusion-title-text fusion-title-size-two\" style=\"--awb-margin-top-small:0px;--awb-margin-right-small:0px;--awb-margin-bottom-small:20px;--awb-margin-left-small:0px;\"><h2 class=\"fusion-title-heading title-heading-left\" style=\"margin:0;\">Big Data CoE Barcelona<\/h2><span class=\"awb-title-spacer\"><\/span><div class=\"title-sep-container\"><div class=\"title-sep sep-double sep-solid\" style=\"border-color:#e0dede;\"><\/div><\/div><\/div><div class=\"fusion-text fusion-text-1\"><p><strong>El referente para las empresas en la valorizaci\u00f3n de datos<\/strong><\/p>\n<p>El <span style=\"color: #800080;\"><strong style=\"color: #800080;\"><a style=\"color: #800080;\" href=\"http:\/\/www.bigdatabcn.com\/\">Big Data Centre of Excellence Barcelona<\/a>\u00a0<\/strong><\/span>(Big Data CoE Barcelona) es una iniciativa liderada por Eurecat que nace con el apoyo de Oracle, Generalidad de Catalu\u00f1a y el Ayuntamiento de Barcelona para construir, evolucionar, aglutinar y poner a disposici\u00f3n de las empresas herramientas, conjuntos de datos e infraestructuras Big Data diferenciales.<\/p>\n<p>Todas estas herramientas permiten a las empresas definir, experimentar y validar los modelos de Big Data antes de hacer la implantaci\u00f3n final.<\/p>\n<p>El Big Data CoE Barcelona ofrece tambi\u00e9n servicios para la capacitaci\u00f3n de los profesionales del \u00e1mbito (data scientist, data engineers y Data Business Analyst) y un programa de divulgaci\u00f3n de las tendencias y casos de \u00e9xito en Big Data.<\/p>\n<p>Adicionalmente, Eurecat cuenta con un gran potencial de I+D en el campo de la Ciencia de los Datos, que combina disciplinas como la miner\u00eda de datos y el aprendizaje autom\u00e1tico, la ingenier\u00eda de sistemas altamente escalables y la visualizaci\u00f3n. Con un enfoque plenamente aplicado, estas capacidades se utilizan en diferentes aplicaciones o sectores de negocio, como por ejemplo el sector financiero, la industria, las redes sociales, el comercio, el turismo, los utilities, la salud, etc.<\/p>\n<p>Todos estos activos se ponen al servicio del Big Data CoE con el objetivo de ofrecer un modelo de innovaci\u00f3n completo que supondr\u00e1 una elemento clave para las empresas en su proceso de decisi\u00f3n estrat\u00e9gica y acelerar\u00e1 en conjunto la innovaci\u00f3n del sector empresarial en partir de la valorizaci\u00f3n de la informaci\u00f3n.<\/p>\n<\/div><div class=\"fusion-content-boxes content-boxes columns row fusion-columns-4 fusion-columns-total-2 fusion-content-boxes-1 content-boxes-icon-with-title content-left\" style=\"--awb-hover-accent-color:#642c81;--awb-circle-hover-accent-color:#642c81;\" data-animationOffset=\"top-into-view\"><div style=\"--awb-backgroundcolor:rgba(255,255,255,0);\" class=\"fusion-column content-box-column content-box-column content-box-column-1 col-lg-3 col-md-3 col-sm-3 fusion-content-box-hover content-box-column-first-in-row\"><div class=\"col content-box-wrapper content-wrapper link-area-link-icon icon-hover-animation-fade\" data-animationOffset=\"top-into-view\"><div class=\"heading heading-with-icon icon-left\"><div class=\"icon\"><i style=\"border-color:#333333;border-width:1px;background-color:#333333;box-sizing:content-box;height:42px;width:42px;line-height:42px;border-radius:50%;font-size:21px;\" aria-hidden=\"true\" class=\"fontawesome-icon fa fa-link circle-yes\"><\/i><\/div><h2 class=\"content-box-heading\" style=\"--h2_typography-font-size:18px;line-height:23px;\">Web<\/h2><\/div><div class=\"fusion-clearfix\"><\/div><div class=\"content-container\"> <a href=\"http:\/\/www.bigdatabcn.com\">www.bigdatabcn.com<\/a><\/div><\/div><\/div><div style=\"--awb-backgroundcolor:rgba(255,255,255,0);\" class=\"fusion-column content-box-column content-box-column content-box-column-2 col-lg-3 col-md-3 col-sm-3 fusion-content-box-hover content-box-column-last\"><div class=\"col content-box-wrapper content-wrapper link-area-link-icon icon-hover-animation-fade\" data-animationOffset=\"top-into-view\"><div class=\"heading heading-with-icon icon-left\"><div class=\"icon\"><i style=\"border-color:#333333;border-width:1px;background-color:#333333;box-sizing:content-box;height:42px;width:42px;line-height:42px;border-radius:50%;font-size:21px;\" aria-hidden=\"true\" class=\"fontawesome-icon fa fa-envelope-o circle-yes\"><\/i><\/div><h2 class=\"content-box-heading\" style=\"--h2_typography-font-size:18px;line-height:23px;\">Email<\/h2><\/div><div class=\"fusion-clearfix\"><\/div><div class=\"content-container\"> <a href=\"mailto:info@bigdatabcn.com\">info@bigdatabcn.com<\/a><\/div><\/div><\/div><div class=\"fusion-clearfix\"><\/div><\/div><div class=\"fusion-clearfix\"><\/div><\/div><\/div><\/div><\/div>\n","protected":false},"excerpt":{"rendered":"","protected":false},"author":12,"featured_media":0,"parent":2785,"menu_order":1,"comment_status":"open","ping_status":"closed","template":"","meta":{"footnotes":""},"class_list":["post-2787","page","type-page","status-publish","hentry"],"yoast_head":"<!-- This site is optimized with the Yoast SEO plugin v27.4 - https:\/\/yoast.com\/product\/yoast-seo-wordpress\/ -->\n<title>Big Data CoE Barcelona - Eurecat Centro Tecnol\u00f3gico de Catalu\u00f1a<\/title>\n<meta name=\"description\" content=\"Big Data CoE Barcelona es una iniciativa liderada por Eurecat que nace con el apoyo de Oracle y el apoyo de la Generalidad de Catalu\u00f1a y el Ayuntamiento de Barcelona para construir, evolucionar, aglutinar y poner a disposici\u00f3n de las empresas herramientas, conjuntos de datos e infraestructuras Big Data diferenciales.\" \/>\n<meta name=\"robots\" content=\"index, follow, max-snippet:-1, max-image-preview:large, max-video-preview:-1\" \/>\n<link rel=\"canonical\" href=\"https:\/\/eurecat.org\/es\/eurecat\/centres-excellencia\/big-data-coe-barcelona\/\" \/>\n<meta property=\"og:locale\" content=\"es_ES\" \/>\n<meta property=\"og:type\" content=\"article\" \/>\n<meta property=\"og:title\" content=\"Big Data CoE Barcelona - Eurecat Centro Tecnol\u00f3gico de Catalu\u00f1a\" \/>\n<meta property=\"og:description\" content=\"Big Data CoE Barcelona es una iniciativa liderada por Eurecat que nace con el apoyo de Oracle y el apoyo de la Generalidad de Catalu\u00f1a y el Ayuntamiento de Barcelona para construir, evolucionar, aglutinar y poner a disposici\u00f3n de las empresas herramientas, conjuntos de datos e infraestructuras Big Data diferenciales.\" \/>\n<meta property=\"og:url\" content=\"https:\/\/eurecat.org\/es\/eurecat\/centres-excellencia\/big-data-coe-barcelona\/\" \/>\n<meta property=\"og:site_name\" content=\"Eurecat\" \/>\n<meta property=\"article:modified_time\" content=\"2018-03-14T10:30:07+00:00\" \/>\n<meta property=\"og:image\" content=\"https:\/\/eurecat.org\/wp-content\/uploads\/2015\/06\/bigadata_centre-300x213.jpg\" \/>\n<meta name=\"twitter:card\" content=\"summary_large_image\" \/>\n<meta name=\"twitter:label1\" content=\"Tiempo de lectura\" \/>\n\t<meta name=\"twitter:data1\" content=\"3 minutos\" \/>\n<script type=\"application\/ld+json\" class=\"yoast-schema-graph\">{\"@context\":\"https:\\\/\\\/schema.org\",\"@graph\":[{\"@type\":\"WebPage\",\"@id\":\"https:\\\/\\\/eurecat.org\\\/es\\\/eurecat\\\/centres-excellencia\\\/big-data-coe-barcelona\\\/\",\"url\":\"https:\\\/\\\/eurecat.org\\\/es\\\/eurecat\\\/centres-excellencia\\\/big-data-coe-barcelona\\\/\",\"name\":\"Big Data CoE Barcelona - Eurecat Centro Tecnol\u00f3gico de Catalu\u00f1a\",\"isPartOf\":{\"@id\":\"https:\\\/\\\/eurecat.org\\\/es\\\/#website\"},\"primaryImageOfPage\":{\"@id\":\"https:\\\/\\\/eurecat.org\\\/es\\\/eurecat\\\/centres-excellencia\\\/big-data-coe-barcelona\\\/#primaryimage\"},\"image\":{\"@id\":\"https:\\\/\\\/eurecat.org\\\/es\\\/eurecat\\\/centres-excellencia\\\/big-data-coe-barcelona\\\/#primaryimage\"},\"thumbnailUrl\":\"https:\\\/\\\/eurecat.org\\\/wp-content\\\/uploads\\\/2015\\\/06\\\/bigadata_centre-300x213.jpg\",\"datePublished\":\"2015-07-14T07:07:31+00:00\",\"dateModified\":\"2018-03-14T10:30:07+00:00\",\"description\":\"Big Data CoE Barcelona es una iniciativa liderada por Eurecat que nace con el apoyo de Oracle y el apoyo de la Generalidad de Catalu\u00f1a y el Ayuntamiento de Barcelona para construir, evolucionar, aglutinar y poner a disposici\u00f3n de las empresas herramientas, conjuntos de datos e infraestructuras Big Data diferenciales.\",\"breadcrumb\":{\"@id\":\"https:\\\/\\\/eurecat.org\\\/es\\\/eurecat\\\/centres-excellencia\\\/big-data-coe-barcelona\\\/#breadcrumb\"},\"inLanguage\":\"es\",\"potentialAction\":[{\"@type\":\"ReadAction\",\"target\":[\"https:\\\/\\\/eurecat.org\\\/es\\\/eurecat\\\/centres-excellencia\\\/big-data-coe-barcelona\\\/\"]}]},{\"@type\":\"ImageObject\",\"inLanguage\":\"es\",\"@id\":\"https:\\\/\\\/eurecat.org\\\/es\\\/eurecat\\\/centres-excellencia\\\/big-data-coe-barcelona\\\/#primaryimage\",\"url\":\"https:\\\/\\\/eurecat.org\\\/wp-content\\\/uploads\\\/2015\\\/06\\\/bigadata_centre-300x213.jpg\",\"contentUrl\":\"https:\\\/\\\/eurecat.org\\\/wp-content\\\/uploads\\\/2015\\\/06\\\/bigadata_centre-300x213.jpg\"},{\"@type\":\"BreadcrumbList\",\"@id\":\"https:\\\/\\\/eurecat.org\\\/es\\\/eurecat\\\/centres-excellencia\\\/big-data-coe-barcelona\\\/#breadcrumb\",\"itemListElement\":[{\"@type\":\"ListItem\",\"position\":1,\"name\":\"Inici\",\"item\":\"https:\\\/\\\/eurecat.org\\\/es\\\/\"},{\"@type\":\"ListItem\",\"position\":2,\"name\":\"Eurecat\",\"item\":\"https:\\\/\\\/eurecat.org\\\/es\\\/eurecat\\\/\"},{\"@type\":\"ListItem\",\"position\":3,\"name\":\"Ecosistemas de Innovaci\u00f3n\",\"item\":\"https:\\\/\\\/eurecat.org\\\/es\\\/eurecat\\\/centres-excellencia\\\/\"},{\"@type\":\"ListItem\",\"position\":4,\"name\":\"Big Data CoE Barcelona\"}]},{\"@type\":\"WebSite\",\"@id\":\"https:\\\/\\\/eurecat.org\\\/es\\\/#website\",\"url\":\"https:\\\/\\\/eurecat.org\\\/es\\\/\",\"name\":\"Eurecat\",\"description\":\"Otro sitio realizado con WordPress\",\"potentialAction\":[{\"@type\":\"SearchAction\",\"target\":{\"@type\":\"EntryPoint\",\"urlTemplate\":\"https:\\\/\\\/eurecat.org\\\/es\\\/?s={search_term_string}\"},\"query-input\":{\"@type\":\"PropertyValueSpecification\",\"valueRequired\":true,\"valueName\":\"search_term_string\"}}],\"inLanguage\":\"es\"}]}<\/script>\n<!-- \/ Yoast SEO plugin. -->","yoast_head_json":{"title":"Big Data CoE Barcelona - Eurecat Centro Tecnol\u00f3gico de Catalu\u00f1a","description":"Big Data CoE Barcelona es una iniciativa liderada por Eurecat que nace con el apoyo de Oracle y el apoyo de la Generalidad de Catalu\u00f1a y el Ayuntamiento de Barcelona para construir, evolucionar, aglutinar y poner a disposici\u00f3n de las empresas herramientas, conjuntos de datos e infraestructuras Big Data diferenciales.","robots":{"index":"index","follow":"follow","max-snippet":"max-snippet:-1","max-image-preview":"max-image-preview:large","max-video-preview":"max-video-preview:-1"},"canonical":"https:\/\/eurecat.org\/es\/eurecat\/centres-excellencia\/big-data-coe-barcelona\/","og_locale":"es_ES","og_type":"article","og_title":"Big Data CoE Barcelona - Eurecat Centro Tecnol\u00f3gico de Catalu\u00f1a","og_description":"Big Data CoE Barcelona es una iniciativa liderada por Eurecat que nace con el apoyo de Oracle y el apoyo de la Generalidad de Catalu\u00f1a y el Ayuntamiento de Barcelona para construir, evolucionar, aglutinar y poner a disposici\u00f3n de las empresas herramientas, conjuntos de datos e infraestructuras Big Data diferenciales.","og_url":"https:\/\/eurecat.org\/es\/eurecat\/centres-excellencia\/big-data-coe-barcelona\/","og_site_name":"Eurecat","article_modified_time":"2018-03-14T10:30:07+00:00","og_image":[{"url":"https:\/\/eurecat.org\/wp-content\/uploads\/2015\/06\/bigadata_centre-300x213.jpg","type":"","width":"","height":""}],"twitter_card":"summary_large_image","twitter_misc":{"Tiempo de lectura":"3 minutos"},"schema":{"@context":"https:\/\/schema.org","@graph":[{"@type":"WebPage","@id":"https:\/\/eurecat.org\/es\/eurecat\/centres-excellencia\/big-data-coe-barcelona\/","url":"https:\/\/eurecat.org\/es\/eurecat\/centres-excellencia\/big-data-coe-barcelona\/","name":"Big Data CoE Barcelona - Eurecat Centro Tecnol\u00f3gico de Catalu\u00f1a","isPartOf":{"@id":"https:\/\/eurecat.org\/es\/#website"},"primaryImageOfPage":{"@id":"https:\/\/eurecat.org\/es\/eurecat\/centres-excellencia\/big-data-coe-barcelona\/#primaryimage"},"image":{"@id":"https:\/\/eurecat.org\/es\/eurecat\/centres-excellencia\/big-data-coe-barcelona\/#primaryimage"},"thumbnailUrl":"https:\/\/eurecat.org\/wp-content\/uploads\/2015\/06\/bigadata_centre-300x213.jpg","datePublished":"2015-07-14T07:07:31+00:00","dateModified":"2018-03-14T10:30:07+00:00","description":"Big Data CoE Barcelona es una iniciativa liderada por Eurecat que nace con el apoyo de Oracle y el apoyo de la Generalidad de Catalu\u00f1a y el Ayuntamiento de Barcelona para construir, evolucionar, aglutinar y poner a disposici\u00f3n de las empresas herramientas, conjuntos de datos e infraestructuras Big Data diferenciales.","breadcrumb":{"@id":"https:\/\/eurecat.org\/es\/eurecat\/centres-excellencia\/big-data-coe-barcelona\/#breadcrumb"},"inLanguage":"es","potentialAction":[{"@type":"ReadAction","target":["https:\/\/eurecat.org\/es\/eurecat\/centres-excellencia\/big-data-coe-barcelona\/"]}]},{"@type":"ImageObject","inLanguage":"es","@id":"https:\/\/eurecat.org\/es\/eurecat\/centres-excellencia\/big-data-coe-barcelona\/#primaryimage","url":"https:\/\/eurecat.org\/wp-content\/uploads\/2015\/06\/bigadata_centre-300x213.jpg","contentUrl":"https:\/\/eurecat.org\/wp-content\/uploads\/2015\/06\/bigadata_centre-300x213.jpg"},{"@type":"BreadcrumbList","@id":"https:\/\/eurecat.org\/es\/eurecat\/centres-excellencia\/big-data-coe-barcelona\/#breadcrumb","itemListElement":[{"@type":"ListItem","position":1,"name":"Inici","item":"https:\/\/eurecat.org\/es\/"},{"@type":"ListItem","position":2,"name":"Eurecat","item":"https:\/\/eurecat.org\/es\/eurecat\/"},{"@type":"ListItem","position":3,"name":"Ecosistemas de Innovaci\u00f3n","item":"https:\/\/eurecat.org\/es\/eurecat\/centres-excellencia\/"},{"@type":"ListItem","position":4,"name":"Big Data CoE Barcelona"}]},{"@type":"WebSite","@id":"https:\/\/eurecat.org\/es\/#website","url":"https:\/\/eurecat.org\/es\/","name":"Eurecat","description":"Otro sitio realizado con WordPress","potentialAction":[{"@type":"SearchAction","target":{"@type":"EntryPoint","urlTemplate":"https:\/\/eurecat.org\/es\/?s={search_term_string}"},"query-input":{"@type":"PropertyValueSpecification","valueRequired":true,"valueName":"search_term_string"}}],"inLanguage":"es"}]}},"_links":{"self":[{"href":"https:\/\/eurecat.org\/es\/wp-json\/wp\/v2\/pages\/2787","targetHints":{"allow":["GET"]}}],"collection":[{"href":"https:\/\/eurecat.org\/es\/wp-json\/wp\/v2\/pages"}],"about":[{"href":"https:\/\/eurecat.org\/es\/wp-json\/wp\/v2\/types\/page"}],"author":[{"embeddable":true,"href":"https:\/\/eurecat.org\/es\/wp-json\/wp\/v2\/users\/12"}],"replies":[{"embeddable":true,"href":"https:\/\/eurecat.org\/es\/wp-json\/wp\/v2\/comments?post=2787"}],"version-history":[{"count":0,"href":"https:\/\/eurecat.org\/es\/wp-json\/wp\/v2\/pages\/2787\/revisions"}],"up":[{"embeddable":true,"href":"https:\/\/eurecat.org\/es\/wp-json\/wp\/v2\/pages\/2785"}],"wp:attachment":[{"href":"https:\/\/eurecat.org\/es\/wp-json\/wp\/v2\/media?parent=2787"}],"curies":[{"name":"wp","href":"https:\/\/api.w.org\/{rel}","templated":true}]}}