{"id":2789,"date":"2015-07-14T07:10:50","date_gmt":"2015-07-14T05:10:50","guid":{"rendered":"http:\/\/eurecat.org\/es\/?page_id=2789"},"modified":"2025-01-17T15:28:47","modified_gmt":"2025-01-17T14:28:47","slug":"plastic-processing-pilot-plant","status":"publish","type":"page","link":"https:\/\/eurecat.org\/es\/eurecat\/centres-excellencia\/plastic-processing-pilot-plant\/","title":{"rendered":"Plastic Processing Pilot Plant"},"content":{"rendered":"<div class=\"fusion-fullwidth fullwidth-box fusion-builder-row-1 fusion-flex-container has-pattern-background has-mask-background fusion-parallax-none nonhundred-percent-fullwidth non-hundred-percent-height-scrolling eu_2024 section-hero section-color-transparent\" style=\"--awb-border-radius-top-left:0px;--awb-border-radius-top-right:0px;--awb-border-radius-bottom-right:0px;--awb-border-radius-bottom-left:0px;--awb-background-color:rgba(0,0,0,0.37);--awb-background-image:url(&quot;https:\/\/eurecat.org\/wp-content\/uploads\/2025\/01\/header-7.jpg&quot;);--awb-background-size:cover;--awb-flex-wrap:wrap;\" ><div class=\"fusion-builder-row fusion-row fusion-flex-align-items-flex-start fusion-flex-content-wrap\" style=\"max-width:1424.8px;margin-left: calc(-4% \/ 2 );margin-right: calc(-4% \/ 2 );\"><div class=\"fusion-layout-column fusion_builder_column fusion-builder-column-0 fusion_builder_column_1_1 1_1 fusion-flex-column\" style=\"--awb-bg-size:cover;--awb-width-large:100%;--awb-margin-top-large:0px;--awb-spacing-right-large:1.92%;--awb-margin-bottom-large:20px;--awb-spacing-left-large:1.92%;--awb-width-medium:100%;--awb-order-medium:0;--awb-spacing-right-medium:1.92%;--awb-spacing-left-medium:1.92%;--awb-width-small:100%;--awb-order-small:0;--awb-spacing-right-small:1.92%;--awb-spacing-left-small:1.92%;\" data-scroll-devices=\"small-visibility,medium-visibility,large-visibility\"><div class=\"fusion-column-wrapper fusion-column-has-shadow fusion-flex-justify-content-flex-start fusion-content-layout-column\"><div class=\"fusion-text fusion-text-1\"><p>Ecosistemas de innovaci\u00f3n<\/p>\n<h1>Plastic Processing Pilot Plant<\/h1>\n<\/div><\/div><\/div><\/div><\/div><div class=\"fusion-fullwidth fullwidth-box fusion-builder-row-2 fusion-flex-container has-pattern-background has-mask-background fusion-parallax-fixed nonhundred-percent-fullwidth non-hundred-percent-height-scrolling eu_2024 section-color-transparent section-intro\" style=\"--awb-background-position:left top;--awb-border-radius-top-left:0px;--awb-border-radius-top-right:0px;--awb-border-radius-bottom-right:0px;--awb-border-radius-bottom-left:0px;--awb-background-image:url(&quot;https:\/\/eurecat.org\/wp-content\/uploads\/2024\/07\/cercle-opacity.png&quot;);--awb-background-size:600px;--awb-flex-wrap:wrap;background-attachment:fixed;\" ><div class=\"fusion-builder-row fusion-row fusion-flex-align-items-flex-start fusion-flex-content-wrap\" style=\"max-width:1424.8px;margin-left: calc(-4% \/ 2 );margin-right: calc(-4% \/ 2 );\"><div class=\"fusion-layout-column fusion_builder_column fusion-builder-column-1 fusion_builder_column_1_1 1_1 fusion-flex-column\" style=\"--awb-bg-size:cover;--awb-width-large:100%;--awb-margin-top-large:0px;--awb-spacing-right-large:1.92%;--awb-margin-bottom-large:20px;--awb-spacing-left-large:1.92%;--awb-width-medium:100%;--awb-order-medium:0;--awb-spacing-right-medium:1.92%;--awb-spacing-left-medium:1.92%;--awb-width-small:100%;--awb-order-small:0;--awb-spacing-right-small:1.92%;--awb-spacing-left-small:1.92%;\"><div class=\"fusion-column-wrapper fusion-column-has-shadow fusion-flex-justify-content-flex-start fusion-content-layout-column\"><div class=\"fusion-text fusion-text-2\"><h2>Plastic Processing Pilot Plant, u<strong>n referente internacional par<\/strong><strong>a la transformaci\u00f3n de materiales pl\u00e1sticos<\/strong><\/h2>\n<\/div><div class=\"fusion-text fusion-text-3 txt-lg\"><p>Eurecat cuenta, en Cerdanyola del Vall\u00e9s (Barcelona), con la planta piloto de nuevas tecnolog\u00edas de transformaci\u00f3n pl\u00e1stica m\u00e1s grande del sur de Europa.<\/p>\n<p>La inyecci\u00f3n de pl\u00e1sticos, as\u00ed como otros procesos de moldeado de pol\u00edmeros, sigue siendo el <strong>proceso industrial m\u00e1s importante para la replicaci\u00f3n de piezas debido a la gran libertad geom\u00e9trica que permite y los costes reducidos que representa en vol\u00famenes grandes de producci\u00f3n.<\/strong><\/p>\n<p>Estos procesos, de los que Eurecat es un reconocido especialista a nivel nacional e internacional, han ido evolucionando y adapt\u00e1ndose, dando lugar a diferentes t\u00e9cnicas como: la inyecci\u00f3n multicomponente, la <strong>inyecci\u00f3n asistida por gas (GAIM)<\/strong>, la <strong>inyecci\u00f3n-compresi\u00f3n o In-Mould Decoration (IMD).<\/strong><\/p>\n<p>El centro tecnol\u00f3gico ofrece a la industria experiencia y capacidad t\u00e9cnica orientada al ensayo, fabricaci\u00f3n e industrializaci\u00f3n con las tecnolog\u00edas de transformaci\u00f3n de pl\u00e1stico m\u00e1s innovadoras del mercado.<\/p>\n<\/div><\/div><\/div><\/div><\/div><div class=\"fusion-fullwidth fullwidth-box fusion-builder-row-3 fusion-flex-container has-pattern-background has-mask-background nonhundred-percent-fullwidth non-hundred-percent-height-scrolling eu_2024 section-color-lightest\" style=\"--awb-border-radius-top-left:0px;--awb-border-radius-top-right:0px;--awb-border-radius-bottom-right:0px;--awb-border-radius-bottom-left:0px;--awb-flex-wrap:wrap;\" ><div class=\"fusion-builder-row fusion-row fusion-flex-align-items-center fusion-flex-content-wrap\" style=\"max-width:1424.8px;margin-left: calc(-4% \/ 2 );margin-right: calc(-4% \/ 2 );\"><div class=\"fusion-layout-column fusion_builder_column fusion-builder-column-2 fusion_builder_column_1_2 1_2 fusion-flex-column\" style=\"--awb-bg-size:cover;--awb-width-large:50%;--awb-margin-top-large:0px;--awb-spacing-right-large:3.84%;--awb-margin-bottom-large:20px;--awb-spacing-left-large:3.84%;--awb-width-medium:100%;--awb-order-medium:0;--awb-spacing-right-medium:1.92%;--awb-spacing-left-medium:1.92%;--awb-width-small:100%;--awb-order-small:0;--awb-spacing-right-small:1.92%;--awb-spacing-left-small:1.92%;\"><div class=\"fusion-column-wrapper fusion-column-has-shadow fusion-flex-justify-content-flex-start fusion-content-layout-column\"><div class=\"fusion-image-element \" style=\"--awb-caption-title-font-family:var(--h2_typography-font-family);--awb-caption-title-font-weight:var(--h2_typography-font-weight);--awb-caption-title-font-style:var(--h2_typography-font-style);--awb-caption-title-size:var(--h2_typography-font-size);--awb-caption-title-transform:var(--h2_typography-text-transform);--awb-caption-title-line-height:var(--h2_typography-line-height);--awb-caption-title-letter-spacing:var(--h2_typography-letter-spacing);\"><span class=\" fusion-imageframe imageframe-none imageframe-1 hover-type-none\"><img decoding=\"async\" width=\"800\" height=\"585\" title=\"destacat800x585\" src=\"https:\/\/eurecat.org\/wp-content\/uploads\/2025\/01\/destacat800x585-3.jpg\" alt class=\"img-responsive wp-image-169266\" srcset=\"https:\/\/eurecat.org\/wp-content\/uploads\/2025\/01\/destacat800x585-3-200x146.jpg 200w, https:\/\/eurecat.org\/wp-content\/uploads\/2025\/01\/destacat800x585-3-400x293.jpg 400w, https:\/\/eurecat.org\/wp-content\/uploads\/2025\/01\/destacat800x585-3-600x439.jpg 600w, https:\/\/eurecat.org\/wp-content\/uploads\/2025\/01\/destacat800x585-3.jpg 800w\" sizes=\"(max-width: 1024px) 100vw, (max-width: 640px) 100vw, 800px\" \/><\/span><\/div><\/div><\/div><div class=\"fusion-layout-column fusion_builder_column fusion-builder-column-3 fusion_builder_column_1_2 1_2 fusion-flex-column\" style=\"--awb-bg-size:cover;--awb-width-large:50%;--awb-margin-top-large:0px;--awb-spacing-right-large:3.84%;--awb-margin-bottom-large:20px;--awb-spacing-left-large:3.84%;--awb-width-medium:100%;--awb-order-medium:0;--awb-spacing-right-medium:1.92%;--awb-spacing-left-medium:1.92%;--awb-width-small:100%;--awb-order-small:0;--awb-spacing-right-small:1.92%;--awb-spacing-left-small:1.92%;\"><div class=\"fusion-column-wrapper fusion-column-has-shadow fusion-flex-justify-content-flex-start fusion-content-layout-column\"><div class=\"fusion-text fusion-text-4\"><h4>Tecnolog\u00eda propia | Sonorus, la primera m\u00e1quina comercial para moldear micro-piezas a trav\u00e9s de ultrasonidos<\/h4>\n<\/div><div class=\"fusion-text fusion-text-5\"><p>Con esta amplia y reconocida experiencia, y concretamente en el \u00e1mbito de la microinyecci\u00f3n y la mini inyecci\u00f3n, Eurecat ha desarrollado un nuevo proceso de moldeo por ultrasonidos basado en tecnolog\u00eda USMTM (Ultrasonic Molding).<\/p>\n<p>Sonorus es la marca de la nueva m\u00e1quina de microinyecci\u00f3n que comercializa la spin-off <strong>Ultrasion<\/strong>, y que est\u00e1 presentando grandes ventajas para empresas tanto nacionales como internacionales que ya la han incorporado en sus procesos de fabricaci\u00f3n.<\/p>\n<p>Asimismo, la m\u00e1quina se est\u00e1 siendo mejorada por Eurecat a partir de proyectos de I+D, con el objetivo de ampliar sus prestaciones y aplicaciones potenciales.<\/p>\n<p>\u00a1Visita la web para saber m\u00e1s sobre esta spin-off!<\/p>\n<\/div><div ><a class=\"fusion-button button-flat fusion-button-default-size button-default fusion-button-default button-1 fusion-button-default-span fusion-button-default-type\" target=\"_self\" href=\"https:\/\/ultrasion.eu\/\"><span class=\"fusion-button-text awb-button__text awb-button__text--default\">Visita la web<\/span><\/a><\/div><\/div><\/div><\/div><\/div>\n","protected":false},"excerpt":{"rendered":"","protected":false},"author":12,"featured_media":0,"parent":2785,"menu_order":0,"comment_status":"closed","ping_status":"closed","template":"100-width.php","meta":{"footnotes":""},"class_list":["post-2789","page","type-page","status-publish","hentry"],"yoast_head":"<!-- This site is optimized with the Yoast SEO plugin v27.5 - https:\/\/yoast.com\/product\/yoast-seo-wordpress\/ -->\n<title>Plastic Processing Pilot Plant Eurecat Centro Tecnol\u00f3gico de Catalu\u00f1a<\/title>\n<meta name=\"description\" content=\"Eurecat cuenta, en Cerdanyola del Vall\u00e9s (Barcelona), con la planta piloto de nuevas tecnolog\u00edas de transformaci\u00f3n de pl\u00e1sticos m\u00e1s grande del sur de Europa.\" \/>\n<meta name=\"robots\" content=\"index, follow, max-snippet:-1, max-image-preview:large, max-video-preview:-1\" \/>\n<link rel=\"canonical\" href=\"https:\/\/eurecat.org\/es\/eurecat\/centres-excellencia\/plastic-processing-pilot-plant\/\" \/>\n<meta property=\"og:locale\" content=\"es_ES\" \/>\n<meta property=\"og:type\" content=\"article\" \/>\n<meta property=\"og:title\" content=\"Plastic Processing Pilot Plant Eurecat Centro Tecnol\u00f3gico de Catalu\u00f1a\" \/>\n<meta property=\"og:description\" content=\"Eurecat cuenta, en Cerdanyola del Vall\u00e9s (Barcelona), con la planta piloto de nuevas tecnolog\u00edas de transformaci\u00f3n de pl\u00e1sticos m\u00e1s grande del sur de Europa.\" \/>\n<meta property=\"og:url\" content=\"https:\/\/eurecat.org\/es\/eurecat\/centres-excellencia\/plastic-processing-pilot-plant\/\" \/>\n<meta property=\"og:site_name\" content=\"Eurecat\" \/>\n<meta property=\"article:modified_time\" content=\"2025-01-17T14:28:47+00:00\" \/>\n<meta name=\"twitter:card\" content=\"summary_large_image\" \/>\n<meta name=\"twitter:label1\" content=\"Tiempo de lectura\" \/>\n\t<meta name=\"twitter:data1\" content=\"2 minutos\" \/>\n<script type=\"application\/ld+json\" class=\"yoast-schema-graph\">{\"@context\":\"https:\\\/\\\/schema.org\",\"@graph\":[{\"@type\":\"WebPage\",\"@id\":\"https:\\\/\\\/eurecat.org\\\/es\\\/eurecat\\\/centres-excellencia\\\/plastic-processing-pilot-plant\\\/\",\"url\":\"https:\\\/\\\/eurecat.org\\\/es\\\/eurecat\\\/centres-excellencia\\\/plastic-processing-pilot-plant\\\/\",\"name\":\"Plastic Processing Pilot Plant Eurecat Centro Tecnol\u00f3gico de Catalu\u00f1a\",\"isPartOf\":{\"@id\":\"https:\\\/\\\/eurecat.org\\\/es\\\/#website\"},\"datePublished\":\"2015-07-14T05:10:50+00:00\",\"dateModified\":\"2025-01-17T14:28:47+00:00\",\"description\":\"Eurecat cuenta, en Cerdanyola del Vall\u00e9s (Barcelona), con la planta piloto de nuevas tecnolog\u00edas de transformaci\u00f3n de pl\u00e1sticos m\u00e1s grande del sur de Europa.\",\"breadcrumb\":{\"@id\":\"https:\\\/\\\/eurecat.org\\\/es\\\/eurecat\\\/centres-excellencia\\\/plastic-processing-pilot-plant\\\/#breadcrumb\"},\"inLanguage\":\"es\",\"potentialAction\":[{\"@type\":\"ReadAction\",\"target\":[\"https:\\\/\\\/eurecat.org\\\/es\\\/eurecat\\\/centres-excellencia\\\/plastic-processing-pilot-plant\\\/\"]}]},{\"@type\":\"BreadcrumbList\",\"@id\":\"https:\\\/\\\/eurecat.org\\\/es\\\/eurecat\\\/centres-excellencia\\\/plastic-processing-pilot-plant\\\/#breadcrumb\",\"itemListElement\":[{\"@type\":\"ListItem\",\"position\":1,\"name\":\"Inici\",\"item\":\"https:\\\/\\\/eurecat.org\\\/es\\\/\"},{\"@type\":\"ListItem\",\"position\":2,\"name\":\"Eurecat\",\"item\":\"https:\\\/\\\/eurecat.org\\\/es\\\/eurecat\\\/\"},{\"@type\":\"ListItem\",\"position\":3,\"name\":\"Ecosistemas de Innovaci\u00f3n\",\"item\":\"https:\\\/\\\/eurecat.org\\\/es\\\/eurecat\\\/centres-excellencia\\\/\"},{\"@type\":\"ListItem\",\"position\":4,\"name\":\"Plastic Processing Pilot Plant\"}]},{\"@type\":\"WebSite\",\"@id\":\"https:\\\/\\\/eurecat.org\\\/es\\\/#website\",\"url\":\"https:\\\/\\\/eurecat.org\\\/es\\\/\",\"name\":\"Eurecat\",\"description\":\"Otro sitio realizado con WordPress\",\"potentialAction\":[{\"@type\":\"SearchAction\",\"target\":{\"@type\":\"EntryPoint\",\"urlTemplate\":\"https:\\\/\\\/eurecat.org\\\/es\\\/?s={search_term_string}\"},\"query-input\":{\"@type\":\"PropertyValueSpecification\",\"valueRequired\":true,\"valueName\":\"search_term_string\"}}],\"inLanguage\":\"es\"}]}<\/script>\n<!-- \/ Yoast SEO plugin. -->","yoast_head_json":{"title":"Plastic Processing Pilot Plant Eurecat Centro Tecnol\u00f3gico de Catalu\u00f1a","description":"Eurecat cuenta, en Cerdanyola del Vall\u00e9s (Barcelona), con la planta piloto de nuevas tecnolog\u00edas de transformaci\u00f3n de pl\u00e1sticos m\u00e1s grande del sur de Europa.","robots":{"index":"index","follow":"follow","max-snippet":"max-snippet:-1","max-image-preview":"max-image-preview:large","max-video-preview":"max-video-preview:-1"},"canonical":"https:\/\/eurecat.org\/es\/eurecat\/centres-excellencia\/plastic-processing-pilot-plant\/","og_locale":"es_ES","og_type":"article","og_title":"Plastic Processing Pilot Plant Eurecat Centro Tecnol\u00f3gico de Catalu\u00f1a","og_description":"Eurecat cuenta, en Cerdanyola del Vall\u00e9s (Barcelona), con la planta piloto de nuevas tecnolog\u00edas de transformaci\u00f3n de pl\u00e1sticos m\u00e1s grande del sur de Europa.","og_url":"https:\/\/eurecat.org\/es\/eurecat\/centres-excellencia\/plastic-processing-pilot-plant\/","og_site_name":"Eurecat","article_modified_time":"2025-01-17T14:28:47+00:00","twitter_card":"summary_large_image","twitter_misc":{"Tiempo de lectura":"2 minutos"},"schema":{"@context":"https:\/\/schema.org","@graph":[{"@type":"WebPage","@id":"https:\/\/eurecat.org\/es\/eurecat\/centres-excellencia\/plastic-processing-pilot-plant\/","url":"https:\/\/eurecat.org\/es\/eurecat\/centres-excellencia\/plastic-processing-pilot-plant\/","name":"Plastic Processing Pilot Plant Eurecat Centro Tecnol\u00f3gico de Catalu\u00f1a","isPartOf":{"@id":"https:\/\/eurecat.org\/es\/#website"},"datePublished":"2015-07-14T05:10:50+00:00","dateModified":"2025-01-17T14:28:47+00:00","description":"Eurecat cuenta, en Cerdanyola del Vall\u00e9s (Barcelona), con la planta piloto de nuevas tecnolog\u00edas de transformaci\u00f3n de pl\u00e1sticos m\u00e1s grande del sur de Europa.","breadcrumb":{"@id":"https:\/\/eurecat.org\/es\/eurecat\/centres-excellencia\/plastic-processing-pilot-plant\/#breadcrumb"},"inLanguage":"es","potentialAction":[{"@type":"ReadAction","target":["https:\/\/eurecat.org\/es\/eurecat\/centres-excellencia\/plastic-processing-pilot-plant\/"]}]},{"@type":"BreadcrumbList","@id":"https:\/\/eurecat.org\/es\/eurecat\/centres-excellencia\/plastic-processing-pilot-plant\/#breadcrumb","itemListElement":[{"@type":"ListItem","position":1,"name":"Inici","item":"https:\/\/eurecat.org\/es\/"},{"@type":"ListItem","position":2,"name":"Eurecat","item":"https:\/\/eurecat.org\/es\/eurecat\/"},{"@type":"ListItem","position":3,"name":"Ecosistemas de Innovaci\u00f3n","item":"https:\/\/eurecat.org\/es\/eurecat\/centres-excellencia\/"},{"@type":"ListItem","position":4,"name":"Plastic Processing Pilot Plant"}]},{"@type":"WebSite","@id":"https:\/\/eurecat.org\/es\/#website","url":"https:\/\/eurecat.org\/es\/","name":"Eurecat","description":"Otro sitio realizado con WordPress","potentialAction":[{"@type":"SearchAction","target":{"@type":"EntryPoint","urlTemplate":"https:\/\/eurecat.org\/es\/?s={search_term_string}"},"query-input":{"@type":"PropertyValueSpecification","valueRequired":true,"valueName":"search_term_string"}}],"inLanguage":"es"}]}},"_links":{"self":[{"href":"https:\/\/eurecat.org\/es\/wp-json\/wp\/v2\/pages\/2789","targetHints":{"allow":["GET"]}}],"collection":[{"href":"https:\/\/eurecat.org\/es\/wp-json\/wp\/v2\/pages"}],"about":[{"href":"https:\/\/eurecat.org\/es\/wp-json\/wp\/v2\/types\/page"}],"author":[{"embeddable":true,"href":"https:\/\/eurecat.org\/es\/wp-json\/wp\/v2\/users\/12"}],"replies":[{"embeddable":true,"href":"https:\/\/eurecat.org\/es\/wp-json\/wp\/v2\/comments?post=2789"}],"version-history":[{"count":1,"href":"https:\/\/eurecat.org\/es\/wp-json\/wp\/v2\/pages\/2789\/revisions"}],"predecessor-version":[{"id":169270,"href":"https:\/\/eurecat.org\/es\/wp-json\/wp\/v2\/pages\/2789\/revisions\/169270"}],"up":[{"embeddable":true,"href":"https:\/\/eurecat.org\/es\/wp-json\/wp\/v2\/pages\/2785"}],"wp:attachment":[{"href":"https:\/\/eurecat.org\/es\/wp-json\/wp\/v2\/media?parent=2789"}],"curies":[{"name":"wp","href":"https:\/\/api.w.org\/{rel}","templated":true}]}}