{"id":2795,"date":"2015-07-15T12:59:34","date_gmt":"2015-07-15T10:59:34","guid":{"rendered":"http:\/\/eurecat.org\/es\/?page_id=2795"},"modified":"2025-01-20T15:03:07","modified_gmt":"2025-01-20T14:03:07","slug":"centro-de-excelencia-en-gestion-del-agua","status":"publish","type":"page","link":"https:\/\/eurecat.org\/es\/eurecat\/centres-excellencia\/centro-de-excelencia-en-gestion-del-agua\/","title":{"rendered":"Centro de excelencia en la gesti\u00f3n del agua"},"content":{"rendered":"<div class=\"fusion-fullwidth fullwidth-box fusion-builder-row-1 fusion-flex-container has-pattern-background has-mask-background fusion-parallax-none nonhundred-percent-fullwidth non-hundred-percent-height-scrolling eu_2024 section-hero section-color-transparent\" style=\"--awb-border-radius-top-left:0px;--awb-border-radius-top-right:0px;--awb-border-radius-bottom-right:0px;--awb-border-radius-bottom-left:0px;--awb-background-color:rgba(0,0,0,0.37);--awb-background-image:url(&quot;https:\/\/eurecat.org\/wp-content\/uploads\/2025\/01\/header-8.jpg&quot;);--awb-background-size:cover;--awb-flex-wrap:wrap;\" ><div class=\"fusion-builder-row fusion-row fusion-flex-align-items-flex-start fusion-flex-content-wrap\" style=\"max-width:1424.8px;margin-left: calc(-4% \/ 2 );margin-right: calc(-4% \/ 2 );\"><div class=\"fusion-layout-column fusion_builder_column fusion-builder-column-0 fusion_builder_column_1_1 1_1 fusion-flex-column\" style=\"--awb-bg-size:cover;--awb-width-large:100%;--awb-margin-top-large:0px;--awb-spacing-right-large:1.92%;--awb-margin-bottom-large:20px;--awb-spacing-left-large:1.92%;--awb-width-medium:100%;--awb-order-medium:0;--awb-spacing-right-medium:1.92%;--awb-spacing-left-medium:1.92%;--awb-width-small:100%;--awb-order-small:0;--awb-spacing-right-small:1.92%;--awb-spacing-left-small:1.92%;\" data-scroll-devices=\"small-visibility,medium-visibility,large-visibility\"><div class=\"fusion-column-wrapper fusion-column-has-shadow fusion-flex-justify-content-flex-start fusion-content-layout-column\"><div class=\"fusion-text fusion-text-1\"><p>Ecosistemas de innovaci\u00f3n<\/p>\n<h1>Centro de excelencia en la gesti\u00f3n del agua<\/h1>\n<\/div><\/div><\/div><\/div><\/div><div class=\"fusion-fullwidth fullwidth-box fusion-builder-row-2 fusion-flex-container has-pattern-background has-mask-background fusion-parallax-fixed nonhundred-percent-fullwidth non-hundred-percent-height-scrolling eu_2024 section-color-transparent section-intro\" style=\"--awb-background-position:left top;--awb-border-radius-top-left:0px;--awb-border-radius-top-right:0px;--awb-border-radius-bottom-right:0px;--awb-border-radius-bottom-left:0px;--awb-background-image:url(&quot;https:\/\/eurecat.org\/wp-content\/uploads\/2024\/07\/cercle-opacity.png&quot;);--awb-background-size:600px;--awb-flex-wrap:wrap;background-attachment:fixed;\" ><div class=\"fusion-builder-row fusion-row fusion-flex-align-items-flex-start fusion-flex-content-wrap\" style=\"max-width:1424.8px;margin-left: calc(-4% \/ 2 );margin-right: calc(-4% \/ 2 );\"><div class=\"fusion-layout-column fusion_builder_column fusion-builder-column-1 fusion_builder_column_1_1 1_1 fusion-flex-column\" style=\"--awb-bg-size:cover;--awb-width-large:100%;--awb-margin-top-large:0px;--awb-spacing-right-large:1.92%;--awb-margin-bottom-large:20px;--awb-spacing-left-large:1.92%;--awb-width-medium:100%;--awb-order-medium:0;--awb-spacing-right-medium:1.92%;--awb-spacing-left-medium:1.92%;--awb-width-small:100%;--awb-order-small:0;--awb-spacing-right-small:1.92%;--awb-spacing-left-small:1.92%;\"><div class=\"fusion-column-wrapper fusion-column-has-shadow fusion-flex-justify-content-flex-start fusion-content-layout-column\"><div class=\"fusion-text fusion-text-2\"><h2><strong>Desarrollo e implantaci\u00f3n de nuevas tecnolog\u00edas sostenibles aplicadas a la gesti\u00f3n del agua como recurso central de la econom\u00eda circular<\/strong><\/h2>\n<\/div><div class=\"fusion-text fusion-text-3 txt-lg\"><p>Eurecat\u00a0aplica los conceptos de <strong>sostenibilidad<\/strong>\u00a0y\u00a0<strong>econom\u00eda circular<\/strong> al desarrollo de nuevas tecnolog\u00edas para la <strong>mejora del ciclo integral del agua<\/strong>, lo que aumenta la competitividad de muchos sectores empresariales, al tiempo que aporta beneficios al conjunto de la sociedad.<\/p>\n<p>Adicionalmente a la experiencia y del talento cient\u00edfico y tecnol\u00f3gico del personal de Eurecat, el centro dispone de\u00a0<strong>laboratorios y plantas piloto<\/strong>,<strong> equipamiento cient\u00edfico<\/strong>\u00a0y\u00a0<strong>centros de procesamiento de datos<\/strong> que permiten afrontar los retos presentes y de futuro de la gesti\u00f3n del agua, los cuales configuran las principales l\u00edneas de I+D+I en las que trabaja Eurecat:<\/p>\n<\/div><\/div><\/div><div class=\"fusion-layout-column fusion_builder_column fusion-builder-column-2 fusion_builder_column_1_2 1_2 fusion-flex-column\" style=\"--awb-bg-size:cover;--awb-width-large:50%;--awb-margin-top-large:0px;--awb-spacing-right-large:3.84%;--awb-margin-bottom-large:20px;--awb-spacing-left-large:3.84%;--awb-width-medium:50%;--awb-order-medium:0;--awb-spacing-right-medium:3.84%;--awb-spacing-left-medium:3.84%;--awb-width-small:100%;--awb-order-small:0;--awb-spacing-right-small:1.92%;--awb-spacing-left-small:1.92%;\" data-scroll-devices=\"small-visibility,medium-visibility,large-visibility\"><div class=\"fusion-column-wrapper fusion-column-has-shadow fusion-flex-justify-content-flex-start fusion-content-layout-column\"><div class=\"fusion-text fusion-text-4 topline\"><h3>Dise\u00f1o, desarrollo y despliegue de plataformas y herramientas inteligentes para:<\/h3>\n<\/div><div class=\"fusion-text fusion-text-5\"><ul>\n<li>Gesti\u00f3n de inundaciones.<\/li>\n<li>Gesti\u00f3n de riego.<\/li>\n<li>La asignaci\u00f3n y distribuci\u00f3n de agua.<\/li>\n<li>Gesti\u00f3n de sistemas de bombeo.<\/li>\n<li>Gesti\u00f3n de residuos asociados al ciclo del agua.<\/li>\n<li>Gesti\u00f3n integral de recursos (\u00abwater-energy-food nexus\u00bb).<\/li>\n<li>An\u00e1lisis de perfiles de los usuarios y consumo.<\/li>\n<\/ul>\n<\/div><div class=\"fusion-text fusion-text-6 topline\"><h3>Tratamiento, regeneraci\u00f3n y reutilizaci\u00f3n del agua<\/h3>\n<\/div><div class=\"fusion-text fusion-text-7 topline\"><h3>Recuperaci\u00f3n de componentes valiosos del agua (nutrientes, metales y biomol\u00e9culas)<\/h3>\n<\/div><div class=\"fusion-text fusion-text-8 topline\"><h3>Potabilizaci\u00f3n y distribuci\u00f3n<\/h3>\n<\/div><div class=\"fusion-text fusion-text-9 topline\"><h3>Nexo agua-energ\u00eda, con especial \u00e9nfasis en la producci\u00f3n de energ\u00eda acoplada al tratamiento del agua<\/h3>\n<\/div><div class=\"fusion-text fusion-text-10 topline\"><h3>Descontaminaci\u00f3n de aguas subterr\u00e1neas (nitratos, hidrocarburos, compuestos organoclorados y metales)<\/h3>\n<\/div><\/div><\/div><div class=\"fusion-layout-column fusion_builder_column fusion-builder-column-3 fusion_builder_column_1_2 1_2 fusion-flex-column\" style=\"--awb-bg-size:cover;--awb-width-large:50%;--awb-margin-top-large:0px;--awb-spacing-right-large:3.84%;--awb-margin-bottom-large:20px;--awb-spacing-left-large:3.84%;--awb-width-medium:50%;--awb-order-medium:0;--awb-spacing-right-medium:3.84%;--awb-spacing-left-medium:3.84%;--awb-width-small:100%;--awb-order-small:0;--awb-spacing-right-small:1.92%;--awb-spacing-left-small:1.92%;\" data-scroll-devices=\"small-visibility,medium-visibility,large-visibility\"><div class=\"fusion-column-wrapper fusion-column-has-shadow fusion-flex-justify-content-flex-start fusion-content-layout-column\"><div class=\"fusion-text fusion-text-11 topline\"><h3>An\u00e1lisis cuantitativo de riesgo para la salud humana<\/h3>\n<\/div><div class=\"fusion-text fusion-text-12 topline\"><h3>An\u00e1lisis de ciclo de vida y de costes en la gesti\u00f3n del agua<\/h3>\n<\/div><div class=\"fusion-text fusion-text-13 topline\"><h3>An\u00e1lisis qu\u00edmico y microbiol\u00f3gico avanzado<\/h3>\n<\/div><div class=\"fusion-text fusion-text-14 topline\"><h3>Sistemas de soporte a la decisi\u00f3n<\/h3>\n<\/div><div class=\"fusion-text fusion-text-15 topline\"><h3>Inteligencia artificial aplicada, algoritmos de optimizaci\u00f3n, web sem\u00e1ntica y datos enlazados<\/h3>\n<\/div><div class=\"fusion-text fusion-text-16 topline\"><h3>Anal\u00edtica descriptiva, predictiva y prescriptiva<\/h3>\n<\/div><div class=\"fusion-text fusion-text-17 topline\"><h3>Sistemas de interoperabilidad e intercambio de informaci\u00f3n basados \u200b\u200ben est\u00e1ndares abiertos del dominio del agua<\/h3>\n<\/div><div class=\"fusion-text fusion-text-18 topline\"><h3>Herramientas de simulaci\u00f3n<\/h3>\n<\/div><div class=\"fusion-text fusion-text-19 topline\"><h3>Juegos y gamificaci\u00f3n<\/h3>\n<\/div><div class=\"fusion-text fusion-text-20 topline\"><h3>Aplicaciones m\u00f3viles<\/h3>\n<\/div><\/div><\/div><\/div><\/div><div class=\"fusion-fullwidth fullwidth-box fusion-builder-row-3 fusion-flex-container has-pattern-background has-mask-background nonhundred-percent-fullwidth non-hundred-percent-height-scrolling eu_2024 section-color-lightest\" style=\"--awb-border-radius-top-left:0px;--awb-border-radius-top-right:0px;--awb-border-radius-bottom-right:0px;--awb-border-radius-bottom-left:0px;--awb-flex-wrap:wrap;\" ><div class=\"fusion-builder-row fusion-row fusion-flex-align-items-center fusion-flex-content-wrap\" style=\"max-width:1424.8px;margin-left: calc(-4% \/ 2 );margin-right: calc(-4% \/ 2 );\"><div class=\"fusion-layout-column fusion_builder_column fusion-builder-column-4 fusion_builder_column_1_2 1_2 fusion-flex-column\" style=\"--awb-bg-size:cover;--awb-width-large:50%;--awb-margin-top-large:0px;--awb-spacing-right-large:3.84%;--awb-margin-bottom-large:20px;--awb-spacing-left-large:3.84%;--awb-width-medium:100%;--awb-order-medium:0;--awb-spacing-right-medium:1.92%;--awb-spacing-left-medium:1.92%;--awb-width-small:100%;--awb-order-small:0;--awb-spacing-right-small:1.92%;--awb-spacing-left-small:1.92%;\"><div class=\"fusion-column-wrapper fusion-column-has-shadow fusion-flex-justify-content-flex-start fusion-content-layout-column\"><div class=\"fusion-image-element \" style=\"--awb-caption-title-font-family:var(--h2_typography-font-family);--awb-caption-title-font-weight:var(--h2_typography-font-weight);--awb-caption-title-font-style:var(--h2_typography-font-style);--awb-caption-title-size:var(--h2_typography-font-size);--awb-caption-title-transform:var(--h2_typography-text-transform);--awb-caption-title-line-height:var(--h2_typography-line-height);--awb-caption-title-letter-spacing:var(--h2_typography-letter-spacing);\"><span class=\" fusion-imageframe imageframe-none imageframe-1 hover-type-none\"><img decoding=\"async\" width=\"800\" height=\"585\" title=\"destacat800x585\" src=\"https:\/\/eurecat.org\/wp-content\/uploads\/2025\/01\/destacat800x585-4.jpg\" alt class=\"img-responsive wp-image-169420\" srcset=\"https:\/\/eurecat.org\/wp-content\/uploads\/2025\/01\/destacat800x585-4-200x146.jpg 200w, https:\/\/eurecat.org\/wp-content\/uploads\/2025\/01\/destacat800x585-4-400x293.jpg 400w, https:\/\/eurecat.org\/wp-content\/uploads\/2025\/01\/destacat800x585-4-600x439.jpg 600w, https:\/\/eurecat.org\/wp-content\/uploads\/2025\/01\/destacat800x585-4.jpg 800w\" sizes=\"(max-width: 1024px) 100vw, (max-width: 640px) 100vw, 800px\" \/><\/span><\/div><\/div><\/div><div class=\"fusion-layout-column fusion_builder_column fusion-builder-column-5 fusion_builder_column_1_2 1_2 fusion-flex-column\" style=\"--awb-bg-size:cover;--awb-width-large:50%;--awb-margin-top-large:0px;--awb-spacing-right-large:3.84%;--awb-margin-bottom-large:20px;--awb-spacing-left-large:3.84%;--awb-width-medium:100%;--awb-order-medium:0;--awb-spacing-right-medium:1.92%;--awb-spacing-left-medium:1.92%;--awb-width-small:100%;--awb-order-small:0;--awb-spacing-right-small:1.92%;--awb-spacing-left-small:1.92%;\"><div class=\"fusion-column-wrapper fusion-column-has-shadow fusion-flex-justify-content-flex-start fusion-content-layout-column\"><div class=\"fusion-text fusion-text-21\"><h4>Eurecat lidera la <strong>comunidad RIS3CAT de Agua,\u00a0<\/strong>una estrategia de innovaci\u00f3n colaborativa que aglutina a empresas y proveedores con sede en Catalu\u00f1a estrechamente ligados al sector del agua<\/h4>\n<\/div><div class=\"fusion-text fusion-text-22\"><p><strong>A nivel internacional<\/strong>, Eurecat es miembro de\u00a0<a href=\"http:\/\/www.watershare.eu\/\" target=\"_blank\" rel=\"noopener\">Watershare<\/a>\u00ae, desde la que centros de excelencia de todo el mundo comparten conocimiento mediante la elaboraci\u00f3n y el uso de herramientas inform\u00e1ticas para el sector del agua. Tambi\u00e9n es colaborador del grupo de trabajo de Hidrolog\u00eda del\u00a0<a href=\"http:\/\/www.opengeospatial.org\/projects\/groups\/hydrologydwg\" target=\"_blank\" rel=\"noopener\">Open Geospatial Consotium\u00a0<\/a>(OGC\u00ae) ;\u00a0miembro del\u00a0<a href=\"http:\/\/www.swan.technology\/\" target=\"_blank\" rel=\"noopener\">EIP on Water Action Group<\/a>\u00a0(CTRL-SWAN)\u00a0 y l\u00edder de \u201cCity Bluepints\u201d, as\u00ed como miembro del cl\u00faster\u00a0<a href=\"http:\/\/ict4water.eu\/\" target=\"_blank\" rel=\"noopener\">ICT4Water<\/a>,\u00a0que une a los proyectos financiados por la Uni\u00f3n Europea en el \u00e1mbito TIC y agua.<\/p>\n<p>Tambi\u00e9n es miembro del Catalan Water Partnership (CWP) y de la Plataforma Tecnol\u00f3gica Espa\u00f1ola del Agua (PTEA).<\/p>\n<\/div><\/div><\/div><\/div><\/div>\n","protected":false},"excerpt":{"rendered":"","protected":false},"author":12,"featured_media":0,"parent":2785,"menu_order":0,"comment_status":"open","ping_status":"closed","template":"100-width.php","meta":{"footnotes":""},"class_list":["post-2795","page","type-page","status-publish","hentry"],"yoast_head":"<!-- This site is optimized with the Yoast SEO plugin v27.4 - https:\/\/yoast.com\/product\/yoast-seo-wordpress\/ -->\n<title>Centro de Excelencia en la gesti\u00f3n del agua Eurecat Centro Tecnol\u00f3gico<\/title>\n<meta name=\"robots\" content=\"index, follow, max-snippet:-1, max-image-preview:large, max-video-preview:-1\" \/>\n<link rel=\"canonical\" href=\"https:\/\/eurecat.org\/es\/eurecat\/centres-excellencia\/centro-de-excelencia-en-gestion-del-agua\/\" \/>\n<meta property=\"og:locale\" content=\"es_ES\" \/>\n<meta property=\"og:type\" content=\"article\" \/>\n<meta property=\"og:title\" content=\"Centro de Excelencia en la gesti\u00f3n del agua Eurecat Centro Tecnol\u00f3gico\" \/>\n<meta property=\"og:url\" content=\"https:\/\/eurecat.org\/es\/eurecat\/centres-excellencia\/centro-de-excelencia-en-gestion-del-agua\/\" \/>\n<meta property=\"og:site_name\" content=\"Eurecat\" \/>\n<meta property=\"article:modified_time\" content=\"2025-01-20T14:03:07+00:00\" \/>\n<meta name=\"twitter:card\" content=\"summary_large_image\" \/>\n<meta name=\"twitter:label1\" content=\"Tiempo de lectura\" \/>\n\t<meta name=\"twitter:data1\" content=\"3 minutos\" \/>\n<script type=\"application\/ld+json\" class=\"yoast-schema-graph\">{\"@context\":\"https:\\\/\\\/schema.org\",\"@graph\":[{\"@type\":\"WebPage\",\"@id\":\"https:\\\/\\\/eurecat.org\\\/es\\\/eurecat\\\/centres-excellencia\\\/centro-de-excelencia-en-gestion-del-agua\\\/\",\"url\":\"https:\\\/\\\/eurecat.org\\\/es\\\/eurecat\\\/centres-excellencia\\\/centro-de-excelencia-en-gestion-del-agua\\\/\",\"name\":\"Centro de Excelencia en la gesti\u00f3n del agua Eurecat Centro Tecnol\u00f3gico\",\"isPartOf\":{\"@id\":\"https:\\\/\\\/eurecat.org\\\/es\\\/#website\"},\"datePublished\":\"2015-07-15T10:59:34+00:00\",\"dateModified\":\"2025-01-20T14:03:07+00:00\",\"breadcrumb\":{\"@id\":\"https:\\\/\\\/eurecat.org\\\/es\\\/eurecat\\\/centres-excellencia\\\/centro-de-excelencia-en-gestion-del-agua\\\/#breadcrumb\"},\"inLanguage\":\"es\",\"potentialAction\":[{\"@type\":\"ReadAction\",\"target\":[\"https:\\\/\\\/eurecat.org\\\/es\\\/eurecat\\\/centres-excellencia\\\/centro-de-excelencia-en-gestion-del-agua\\\/\"]}]},{\"@type\":\"BreadcrumbList\",\"@id\":\"https:\\\/\\\/eurecat.org\\\/es\\\/eurecat\\\/centres-excellencia\\\/centro-de-excelencia-en-gestion-del-agua\\\/#breadcrumb\",\"itemListElement\":[{\"@type\":\"ListItem\",\"position\":1,\"name\":\"Inici\",\"item\":\"https:\\\/\\\/eurecat.org\\\/es\\\/\"},{\"@type\":\"ListItem\",\"position\":2,\"name\":\"Eurecat\",\"item\":\"https:\\\/\\\/eurecat.org\\\/es\\\/eurecat\\\/\"},{\"@type\":\"ListItem\",\"position\":3,\"name\":\"Ecosistemas de Innovaci\u00f3n\",\"item\":\"https:\\\/\\\/eurecat.org\\\/es\\\/eurecat\\\/centres-excellencia\\\/\"},{\"@type\":\"ListItem\",\"position\":4,\"name\":\"Centro de excelencia en la gesti\u00f3n del agua\"}]},{\"@type\":\"WebSite\",\"@id\":\"https:\\\/\\\/eurecat.org\\\/es\\\/#website\",\"url\":\"https:\\\/\\\/eurecat.org\\\/es\\\/\",\"name\":\"Eurecat\",\"description\":\"Otro sitio realizado con WordPress\",\"potentialAction\":[{\"@type\":\"SearchAction\",\"target\":{\"@type\":\"EntryPoint\",\"urlTemplate\":\"https:\\\/\\\/eurecat.org\\\/es\\\/?s={search_term_string}\"},\"query-input\":{\"@type\":\"PropertyValueSpecification\",\"valueRequired\":true,\"valueName\":\"search_term_string\"}}],\"inLanguage\":\"es\"}]}<\/script>\n<!-- \/ Yoast SEO plugin. -->","yoast_head_json":{"title":"Centro de Excelencia en la gesti\u00f3n del agua Eurecat Centro Tecnol\u00f3gico","robots":{"index":"index","follow":"follow","max-snippet":"max-snippet:-1","max-image-preview":"max-image-preview:large","max-video-preview":"max-video-preview:-1"},"canonical":"https:\/\/eurecat.org\/es\/eurecat\/centres-excellencia\/centro-de-excelencia-en-gestion-del-agua\/","og_locale":"es_ES","og_type":"article","og_title":"Centro de Excelencia en la gesti\u00f3n del agua Eurecat Centro Tecnol\u00f3gico","og_url":"https:\/\/eurecat.org\/es\/eurecat\/centres-excellencia\/centro-de-excelencia-en-gestion-del-agua\/","og_site_name":"Eurecat","article_modified_time":"2025-01-20T14:03:07+00:00","twitter_card":"summary_large_image","twitter_misc":{"Tiempo de lectura":"3 minutos"},"schema":{"@context":"https:\/\/schema.org","@graph":[{"@type":"WebPage","@id":"https:\/\/eurecat.org\/es\/eurecat\/centres-excellencia\/centro-de-excelencia-en-gestion-del-agua\/","url":"https:\/\/eurecat.org\/es\/eurecat\/centres-excellencia\/centro-de-excelencia-en-gestion-del-agua\/","name":"Centro de Excelencia en la gesti\u00f3n del agua Eurecat Centro Tecnol\u00f3gico","isPartOf":{"@id":"https:\/\/eurecat.org\/es\/#website"},"datePublished":"2015-07-15T10:59:34+00:00","dateModified":"2025-01-20T14:03:07+00:00","breadcrumb":{"@id":"https:\/\/eurecat.org\/es\/eurecat\/centres-excellencia\/centro-de-excelencia-en-gestion-del-agua\/#breadcrumb"},"inLanguage":"es","potentialAction":[{"@type":"ReadAction","target":["https:\/\/eurecat.org\/es\/eurecat\/centres-excellencia\/centro-de-excelencia-en-gestion-del-agua\/"]}]},{"@type":"BreadcrumbList","@id":"https:\/\/eurecat.org\/es\/eurecat\/centres-excellencia\/centro-de-excelencia-en-gestion-del-agua\/#breadcrumb","itemListElement":[{"@type":"ListItem","position":1,"name":"Inici","item":"https:\/\/eurecat.org\/es\/"},{"@type":"ListItem","position":2,"name":"Eurecat","item":"https:\/\/eurecat.org\/es\/eurecat\/"},{"@type":"ListItem","position":3,"name":"Ecosistemas de Innovaci\u00f3n","item":"https:\/\/eurecat.org\/es\/eurecat\/centres-excellencia\/"},{"@type":"ListItem","position":4,"name":"Centro de excelencia en la gesti\u00f3n del agua"}]},{"@type":"WebSite","@id":"https:\/\/eurecat.org\/es\/#website","url":"https:\/\/eurecat.org\/es\/","name":"Eurecat","description":"Otro sitio realizado con WordPress","potentialAction":[{"@type":"SearchAction","target":{"@type":"EntryPoint","urlTemplate":"https:\/\/eurecat.org\/es\/?s={search_term_string}"},"query-input":{"@type":"PropertyValueSpecification","valueRequired":true,"valueName":"search_term_string"}}],"inLanguage":"es"}]}},"_links":{"self":[{"href":"https:\/\/eurecat.org\/es\/wp-json\/wp\/v2\/pages\/2795","targetHints":{"allow":["GET"]}}],"collection":[{"href":"https:\/\/eurecat.org\/es\/wp-json\/wp\/v2\/pages"}],"about":[{"href":"https:\/\/eurecat.org\/es\/wp-json\/wp\/v2\/types\/page"}],"author":[{"embeddable":true,"href":"https:\/\/eurecat.org\/es\/wp-json\/wp\/v2\/users\/12"}],"replies":[{"embeddable":true,"href":"https:\/\/eurecat.org\/es\/wp-json\/wp\/v2\/comments?post=2795"}],"version-history":[{"count":1,"href":"https:\/\/eurecat.org\/es\/wp-json\/wp\/v2\/pages\/2795\/revisions"}],"predecessor-version":[{"id":169440,"href":"https:\/\/eurecat.org\/es\/wp-json\/wp\/v2\/pages\/2795\/revisions\/169440"}],"up":[{"embeddable":true,"href":"https:\/\/eurecat.org\/es\/wp-json\/wp\/v2\/pages\/2785"}],"wp:attachment":[{"href":"https:\/\/eurecat.org\/es\/wp-json\/wp\/v2\/media?parent=2795"}],"curies":[{"name":"wp","href":"https:\/\/api.w.org\/{rel}","templated":true}]}}