{"id":2800,"date":"2015-07-14T07:11:47","date_gmt":"2015-07-14T05:11:47","guid":{"rendered":"http:\/\/eurecat.org\/es\/?page_id=2800"},"modified":"2025-01-20T15:35:44","modified_gmt":"2025-01-20T14:35:44","slug":"advanced-manufacturing-coe","status":"publish","type":"page","link":"https:\/\/eurecat.org\/es\/eurecat\/centres-excellencia\/advanced-manufacturing-coe\/","title":{"rendered":"Advanced Manufacturing CoE"},"content":{"rendered":"<div class=\"fusion-fullwidth fullwidth-box fusion-builder-row-1 fusion-flex-container has-pattern-background has-mask-background fusion-parallax-none nonhundred-percent-fullwidth non-hundred-percent-height-scrolling eu_2024 section-hero section-color-transparent\" style=\"--awb-border-radius-top-left:0px;--awb-border-radius-top-right:0px;--awb-border-radius-bottom-right:0px;--awb-border-radius-bottom-left:0px;--awb-background-color:rgba(0,0,0,0.37);--awb-background-image:url(&quot;https:\/\/eurecat.org\/wp-content\/uploads\/2025\/01\/header-10.jpg&quot;);--awb-background-size:cover;--awb-flex-wrap:wrap;\" ><div class=\"fusion-builder-row fusion-row fusion-flex-align-items-flex-start fusion-flex-content-wrap\" style=\"max-width:1424.8px;margin-left: calc(-4% \/ 2 );margin-right: calc(-4% \/ 2 );\"><div class=\"fusion-layout-column fusion_builder_column fusion-builder-column-0 fusion_builder_column_1_1 1_1 fusion-flex-column\" style=\"--awb-bg-size:cover;--awb-width-large:100%;--awb-margin-top-large:0px;--awb-spacing-right-large:1.92%;--awb-margin-bottom-large:20px;--awb-spacing-left-large:1.92%;--awb-width-medium:100%;--awb-order-medium:0;--awb-spacing-right-medium:1.92%;--awb-spacing-left-medium:1.92%;--awb-width-small:100%;--awb-order-small:0;--awb-spacing-right-small:1.92%;--awb-spacing-left-small:1.92%;\" data-scroll-devices=\"small-visibility,medium-visibility,large-visibility\"><div class=\"fusion-column-wrapper fusion-column-has-shadow fusion-flex-justify-content-flex-start fusion-content-layout-column\"><div class=\"fusion-text fusion-text-1\"><p>Ecosistemas de innovaci\u00f3n<\/p>\n<h1>Advanced Manufacturing CoE<\/h1>\n<div class=\"title-sep-container\"><\/div>\n<\/div><\/div><\/div><\/div><\/div><div class=\"fusion-fullwidth fullwidth-box fusion-builder-row-2 fusion-flex-container has-pattern-background has-mask-background fusion-parallax-fixed nonhundred-percent-fullwidth non-hundred-percent-height-scrolling eu_2024 section-color-transparent section-intro\" style=\"--awb-background-position:left top;--awb-border-radius-top-left:0px;--awb-border-radius-top-right:0px;--awb-border-radius-bottom-right:0px;--awb-border-radius-bottom-left:0px;--awb-background-image:url(&quot;https:\/\/eurecat.org\/wp-content\/uploads\/2024\/07\/cercle-opacity.png&quot;);--awb-background-size:600px;--awb-flex-wrap:wrap;background-attachment:fixed;\" ><div class=\"fusion-builder-row fusion-row fusion-flex-align-items-flex-start fusion-flex-content-wrap\" style=\"max-width:1424.8px;margin-left: calc(-4% \/ 2 );margin-right: calc(-4% \/ 2 );\"><div class=\"fusion-layout-column fusion_builder_column fusion-builder-column-1 fusion_builder_column_1_1 1_1 fusion-flex-column\" style=\"--awb-bg-size:cover;--awb-width-large:100%;--awb-margin-top-large:0px;--awb-spacing-right-large:1.92%;--awb-margin-bottom-large:20px;--awb-spacing-left-large:1.92%;--awb-width-medium:100%;--awb-order-medium:0;--awb-spacing-right-medium:1.92%;--awb-spacing-left-medium:1.92%;--awb-width-small:100%;--awb-order-small:0;--awb-spacing-right-small:1.92%;--awb-spacing-left-small:1.92%;\"><div class=\"fusion-column-wrapper fusion-column-has-shadow fusion-flex-justify-content-flex-start fusion-content-layout-column\"><div class=\"fusion-text fusion-text-2\"><h2><strong>Eurecat, especialista en tecnolog\u00edas y procesos de fabricaci\u00f3n avanzada<\/strong><\/h2>\n<\/div><div class=\"fusion-text fusion-text-3 txt-lg\"><p>Eurecat ha desarrollado tecnolog\u00edas de fabricaci\u00f3n y procesos productivos para una fabricaci\u00f3n avanzada y limpia que permita a las empresas manufactureras mejorar su productividad (velocidad de producci\u00f3n, precisi\u00f3n de operar y consumo de materiales y energ\u00eda) y la gesti\u00f3n de los residuos y la poluci\u00f3n bajo una perspectiva de ciclo de vida.<\/p>\n<p>Fruto de su especializaci\u00f3n y experiencia, Eurecat recibi\u00f3 el apoyo de la agencia ACCI\u00d3N (Generalidad de Catalu\u00f1a) como entidad coordinadora de la Comunidad RIS3CAT de Fabricaci\u00f3n Avanzada en el \u00e1mbito de los sistemas industriales.<\/p>\n<\/div><\/div><\/div><\/div><\/div>\n","protected":false},"excerpt":{"rendered":"","protected":false},"author":12,"featured_media":0,"parent":2785,"menu_order":0,"comment_status":"open","ping_status":"closed","template":"100-width.php","meta":{"footnotes":""},"class_list":["post-2800","page","type-page","status-publish","hentry"],"yoast_head":"<!-- This site is optimized with the Yoast SEO plugin v27.5 - https:\/\/yoast.com\/product\/yoast-seo-wordpress\/ -->\n<title>Advanced Manufacturing CoE Eurecat Centro Tecnol\u00f3gico<\/title>\n<meta name=\"robots\" content=\"index, follow, max-snippet:-1, max-image-preview:large, max-video-preview:-1\" \/>\n<link rel=\"canonical\" href=\"https:\/\/eurecat.org\/es\/eurecat\/centres-excellencia\/advanced-manufacturing-coe\/\" \/>\n<meta property=\"og:locale\" content=\"es_ES\" \/>\n<meta property=\"og:type\" content=\"article\" \/>\n<meta property=\"og:title\" content=\"Advanced Manufacturing CoE Eurecat Centro Tecnol\u00f3gico\" \/>\n<meta property=\"og:url\" content=\"https:\/\/eurecat.org\/es\/eurecat\/centres-excellencia\/advanced-manufacturing-coe\/\" \/>\n<meta property=\"og:site_name\" content=\"Eurecat\" \/>\n<meta property=\"article:modified_time\" content=\"2025-01-20T14:35:44+00:00\" \/>\n<meta name=\"twitter:card\" content=\"summary_large_image\" \/>\n<meta name=\"twitter:label1\" content=\"Tiempo de lectura\" \/>\n\t<meta name=\"twitter:data1\" content=\"1 minuto\" \/>\n<script type=\"application\/ld+json\" class=\"yoast-schema-graph\">{\"@context\":\"https:\\\/\\\/schema.org\",\"@graph\":[{\"@type\":\"WebPage\",\"@id\":\"https:\\\/\\\/eurecat.org\\\/es\\\/eurecat\\\/centres-excellencia\\\/advanced-manufacturing-coe\\\/\",\"url\":\"https:\\\/\\\/eurecat.org\\\/es\\\/eurecat\\\/centres-excellencia\\\/advanced-manufacturing-coe\\\/\",\"name\":\"Advanced Manufacturing CoE Eurecat Centro Tecnol\u00f3gico\",\"isPartOf\":{\"@id\":\"https:\\\/\\\/eurecat.org\\\/es\\\/#website\"},\"datePublished\":\"2015-07-14T05:11:47+00:00\",\"dateModified\":\"2025-01-20T14:35:44+00:00\",\"breadcrumb\":{\"@id\":\"https:\\\/\\\/eurecat.org\\\/es\\\/eurecat\\\/centres-excellencia\\\/advanced-manufacturing-coe\\\/#breadcrumb\"},\"inLanguage\":\"es\",\"potentialAction\":[{\"@type\":\"ReadAction\",\"target\":[\"https:\\\/\\\/eurecat.org\\\/es\\\/eurecat\\\/centres-excellencia\\\/advanced-manufacturing-coe\\\/\"]}]},{\"@type\":\"BreadcrumbList\",\"@id\":\"https:\\\/\\\/eurecat.org\\\/es\\\/eurecat\\\/centres-excellencia\\\/advanced-manufacturing-coe\\\/#breadcrumb\",\"itemListElement\":[{\"@type\":\"ListItem\",\"position\":1,\"name\":\"Inici\",\"item\":\"https:\\\/\\\/eurecat.org\\\/es\\\/\"},{\"@type\":\"ListItem\",\"position\":2,\"name\":\"Eurecat\",\"item\":\"https:\\\/\\\/eurecat.org\\\/es\\\/eurecat\\\/\"},{\"@type\":\"ListItem\",\"position\":3,\"name\":\"Ecosistemas de Innovaci\u00f3n\",\"item\":\"https:\\\/\\\/eurecat.org\\\/es\\\/eurecat\\\/centres-excellencia\\\/\"},{\"@type\":\"ListItem\",\"position\":4,\"name\":\"Advanced Manufacturing CoE\"}]},{\"@type\":\"WebSite\",\"@id\":\"https:\\\/\\\/eurecat.org\\\/es\\\/#website\",\"url\":\"https:\\\/\\\/eurecat.org\\\/es\\\/\",\"name\":\"Eurecat\",\"description\":\"Otro sitio realizado con WordPress\",\"potentialAction\":[{\"@type\":\"SearchAction\",\"target\":{\"@type\":\"EntryPoint\",\"urlTemplate\":\"https:\\\/\\\/eurecat.org\\\/es\\\/?s={search_term_string}\"},\"query-input\":{\"@type\":\"PropertyValueSpecification\",\"valueRequired\":true,\"valueName\":\"search_term_string\"}}],\"inLanguage\":\"es\"}]}<\/script>\n<!-- \/ Yoast SEO plugin. -->","yoast_head_json":{"title":"Advanced Manufacturing CoE Eurecat Centro Tecnol\u00f3gico","robots":{"index":"index","follow":"follow","max-snippet":"max-snippet:-1","max-image-preview":"max-image-preview:large","max-video-preview":"max-video-preview:-1"},"canonical":"https:\/\/eurecat.org\/es\/eurecat\/centres-excellencia\/advanced-manufacturing-coe\/","og_locale":"es_ES","og_type":"article","og_title":"Advanced Manufacturing CoE Eurecat Centro Tecnol\u00f3gico","og_url":"https:\/\/eurecat.org\/es\/eurecat\/centres-excellencia\/advanced-manufacturing-coe\/","og_site_name":"Eurecat","article_modified_time":"2025-01-20T14:35:44+00:00","twitter_card":"summary_large_image","twitter_misc":{"Tiempo de lectura":"1 minuto"},"schema":{"@context":"https:\/\/schema.org","@graph":[{"@type":"WebPage","@id":"https:\/\/eurecat.org\/es\/eurecat\/centres-excellencia\/advanced-manufacturing-coe\/","url":"https:\/\/eurecat.org\/es\/eurecat\/centres-excellencia\/advanced-manufacturing-coe\/","name":"Advanced Manufacturing CoE Eurecat Centro Tecnol\u00f3gico","isPartOf":{"@id":"https:\/\/eurecat.org\/es\/#website"},"datePublished":"2015-07-14T05:11:47+00:00","dateModified":"2025-01-20T14:35:44+00:00","breadcrumb":{"@id":"https:\/\/eurecat.org\/es\/eurecat\/centres-excellencia\/advanced-manufacturing-coe\/#breadcrumb"},"inLanguage":"es","potentialAction":[{"@type":"ReadAction","target":["https:\/\/eurecat.org\/es\/eurecat\/centres-excellencia\/advanced-manufacturing-coe\/"]}]},{"@type":"BreadcrumbList","@id":"https:\/\/eurecat.org\/es\/eurecat\/centres-excellencia\/advanced-manufacturing-coe\/#breadcrumb","itemListElement":[{"@type":"ListItem","position":1,"name":"Inici","item":"https:\/\/eurecat.org\/es\/"},{"@type":"ListItem","position":2,"name":"Eurecat","item":"https:\/\/eurecat.org\/es\/eurecat\/"},{"@type":"ListItem","position":3,"name":"Ecosistemas de Innovaci\u00f3n","item":"https:\/\/eurecat.org\/es\/eurecat\/centres-excellencia\/"},{"@type":"ListItem","position":4,"name":"Advanced Manufacturing CoE"}]},{"@type":"WebSite","@id":"https:\/\/eurecat.org\/es\/#website","url":"https:\/\/eurecat.org\/es\/","name":"Eurecat","description":"Otro sitio realizado con WordPress","potentialAction":[{"@type":"SearchAction","target":{"@type":"EntryPoint","urlTemplate":"https:\/\/eurecat.org\/es\/?s={search_term_string}"},"query-input":{"@type":"PropertyValueSpecification","valueRequired":true,"valueName":"search_term_string"}}],"inLanguage":"es"}]}},"_links":{"self":[{"href":"https:\/\/eurecat.org\/es\/wp-json\/wp\/v2\/pages\/2800","targetHints":{"allow":["GET"]}}],"collection":[{"href":"https:\/\/eurecat.org\/es\/wp-json\/wp\/v2\/pages"}],"about":[{"href":"https:\/\/eurecat.org\/es\/wp-json\/wp\/v2\/types\/page"}],"author":[{"embeddable":true,"href":"https:\/\/eurecat.org\/es\/wp-json\/wp\/v2\/users\/12"}],"replies":[{"embeddable":true,"href":"https:\/\/eurecat.org\/es\/wp-json\/wp\/v2\/comments?post=2800"}],"version-history":[{"count":1,"href":"https:\/\/eurecat.org\/es\/wp-json\/wp\/v2\/pages\/2800\/revisions"}],"predecessor-version":[{"id":169453,"href":"https:\/\/eurecat.org\/es\/wp-json\/wp\/v2\/pages\/2800\/revisions\/169453"}],"up":[{"embeddable":true,"href":"https:\/\/eurecat.org\/es\/wp-json\/wp\/v2\/pages\/2785"}],"wp:attachment":[{"href":"https:\/\/eurecat.org\/es\/wp-json\/wp\/v2\/media?parent=2800"}],"curies":[{"name":"wp","href":"https:\/\/api.w.org\/{rel}","templated":true}]}}