{"id":2803,"date":"2015-07-16T11:23:53","date_gmt":"2015-07-16T09:23:53","guid":{"rendered":"http:\/\/eurecat.org\/es\/?page_id=2803"},"modified":"2025-01-20T16:03:25","modified_gmt":"2025-01-20T15:03:25","slug":"reimagine-textile","status":"publish","type":"page","link":"https:\/\/eurecat.org\/es\/eurecat\/centres-excellencia\/reimagine-textile\/","title":{"rendered":"Reimagine Textile"},"content":{"rendered":"<div class=\"fusion-fullwidth fullwidth-box fusion-builder-row-1 fusion-flex-container has-pattern-background has-mask-background fusion-parallax-none nonhundred-percent-fullwidth non-hundred-percent-height-scrolling eu_2024 section-hero section-color-transparent\" style=\"--awb-border-radius-top-left:0px;--awb-border-radius-top-right:0px;--awb-border-radius-bottom-right:0px;--awb-border-radius-bottom-left:0px;--awb-background-color:rgba(0,0,0,0.37);--awb-background-image:url(&quot;https:\/\/eurecat.org\/wp-content\/uploads\/2025\/01\/header-11.jpg&quot;);--awb-background-size:cover;--awb-flex-wrap:wrap;\" ><div class=\"fusion-builder-row fusion-row fusion-flex-align-items-flex-start fusion-flex-content-wrap\" style=\"max-width:1424.8px;margin-left: calc(-4% \/ 2 );margin-right: calc(-4% \/ 2 );\"><div class=\"fusion-layout-column fusion_builder_column fusion-builder-column-0 fusion_builder_column_1_1 1_1 fusion-flex-column\" style=\"--awb-bg-size:cover;--awb-width-large:100%;--awb-margin-top-large:0px;--awb-spacing-right-large:1.92%;--awb-margin-bottom-large:20px;--awb-spacing-left-large:1.92%;--awb-width-medium:100%;--awb-order-medium:0;--awb-spacing-right-medium:1.92%;--awb-spacing-left-medium:1.92%;--awb-width-small:100%;--awb-order-small:0;--awb-spacing-right-small:1.92%;--awb-spacing-left-small:1.92%;\" data-scroll-devices=\"small-visibility,medium-visibility,large-visibility\"><div class=\"fusion-column-wrapper fusion-column-has-shadow fusion-flex-justify-content-flex-start fusion-content-layout-column\"><div class=\"fusion-text fusion-text-1\"><p>Ecosistemas de innovaci\u00f3n<\/p>\n<h1>Reimagine Textile<\/h1>\n<\/div><\/div><\/div><\/div><\/div><div class=\"fusion-fullwidth fullwidth-box fusion-builder-row-2 fusion-flex-container has-pattern-background has-mask-background fusion-parallax-fixed nonhundred-percent-fullwidth non-hundred-percent-height-scrolling eu_2024 section-color-transparent section-intro\" style=\"--awb-background-position:left top;--awb-border-radius-top-left:0px;--awb-border-radius-top-right:0px;--awb-border-radius-bottom-right:0px;--awb-border-radius-bottom-left:0px;--awb-background-image:url(&quot;https:\/\/eurecat.org\/wp-content\/uploads\/2024\/07\/cercle-opacity.png&quot;);--awb-background-size:600px;--awb-flex-wrap:wrap;background-attachment:fixed;\" ><div class=\"fusion-builder-row fusion-row fusion-flex-align-items-flex-start fusion-flex-content-wrap\" style=\"max-width:1424.8px;margin-left: calc(-4% \/ 2 );margin-right: calc(-4% \/ 2 );\"><div class=\"fusion-layout-column fusion_builder_column fusion-builder-column-1 fusion_builder_column_1_1 1_1 fusion-flex-column\" style=\"--awb-bg-size:cover;--awb-width-large:100%;--awb-margin-top-large:0px;--awb-spacing-right-large:1.92%;--awb-margin-bottom-large:20px;--awb-spacing-left-large:1.92%;--awb-width-medium:100%;--awb-order-medium:0;--awb-spacing-right-medium:1.92%;--awb-spacing-left-medium:1.92%;--awb-width-small:100%;--awb-order-small:0;--awb-spacing-right-small:1.92%;--awb-spacing-left-small:1.92%;\"><div class=\"fusion-column-wrapper fusion-column-has-shadow fusion-flex-justify-content-flex-start fusion-content-layout-column\"><div class=\"fusion-text fusion-text-2\"><h2><strong>Reimagine Textile es la red de colaboraci\u00f3n que conecta los principales agentes del sector del textil para reimaginarlo con las aplicaciones en el siglo XXI<\/strong><\/h2>\n<\/div><div class=\"fusion-text fusion-text-3 txt-lg\"><p>Los nuevos materiales, procesos de producci\u00f3n y canales, la proliferaci\u00f3n de datos, dispositivos y sensores y la hiperconectividad est\u00e1n provocando una <strong>nueva revoluci\u00f3n del textil<\/strong>.<\/p>\n<p>Impulsado por Eurecat, el TecnoCampus Matar\u00f3 y el Centro de Investigaci\u00f3n y Transferencia de Tecnolog\u00eda Textil de Canet de Mar, Reimagine Textile pretende ser un\u00a0<strong>actor clave de esta revoluci\u00f3n, sumando textil, tecnolog\u00eda, innovaci\u00f3n, talento, nuevos modelos de negocio, nuevas competencias, dise\u00f1o y digitalizaci\u00f3n.<\/strong><\/p>\n<p>Se trata de un ecosistema basado en una filosof\u00eda abierta: sus miembros colaboran, comparten, co-trabajan, co-crean, co-invierten y conectan entre ellos.<\/p>\n<p><strong>Los 5 ejes de Reimagine Textile son la tecnolog\u00eda, la industria, la formaci\u00f3n, el emprendimiento y la inversi\u00f3n.<\/strong>\u00a0Por ello, est\u00e1 formada por empresas, emprendedores, centros tecnol\u00f3gicos, Fablabs, escuelas de dise\u00f1o, universidades, inversores, mentores, incubadoras, aceleradoras, consultoras y asociaciones.<\/p>\n<p>El portafolio de servicios a los miembros de la red incluye un laboratorio de innovaci\u00f3n y prototipos avanzados, un radar tecnol\u00f3gico, servicios de incubaci\u00f3n, aceleraci\u00f3n tecnol\u00f3gica y empresarial, mentoring, financiaci\u00f3n, asesoramiento y apoyo en la aproximaci\u00f3n a mercado y los nuevos modelos de negocio, as\u00ed como actividades de networking y divulgaci\u00f3n<\/p>\n<\/div><\/div><\/div><\/div><\/div><div class=\"fusion-fullwidth fullwidth-box fusion-builder-row-3 fusion-flex-container has-pattern-background has-mask-background nonhundred-percent-fullwidth non-hundred-percent-height-scrolling eu_2024 section-color-lightest\" style=\"--awb-border-radius-top-left:0px;--awb-border-radius-top-right:0px;--awb-border-radius-bottom-right:0px;--awb-border-radius-bottom-left:0px;--awb-flex-wrap:wrap;\" ><div class=\"fusion-builder-row fusion-row fusion-flex-align-items-center fusion-flex-content-wrap\" style=\"max-width:1424.8px;margin-left: calc(-4% \/ 2 );margin-right: calc(-4% \/ 2 );\"><div class=\"fusion-layout-column fusion_builder_column fusion-builder-column-2 fusion_builder_column_1_2 1_2 fusion-flex-column\" style=\"--awb-bg-size:cover;--awb-width-large:50%;--awb-margin-top-large:0px;--awb-spacing-right-large:3.84%;--awb-margin-bottom-large:20px;--awb-spacing-left-large:3.84%;--awb-width-medium:100%;--awb-order-medium:0;--awb-spacing-right-medium:1.92%;--awb-spacing-left-medium:1.92%;--awb-width-small:100%;--awb-order-small:0;--awb-spacing-right-small:1.92%;--awb-spacing-left-small:1.92%;\"><div class=\"fusion-column-wrapper fusion-column-has-shadow fusion-flex-justify-content-flex-start fusion-content-layout-column\"><div class=\"fusion-image-element \" style=\"--awb-caption-title-font-family:var(--h2_typography-font-family);--awb-caption-title-font-weight:var(--h2_typography-font-weight);--awb-caption-title-font-style:var(--h2_typography-font-style);--awb-caption-title-size:var(--h2_typography-font-size);--awb-caption-title-transform:var(--h2_typography-text-transform);--awb-caption-title-line-height:var(--h2_typography-line-height);--awb-caption-title-letter-spacing:var(--h2_typography-letter-spacing);\"><span class=\" fusion-imageframe imageframe-none imageframe-1 hover-type-none\"><img decoding=\"async\" width=\"800\" height=\"585\" title=\"destacat800x585\" src=\"https:\/\/eurecat.org\/wp-content\/uploads\/2025\/01\/destacat800x585-5.jpg\" alt class=\"img-responsive wp-image-169461\" srcset=\"https:\/\/eurecat.org\/wp-content\/uploads\/2025\/01\/destacat800x585-5-200x146.jpg 200w, https:\/\/eurecat.org\/wp-content\/uploads\/2025\/01\/destacat800x585-5-400x293.jpg 400w, https:\/\/eurecat.org\/wp-content\/uploads\/2025\/01\/destacat800x585-5-600x439.jpg 600w, https:\/\/eurecat.org\/wp-content\/uploads\/2025\/01\/destacat800x585-5.jpg 800w\" sizes=\"(max-width: 1024px) 100vw, (max-width: 640px) 100vw, 800px\" \/><\/span><\/div><\/div><\/div><div class=\"fusion-layout-column fusion_builder_column fusion-builder-column-3 fusion_builder_column_1_2 1_2 fusion-flex-column\" style=\"--awb-bg-size:cover;--awb-width-large:50%;--awb-margin-top-large:0px;--awb-spacing-right-large:3.84%;--awb-margin-bottom-large:20px;--awb-spacing-left-large:3.84%;--awb-width-medium:100%;--awb-order-medium:0;--awb-spacing-right-medium:1.92%;--awb-spacing-left-medium:1.92%;--awb-width-small:100%;--awb-order-small:0;--awb-spacing-right-small:1.92%;--awb-spacing-left-small:1.92%;\"><div class=\"fusion-column-wrapper fusion-column-has-shadow fusion-flex-justify-content-flex-start fusion-content-layout-column\"><div class=\"fusion-text fusion-text-4\"><h4>\u00bfQuieres saber m\u00e1s sobre Reimagine Textile?<\/h4>\n<\/div><div class=\"fusion-text fusion-text-5\"><p>Reimagine Textile ofrece un programa de mentoring empresarial dise\u00f1ado para impulsar vuestro proyecto durante la fase de puesta en marcha (pre-seed) y de aceleraci\u00f3n. Adem\u00e1s, proporcionamos asesoramiento tecnol\u00f3gico y t\u00e9cnico para vuestra I+D+I.<\/p>\n<p>Nuestro equipo de expertos en innovaci\u00f3n tecnol\u00f3gica y empresarial del sector textil est\u00e1 al tanto de las \u00faltimas tendencias y ofrece servicios de vigilancia tecnol\u00f3gica, estudios de benchmarking y jornadas sectoriales espec\u00edficas para garantizar el m\u00e1ximo apoyo a vuestro proyecto.<\/p>\n<p>\u00a1Consulta la web para saber m\u00e1s sobre esta iniciativa!<\/p>\n<div class=\"wpaicg-chat-shortcode-content\"><\/div>\n<div class=\"wpaicg-chat-shortcode-type\"><\/div>\n<\/div><div ><a class=\"fusion-button button-flat fusion-button-default-size button-default fusion-button-default button-1 fusion-button-default-span fusion-button-default-type\" target=\"_self\" href=\"https:\/\/reimaginetextile.com\/\"><span class=\"fusion-button-text awb-button__text awb-button__text--default\">Visita la web<\/span><\/a><\/div><\/div><\/div><\/div><\/div>\n","protected":false},"excerpt":{"rendered":"","protected":false},"author":12,"featured_media":0,"parent":2785,"menu_order":0,"comment_status":"open","ping_status":"closed","template":"100-width.php","meta":{"footnotes":""},"class_list":["post-2803","page","type-page","status-publish","hentry"],"yoast_head":"<!-- This site is optimized with the Yoast SEO plugin v27.3 - https:\/\/yoast.com\/product\/yoast-seo-wordpress\/ -->\n<title>Reimagine Textile - Eurecat Centro Tecnol\u00f3gico de Catalu\u00f1a<\/title>\n<meta name=\"description\" content=\"Reimagine Textile es la red de colaboraci\u00f3n que conecta los principales agentes del sector del textil para reimaginarlo con las aplicaciones en el siglo XXI.\" \/>\n<meta name=\"robots\" content=\"index, follow, max-snippet:-1, max-image-preview:large, max-video-preview:-1\" \/>\n<link rel=\"canonical\" href=\"https:\/\/eurecat.org\/es\/eurecat\/centres-excellencia\/reimagine-textile\/\" \/>\n<meta property=\"og:locale\" content=\"es_ES\" \/>\n<meta property=\"og:type\" content=\"article\" \/>\n<meta property=\"og:title\" content=\"Reimagine Textile - Eurecat Centro Tecnol\u00f3gico de Catalu\u00f1a\" \/>\n<meta property=\"og:description\" content=\"Reimagine Textile es la red de colaboraci\u00f3n que conecta los principales agentes del sector del textil para reimaginarlo con las aplicaciones en el siglo XXI.\" \/>\n<meta property=\"og:url\" content=\"https:\/\/eurecat.org\/es\/eurecat\/centres-excellencia\/reimagine-textile\/\" \/>\n<meta property=\"og:site_name\" content=\"Eurecat\" \/>\n<meta property=\"article:modified_time\" content=\"2025-01-20T15:03:25+00:00\" \/>\n<meta name=\"twitter:card\" content=\"summary_large_image\" \/>\n<meta name=\"twitter:label1\" content=\"Tiempo de lectura\" \/>\n\t<meta name=\"twitter:data1\" content=\"2 minutos\" \/>\n<script type=\"application\/ld+json\" class=\"yoast-schema-graph\">{\"@context\":\"https:\\\/\\\/schema.org\",\"@graph\":[{\"@type\":\"WebPage\",\"@id\":\"https:\\\/\\\/eurecat.org\\\/es\\\/eurecat\\\/centres-excellencia\\\/reimagine-textile\\\/\",\"url\":\"https:\\\/\\\/eurecat.org\\\/es\\\/eurecat\\\/centres-excellencia\\\/reimagine-textile\\\/\",\"name\":\"Reimagine Textile - Eurecat Centro Tecnol\u00f3gico de Catalu\u00f1a\",\"isPartOf\":{\"@id\":\"https:\\\/\\\/eurecat.org\\\/es\\\/#website\"},\"datePublished\":\"2015-07-16T09:23:53+00:00\",\"dateModified\":\"2025-01-20T15:03:25+00:00\",\"description\":\"Reimagine Textile es la red de colaboraci\u00f3n que conecta los principales agentes del sector del textil para reimaginarlo con las aplicaciones en el siglo XXI.\",\"breadcrumb\":{\"@id\":\"https:\\\/\\\/eurecat.org\\\/es\\\/eurecat\\\/centres-excellencia\\\/reimagine-textile\\\/#breadcrumb\"},\"inLanguage\":\"es\",\"potentialAction\":[{\"@type\":\"ReadAction\",\"target\":[\"https:\\\/\\\/eurecat.org\\\/es\\\/eurecat\\\/centres-excellencia\\\/reimagine-textile\\\/\"]}]},{\"@type\":\"BreadcrumbList\",\"@id\":\"https:\\\/\\\/eurecat.org\\\/es\\\/eurecat\\\/centres-excellencia\\\/reimagine-textile\\\/#breadcrumb\",\"itemListElement\":[{\"@type\":\"ListItem\",\"position\":1,\"name\":\"Inici\",\"item\":\"https:\\\/\\\/eurecat.org\\\/es\\\/\"},{\"@type\":\"ListItem\",\"position\":2,\"name\":\"Eurecat\",\"item\":\"https:\\\/\\\/eurecat.org\\\/es\\\/eurecat\\\/\"},{\"@type\":\"ListItem\",\"position\":3,\"name\":\"Ecosistemas de Innovaci\u00f3n\",\"item\":\"https:\\\/\\\/eurecat.org\\\/es\\\/eurecat\\\/centres-excellencia\\\/\"},{\"@type\":\"ListItem\",\"position\":4,\"name\":\"Reimagine Textile\"}]},{\"@type\":\"WebSite\",\"@id\":\"https:\\\/\\\/eurecat.org\\\/es\\\/#website\",\"url\":\"https:\\\/\\\/eurecat.org\\\/es\\\/\",\"name\":\"Eurecat\",\"description\":\"Otro sitio realizado con WordPress\",\"potentialAction\":[{\"@type\":\"SearchAction\",\"target\":{\"@type\":\"EntryPoint\",\"urlTemplate\":\"https:\\\/\\\/eurecat.org\\\/es\\\/?s={search_term_string}\"},\"query-input\":{\"@type\":\"PropertyValueSpecification\",\"valueRequired\":true,\"valueName\":\"search_term_string\"}}],\"inLanguage\":\"es\"}]}<\/script>\n<!-- \/ Yoast SEO plugin. -->","yoast_head_json":{"title":"Reimagine Textile - Eurecat Centro Tecnol\u00f3gico de Catalu\u00f1a","description":"Reimagine Textile es la red de colaboraci\u00f3n que conecta los principales agentes del sector del textil para reimaginarlo con las aplicaciones en el siglo XXI.","robots":{"index":"index","follow":"follow","max-snippet":"max-snippet:-1","max-image-preview":"max-image-preview:large","max-video-preview":"max-video-preview:-1"},"canonical":"https:\/\/eurecat.org\/es\/eurecat\/centres-excellencia\/reimagine-textile\/","og_locale":"es_ES","og_type":"article","og_title":"Reimagine Textile - Eurecat Centro Tecnol\u00f3gico de Catalu\u00f1a","og_description":"Reimagine Textile es la red de colaboraci\u00f3n que conecta los principales agentes del sector del textil para reimaginarlo con las aplicaciones en el siglo XXI.","og_url":"https:\/\/eurecat.org\/es\/eurecat\/centres-excellencia\/reimagine-textile\/","og_site_name":"Eurecat","article_modified_time":"2025-01-20T15:03:25+00:00","twitter_card":"summary_large_image","twitter_misc":{"Tiempo de lectura":"2 minutos"},"schema":{"@context":"https:\/\/schema.org","@graph":[{"@type":"WebPage","@id":"https:\/\/eurecat.org\/es\/eurecat\/centres-excellencia\/reimagine-textile\/","url":"https:\/\/eurecat.org\/es\/eurecat\/centres-excellencia\/reimagine-textile\/","name":"Reimagine Textile - Eurecat Centro Tecnol\u00f3gico de Catalu\u00f1a","isPartOf":{"@id":"https:\/\/eurecat.org\/es\/#website"},"datePublished":"2015-07-16T09:23:53+00:00","dateModified":"2025-01-20T15:03:25+00:00","description":"Reimagine Textile es la red de colaboraci\u00f3n que conecta los principales agentes del sector del textil para reimaginarlo con las aplicaciones en el siglo XXI.","breadcrumb":{"@id":"https:\/\/eurecat.org\/es\/eurecat\/centres-excellencia\/reimagine-textile\/#breadcrumb"},"inLanguage":"es","potentialAction":[{"@type":"ReadAction","target":["https:\/\/eurecat.org\/es\/eurecat\/centres-excellencia\/reimagine-textile\/"]}]},{"@type":"BreadcrumbList","@id":"https:\/\/eurecat.org\/es\/eurecat\/centres-excellencia\/reimagine-textile\/#breadcrumb","itemListElement":[{"@type":"ListItem","position":1,"name":"Inici","item":"https:\/\/eurecat.org\/es\/"},{"@type":"ListItem","position":2,"name":"Eurecat","item":"https:\/\/eurecat.org\/es\/eurecat\/"},{"@type":"ListItem","position":3,"name":"Ecosistemas de Innovaci\u00f3n","item":"https:\/\/eurecat.org\/es\/eurecat\/centres-excellencia\/"},{"@type":"ListItem","position":4,"name":"Reimagine Textile"}]},{"@type":"WebSite","@id":"https:\/\/eurecat.org\/es\/#website","url":"https:\/\/eurecat.org\/es\/","name":"Eurecat","description":"Otro sitio realizado con WordPress","potentialAction":[{"@type":"SearchAction","target":{"@type":"EntryPoint","urlTemplate":"https:\/\/eurecat.org\/es\/?s={search_term_string}"},"query-input":{"@type":"PropertyValueSpecification","valueRequired":true,"valueName":"search_term_string"}}],"inLanguage":"es"}]}},"_links":{"self":[{"href":"https:\/\/eurecat.org\/es\/wp-json\/wp\/v2\/pages\/2803","targetHints":{"allow":["GET"]}}],"collection":[{"href":"https:\/\/eurecat.org\/es\/wp-json\/wp\/v2\/pages"}],"about":[{"href":"https:\/\/eurecat.org\/es\/wp-json\/wp\/v2\/types\/page"}],"author":[{"embeddable":true,"href":"https:\/\/eurecat.org\/es\/wp-json\/wp\/v2\/users\/12"}],"replies":[{"embeddable":true,"href":"https:\/\/eurecat.org\/es\/wp-json\/wp\/v2\/comments?post=2803"}],"version-history":[{"count":1,"href":"https:\/\/eurecat.org\/es\/wp-json\/wp\/v2\/pages\/2803\/revisions"}],"predecessor-version":[{"id":169469,"href":"https:\/\/eurecat.org\/es\/wp-json\/wp\/v2\/pages\/2803\/revisions\/169469"}],"up":[{"embeddable":true,"href":"https:\/\/eurecat.org\/es\/wp-json\/wp\/v2\/pages\/2785"}],"wp:attachment":[{"href":"https:\/\/eurecat.org\/es\/wp-json\/wp\/v2\/media?parent=2803"}],"curies":[{"name":"wp","href":"https:\/\/api.w.org\/{rel}","templated":true}]}}