{"id":2904,"date":"2015-07-16T09:19:29","date_gmt":"2015-07-16T07:19:29","guid":{"rendered":"http:\/\/eurecat.org\/es\/?page_id=2904"},"modified":"2025-11-25T17:27:47","modified_gmt":"2025-11-25T16:27:47","slug":"politica-de-cookies","status":"publish","type":"page","link":"https:\/\/eurecat.org\/es\/politica-de-cookies\/","title":{"rendered":"Pol\u00edtica de cookies"},"content":{"rendered":"<div class=\"fusion-fullwidth fullwidth-box fusion-builder-row-1 hundred-percent-fullwidth non-hundred-percent-height-scrolling\" style=\"--awb-border-radius-top-left:0px;--awb-border-radius-top-right:0px;--awb-border-radius-bottom-right:0px;--awb-border-radius-bottom-left:0px;--awb-overflow:visible;--awb-flex-wrap:wrap;\" ><div class=\"fusion-builder-row fusion-row\"><div class=\"fusion-layout-column fusion_builder_column fusion-builder-column-0 fusion_builder_column_2_3 2_3 fusion-two-third fusion-column-first\" style=\"--awb-bg-size:cover;width:65.3333%; margin-right: 4%;\"><div class=\"fusion-column-wrapper fusion-flex-column-wrapper-legacy\"><div class=\"fusion-text fusion-text-1\"><p><b>\u00bfQu\u00e9 son las cookies y por qu\u00e9 se utilizan?<\/b><\/p>\n<p><span style=\"font-weight: 400;\">Una cookie es un archivo que se descarga en el dispositivo del usuario para acceder a un determinado sitio web para almacenar y recuperar informaci\u00f3n sobre la navegaci\u00f3n que se hace en el ordenador.<\/span><\/p>\n<p><span style=\"font-weight: 400;\">Las cookies permiten a este sitio web, entre otras cosas, almacenar y recuperar informaci\u00f3n sobre las opciones y los h\u00e1bitos del usuario.\u00a0En este sitio web, las cookies que existen son necesarias para el funcionamiento de este.<\/span><\/p>\n<p><span style=\"font-weight: 400;\">Es importante tener en cuenta que el uso de cookies no proporciona datos personales del usuario.<\/span><\/p>\n<p><b>\u00bfQu\u00e9 tipo de cookies existen?<\/b><\/p>\n<p><span style=\"font-weight: 400;\">Las cookies, en funci\u00f3n del tiempo que permanecen activadas, pueden dividirse en cookies de sesi\u00f3n o permanentes:<\/span><\/p>\n<ul>\n<li style=\"font-weight: 400;\"><b>Cookies de sesi\u00f3n: <\/b><span style=\"font-weight: 400;\">los datos que recaban y almacenan estas cookies se recogen mientras el usuario navega por la p\u00e1gina web, y son eliminadas al cerrar el navegador. Se suelen emplear para almacenar informaci\u00f3n que interesa conservar para la prestaci\u00f3n del servicio solicitado por el usuario en una sola ocasi\u00f3n.<\/span><\/li>\n<li style=\"font-weight: 400;\"><b>Cookies persistentes:<\/b><span style=\"font-weight: 400;\"> mediante estas cookies los datos contin\u00faan almacenados en el terminal<\/span> <span style=\"font-weight: 400;\">durante un per\u00edodo de tiempo determinado, facilitando as\u00ed el control de las preferencias elegidas sin tener que repetir ciertos par\u00e1metros cada vez que se visite el sitio web.<\/span><\/li>\n<\/ul>\n<p><span style=\"font-weight: 400;\">Adicionalmente, seg\u00fan la entidad que las gestione, las cookies pueden clasificarse en propias o de tercero:<\/span><\/p>\n<ul>\n<li style=\"font-weight: 400;\"><b>Cookies propias: <\/b><span style=\"font-weight: 400;\">estas cookies se env\u00edan al equipo terminal del usuario desde un equipo o dominio gestionado por el propio editor y desde el cual se presta el servicio solicitado por el usuario.\u00a0<\/span><\/li>\n<li style=\"font-weight: 400;\"><b>Cookies de terceros:<\/b><span style=\"font-weight: 400;\"> estas cookies se env\u00edan al equipo terminal del usuario desde un equipo o dominio que no es gestionado por el editor, sino por otra entidad que trata los datos obtenidos trav\u00e9s de las cookies.<\/span><\/li>\n<\/ul>\n<p><span style=\"font-weight: 400;\">En cuanto a la finalidad, las cookies pueden ser:<\/span><\/p>\n<ul>\n<li style=\"font-weight: 400;\"><b>Cookies t\u00e9cnicas: <\/b><span style=\"font-weight: 400;\">estas cookies permiten controlar el tr\u00e1fico y la comunicaci\u00f3n de datos.<\/span><\/li>\n<li style=\"font-weight: 400;\"><b>Cookies de personalizaci\u00f3n: <\/b><span style=\"font-weight: 400;\">estas cookies dejan acceder a los usuarios seg\u00fan algunas caracter\u00edsticas propias que se recogen (navegador, idioma, etc.).<\/span><\/li>\n<li style=\"font-weight: 400;\"><b>Cookies de an\u00e1lisis: <\/b><span style=\"font-weight: 400;\">estas cookies permiten al responsable de las mismas el seguimiento y an\u00e1lisis del comportamiento de los usuarios de los sitios web y permiten elaborar un perfil de usuario.\u00a0<\/span><\/li>\n<li style=\"font-weight: 400;\"><b>Cookies publicitarias:<\/b> <span style=\"font-weight: 400;\">estas cookies recogen datos sobre la gesti\u00f3n de los espacios publicitarios.<\/span><\/li>\n<\/ul>\n<p><b>\u00bfQu\u00e9 tipo de cookies utiliza la web?<\/b><\/p>\n<p><span style=\"font-weight: 400;\">El usuario puede consultar y configurar el uso de las cookies de la web en el [wcc_preference_button]<\/span><\/p>\n<p><span style=\"font-weight: 400;\">Es importante que el usuario tenga en cuenta que, aunque configure las cookies de la web, algunas de las cookies instaladas son necesarias para poder utilizar correctamente la web, estas cookies no requieren su consentimiento ni gesti\u00f3n.<\/span><\/p>\n<p>[wcc_category_list]<\/p>\n<p><b>\u00bfC\u00f3mo deshabilitar las cookies en su navegador?<\/b><\/p>\n<p><span style=\"font-weight: 400;\">La configuraci\u00f3n de las cookies se ve reflejada en el navegador escogido por el usuario, adicionalmente se proporciona informaci\u00f3n adicional al usuario sobre c\u00f3mo puede permitir, bloquear o eliminar las cookies instaladas en su equipo mediante la configuraci\u00f3n de las opciones del navegador instalado en su ordenador. Por favor, lee atentamente la secci\u00f3n de ayuda de su navegador para conocer m\u00e1s acerca de c\u00f3mo activar el \u201cmodo privado\u201d o desbloquear determinadas cookies.<\/span><\/p>\n<ul>\n<li style=\"font-weight: 400;\"><span style=\"font-weight: 400;\">Informaci\u00f3n sobre cookies para\u00a0<\/span><a href=\"https:\/\/support.microsoft.com\/es-es\/help\/17442\/windows-internet-explorer-delete-manage-cookies\"><span style=\"font-weight: 400;\">Internet Explorer<\/span><\/a><span style=\"font-weight: 400;\">.<\/span><\/li>\n<li style=\"font-weight: 400;\"><span style=\"font-weight: 400;\">Informaci\u00f3n sobre cookies para\u00a0<\/span><a href=\"https:\/\/support.mozilla.org\/es\/kb\/habilitar-y-deshabilitar-cookies-que-los-sitios-we\"><span style=\"font-weight: 400;\">Mozilla Firefox<\/span><\/a><span style=\"font-weight: 400;\">.<\/span><\/li>\n<li style=\"font-weight: 400;\"><span style=\"font-weight: 400;\">Informaci\u00f3n sobre cookies para\u00a0<\/span><a href=\"http:\/\/help.opera.com\/Windows\/11.50\/es-ES\/cookies.html\"><span style=\"font-weight: 400;\">Opera<\/span><\/a><span style=\"font-weight: 400;\">.<\/span><\/li>\n<li style=\"font-weight: 400;\"><span style=\"font-weight: 400;\">Informaci\u00f3n sobre cookies para\u00a0<\/span><a href=\"https:\/\/support.google.com\/accounts\/answer\/61416?hl=es\"><span style=\"font-weight: 400;\">Google Chrome<\/span><\/a><span style=\"font-weight: 400;\">.<\/span><\/li>\n<li style=\"font-weight: 400;\"><span style=\"font-weight: 400;\">Informaci\u00f3n sobre cookies para\u00a0<\/span><a href=\"https:\/\/support.apple.com\/es-es\/HT201265\"><span style=\"font-weight: 400;\">Safari<\/span><\/a><span style=\"font-weight: 400;\">.<\/span><\/li>\n<\/ul>\n<p><b>Informaci\u00f3n adicional<\/b><\/p>\n<p><span style=\"font-weight: 400;\">Para m\u00e1s informaci\u00f3n sobre el uso de las cookies y c\u00f3mo bloquearlas accede a <\/span><a href=\"http:\/\/www.allaboutcookies.org\"><span style=\"font-weight: 400;\">www.allaboutcookies.org<\/span><\/a><span style=\"font-weight: 400;\">, <\/span><a href=\"http:\/\/www.youronlinechoices.eu\"><span style=\"font-weight: 400;\">www.youronlinechoices.eu<\/span><\/a><span style=\"font-weight: 400;\">. Si tiene alguna pregunta o comentario acerca de nuestro uso de cookies, p\u00f3ngase en contacto con nosotros v\u00eda correo electr\u00f3nico a <\/span><a href=\"mailto:legal@eurecat.org\"><b>legal@eurecat.org<\/b><\/a> <span style=\"font-weight: 400;\">como responsable de la web o bien, como proveedor del servicio de gesti\u00f3n web<\/span><\/p>\n<\/div><div class=\"fusion-clearfix\"><\/div><\/div><\/div><\/div><\/div>\n","protected":false},"excerpt":{"rendered":"","protected":false},"author":12,"featured_media":0,"parent":0,"menu_order":1970,"comment_status":"closed","ping_status":"closed","template":"","meta":{"footnotes":""},"class_list":["post-2904","page","type-page","status-publish","hentry"],"yoast_head":"<!-- This site is optimized with the Yoast SEO plugin v27.4 - https:\/\/yoast.com\/product\/yoast-seo-wordpress\/ -->\n<title>Pol\u00edtica de cookies - Eurecat<\/title>\n<meta name=\"robots\" content=\"noindex, follow\" \/>\n<meta property=\"og:locale\" content=\"es_ES\" \/>\n<meta property=\"og:type\" content=\"article\" \/>\n<meta property=\"og:title\" content=\"Pol\u00edtica de cookies - Eurecat\" \/>\n<meta property=\"og:url\" content=\"https:\/\/eurecat.org\/es\/politica-de-cookies\/\" \/>\n<meta property=\"og:site_name\" content=\"Eurecat\" \/>\n<meta property=\"article:modified_time\" content=\"2025-11-25T16:27:47+00:00\" \/>\n<meta name=\"twitter:card\" content=\"summary_large_image\" \/>\n<meta name=\"twitter:label1\" content=\"Tiempo de lectura\" \/>\n\t<meta name=\"twitter:data1\" content=\"4 minutos\" \/>\n<script type=\"application\/ld+json\" class=\"yoast-schema-graph\">{\"@context\":\"https:\\\/\\\/schema.org\",\"@graph\":[{\"@type\":\"WebPage\",\"@id\":\"https:\\\/\\\/eurecat.org\\\/es\\\/politica-de-cookies\\\/\",\"url\":\"https:\\\/\\\/eurecat.org\\\/es\\\/politica-de-cookies\\\/\",\"name\":\"Pol\u00edtica de cookies - Eurecat\",\"isPartOf\":{\"@id\":\"https:\\\/\\\/eurecat.org\\\/es\\\/#website\"},\"datePublished\":\"2015-07-16T07:19:29+00:00\",\"dateModified\":\"2025-11-25T16:27:47+00:00\",\"breadcrumb\":{\"@id\":\"https:\\\/\\\/eurecat.org\\\/es\\\/politica-de-cookies\\\/#breadcrumb\"},\"inLanguage\":\"es\",\"potentialAction\":[{\"@type\":\"ReadAction\",\"target\":[\"https:\\\/\\\/eurecat.org\\\/es\\\/politica-de-cookies\\\/\"]}]},{\"@type\":\"BreadcrumbList\",\"@id\":\"https:\\\/\\\/eurecat.org\\\/es\\\/politica-de-cookies\\\/#breadcrumb\",\"itemListElement\":[{\"@type\":\"ListItem\",\"position\":1,\"name\":\"Inici\",\"item\":\"https:\\\/\\\/eurecat.org\\\/es\\\/\"},{\"@type\":\"ListItem\",\"position\":2,\"name\":\"Pol\u00edtica de cookies\"}]},{\"@type\":\"WebSite\",\"@id\":\"https:\\\/\\\/eurecat.org\\\/es\\\/#website\",\"url\":\"https:\\\/\\\/eurecat.org\\\/es\\\/\",\"name\":\"Eurecat\",\"description\":\"Otro sitio realizado con WordPress\",\"potentialAction\":[{\"@type\":\"SearchAction\",\"target\":{\"@type\":\"EntryPoint\",\"urlTemplate\":\"https:\\\/\\\/eurecat.org\\\/es\\\/?s={search_term_string}\"},\"query-input\":{\"@type\":\"PropertyValueSpecification\",\"valueRequired\":true,\"valueName\":\"search_term_string\"}}],\"inLanguage\":\"es\"}]}<\/script>\n<!-- \/ Yoast SEO plugin. -->","yoast_head_json":{"title":"Pol\u00edtica de cookies - Eurecat","robots":{"index":"noindex","follow":"follow"},"og_locale":"es_ES","og_type":"article","og_title":"Pol\u00edtica de cookies - Eurecat","og_url":"https:\/\/eurecat.org\/es\/politica-de-cookies\/","og_site_name":"Eurecat","article_modified_time":"2025-11-25T16:27:47+00:00","twitter_card":"summary_large_image","twitter_misc":{"Tiempo de lectura":"4 minutos"},"schema":{"@context":"https:\/\/schema.org","@graph":[{"@type":"WebPage","@id":"https:\/\/eurecat.org\/es\/politica-de-cookies\/","url":"https:\/\/eurecat.org\/es\/politica-de-cookies\/","name":"Pol\u00edtica de cookies - Eurecat","isPartOf":{"@id":"https:\/\/eurecat.org\/es\/#website"},"datePublished":"2015-07-16T07:19:29+00:00","dateModified":"2025-11-25T16:27:47+00:00","breadcrumb":{"@id":"https:\/\/eurecat.org\/es\/politica-de-cookies\/#breadcrumb"},"inLanguage":"es","potentialAction":[{"@type":"ReadAction","target":["https:\/\/eurecat.org\/es\/politica-de-cookies\/"]}]},{"@type":"BreadcrumbList","@id":"https:\/\/eurecat.org\/es\/politica-de-cookies\/#breadcrumb","itemListElement":[{"@type":"ListItem","position":1,"name":"Inici","item":"https:\/\/eurecat.org\/es\/"},{"@type":"ListItem","position":2,"name":"Pol\u00edtica de cookies"}]},{"@type":"WebSite","@id":"https:\/\/eurecat.org\/es\/#website","url":"https:\/\/eurecat.org\/es\/","name":"Eurecat","description":"Otro sitio realizado con WordPress","potentialAction":[{"@type":"SearchAction","target":{"@type":"EntryPoint","urlTemplate":"https:\/\/eurecat.org\/es\/?s={search_term_string}"},"query-input":{"@type":"PropertyValueSpecification","valueRequired":true,"valueName":"search_term_string"}}],"inLanguage":"es"}]}},"_links":{"self":[{"href":"https:\/\/eurecat.org\/es\/wp-json\/wp\/v2\/pages\/2904","targetHints":{"allow":["GET"]}}],"collection":[{"href":"https:\/\/eurecat.org\/es\/wp-json\/wp\/v2\/pages"}],"about":[{"href":"https:\/\/eurecat.org\/es\/wp-json\/wp\/v2\/types\/page"}],"author":[{"embeddable":true,"href":"https:\/\/eurecat.org\/es\/wp-json\/wp\/v2\/users\/12"}],"replies":[{"embeddable":true,"href":"https:\/\/eurecat.org\/es\/wp-json\/wp\/v2\/comments?post=2904"}],"version-history":[{"count":1,"href":"https:\/\/eurecat.org\/es\/wp-json\/wp\/v2\/pages\/2904\/revisions"}],"predecessor-version":[{"id":190625,"href":"https:\/\/eurecat.org\/es\/wp-json\/wp\/v2\/pages\/2904\/revisions\/190625"}],"wp:attachment":[{"href":"https:\/\/eurecat.org\/es\/wp-json\/wp\/v2\/media?parent=2904"}],"curies":[{"name":"wp","href":"https:\/\/api.w.org\/{rel}","templated":true}]}}