{"id":2929,"date":"2015-10-19T08:54:09","date_gmt":"2015-10-19T06:54:09","guid":{"rendered":"http:\/\/eurecat.org\/es\/?page_id=2929"},"modified":"2024-09-03T17:59:59","modified_gmt":"2024-09-03T15:59:59","slug":"trabaja-con-nosotros","status":"publish","type":"page","link":"https:\/\/eurecat.org\/es\/talent\/trabaja-con-nosotros\/","title":{"rendered":"Trabaja con nosotros"},"content":{"rendered":"<div class=\"fusion-fullwidth fullwidth-box fusion-builder-row-1 fusion-parallax-none hundred-percent-fullwidth non-hundred-percent-height-scrolling fusion-no-small-visibility\" style=\"--awb-border-radius-top-left:0px;--awb-border-radius-top-right:0px;--awb-border-radius-bottom-right:0px;--awb-border-radius-bottom-left:0px;--awb-margin-top:0px;--awb-margin-bottom:0px;--awb-background-color:rgba(255,255,255,0);--awb-background-image:url(&quot;https:\/\/eurecat.org\/wp-content\/uploads\/2015\/10\/paginaRRHH_WP_1500x300.jpg&quot;);--awb-background-size:cover;--awb-flex-wrap:wrap;\" ><div class=\"fusion-builder-row fusion-row\"><div class=\"fusion-layout-column fusion_builder_column fusion-builder-column-0 fusion_builder_column_1_1 1_1 fusion-one-full fusion-column-first fusion-column-last fusion-column-no-min-height\" style=\"--awb-padding-top:150px;--awb-padding-bottom:150px;--awb-padding-left:0px;--awb-bg-size:cover;--awb-margin-bottom:0px;\"><div class=\"fusion-column-wrapper fusion-flex-column-wrapper-legacy\"><div class=\"fusion-sep-clear\"><\/div><div class=\"fusion-separator fusion-full-width-sep\" style=\"margin-left: auto;margin-right: auto;width:100%;\"><\/div><div class=\"fusion-sep-clear\"><\/div><div class=\"fusion-clearfix\"><\/div><\/div><\/div><\/div><\/div><div class=\"fusion-fullwidth fullwidth-box fusion-builder-row-2 has-pattern-background has-mask-background nonhundred-percent-fullwidth non-hundred-percent-height-scrolling\" style=\"--awb-border-radius-top-left:0px;--awb-border-radius-top-right:0px;--awb-border-radius-bottom-right:0px;--awb-border-radius-bottom-left:0px;--awb-padding-top:50px;--awb-padding-right:30px;--awb-padding-bottom:30px;--awb-padding-left:30px;--awb-flex-wrap:wrap;\" ><div class=\"fusion-builder-row fusion-row\"><div class=\"fusion-layout-column fusion_builder_column fusion-builder-column-1 fusion_builder_column_1_1 1_1 fusion-one-full fusion-column-first fusion-column-last fusion-column-no-min-height\" style=\"--awb-bg-size:cover;--awb-margin-bottom:0px;\"><div class=\"fusion-column-wrapper fusion-flex-column-wrapper-legacy\"><div class=\"fusion-text fusion-text-1\"><h2 class=\"entry-title\" data-fontsize=\"18\" data-lineheight=\"27\">Ofertas laborales activas en Eurecat: Ingenieros de software, consultores y m\u00e1s<\/h2>\n<div class=\"post-content\">\n<p><strong><a href=\"https:\/\/eurecat.org\/\" target=\"_blank\" rel=\"noopener\">Eurecat Centro Tecnol\u00f3gico de Catalu\u00f1a <\/a><\/strong>est\u00e1 formado por un equipo de profesionales que buscan la excelencia. Nuestros<strong> valores<\/strong> definen nuestros proyectos: vocaci\u00f3n de servicio, eficiencia, innovaci\u00f3n, creatividad, orientaci\u00f3n a las personas y a los resultados, transparencia, equidad, respeto, compromiso y trabajo en equipo.<\/p>\n<p>Encuentra la<strong> oferta de empleo que m\u00e1s se ajuste a tu perfil profesional y expectativas<\/strong>. Inscr\u00edbete y haznos llegar tu CV. \u00a1Te esperamos!<\/p>\n<\/div>\n<\/div><div class=\"fusion-clearfix\"><\/div><\/div><\/div><\/div><\/div><div class=\"fusion-fullwidth fullwidth-box fusion-builder-row-3 nonhundred-percent-fullwidth non-hundred-percent-height-scrolling\" style=\"--awb-border-radius-top-left:0px;--awb-border-radius-top-right:0px;--awb-border-radius-bottom-right:0px;--awb-border-radius-bottom-left:0px;--awb-flex-wrap:wrap;\" ><div class=\"fusion-builder-row fusion-row\"><div class=\"fusion-layout-column fusion_builder_column fusion-builder-column-2 fusion_builder_column_1_1 1_1 fusion-one-full fusion-column-first fusion-column-last\" style=\"--awb-bg-size:cover;\"><div class=\"fusion-column-wrapper fusion-flex-column-wrapper-legacy\"><div id=\"tc-jswidget\" data-client-id=\"edec0fa84f82f1339c3f03f0674a9209\" data-lang=\"es\" data-job-listing=\"1\"><\/div>\n<script id=\"tc-jswidget-script\" defer src=\"https:\/\/careers.talentclue.com\/sites\/static\/widget\/jswidget.min.js\"><\/script><div class=\"fusion-clearfix\"><\/div><\/div><\/div><\/div><\/div><div class=\"fusion-fullwidth fullwidth-box fusion-builder-row-4 nonhundred-percent-fullwidth non-hundred-percent-height-scrolling\" style=\"--awb-border-radius-top-left:0px;--awb-border-radius-top-right:0px;--awb-border-radius-bottom-right:0px;--awb-border-radius-bottom-left:0px;--awb-flex-wrap:wrap;\" ><div class=\"fusion-builder-row fusion-row\"><div class=\"fusion-layout-column fusion_builder_column fusion-builder-column-3 fusion_builder_column_1_1 1_1 fusion-one-full fusion-column-first fusion-column-last\" style=\"--awb-bg-size:cover;\"><div class=\"fusion-column-wrapper fusion-flex-column-wrapper-legacy\"><div class=\"fusion-text fusion-text-2\"><p>Eurecat ofrece igualdad de oportunidades de empleo a cualquier persona solicitante, y se compromete a garantizar que no haya discriminaci\u00f3n directa o indirecta por motivos de raza, edad, creencias religiosas, g\u00e9nero, nacionalidad, estado civil o familiar, orientaci\u00f3n sexual o discapacidad.<\/p>\n<p>Eurecat gestiona sus procesos de selecci\u00f3n y contrataci\u00f3n de manera no discriminatoria, y de acuerdo con las leyes aplicables.<\/p>\n<p>Eurecat es beneficiario del \u201cPrograma Investigo\u201d, que permite la contrataci\u00f3n de personas j\u00f3venes investigadoras que participen en un proyecto de investigaci\u00f3n.<\/p>\n<p><img decoding=\"async\" class=\"size-full wp-image-141418 aligncenter\" src=\"https:\/\/eurecat.org\/wp-content\/uploads\/2023\/10\/Captura.png\" alt=\"\" width=\"1080\" height=\"106\" srcset=\"https:\/\/eurecat.org\/wp-content\/uploads\/2023\/10\/Captura-200x20.png 200w, https:\/\/eurecat.org\/wp-content\/uploads\/2023\/10\/Captura-300x29.png 300w, https:\/\/eurecat.org\/wp-content\/uploads\/2023\/10\/Captura-400x39.png 400w, https:\/\/eurecat.org\/wp-content\/uploads\/2023\/10\/Captura-600x59.png 600w, https:\/\/eurecat.org\/wp-content\/uploads\/2023\/10\/Captura-768x75.png 768w, https:\/\/eurecat.org\/wp-content\/uploads\/2023\/10\/Captura-800x79.png 800w, https:\/\/eurecat.org\/wp-content\/uploads\/2023\/10\/Captura.png 1080w\" sizes=\"(max-width: 1080px) 100vw, 1080px\" \/><\/p>\n<\/div><div class=\"fusion-clearfix\"><\/div><\/div><\/div><\/div><\/div>\n","protected":false},"excerpt":{"rendered":"","protected":false},"author":12,"featured_media":38112,"parent":138207,"menu_order":40,"comment_status":"closed","ping_status":"closed","template":"100-width.php","meta":{"footnotes":""},"class_list":["post-2929","page","type-page","status-publish","has-post-thumbnail","hentry"],"yoast_head":"<!-- This site is optimized with the Yoast SEO plugin v27.5 - https:\/\/yoast.com\/product\/yoast-seo-wordpress\/ -->\n<title>trabaja con nosotros - Eurecat Centro Tecnol\u00f3gico de Catalu\u00f1a<\/title>\n<meta name=\"description\" content=\"Trabaja con nosotros. Encuentra ofertas de trabajo de \u00e1mbito tecnol\u00f3gico industrial o digital en nuestro centro tecnol\u00f3gico\" \/>\n<meta name=\"robots\" content=\"index, follow, max-snippet:-1, max-image-preview:large, max-video-preview:-1\" \/>\n<link rel=\"canonical\" href=\"https:\/\/eurecat.org\/es\/talent\/trabaja-con-nosotros\/\" \/>\n<meta property=\"og:locale\" content=\"es_ES\" \/>\n<meta property=\"og:type\" content=\"article\" \/>\n<meta property=\"og:title\" content=\"trabaja con nosotros - Eurecat Centro Tecnol\u00f3gico de Catalu\u00f1a\" \/>\n<meta property=\"og:description\" content=\"Trabaja con nosotros. Encuentra ofertas de trabajo de \u00e1mbito tecnol\u00f3gico industrial o digital en nuestro centro tecnol\u00f3gico\" \/>\n<meta property=\"og:url\" content=\"https:\/\/eurecat.org\/es\/talent\/trabaja-con-nosotros\/\" \/>\n<meta property=\"og:site_name\" content=\"Eurecat\" \/>\n<meta property=\"article:modified_time\" content=\"2024-09-03T15:59:59+00:00\" \/>\n<meta property=\"og:image\" content=\"https:\/\/eurecat.org\/wp-content\/uploads\/2015\/10\/RRHHdestacada520x272esp.jpg\" \/>\n\t<meta property=\"og:image:width\" content=\"520\" \/>\n\t<meta property=\"og:image:height\" content=\"272\" \/>\n\t<meta property=\"og:image:type\" content=\"image\/jpeg\" \/>\n<meta name=\"twitter:card\" content=\"summary_large_image\" \/>\n<meta name=\"twitter:label1\" content=\"Tiempo de lectura\" \/>\n\t<meta name=\"twitter:data1\" content=\"2 minutos\" \/>\n<script type=\"application\/ld+json\" class=\"yoast-schema-graph\">{\"@context\":\"https:\\\/\\\/schema.org\",\"@graph\":[{\"@type\":\"WebPage\",\"@id\":\"https:\\\/\\\/eurecat.org\\\/es\\\/talent\\\/trabaja-con-nosotros\\\/\",\"url\":\"https:\\\/\\\/eurecat.org\\\/es\\\/talent\\\/trabaja-con-nosotros\\\/\",\"name\":\"trabaja con nosotros - Eurecat Centro Tecnol\u00f3gico de Catalu\u00f1a\",\"isPartOf\":{\"@id\":\"https:\\\/\\\/eurecat.org\\\/es\\\/#website\"},\"primaryImageOfPage\":{\"@id\":\"https:\\\/\\\/eurecat.org\\\/es\\\/talent\\\/trabaja-con-nosotros\\\/#primaryimage\"},\"image\":{\"@id\":\"https:\\\/\\\/eurecat.org\\\/es\\\/talent\\\/trabaja-con-nosotros\\\/#primaryimage\"},\"thumbnailUrl\":\"https:\\\/\\\/eurecat.org\\\/wp-content\\\/uploads\\\/2015\\\/10\\\/RRHHdestacada520x272esp.jpg\",\"datePublished\":\"2015-10-19T06:54:09+00:00\",\"dateModified\":\"2024-09-03T15:59:59+00:00\",\"description\":\"Trabaja con nosotros. Encuentra ofertas de trabajo de \u00e1mbito tecnol\u00f3gico industrial o digital en nuestro centro tecnol\u00f3gico\",\"breadcrumb\":{\"@id\":\"https:\\\/\\\/eurecat.org\\\/es\\\/talent\\\/trabaja-con-nosotros\\\/#breadcrumb\"},\"inLanguage\":\"es\",\"potentialAction\":[{\"@type\":\"ReadAction\",\"target\":[\"https:\\\/\\\/eurecat.org\\\/es\\\/talent\\\/trabaja-con-nosotros\\\/\"]}]},{\"@type\":\"ImageObject\",\"inLanguage\":\"es\",\"@id\":\"https:\\\/\\\/eurecat.org\\\/es\\\/talent\\\/trabaja-con-nosotros\\\/#primaryimage\",\"url\":\"https:\\\/\\\/eurecat.org\\\/wp-content\\\/uploads\\\/2015\\\/10\\\/RRHHdestacada520x272esp.jpg\",\"contentUrl\":\"https:\\\/\\\/eurecat.org\\\/wp-content\\\/uploads\\\/2015\\\/10\\\/RRHHdestacada520x272esp.jpg\",\"width\":\"520\",\"height\":\"272\",\"caption\":\"Trabaja en Eurecat\"},{\"@type\":\"BreadcrumbList\",\"@id\":\"https:\\\/\\\/eurecat.org\\\/es\\\/talent\\\/trabaja-con-nosotros\\\/#breadcrumb\",\"itemListElement\":[{\"@type\":\"ListItem\",\"position\":1,\"name\":\"Inici\",\"item\":\"https:\\\/\\\/eurecat.org\\\/es\\\/\"},{\"@type\":\"ListItem\",\"position\":2,\"name\":\"Talento\",\"item\":\"https:\\\/\\\/eurecat.org\\\/es\\\/talent\\\/\"},{\"@type\":\"ListItem\",\"position\":3,\"name\":\"Trabaja con nosotros\"}]},{\"@type\":\"WebSite\",\"@id\":\"https:\\\/\\\/eurecat.org\\\/es\\\/#website\",\"url\":\"https:\\\/\\\/eurecat.org\\\/es\\\/\",\"name\":\"Eurecat\",\"description\":\"Otro sitio realizado con WordPress\",\"potentialAction\":[{\"@type\":\"SearchAction\",\"target\":{\"@type\":\"EntryPoint\",\"urlTemplate\":\"https:\\\/\\\/eurecat.org\\\/es\\\/?s={search_term_string}\"},\"query-input\":{\"@type\":\"PropertyValueSpecification\",\"valueRequired\":true,\"valueName\":\"search_term_string\"}}],\"inLanguage\":\"es\"}]}<\/script>\n<!-- \/ Yoast SEO plugin. -->","yoast_head_json":{"title":"trabaja con nosotros - Eurecat Centro Tecnol\u00f3gico de Catalu\u00f1a","description":"Trabaja con nosotros. Encuentra ofertas de trabajo de \u00e1mbito tecnol\u00f3gico industrial o digital en nuestro centro tecnol\u00f3gico","robots":{"index":"index","follow":"follow","max-snippet":"max-snippet:-1","max-image-preview":"max-image-preview:large","max-video-preview":"max-video-preview:-1"},"canonical":"https:\/\/eurecat.org\/es\/talent\/trabaja-con-nosotros\/","og_locale":"es_ES","og_type":"article","og_title":"trabaja con nosotros - Eurecat Centro Tecnol\u00f3gico de Catalu\u00f1a","og_description":"Trabaja con nosotros. Encuentra ofertas de trabajo de \u00e1mbito tecnol\u00f3gico industrial o digital en nuestro centro tecnol\u00f3gico","og_url":"https:\/\/eurecat.org\/es\/talent\/trabaja-con-nosotros\/","og_site_name":"Eurecat","article_modified_time":"2024-09-03T15:59:59+00:00","og_image":[{"width":520,"height":272,"url":"https:\/\/eurecat.org\/wp-content\/uploads\/2015\/10\/RRHHdestacada520x272esp.jpg","type":"image\/jpeg"}],"twitter_card":"summary_large_image","twitter_misc":{"Tiempo de lectura":"2 minutos"},"schema":{"@context":"https:\/\/schema.org","@graph":[{"@type":"WebPage","@id":"https:\/\/eurecat.org\/es\/talent\/trabaja-con-nosotros\/","url":"https:\/\/eurecat.org\/es\/talent\/trabaja-con-nosotros\/","name":"trabaja con nosotros - Eurecat Centro Tecnol\u00f3gico de Catalu\u00f1a","isPartOf":{"@id":"https:\/\/eurecat.org\/es\/#website"},"primaryImageOfPage":{"@id":"https:\/\/eurecat.org\/es\/talent\/trabaja-con-nosotros\/#primaryimage"},"image":{"@id":"https:\/\/eurecat.org\/es\/talent\/trabaja-con-nosotros\/#primaryimage"},"thumbnailUrl":"https:\/\/eurecat.org\/wp-content\/uploads\/2015\/10\/RRHHdestacada520x272esp.jpg","datePublished":"2015-10-19T06:54:09+00:00","dateModified":"2024-09-03T15:59:59+00:00","description":"Trabaja con nosotros. Encuentra ofertas de trabajo de \u00e1mbito tecnol\u00f3gico industrial o digital en nuestro centro tecnol\u00f3gico","breadcrumb":{"@id":"https:\/\/eurecat.org\/es\/talent\/trabaja-con-nosotros\/#breadcrumb"},"inLanguage":"es","potentialAction":[{"@type":"ReadAction","target":["https:\/\/eurecat.org\/es\/talent\/trabaja-con-nosotros\/"]}]},{"@type":"ImageObject","inLanguage":"es","@id":"https:\/\/eurecat.org\/es\/talent\/trabaja-con-nosotros\/#primaryimage","url":"https:\/\/eurecat.org\/wp-content\/uploads\/2015\/10\/RRHHdestacada520x272esp.jpg","contentUrl":"https:\/\/eurecat.org\/wp-content\/uploads\/2015\/10\/RRHHdestacada520x272esp.jpg","width":"520","height":"272","caption":"Trabaja en Eurecat"},{"@type":"BreadcrumbList","@id":"https:\/\/eurecat.org\/es\/talent\/trabaja-con-nosotros\/#breadcrumb","itemListElement":[{"@type":"ListItem","position":1,"name":"Inici","item":"https:\/\/eurecat.org\/es\/"},{"@type":"ListItem","position":2,"name":"Talento","item":"https:\/\/eurecat.org\/es\/talent\/"},{"@type":"ListItem","position":3,"name":"Trabaja con nosotros"}]},{"@type":"WebSite","@id":"https:\/\/eurecat.org\/es\/#website","url":"https:\/\/eurecat.org\/es\/","name":"Eurecat","description":"Otro sitio realizado con WordPress","potentialAction":[{"@type":"SearchAction","target":{"@type":"EntryPoint","urlTemplate":"https:\/\/eurecat.org\/es\/?s={search_term_string}"},"query-input":{"@type":"PropertyValueSpecification","valueRequired":true,"valueName":"search_term_string"}}],"inLanguage":"es"}]}},"_links":{"self":[{"href":"https:\/\/eurecat.org\/es\/wp-json\/wp\/v2\/pages\/2929","targetHints":{"allow":["GET"]}}],"collection":[{"href":"https:\/\/eurecat.org\/es\/wp-json\/wp\/v2\/pages"}],"about":[{"href":"https:\/\/eurecat.org\/es\/wp-json\/wp\/v2\/types\/page"}],"author":[{"embeddable":true,"href":"https:\/\/eurecat.org\/es\/wp-json\/wp\/v2\/users\/12"}],"replies":[{"embeddable":true,"href":"https:\/\/eurecat.org\/es\/wp-json\/wp\/v2\/comments?post=2929"}],"version-history":[{"count":1,"href":"https:\/\/eurecat.org\/es\/wp-json\/wp\/v2\/pages\/2929\/revisions"}],"predecessor-version":[{"id":158411,"href":"https:\/\/eurecat.org\/es\/wp-json\/wp\/v2\/pages\/2929\/revisions\/158411"}],"up":[{"embeddable":true,"href":"https:\/\/eurecat.org\/es\/wp-json\/wp\/v2\/pages\/138207"}],"wp:featuredmedia":[{"embeddable":true,"href":"https:\/\/eurecat.org\/es\/wp-json\/wp\/v2\/media\/38112"}],"wp:attachment":[{"href":"https:\/\/eurecat.org\/es\/wp-json\/wp\/v2\/media?parent=2929"}],"curies":[{"name":"wp","href":"https:\/\/api.w.org\/{rel}","templated":true}]}}