{"id":56816,"date":"2018-04-09T17:05:01","date_gmt":"2018-04-09T15:05:01","guid":{"rendered":"https:\/\/eurecat.org\/?page_id=56816"},"modified":"2024-07-19T10:59:53","modified_gmt":"2024-07-19T08:59:53","slug":"proyectos","status":"publish","type":"page","link":"https:\/\/eurecat.org\/es\/proyectos\/","title":{"rendered":"Proyectos"},"content":{"rendered":"<div class=\"fusion-fullwidth fullwidth-box fusion-builder-row-1 nonhundred-percent-fullwidth non-hundred-percent-height-scrolling\" style=\"--awb-border-radius-top-left:0px;--awb-border-radius-top-right:0px;--awb-border-radius-bottom-right:0px;--awb-border-radius-bottom-left:0px;--awb-flex-wrap:wrap;\" ><div class=\"fusion-builder-row fusion-row\"><div class=\"fusion-layout-column fusion_builder_column fusion-builder-column-0 fusion_builder_column_1_1 1_1 fusion-one-full fusion-column-first fusion-column-last\" style=\"--awb-bg-size:cover;\"><div class=\"fusion-column-wrapper fusion-flex-column-wrapper-legacy\"><div class=\"fusion-text fusion-text-1\" style=\"--awb-text-transform:none;\"><h2>Eurecat trabaja actualmente en m\u00e1s de <strong>200 proyectos de I+D aplicado de alto valor estrat\u00e9gico<\/strong>. Los proyectos de investigaci\u00f3n aplicada concentran el <strong>92% de la actividad del centro<\/strong> y permiten nuevos desarrollos cient\u00edfico-tecnol\u00f3gicos, generaci\u00f3n de tecnolog\u00eda propia y transferencia a la empresa para la mejora de procesos o la creaci\u00f3n de nuevos productos y servicios.<\/h2>\n<\/div><div class=\"fusion-clearfix\"><\/div><\/div><\/div><\/div><\/div><div class=\"fusion-fullwidth fullwidth-box fusion-builder-row-2 nonhundred-percent-fullwidth non-hundred-percent-height-scrolling\" style=\"--awb-border-radius-top-left:0px;--awb-border-radius-top-right:0px;--awb-border-radius-bottom-right:0px;--awb-border-radius-bottom-left:0px;--awb-flex-wrap:wrap;\" ><div class=\"fusion-builder-row fusion-row\"><div class=\"fusion-layout-column fusion_builder_column fusion-builder-column-1 fusion_builder_column_1_2 1_2 fusion-one-half fusion-column-first\" style=\"--awb-bg-size:cover;width:50%;width:calc(50% - ( ( 4% ) * 0.5 ) );margin-right: 4%;\"><div class=\"fusion-column-wrapper fusion-flex-column-wrapper-legacy\"><div class=\"fusion-image-element in-legacy-container\" style=\"--awb-caption-title-font-family:var(--h2_typography-font-family);--awb-caption-title-font-weight:var(--h2_typography-font-weight);--awb-caption-title-font-style:var(--h2_typography-font-style);--awb-caption-title-size:var(--h2_typography-font-size);--awb-caption-title-transform:var(--h2_typography-text-transform);--awb-caption-title-line-height:var(--h2_typography-line-height);--awb-caption-title-letter-spacing:var(--h2_typography-letter-spacing);\"><span class=\" fusion-imageframe imageframe-none imageframe-1 hover-type-none\"><a class=\"fusion-no-lightbox\" href=\"https:\/\/eurecat.org\/es\/proyectos\/proyectos-europeos\" target=\"_blank\" aria-label=\"proyectos_europeos\" rel=\"noopener noreferrer\"><img decoding=\"async\" width=\"590\" height=\"180\" src=\"https:\/\/eurecat.org\/wp-content\/uploads\/2018\/04\/proyectos_europeos.jpg\" alt class=\"img-responsive wp-image-56807\" srcset=\"https:\/\/eurecat.org\/wp-content\/uploads\/2018\/04\/proyectos_europeos-200x61.jpg 200w, https:\/\/eurecat.org\/wp-content\/uploads\/2018\/04\/proyectos_europeos-400x122.jpg 400w, https:\/\/eurecat.org\/wp-content\/uploads\/2018\/04\/proyectos_europeos.jpg 590w\" sizes=\"(max-width: 800px) 100vw, 590px\" \/><\/a><\/span><\/div><div class=\"fusion-text fusion-text-2\"><h2>Proyectos europeos<\/h2>\n<p>Eurecat participa activamente como <span style=\"color: #000000;\"><strong>socio y l\u00edder de consorcios de proyectos europeos<\/strong> <\/span>con la voluntad de colaborar a fortalecer la capacidad innovadora europea, buscar soluciones a retos sociales y reforzar el tejido econ\u00f3mico de Europa con resultados de gran impacto que establezcan las bases para la ciencia y tecnolog\u00eda del futuro. En el marco de estos proyectos, Eurecat se posiciona como un <strong>importante agente de transferencia tecnol\u00f3gica a nivel europeo<\/strong>, trabajando junto a centros tecnol\u00f3gicos, pymes y organismos p\u00fablicos.<\/p>\n<p>Eurecat tiene un fuerte reconocimiento en proyectos europeos de una gran variedad de \u00e1mbitos y disciplinas tecnol\u00f3gicas como <strong><a href=\"\/?page_id=17198\" target=\"_blank\" rel=\"noopener\">data science<\/a><\/strong>, <strong><a href=\"https:\/\/eurecat.org\/es\/ambitos-de-conocimiento\/digital-health\/\" target=\"_blank\" rel=\"noopener\">e-health<\/a><\/strong>, <a href=\"https:\/\/eurecat.org\/es\/ambitos-de-conocimiento\/impresion-funcional-dispositivos-embebidos\/\" target=\"_blank\" rel=\"noopener\"><strong>impresi\u00f3n funcional<\/strong><\/a> y <a href=\"https:\/\/eurecat.org\/es\/ambitos-de-conocimiento\/robotica-y-automatizacion\/\" target=\"_blank\" rel=\"noopener\"><strong>rob\u00f3tica aut\u00f3noma e industrial<\/strong><\/a>.<\/p>\n<\/div><div class=\"fusion-sep-clear\"><\/div><div class=\"fusion-separator fusion-full-width-sep\" style=\"margin-left: auto;margin-right: auto;margin-bottom:18px;width:100%;\"><\/div><div class=\"fusion-sep-clear\"><\/div><div class=\"fusion-button-wrapper\"><a class=\"fusion-button button-flat fusion-button-default-size button-default fusion-button-default button-1 fusion-button-default-span fusion-button-default-type\" target=\"_blank\" rel=\"noopener noreferrer\" title=\"proyectos-europeos\" aria-label=\"proyectos-europeos\" href=\"https:\/\/eurecat.org\/es\/proyectos\/proyectos-europeos\"><span class=\"fusion-button-text awb-button__text awb-button__text--default\">Conoce nuestros proyectos europeos<\/span><\/a><\/div><div class=\"fusion-clearfix\"><\/div><\/div><\/div><div class=\"fusion-layout-column fusion_builder_column fusion-builder-column-2 fusion_builder_column_1_2 1_2 fusion-one-half fusion-column-last\" style=\"--awb-bg-size:cover;width:50%;width:calc(50% - ( ( 4% ) * 0.5 ) );\"><div class=\"fusion-column-wrapper fusion-flex-column-wrapper-legacy\"><div class=\"fusion-image-element in-legacy-container\" style=\"--awb-caption-title-font-family:var(--h2_typography-font-family);--awb-caption-title-font-weight:var(--h2_typography-font-weight);--awb-caption-title-font-style:var(--h2_typography-font-style);--awb-caption-title-size:var(--h2_typography-font-size);--awb-caption-title-transform:var(--h2_typography-text-transform);--awb-caption-title-line-height:var(--h2_typography-line-height);--awb-caption-title-letter-spacing:var(--h2_typography-letter-spacing);\"><span class=\" fusion-imageframe imageframe-none imageframe-2 hover-type-none\"><a class=\"fusion-no-lightbox\" href=\"https:\/\/eurecat.org\/es\/proyectos\/proyectos-nacionales\" target=\"_blank\" aria-label=\"proyectos_nacionales\" rel=\"noopener noreferrer\"><img decoding=\"async\" width=\"590\" height=\"180\" src=\"https:\/\/eurecat.org\/wp-content\/uploads\/2018\/04\/proyectos_nacionales.jpg\" alt class=\"img-responsive wp-image-56810\" srcset=\"https:\/\/eurecat.org\/wp-content\/uploads\/2018\/04\/proyectos_nacionales-200x61.jpg 200w, https:\/\/eurecat.org\/wp-content\/uploads\/2018\/04\/proyectos_nacionales-400x122.jpg 400w, https:\/\/eurecat.org\/wp-content\/uploads\/2018\/04\/proyectos_nacionales.jpg 590w\" sizes=\"(max-width: 800px) 100vw, 590px\" \/><\/a><\/span><\/div><div class=\"fusion-text fusion-text-3\"><h2>Proyectos nacionales<\/h2>\n<p>Eurecat participa junto con las empresas en convocatorias de financiaci\u00f3n p\u00fablica nacionales como <strong>RETOS<\/strong>, <strong>CIEN<\/strong>, <strong>INNPACTO<\/strong> o <strong>INNEUROPA<\/strong> con el fin de buscar soluciones tecnol\u00f3gicas disruptivas para mejorar la competitividad del tejido empresarial y potenciar la transferencia tecnol\u00f3gica a otras instituciones. En el marco de estos proyectos, Eurecat colabora en la creaci\u00f3n de empresas innovadoras, y aporta su experiencia en movilizar la inversi\u00f3n privada y mejorar la balanza tecnol\u00f3gica estatal.<\/p>\n<p>En el \u00e1mbito catal\u00e1n, Eurecat trabaja en varios proyectos <strong>RIS3CAT<\/strong>, en \u00e1mbitos como la <strong>biotecnolog\u00eda<\/strong>, los <strong>ingredientes funcionales<\/strong>, la <strong>eSalud,<\/strong>\u00a0la <strong>movilidad<\/strong>, la <strong>manufactura avanzada<\/strong> y las <strong>TIC<\/strong>, financiados con el apoyo de ACCI\u00d3 en el marco del Programa Operativo FEDER Catalu\u00f1a 2014-2020 con aportaciones del Fondo Europeo de Desarrollo Regional.<\/p>\n<\/div><div class=\"fusion-button-wrapper\"><a class=\"fusion-button button-flat fusion-button-default-size button-default fusion-button-default button-2 fusion-button-default-span fusion-button-default-type\" target=\"_blank\" rel=\"noopener noreferrer\" title=\"proyectos-nacionales\" aria-label=\"proyectos-nacionales\" href=\"https:\/\/eurecat.org\/es\/proyectos\/proyectos-nacionales\"><span class=\"fusion-button-text awb-button__text awb-button__text--default\">Conoce nuestros proyectos nacionales<\/span><\/a><\/div><div class=\"fusion-clearfix\"><\/div><\/div><\/div><\/div><\/div><div class=\"fusion-fullwidth fullwidth-box fusion-builder-row-3 nonhundred-percent-fullwidth non-hundred-percent-height-scrolling\" style=\"--awb-border-radius-top-left:0px;--awb-border-radius-top-right:0px;--awb-border-radius-bottom-right:0px;--awb-border-radius-bottom-left:0px;--awb-flex-wrap:wrap;\" ><div class=\"fusion-builder-row fusion-row\"><div class=\"fusion-layout-column fusion_builder_column fusion-builder-column-3 fusion_builder_column_1_2 1_2 fusion-one-half fusion-column-first\" style=\"--awb-bg-size:cover;width:50%;width:calc(50% - ( ( 4% ) * 0.5 ) );margin-right: 4%;\"><div class=\"fusion-column-wrapper fusion-flex-column-wrapper-legacy\"><div class=\"fusion-image-element fusion-image-align-right in-legacy-container\" style=\"text-align:right;--awb-margin-top:40px;--awb-margin-right:10px;--awb-max-width:400px;--awb-caption-title-font-family:var(--h2_typography-font-family);--awb-caption-title-font-weight:var(--h2_typography-font-weight);--awb-caption-title-font-style:var(--h2_typography-font-style);--awb-caption-title-size:var(--h2_typography-font-size);--awb-caption-title-transform:var(--h2_typography-text-transform);--awb-caption-title-line-height:var(--h2_typography-line-height);--awb-caption-title-letter-spacing:var(--h2_typography-letter-spacing);\"><span class=\" fusion-imageframe imageframe-none imageframe-3 hover-type-none\" style=\"margin-left:25px;float:right;\"><a class=\"fusion-no-lightbox\" href=\"http:\/\/www.accio.gencat.cat\/\" target=\"_blank\" aria-label=\"ACCI\u00d3 horitzontal color castell\u00e0\" rel=\"noopener noreferrer\"><img decoding=\"async\" width=\"707\" height=\"126\" src=\"https:\/\/eurecat.org\/wp-content\/uploads\/2024\/07\/ACCIO-horitzontal-color-castella.png\" alt class=\"img-responsive wp-image-154783\" srcset=\"https:\/\/eurecat.org\/wp-content\/uploads\/2024\/07\/ACCIO-horitzontal-color-castella-200x36.png 200w, https:\/\/eurecat.org\/wp-content\/uploads\/2024\/07\/ACCIO-horitzontal-color-castella-400x71.png 400w, https:\/\/eurecat.org\/wp-content\/uploads\/2024\/07\/ACCIO-horitzontal-color-castella-600x107.png 600w, https:\/\/eurecat.org\/wp-content\/uploads\/2024\/07\/ACCIO-horitzontal-color-castella.png 707w\" sizes=\"(max-width: 800px) 100vw, 707px\" \/><\/a><\/span><\/div><div class=\"fusion-clearfix\"><\/div><\/div><\/div><div class=\"fusion-layout-column fusion_builder_column fusion-builder-column-4 fusion_builder_column_1_2 1_2 fusion-one-half fusion-column-last\" style=\"--awb-bg-size:cover;width:50%;width:calc(50% - ( ( 4% ) * 0.5 ) );\"><div class=\"fusion-column-wrapper fusion-flex-column-wrapper-legacy\"><div class=\"fusion-image-element fusion-image-align-center in-legacy-container\" style=\"text-align:center;--awb-margin-top:40px;--awb-margin-left:20px;--awb-max-width:400px;--awb-caption-title-font-family:var(--h2_typography-font-family);--awb-caption-title-font-weight:var(--h2_typography-font-weight);--awb-caption-title-font-style:var(--h2_typography-font-style);--awb-caption-title-size:var(--h2_typography-font-size);--awb-caption-title-transform:var(--h2_typography-text-transform);--awb-caption-title-line-height:var(--h2_typography-line-height);--awb-caption-title-letter-spacing:var(--h2_typography-letter-spacing);\"><div class=\"imageframe-align-center\"><span class=\" fusion-imageframe imageframe-none imageframe-4 hover-type-none\"><img decoding=\"async\" width=\"498\" height=\"86\" title=\"fons-europeu_LOW-2\" src=\"https:\/\/eurecat.org\/wp-content\/uploads\/2020\/10\/fons-europeu_LOW-2.jpg\" alt class=\"img-responsive wp-image-110395\" srcset=\"https:\/\/eurecat.org\/wp-content\/uploads\/2020\/10\/fons-europeu_LOW-2-200x35.jpg 200w, https:\/\/eurecat.org\/wp-content\/uploads\/2020\/10\/fons-europeu_LOW-2-400x69.jpg 400w, https:\/\/eurecat.org\/wp-content\/uploads\/2020\/10\/fons-europeu_LOW-2.jpg 498w\" sizes=\"(max-width: 800px) 100vw, 498px\" \/><\/span><\/div><\/div><div class=\"fusion-clearfix\"><\/div><\/div><\/div><div class=\"fusion-layout-column fusion_builder_column fusion-builder-column-5 fusion_builder_column_1_2 1_2 fusion-one-half fusion-column-first\" style=\"--awb-bg-size:cover;width:50%;width:calc(50% - ( ( 4% ) * 0.5 ) );margin-right: 4%;\"><div class=\"fusion-column-wrapper fusion-flex-column-wrapper-legacy\"><div class=\"fusion-text fusion-text-4\" style=\"--awb-margin-left:150px;\"><p style=\"text-align: center;\">Con el apoyo del Departamento de Empresa y Trabajo de la Generalitat de Catalunya mediante la <a href=\"http:\/\/www.accio.gencat.cat\/\" target=\"_blank\" rel=\"noopener\">Agencia para la Competitividad de la Empresa, ACCI\u00d3<\/a>.<\/p>\n<div id=\"gtx-trans\" style=\"position: absolute; left: 1064px; top: 38px;\">\n<div class=\"gtx-trans-icon\">&nbsp;<\/div>\n<\/div>\n<\/div><div class=\"fusion-clearfix\"><\/div><\/div><\/div><\/div><\/div>\n","protected":false},"excerpt":{"rendered":"","protected":false},"author":18,"featured_media":57322,"parent":0,"menu_order":70,"comment_status":"closed","ping_status":"closed","template":"","meta":{"footnotes":""},"class_list":["post-56816","page","type-page","status-publish","has-post-thumbnail","hentry"],"yoast_head":"<!-- This site is optimized with the Yoast SEO plugin v27.5 - https:\/\/yoast.com\/product\/yoast-seo-wordpress\/ -->\n<title>Proyectos - Eurecat<\/title>\n<meta name=\"robots\" content=\"index, follow, max-snippet:-1, max-image-preview:large, max-video-preview:-1\" \/>\n<link rel=\"canonical\" href=\"https:\/\/eurecat.org\/es\/proyectos\/\" \/>\n<meta property=\"og:locale\" content=\"es_ES\" \/>\n<meta property=\"og:type\" content=\"article\" \/>\n<meta property=\"og:title\" content=\"Proyectos - Eurecat\" \/>\n<meta property=\"og:url\" content=\"https:\/\/eurecat.org\/es\/proyectos\/\" \/>\n<meta property=\"og:site_name\" content=\"Eurecat\" \/>\n<meta property=\"article:modified_time\" content=\"2024-07-19T08:59:53+00:00\" \/>\n<meta property=\"og:image\" content=\"https:\/\/eurecat.org\/wp-content\/uploads\/2018\/04\/proyectos_Eurecat.jpg\" \/>\n\t<meta property=\"og:image:width\" content=\"520\" \/>\n\t<meta property=\"og:image:height\" content=\"272\" \/>\n\t<meta property=\"og:image:type\" content=\"image\/jpeg\" \/>\n<meta name=\"twitter:card\" content=\"summary_large_image\" \/>\n<meta name=\"twitter:label1\" content=\"Tiempo de lectura\" \/>\n\t<meta name=\"twitter:data1\" content=\"3 minutos\" \/>\n<script type=\"application\/ld+json\" class=\"yoast-schema-graph\">{\"@context\":\"https:\\\/\\\/schema.org\",\"@graph\":[{\"@type\":\"WebPage\",\"@id\":\"https:\\\/\\\/eurecat.org\\\/es\\\/proyectos\\\/\",\"url\":\"https:\\\/\\\/eurecat.org\\\/es\\\/proyectos\\\/\",\"name\":\"Proyectos - Eurecat\",\"isPartOf\":{\"@id\":\"https:\\\/\\\/eurecat.org\\\/es\\\/#website\"},\"primaryImageOfPage\":{\"@id\":\"https:\\\/\\\/eurecat.org\\\/es\\\/proyectos\\\/#primaryimage\"},\"image\":{\"@id\":\"https:\\\/\\\/eurecat.org\\\/es\\\/proyectos\\\/#primaryimage\"},\"thumbnailUrl\":\"https:\\\/\\\/eurecat.org\\\/wp-content\\\/uploads\\\/2018\\\/04\\\/proyectos_Eurecat.jpg\",\"datePublished\":\"2018-04-09T15:05:01+00:00\",\"dateModified\":\"2024-07-19T08:59:53+00:00\",\"breadcrumb\":{\"@id\":\"https:\\\/\\\/eurecat.org\\\/es\\\/proyectos\\\/#breadcrumb\"},\"inLanguage\":\"es\",\"potentialAction\":[{\"@type\":\"ReadAction\",\"target\":[\"https:\\\/\\\/eurecat.org\\\/es\\\/proyectos\\\/\"]}]},{\"@type\":\"ImageObject\",\"inLanguage\":\"es\",\"@id\":\"https:\\\/\\\/eurecat.org\\\/es\\\/proyectos\\\/#primaryimage\",\"url\":\"https:\\\/\\\/eurecat.org\\\/wp-content\\\/uploads\\\/2018\\\/04\\\/proyectos_Eurecat.jpg\",\"contentUrl\":\"https:\\\/\\\/eurecat.org\\\/wp-content\\\/uploads\\\/2018\\\/04\\\/proyectos_Eurecat.jpg\",\"width\":\"520\",\"height\":\"272\"},{\"@type\":\"BreadcrumbList\",\"@id\":\"https:\\\/\\\/eurecat.org\\\/es\\\/proyectos\\\/#breadcrumb\",\"itemListElement\":[{\"@type\":\"ListItem\",\"position\":1,\"name\":\"Inici\",\"item\":\"https:\\\/\\\/eurecat.org\\\/es\\\/\"},{\"@type\":\"ListItem\",\"position\":2,\"name\":\"Proyectos\"}]},{\"@type\":\"WebSite\",\"@id\":\"https:\\\/\\\/eurecat.org\\\/es\\\/#website\",\"url\":\"https:\\\/\\\/eurecat.org\\\/es\\\/\",\"name\":\"Eurecat\",\"description\":\"Otro sitio realizado con WordPress\",\"potentialAction\":[{\"@type\":\"SearchAction\",\"target\":{\"@type\":\"EntryPoint\",\"urlTemplate\":\"https:\\\/\\\/eurecat.org\\\/es\\\/?s={search_term_string}\"},\"query-input\":{\"@type\":\"PropertyValueSpecification\",\"valueRequired\":true,\"valueName\":\"search_term_string\"}}],\"inLanguage\":\"es\"}]}<\/script>\n<!-- \/ Yoast SEO plugin. -->","yoast_head_json":{"title":"Proyectos - Eurecat","robots":{"index":"index","follow":"follow","max-snippet":"max-snippet:-1","max-image-preview":"max-image-preview:large","max-video-preview":"max-video-preview:-1"},"canonical":"https:\/\/eurecat.org\/es\/proyectos\/","og_locale":"es_ES","og_type":"article","og_title":"Proyectos - Eurecat","og_url":"https:\/\/eurecat.org\/es\/proyectos\/","og_site_name":"Eurecat","article_modified_time":"2024-07-19T08:59:53+00:00","og_image":[{"width":520,"height":272,"url":"https:\/\/eurecat.org\/wp-content\/uploads\/2018\/04\/proyectos_Eurecat.jpg","type":"image\/jpeg"}],"twitter_card":"summary_large_image","twitter_misc":{"Tiempo de lectura":"3 minutos"},"schema":{"@context":"https:\/\/schema.org","@graph":[{"@type":"WebPage","@id":"https:\/\/eurecat.org\/es\/proyectos\/","url":"https:\/\/eurecat.org\/es\/proyectos\/","name":"Proyectos - Eurecat","isPartOf":{"@id":"https:\/\/eurecat.org\/es\/#website"},"primaryImageOfPage":{"@id":"https:\/\/eurecat.org\/es\/proyectos\/#primaryimage"},"image":{"@id":"https:\/\/eurecat.org\/es\/proyectos\/#primaryimage"},"thumbnailUrl":"https:\/\/eurecat.org\/wp-content\/uploads\/2018\/04\/proyectos_Eurecat.jpg","datePublished":"2018-04-09T15:05:01+00:00","dateModified":"2024-07-19T08:59:53+00:00","breadcrumb":{"@id":"https:\/\/eurecat.org\/es\/proyectos\/#breadcrumb"},"inLanguage":"es","potentialAction":[{"@type":"ReadAction","target":["https:\/\/eurecat.org\/es\/proyectos\/"]}]},{"@type":"ImageObject","inLanguage":"es","@id":"https:\/\/eurecat.org\/es\/proyectos\/#primaryimage","url":"https:\/\/eurecat.org\/wp-content\/uploads\/2018\/04\/proyectos_Eurecat.jpg","contentUrl":"https:\/\/eurecat.org\/wp-content\/uploads\/2018\/04\/proyectos_Eurecat.jpg","width":"520","height":"272"},{"@type":"BreadcrumbList","@id":"https:\/\/eurecat.org\/es\/proyectos\/#breadcrumb","itemListElement":[{"@type":"ListItem","position":1,"name":"Inici","item":"https:\/\/eurecat.org\/es\/"},{"@type":"ListItem","position":2,"name":"Proyectos"}]},{"@type":"WebSite","@id":"https:\/\/eurecat.org\/es\/#website","url":"https:\/\/eurecat.org\/es\/","name":"Eurecat","description":"Otro sitio realizado con WordPress","potentialAction":[{"@type":"SearchAction","target":{"@type":"EntryPoint","urlTemplate":"https:\/\/eurecat.org\/es\/?s={search_term_string}"},"query-input":{"@type":"PropertyValueSpecification","valueRequired":true,"valueName":"search_term_string"}}],"inLanguage":"es"}]}},"_links":{"self":[{"href":"https:\/\/eurecat.org\/es\/wp-json\/wp\/v2\/pages\/56816","targetHints":{"allow":["GET"]}}],"collection":[{"href":"https:\/\/eurecat.org\/es\/wp-json\/wp\/v2\/pages"}],"about":[{"href":"https:\/\/eurecat.org\/es\/wp-json\/wp\/v2\/types\/page"}],"author":[{"embeddable":true,"href":"https:\/\/eurecat.org\/es\/wp-json\/wp\/v2\/users\/18"}],"replies":[{"embeddable":true,"href":"https:\/\/eurecat.org\/es\/wp-json\/wp\/v2\/comments?post=56816"}],"version-history":[{"count":1,"href":"https:\/\/eurecat.org\/es\/wp-json\/wp\/v2\/pages\/56816\/revisions"}],"predecessor-version":[{"id":154829,"href":"https:\/\/eurecat.org\/es\/wp-json\/wp\/v2\/pages\/56816\/revisions\/154829"}],"wp:featuredmedia":[{"embeddable":true,"href":"https:\/\/eurecat.org\/es\/wp-json\/wp\/v2\/media\/57322"}],"wp:attachment":[{"href":"https:\/\/eurecat.org\/es\/wp-json\/wp\/v2\/media?parent=56816"}],"curies":[{"name":"wp","href":"https:\/\/api.w.org\/{rel}","templated":true}]}}