{"id":66140,"date":"2018-05-25T08:32:43","date_gmt":"2018-05-25T06:32:43","guid":{"rendered":"https:\/\/eurecat.org\/politica-privacitat\/"},"modified":"2025-02-25T11:32:18","modified_gmt":"2025-02-25T10:32:18","slug":"politica-privacidad","status":"publish","type":"page","link":"https:\/\/eurecat.org\/es\/politica-privacidad\/","title":{"rendered":"Pol\u00edtica de privacidad"},"content":{"rendered":"<div class=\"fusion-fullwidth fullwidth-box fusion-builder-row-1 hundred-percent-fullwidth non-hundred-percent-height-scrolling\" style=\"--awb-border-radius-top-left:0px;--awb-border-radius-top-right:0px;--awb-border-radius-bottom-right:0px;--awb-border-radius-bottom-left:0px;--awb-padding-top:30px;--awb-padding-right:30px;--awb-padding-bottom:30px;--awb-padding-left:30px;--awb-flex-wrap:wrap;\" ><div class=\"fusion-builder-row fusion-row\"><div class=\"fusion-layout-column fusion_builder_column fusion-builder-column-0 fusion_builder_column_1_1 1_1 fusion-one-full fusion-column-first fusion-column-last\" style=\"--awb-bg-size:cover;\"><div class=\"fusion-column-wrapper fusion-flex-column-wrapper-legacy\"><div class=\"fusion-text fusion-text-1\"><h2>POL\u00cdTICA DE PRIVACIDAD<\/h2>\n<ol>\n<li><strong>Informaci\u00f3n inicial<\/strong><\/li>\n<\/ol>\n<p>FUNDACI\u00d3 EURECAT considera que su informaci\u00f3n personal es muy importante. Por este motivo, la tratamos de una manera confidencial y segura. Nos comprometemos en garantizar la privacidad de los datos personales en todo momento y a no recabar informaci\u00f3n innecesaria.<\/p>\n<p>Para acceder a nuestra web no debe registrarte previamente. En el caso de que necesite m\u00e1s informaci\u00f3n, puede contactar con nosotros a trav\u00e9s del formulario que puedes encontrar en nuestra p\u00e1gina web, siempre y cuando est\u00e9 de acuerdo con nuestra pol\u00edtica de privacidad, la cual deber\u00e1 aceptar para dejar constancia de su consentimiento expreso aceptando el tratamiento de datos con las finalidades indicadas.<\/p>\n<p>De acuerdo con el Reglamento (UE) 2016\/679, de 27 de abril de 2016, relativo a la protecci\u00f3n de las personas f\u00edsicas en lo que respecta al tratamiento de datos personales y a la libre circulaci\u00f3n de estos datos, as\u00ed como con la Ley Org\u00e1nica 3\/2018, de 5 de diciembre, de Protecci\u00f3n de Datos Personales y Garant\u00eda de los Derechos Digitales, le facilitamos la informaci\u00f3n del tratamiento de sus datos a trav\u00e9s de la Presente Pol\u00edtica de Privacidad.<\/p>\n<ol start=\"2\">\n<li><strong>\u00bfQui\u00e9n trata los datos?<\/strong><\/li>\n<\/ol>\n<p><strong>Identidad: <\/strong>FUNDACI\u00d3 EURECAT (\u201c<strong>Eurecat<\/strong>\u201d)<\/p>\n<p><strong>NIF: <\/strong>G66210345<\/p>\n<p><strong>Domicilio: <\/strong>Parc Tecnol\u00f2gic del Vall\u00e8s. Avinguda Universitat Aut\u00f2noma, 23 &#8211; 08290 Cerdanyola del Vall\u00e8s<\/p>\n<p><strong>Correo electr\u00f3nico legal: <\/strong><a href=\"mailto:legal@eurecat.org\">legal@eurecat.org<\/a><\/p>\n<p><strong>Tel\u00e9fono<\/strong>: + 34 93 238 14 00<\/p>\n<ol start=\"3\">\n<li><strong>Delegado de Protecci\u00f3n de Datos<\/strong><\/li>\n<\/ol>\n<p>Contacto del Delegado de Protecci\u00f3n de Datos: <a href=\"mailto:dpd@eurecat.org\">dpd@eurecat.org<\/a><\/p>\n<ol start=\"4\">\n<li><strong>\u00bfQu\u00e9 datos recopilamos, para qu\u00e9 fines, y durante cu\u00e1nto tiempo?<\/strong><\/li>\n<\/ol>\n<\/div>\n<div class=\"table-1\" style=\"--awb-margin-top:20px;--awb-margin-bottom:20px;\">\n<p>&nbsp;<\/p>\n<table width=\"100%\">\n<thead>\n<tr>\n<th style=\"text-align: center;\" align=\"left\">Tratamientos de datos<\/th>\n<th style=\"text-align: center;\" align=\"left\">Finalidad y legitimaci\u00f3n<\/th>\n<th align=\"left\">Periodo de conservaci\u00f3n<\/th>\n<\/tr>\n<\/thead>\n<tbody>\n<tr>\n<td align=\"left\">Formulario contacto<\/td>\n<td align=\"left\">Dar respuesta a solicitudes y consultas realizadas por el usuario, siendo la legitimaci\u00f3n del tratamiento el consentimiento expreso de acuerdo con el art. 6.1.a) del RGPD.<\/td>\n<td align=\"left\">Los datos recabados ser\u00e1n conservados durante el tiempo estrictamente necesario para cumplir con la finalidad para la que fueron recabados y, en todo caso, para determinar las posibles responsabilidades que pudieran derivarse de esta finalidad, teniendo en cuenta los per\u00edodos establecidos<\/td>\n<\/tr>\n<tr>\n<td align=\"left\">Env\u00edo de comunicaciones informativas de la entidad y Newsletter<\/td>\n<td align=\"left\">Suscripci\u00f3n a informaci\u00f3n, promociones y ofertas de la entidad, siendo la legitimaci\u00f3n del tratamiento el consentimiento expreso de acuerdo con el art. 6.1.a) del RPGD<\/td>\n<td align=\"left\">Los datos se conservar\u00e1n mientras dure la suscripci\u00f3n a la Newsletter o hasta que el interesado ejercicio el derecho de oposici\u00f3n o supresi\u00f3n de los datos. En todo caso, se podr\u00e1n conservar para determinar las posibles responsabilidades que pudieran derivarse de esta finalidad<\/td>\n<\/tr>\n<tr>\n<td align=\"left\">Gesti\u00f3n del correo electr\u00f3nico<\/td>\n<td align=\"left\">Dar respuesta a consultas recibidas, as\u00ed como gestionar la relaci\u00f3n comercial o profesional, siendo la base jur\u00eddica relaci\u00f3n contractual entre el Responsable del Tratamiento y el interesado, de acuerdo con el art. 6.1.b) del RGPD<\/td>\n<td align=\"left\">Los datos recabados se conservar\u00e1n durante el tiempo estrictamente necesario para cumplir con la finalidad para la que fueron recabados, y en todo caso para determinar las posibles responsabilidades que pudieran derivarse de esta finalidad, teniendo en cuenta los per\u00edodos establecidos en la normativa correspondiente<\/td>\n<\/tr>\n<tr>\n<td align=\"left\">CV<\/td>\n<td align=\"left\">Atender las solicitudes para formar parte de los procesos de selecci\u00f3n de la entidad. El tratamiento de los datos personales para esta finalidad queda legitimado por la aplicaci\u00f3n de medidas precontractuales a petici\u00f3n del interesado, de conformidad con lo establecido en el art. 6.1.b) del RGPD<\/td>\n<td align=\"left\">Los datos no se conservar\u00e1n m\u00e1s tiempo del necesario para los que han sido recabados, salvo que exista una obligaci\u00f3n legal. En este caso, se conservar\u00e1n durante un plazo m\u00e1ximo de un a\u00f1o.<\/td>\n<\/tr>\n<tr>\n<td align=\"left\">Participaci\u00f3n en proyectos\/estudios<\/td>\n<td align=\"left\">Tramitar la valoraci\u00f3n de solicitudes de los interesados para participar en proyectos o estudios, siendo la legitimaci\u00f3n del tratamiento el consentimiento expreso de acuerdo con el art. 6.1.a) del RPGD<\/td>\n<td align=\"left\">Los datos se conservar\u00e1n durante el tiempo de valoraci\u00f3n de la participaci\u00f3n en el proyecto. Una vez finalizada la valoraci\u00f3n se suprimir\u00e1n. En todo caso se podr\u00e1n conservar para determinar las posibles responsabilidades que pudieran derivarse de esta finalidad, teniendo en cuenta los per\u00edodos establecidos en la normativa correspondiente<\/td>\n<\/tr>\n<tr>\n<td align=\"left\">Actividades, jornadas y eventos<\/td>\n<td align=\"left\">Gestionar la inscripci\u00f3n para participar en actividades, jornadas o eventos, se tratar\u00e1n con la finalidad de gestionar la misma, siendo la legitimaci\u00f3n del tratamiento el consentimiento expreso de acuerdo con el art. 6.1.a) del RPGD<\/td>\n<td align=\"left\">Los datos se conservar\u00e1n durante el tiempo de valoraci\u00f3n de la participaci\u00f3n en el proyecto. Una vez finalizada la valoraci\u00f3n se suprimir\u00e1n. En todo caso se podr\u00e1n conservar para determinar las posibles responsabilidades que pudieran derivarse de esta finalidad, teniendo en cuenta los per\u00edodos establecidos en la normativa correspondiente<\/td>\n<\/tr>\n<tr>\n<td align=\"left\">Formaci\u00f3n<\/td>\n<td align=\"left\">Gestionar la formalizaci\u00f3n de la inscripci\u00f3n a la formaci\u00f3n, a trav\u00e9s del formulario habilitado para tal efecto, siendo la legitimaci\u00f3n del tratamiento el consentimiento expreso de acuerdo con el art. 6.1.a) del RPGD<\/td>\n<td align=\"left\">Los datos recabados ser\u00e1n conservados durante el tiempo estrictamente necesario para cumplir con la finalidad por la que fueron recabados y, en todo caso, para determinar las posibles responsabilidades que pudieran derivarse de esta finalidad, teniendo en cuenta los per\u00edodos establecidos en la normativa correspondiente<\/td>\n<\/tr>\n<tr>\n<td align=\"left\">Solicitud de presupuesto<\/td>\n<td align=\"left\">Dar respuesta a su solicitud de presupuesto, siendo la legitimaci\u00f3n del tratamiento el consentimiento expreso de acuerdo con el art. 6.1.a) del RGPD.<\/td>\n<td align=\"left\">Los datos recabados ser\u00e1n conservados durante el tiempo estrictamente necesario para cumplir con la finalidad por la que fueron recabados, y en todo caso para determinar las posibles responsabilidades que pudieran derivarse de esta finalidad, teniendo en cuenta los per\u00edodos establecidos en la normativa correspondiente<\/td>\n<\/tr>\n<tr>\n<td align=\"left\">Videovigilancia<\/td>\n<td align=\"left\">La entidad dispone de c\u00e1maras de videovigilancia con la finalidad de preservar la seguridad de las personas, de los bienes, as\u00ed como de las instalaciones. La base leg\u00edtima del tratamiento es el inter\u00e9s leg\u00edtimo por parte del Responsable del tratamiento de conformidad con el art. 6.f) del RGPD.<\/td>\n<td align=\"left\">Las im\u00e1genes se conservar\u00e1n durante un plazo m\u00e1ximo de 30 d\u00edas. Por otro lado, cuando se produjese la grabaci\u00f3n de un delito o infracci\u00f3n administrativa las im\u00e1genes se conservar\u00e1n con el \u00fanico fin de ponerlas a disposici\u00f3n de la autoridad competente sin que puedan ser utilizadas para ning\u00fan otro prop\u00f3sito<\/td>\n<\/tr>\n<\/tbody>\n<\/table>\n<\/div>\n<div class=\"fusion-text fusion-text-2\"><p><strong>5. \u00bfA qui\u00e9n se comunicar\u00e1n los datos?<\/strong><\/p>\n<p>Salvo la sujeci\u00f3n a una normativa que por imperativo legal nos obligue a ceder sus datos personales, o bien nos d\u00e9 su consentimiento expreso, no cederemos sus datos personales a terceros. En el caso de que los datos se cedieran a colaboradores, patrocinadores, etc. de actividades de Eurecat, se solicitar\u00e1 su consentimiento en el momento de la inscripci\u00f3n.<\/p>\n<p><strong>6. \u00bfSe realizan transferencias internacionales de datos?<\/strong><\/p>\n<p>No se realizan Transferencia Internacionales de datos a pa\u00edses no miembros de la Uni\u00f3n Europea.<\/p>\n<p><strong>7. \u00bfQu\u00e9 derechos tienes como usuario y c\u00f3mo puedes ejercerlos?<\/strong><\/p>\n<ul>\n<li><strong>Derecho de acceso<\/strong><\/li>\n<\/ul>\n<p>Como usuario, puede pedirnos que le expliquemos qu\u00e9 hacemos con sus datos personales.<\/p>\n<p>Adem\u00e1s, puede solicitarnos informaci\u00f3n sobre la finalidad del tratamiento de sus datos personales, el plazo de tiempo durante el que los conservamos, los derechos que tiene como usuario, su transmisi\u00f3n de los datos a un tercer pa\u00eds o a una organizaci\u00f3n internacional, la existencia de decisiones automatizadas o la elaboraci\u00f3n de perfiles en la web, entre otros.<\/p>\n<ul>\n<li><strong>Derecho de rectificaci\u00f3n<\/strong><\/li>\n<\/ul>\n<p>Si los datos personales que ha puesto a nuestra disposici\u00f3n son inexactos o est\u00e1n incompletos, tiene derecho a rectificarlos o a completarlos. P\u00f3ngase en contacto con nosotros y rectificaremos los datos que solicite.<\/p>\n<ul>\n<li><strong>Derecho a la limitaci\u00f3n del tratamiento<\/strong><\/li>\n<\/ul>\n<p>Como usuario puede solicitar la limitaci\u00f3n del tratamiento de sus datos personales cuando:<\/p>\n<ul>\n<li>Impugne la exactitud de tus datos personales, durante un plazo que nos permita verificar su exactitud.<\/li>\n<li>Si el tratamiento es il\u00edcito y Ud. se opone a la supresi\u00f3n de sus datos personales y, en lugar de suprimirlos, solicite que se limite su uso.<\/li>\n<li>Si ya no necesitamos sus datos para las finalidades del tratamiento, pero los necesita para formular, ejercer o defender reclamaciones.<\/li>\n<\/ul>\n<ul>\n<li><strong>Derecho de supresi\u00f3n<\/strong><\/li>\n<\/ul>\n<p>Puede solicitar que eliminemos de inmediato sus datos personales. Estamos obligados a eliminarlos datos de manera inmediata, cuando no sean necesarios para los fines recabados. Adem\u00e1s, puede pedirnos que se suprimamos sus datos, cuando cambie de idea acerca del consentimiento, muestre oposici\u00f3n y no existan motivos justificados para el tratamiento, cuando se traten sus datos de manera incorrecta, cuando se deban suprimir para cumplir con una obligaci\u00f3n legal o cuando los datos se hayan obtenido en relaci\u00f3n con una oferta legal.<\/p>\n<ul>\n<li><strong>Derecho a la informaci\u00f3n<\/strong><\/li>\n<\/ul>\n<p>Si ha ejercido alg\u00fan derecho de rectificaci\u00f3n, supresi\u00f3n o limitaci\u00f3n, estamos obligados a informar a todos los destinatarios a los que se les hayan comunicado sus datos personales sobre esta rectificaci\u00f3n, supresi\u00f3n o limitaci\u00f3n del tratamiento, a no ser que esto resulte imposible o suponga un esfuerzo desproporcionado.<\/p>\n<p>Como usuario tiene derecho a que el responsable le informe sobre qui\u00e9nes son estos destinatarios.<\/p>\n<ul>\n<li><strong>Derecho a la portabilidad de datos<\/strong><\/li>\n<\/ul>\n<p>Tiene derecho a recibir los datos personales que nos ha facilitado en un formato estructurado, de uso com\u00fan y de lectura mec\u00e1nica. Adem\u00e1s, tiene derecho a transmitir estos datos a otro responsable sin que nosotros podamos impedirlo.<\/p>\n<ul>\n<li><strong>Derecho de oposici\u00f3n<\/strong><\/li>\n<\/ul>\n<p>Como usuario tiene derecho a oponerte en cualquier momento, por razones derivadas de su situaci\u00f3n particular, a que utilicemos los datos personales puestos a nuestra disposici\u00f3n.<\/p>\n<p>Dejaremos de tratar sus datos personales a menos que tengamos motivos leg\u00edtimos convincentes para usarlos, que prevalezcan sobre sus intereses, derechos y libertades o que el tratamiento est\u00e9 destinado a formular, ejercer o defender reclamaciones.<\/p>\n<ul>\n<li><strong>Derecho a revocar la declaraci\u00f3n de consentimiento relativa a la protecci\u00f3n de datos<\/strong><\/li>\n<\/ul>\n<p>Como usuario tiene derecho a cambiar su declaraci\u00f3n de consentimiento relativa a la protecci\u00f3n de datos en cualquier momento. Este cambio de decisi\u00f3n respecto del consentimiento no afectar\u00e1 a la legalidad del tratamiento que tuvo lugar en base al consentimiento prestado antes de su revocaci\u00f3n.<\/p>\n<ul>\n<li><strong>Decisiones individuales automatizadas, incluida la elaboraci\u00f3n de perfiles<\/strong><\/li>\n<\/ul>\n<p>Tiene derecho a no ser objeto de una decisi\u00f3n basada \u00fanicamente en el tratamiento automatizado, incluida la elaboraci\u00f3n de perfiles, que produzca efectos legales en el usuario o le afecte significativamente de modo similar.<\/p>\n<ul>\n<li><strong>Derecho a presentar una reclamaci\u00f3n ante una autoridad de control<\/strong><\/li>\n<\/ul>\n<p>Como usuario tiene derecho a presentar una reclamaci\u00f3n ante una autoridad de control, en particular en el Estado miembro de tu residencia, lugar de trabajo o lugar de infracci\u00f3n, si considera que el tratamiento de sus datos personales crea una violaci\u00f3n del RGPD.<\/p>\n<ul>\n<li><strong>\u00bfD\u00f3nde puede ejercer sus derechos?<\/strong><\/li>\n<\/ul>\n<p>Puede solicitar el ejercicio de tus derechos en el siguiente correo electr\u00f3nico: <a href=\"mailto:legal@eurecat.org\">legal@eurecat.org<\/a><\/p>\n<p><strong>8. \u00bfEs obligatorio proporcionar toda la informaci\u00f3n solicitada en los formularios de recogida de datos? <\/strong><\/p>\n<p>En cuanto a los formularios del Sitio Web, deber\u00e1 cumplimentar los marcados como \u201crequerido\u201d. No completar los datos personales requeridos o hacerlo parcialmente puede suponer que Eurecat no pueda atender sus solicitudes y, en consecuencia, Eurecat quedar\u00e1 exonerada de toda responsabilidad por la no prestaci\u00f3n o la prestaci\u00f3n incompleta de los servicios solicitados.<\/p>\n<p>Los datos personales que el usuario facilita a Eurecat tienen que ser actuales para que la informaci\u00f3n de los registros est\u00e9 actualizada y sin errores. El usuario responder\u00e1 de la veracidad de los datos facilitados.<\/p>\n<p><strong>9. \u00bfQu\u00e9 medidas de seguridad tenemos implantadas?<\/strong><\/p>\n<p>En Eurecat que cuidamos y utilizamos sus datos personales siguiendo la normativa actual en materia de protecci\u00f3n de datos y de los servicios de la sociedad de la informaci\u00f3n.<\/p>\n<p>Tenemos implantadas las medidas de seguridad de \u00edndole t\u00e9cnica y organizativas necesarias que garanticen la seguridad de los datos de car\u00e1cter personal del usuario y eviten su alteraci\u00f3n, p\u00e9rdida, tratamiento y\/o acceso no autorizado de acuerdo con el estado de la tecnolog\u00eda, la naturaleza de los datos almacenados y los riesgos a los que est\u00e1n expuestos, ya provengan de la acci\u00f3n humana o del medio f\u00edsico o natural, en conformidad con el que prev\u00e9 la normativa vigente.<\/p>\n<\/div><div class=\"fusion-clearfix\"><\/div><\/div><\/div><\/div><\/div>\n","protected":false},"excerpt":{"rendered":"","protected":false},"author":12,"featured_media":0,"parent":0,"menu_order":1980,"comment_status":"open","ping_status":"closed","template":"","meta":{"footnotes":""},"class_list":["post-66140","page","type-page","status-publish","hentry"],"yoast_head":"<!-- This site is optimized with the Yoast SEO plugin v27.3 - https:\/\/yoast.com\/product\/yoast-seo-wordpress\/ -->\n<title>Pol\u00edtica de privacidad - Eurecat Centre Tecnol\u00f2gic de Catalunya<\/title>\n<meta name=\"robots\" content=\"noindex, follow\" \/>\n<meta property=\"og:locale\" content=\"es_ES\" \/>\n<meta property=\"og:type\" content=\"article\" \/>\n<meta property=\"og:title\" content=\"Pol\u00edtica de privacidad - Eurecat Centre Tecnol\u00f2gic de Catalunya\" \/>\n<meta property=\"og:url\" content=\"https:\/\/eurecat.org\/es\/politica-privacidad\/\" \/>\n<meta property=\"og:site_name\" content=\"Eurecat\" \/>\n<meta property=\"article:modified_time\" content=\"2025-02-25T10:32:18+00:00\" \/>\n<meta name=\"twitter:card\" content=\"summary_large_image\" \/>\n<meta name=\"twitter:label1\" content=\"Tiempo de lectura\" \/>\n\t<meta name=\"twitter:data1\" content=\"10 minutos\" \/>\n<script type=\"application\/ld+json\" class=\"yoast-schema-graph\">{\"@context\":\"https:\\\/\\\/schema.org\",\"@graph\":[{\"@type\":\"WebPage\",\"@id\":\"https:\\\/\\\/eurecat.org\\\/es\\\/politica-privacidad\\\/\",\"url\":\"https:\\\/\\\/eurecat.org\\\/es\\\/politica-privacidad\\\/\",\"name\":\"Pol\u00edtica de privacidad - Eurecat Centre Tecnol\u00f2gic de Catalunya\",\"isPartOf\":{\"@id\":\"https:\\\/\\\/eurecat.org\\\/es\\\/#website\"},\"datePublished\":\"2018-05-25T06:32:43+00:00\",\"dateModified\":\"2025-02-25T10:32:18+00:00\",\"breadcrumb\":{\"@id\":\"https:\\\/\\\/eurecat.org\\\/es\\\/politica-privacidad\\\/#breadcrumb\"},\"inLanguage\":\"es\",\"potentialAction\":[{\"@type\":\"ReadAction\",\"target\":[\"https:\\\/\\\/eurecat.org\\\/es\\\/politica-privacidad\\\/\"]}]},{\"@type\":\"BreadcrumbList\",\"@id\":\"https:\\\/\\\/eurecat.org\\\/es\\\/politica-privacidad\\\/#breadcrumb\",\"itemListElement\":[{\"@type\":\"ListItem\",\"position\":1,\"name\":\"Inici\",\"item\":\"https:\\\/\\\/eurecat.org\\\/es\\\/\"},{\"@type\":\"ListItem\",\"position\":2,\"name\":\"Pol\u00edtica de privacidad\"}]},{\"@type\":\"WebSite\",\"@id\":\"https:\\\/\\\/eurecat.org\\\/es\\\/#website\",\"url\":\"https:\\\/\\\/eurecat.org\\\/es\\\/\",\"name\":\"Eurecat\",\"description\":\"Otro sitio realizado con WordPress\",\"potentialAction\":[{\"@type\":\"SearchAction\",\"target\":{\"@type\":\"EntryPoint\",\"urlTemplate\":\"https:\\\/\\\/eurecat.org\\\/es\\\/?s={search_term_string}\"},\"query-input\":{\"@type\":\"PropertyValueSpecification\",\"valueRequired\":true,\"valueName\":\"search_term_string\"}}],\"inLanguage\":\"es\"}]}<\/script>\n<!-- \/ Yoast SEO plugin. -->","yoast_head_json":{"title":"Pol\u00edtica de privacidad - Eurecat Centre Tecnol\u00f2gic de Catalunya","robots":{"index":"noindex","follow":"follow"},"og_locale":"es_ES","og_type":"article","og_title":"Pol\u00edtica de privacidad - Eurecat Centre Tecnol\u00f2gic de Catalunya","og_url":"https:\/\/eurecat.org\/es\/politica-privacidad\/","og_site_name":"Eurecat","article_modified_time":"2025-02-25T10:32:18+00:00","twitter_card":"summary_large_image","twitter_misc":{"Tiempo de lectura":"10 minutos"},"schema":{"@context":"https:\/\/schema.org","@graph":[{"@type":"WebPage","@id":"https:\/\/eurecat.org\/es\/politica-privacidad\/","url":"https:\/\/eurecat.org\/es\/politica-privacidad\/","name":"Pol\u00edtica de privacidad - Eurecat Centre Tecnol\u00f2gic de Catalunya","isPartOf":{"@id":"https:\/\/eurecat.org\/es\/#website"},"datePublished":"2018-05-25T06:32:43+00:00","dateModified":"2025-02-25T10:32:18+00:00","breadcrumb":{"@id":"https:\/\/eurecat.org\/es\/politica-privacidad\/#breadcrumb"},"inLanguage":"es","potentialAction":[{"@type":"ReadAction","target":["https:\/\/eurecat.org\/es\/politica-privacidad\/"]}]},{"@type":"BreadcrumbList","@id":"https:\/\/eurecat.org\/es\/politica-privacidad\/#breadcrumb","itemListElement":[{"@type":"ListItem","position":1,"name":"Inici","item":"https:\/\/eurecat.org\/es\/"},{"@type":"ListItem","position":2,"name":"Pol\u00edtica de privacidad"}]},{"@type":"WebSite","@id":"https:\/\/eurecat.org\/es\/#website","url":"https:\/\/eurecat.org\/es\/","name":"Eurecat","description":"Otro sitio realizado con WordPress","potentialAction":[{"@type":"SearchAction","target":{"@type":"EntryPoint","urlTemplate":"https:\/\/eurecat.org\/es\/?s={search_term_string}"},"query-input":{"@type":"PropertyValueSpecification","valueRequired":true,"valueName":"search_term_string"}}],"inLanguage":"es"}]}},"_links":{"self":[{"href":"https:\/\/eurecat.org\/es\/wp-json\/wp\/v2\/pages\/66140","targetHints":{"allow":["GET"]}}],"collection":[{"href":"https:\/\/eurecat.org\/es\/wp-json\/wp\/v2\/pages"}],"about":[{"href":"https:\/\/eurecat.org\/es\/wp-json\/wp\/v2\/types\/page"}],"author":[{"embeddable":true,"href":"https:\/\/eurecat.org\/es\/wp-json\/wp\/v2\/users\/12"}],"replies":[{"embeddable":true,"href":"https:\/\/eurecat.org\/es\/wp-json\/wp\/v2\/comments?post=66140"}],"version-history":[{"count":2,"href":"https:\/\/eurecat.org\/es\/wp-json\/wp\/v2\/pages\/66140\/revisions"}],"predecessor-version":[{"id":173055,"href":"https:\/\/eurecat.org\/es\/wp-json\/wp\/v2\/pages\/66140\/revisions\/173055"}],"wp:attachment":[{"href":"https:\/\/eurecat.org\/es\/wp-json\/wp\/v2\/media?parent=66140"}],"curies":[{"name":"wp","href":"https:\/\/api.w.org\/{rel}","templated":true}]}}