{"id":7029,"date":"2016-04-27T14:14:10","date_gmt":"2016-04-27T14:14:10","guid":{"rendered":"http:\/\/eurecat.org\/es\/?page_id=7029"},"modified":"2016-10-23T16:52:19","modified_gmt":"2016-10-23T16:52:19","slug":"jornada-eurecat-cdti-textil","status":"publish","type":"page","link":"https:\/\/eurecat.org\/es\/servicios\/eurecatevents\/jornada-eurecat-cdti-textil\/","title":{"rendered":"Jornada Eurecat CDTI TEXTIL"},"content":{"rendered":"<div class=\"fusion-fullwidth fullwidth-box fusion-builder-row-1 hundred-percent-fullwidth non-hundred-percent-height-scrolling\" style=\"--awb-border-radius-top-left:0px;--awb-border-radius-top-right:0px;--awb-border-radius-bottom-right:0px;--awb-border-radius-bottom-left:0px;--awb-overflow:visible;--awb-flex-wrap:wrap;\" ><div class=\"fusion-builder-row fusion-row\"><div class=\"fusion-layout-column fusion_builder_column fusion-builder-column-0 fusion_builder_column_1_1 1_1 fusion-one-full fusion-column-first fusion-column-last fusion-column-no-min-height\" style=\"--awb-bg-size:cover;--awb-margin-bottom:0px;\"><div class=\"fusion-column-wrapper fusion-flex-column-wrapper-legacy\"><div class=\"fusion-text fusion-text-1\"><h1 style=\"text-align: center;\"><span style=\"color: #800080;\"><strong>Financiaci\u00f3n\u00a0de projectos de I+D+i\u00a0para\u00a0empresas del sector textil<\/strong><\/span><\/h1>\n<h2 style=\"text-align: center;\">La Jornada tratar\u00e1 las oportunidades de financiaci\u00f3n que ofrece el \u201c<strong>Centro para el Desarrollo Tecnol\u00f3gico e Industrial-CDTI\u201d<\/strong> dirigidas al sector textil.<\/h2>\n<\/div><div class=\"fusion-sep-clear\"><\/div><div class=\"fusion-separator fusion-has-icon fusion-full-width-sep\" style=\"margin-left: auto;margin-right: auto;margin-bottom:60px;width:100%;\"><div class=\"fusion-separator-border sep-single sep-solid\" style=\"--awb-height:20px;--awb-amount:20px;border-color:#e0dede;border-top-width:1px;\"><\/div><span class=\"icon-wrapper\" style=\"border-color:#e0dede;background-color:rgba(255,255,255,0);font-size:14px;width: 1.75em; height: 1.75em;border-width:1px;padding:1px;margin-top:-0.5px\"><i class=\" fa fa-chevron-down\" style=\"font-size: inherit;color:#e0dede;\" aria-hidden=\"true\"><\/i><\/span><div class=\"fusion-separator-border sep-single sep-solid\" style=\"--awb-height:20px;--awb-amount:20px;border-color:#e0dede;border-top-width:1px;\"><\/div><\/div><div class=\"fusion-sep-clear\"><\/div><div class=\"fusion-clearfix\"><\/div><\/div><\/div><\/div><\/div><div class=\"fusion-fullwidth fullwidth-box fusion-builder-row-2 nonhundred-percent-fullwidth non-hundred-percent-height-scrolling\" style=\"--awb-background-position:left top;--awb-border-radius-top-left:0px;--awb-border-radius-top-right:0px;--awb-border-radius-bottom-right:0px;--awb-border-radius-bottom-left:0px;--awb-padding-top:20px;--awb-padding-right:0px;--awb-padding-bottom:0px;--awb-padding-left:0px;--awb-border-sizes-top:0px;--awb-border-sizes-bottom:0px;--awb-flex-wrap:wrap;\" ><div class=\"fusion-builder-row fusion-row\"><div class=\"fusion-layout-column fusion_builder_column fusion-builder-column-1 fusion_builder_column_3_5 3_5 fusion-three-fifth fusion-column-first\" style=\"--awb-bg-size:cover;width:58.4%; margin-right: 4%;\"><div class=\"fusion-column-wrapper fusion-flex-column-wrapper-legacy\"><div class=\"fusion-text fusion-text-2\"><h3><span style=\"color: #000080;\"><strong>\u00bfQui\u00e9nes somos?<\/strong><\/span><\/h3>\n<\/div><div class=\"fusion-sep-clear\"><\/div><div class=\"fusion-separator fusion-full-width-sep\" style=\"margin-left: auto;margin-right: auto;margin-bottom:10px;width:100%;\"><div class=\"fusion-separator-border sep-single sep-solid\" style=\"--awb-height:20px;--awb-amount:20px;--awb-sep-color:#e0e0e0;border-color:#e0e0e0;border-top-width:1px;\"><\/div><\/div><div class=\"fusion-sep-clear\"><\/div><div class=\"fusion-text fusion-text-3\"><p><strong><a href=\"http:\/\/www.eurecat.org\/\" target=\"_blank\">Eurecat<\/a><\/strong> es el Centro Tecnol\u00f3gico de referencia en Catalu\u00f1a que nace de la fusi\u00f3n de Ascamm, Cetemmsa, Barcelona Digital, Barcelona Media, Centro Tecnol\u00f3gico de Manresa y el Centro Tecnol\u00f3gico de Nutrici\u00f3n y Salud, bajo una misma marca y con una estrategia com\u00fan: <strong>ayudar las empresas catalanas a convertirse en m\u00e1s competitivas,<\/strong> posicion\u00e1ndose como partner estrat\u00e9gico en cuanto a la implementaci\u00f3n de adelantos disruptivos en el s\u00ed de sus organizaciones.<\/p>\n<p>Los \u00e1mbitos de conocimiento y experiencia de Eurecat permiten <strong>atender las necesidades del tejido empresarial desde una vertiente m\u00e1s transversal e integradora, ofreciendo una mejora eficiente en productos, procesos y servicios.<\/strong> Por este motivo, queremos daros a conocer las capacidades de Eurecat y alinearlas as\u00ed con la estrategia de innovaci\u00f3n del tejido empresarial catal\u00e1n.<\/p>\n<\/div><div class=\"fusion-sep-clear\"><\/div><div class=\"fusion-separator fusion-full-width-sep\" style=\"margin-left: auto;margin-right: auto;margin-top:10px;margin-bottom:10px;width:100%;\"><\/div><div class=\"fusion-sep-clear\"><\/div><div class=\"fusion-button-wrapper fusion-aligncenter\"><a class=\"fusion-button button-flat button-large button-blue fusion-button-blue button-1 fusion-button-default-span \" target=\"_blank\" rel=\"noopener noreferrer\" href=\"https:\/\/www.tfaforms.com\/418792\"><span class=\"fusion-button-icon-divider button-icon-divider-left\"><i class=\" fa fa-check awb-button__icon awb-button__icon--default\" aria-hidden=\"true\"><\/i><\/span><span class=\"fusion-button-text awb-button__text awb-button__text--default fusion-button-text-left\">INSCR\u00cdBETE<\/span><\/a><\/div><div class=\"fusion-sep-clear\"><\/div><div class=\"fusion-separator fusion-full-width-sep\" style=\"margin-left: auto;margin-right: auto;margin-top:10px;margin-bottom:10px;width:100%;\"><\/div><div class=\"fusion-sep-clear\"><\/div><div class=\"fusion-image-element fusion-image-align-center in-legacy-container\" style=\"text-align:center;--awb-caption-title-font-family:var(--h2_typography-font-family);--awb-caption-title-font-weight:var(--h2_typography-font-weight);--awb-caption-title-font-style:var(--h2_typography-font-style);--awb-caption-title-size:var(--h2_typography-font-size);--awb-caption-title-transform:var(--h2_typography-text-transform);--awb-caption-title-line-height:var(--h2_typography-line-height);--awb-caption-title-letter-spacing:var(--h2_typography-letter-spacing);\"><div class=\"imageframe-align-center\"><span class=\" fusion-imageframe imageframe-none imageframe-1 hover-type-none\"><a class=\"fusion-no-lightbox\" href=\"http:\/\/cdn.bdigital.org\/PDF\/JornadaCDTI\/Jornada_CDTI_Textil\/ProgramaOportunidadesdeFinanciacion_Cdti_TEXTIL_cast.pdf\" target=\"_blank\" aria-label=\"buttonprogramaWEBEVENTS\" rel=\"noopener noreferrer\"><img decoding=\"async\" width=\"180\" height=\"70\" src=\"https:\/\/eurecat.org\/wp-content\/uploads\/2016\/02\/buttonprogramaWEBEVENTS.png\" alt class=\"img-responsive wp-image-5270\" srcset=\"https:\/\/eurecat.org\/wp-content\/uploads\/2016\/02\/buttonprogramaWEBEVENTS-120x47.png 120w, https:\/\/eurecat.org\/wp-content\/uploads\/2016\/02\/buttonprogramaWEBEVENTS-177x70.png 177w, https:\/\/eurecat.org\/wp-content\/uploads\/2016\/02\/buttonprogramaWEBEVENTS.png 180w\" sizes=\"(max-width: 180px) 100vw, 180px\" \/><\/a><\/span><\/div><\/div><div class=\"fusion-sep-clear\"><\/div><div class=\"fusion-separator fusion-full-width-sep\" style=\"margin-left: auto;margin-right: auto;margin-top:10px;margin-bottom:10px;width:100%;\"><\/div><div class=\"fusion-sep-clear\"><\/div><div class=\"fusion-text fusion-text-4\"><h3><strong><span style=\"color: #333399;\">\u00bfA qui\u00e9n va dirigido?<\/span><\/strong><\/h3>\n<p><strong>Empresas y emprendedores *<\/strong> del sector textil con voluntad de innovar, con necesidad de financiaci\u00f3n y\/o internacionalizaci\u00f3n.<\/p>\n<\/div><div class=\"fusion-text fusion-text-5\"><p>(*) La organizaci\u00f3n se reserva el derecho de priorizar el acceso a empresas susceptibles de recibir financiaci\u00f3n en este \u00e1mbito, quedando excluidas administraciones p\u00fablicas, consultoras, entre otros.<\/p>\n<\/div><div class=\"fusion-text fusion-text-6\"><p>Esta Jornada-taller tiene una orientaci\u00f3n pr\u00e1ctica en la que podr\u00e9is solicitar una entrevista personal con los responsables del CDTI para valorar vuestra propuesta.<\/p>\n<\/div><div class=\"fusion-clearfix\"><\/div><\/div><\/div><div class=\"fusion-layout-column fusion_builder_column fusion-builder-column-2 fusion_builder_column_2_5 2_5 fusion-two-fifth fusion-column-last\" style=\"--awb-padding-top:10px;--awb-padding-right:10px;--awb-padding-bottom:10px;--awb-padding-left:10px;--awb-bg-color:#f9f9f9;--awb-bg-color-hover:#f9f9f9;--awb-bg-position:center center;--awb-bg-size:cover;width:37.6%;\"><div class=\"fusion-column-wrapper fusion-flex-column-wrapper-legacy\"><div class=\"fusion-column-content-centered\"><div class=\"fusion-column-content\"><div class=\"fusion-text fusion-text-7\"><h3 style=\"text-align: center;\"><span style=\"color: #000080;\"><strong>Informaci\u00f3n de la jornada<\/strong><\/span><\/h3>\n<\/div><div class=\"fusion-sep-clear\"><\/div><div class=\"fusion-separator fusion-full-width-sep\" style=\"margin-left: auto;margin-right: auto;margin-bottom:10px;width:100%;\"><\/div><div class=\"fusion-sep-clear\"><\/div><div class=\"fusion-text fusion-text-8\"><p style=\"text-align: center;\"><strong>D\u00eda:<\/strong>\u00a024 de mayo\u00a0del 2016<\/p>\n<p style=\"text-align: center;\"><strong>Horario:<\/strong> 09:30h a 13:30h<\/p>\n<p style=\"text-align: center;\"><strong>Lugar:<\/strong>\u00a0Centro de Investigaci\u00f3n Y Transferencia de Tecnolog\u00eda Textil<\/p>\n<p style=\"text-align: center;\">P\u00e7 Industria, 1 &#8211; 08036 Canet de Mar<\/p>\n<\/div><div class=\"fusion-text fusion-text-9\"><p style=\"text-align: center;\"><strong>Contacte:<\/strong><\/p>\n<p style=\"text-align: center;\">Eurecat Events &#8211;\u00a0<strong><a href=\"mailto:events@eurecat.org\" target=\"_blank\">events@eurecat.org<\/a>\u00a0|\u00a0<\/strong>Tel: 932 381 400<\/p>\n<\/div><div class=\"fusion-sep-clear\"><\/div><div class=\"fusion-separator fusion-full-width-sep\" style=\"margin-left: auto;margin-right: auto;width:100%;\"><\/div><div class=\"fusion-sep-clear\"><\/div><div class=\"fusion-text fusion-text-10\"><p style=\"text-align: center;\"><strong>Localizaci\u00f3n:<\/strong><\/p>\n<\/div>\t\t\t\t\t<script type=\"text\/javascript\">\n\t\t\t\t\t\tvar map_fusion_map_69ed3551329fd;\n\t\t\t\t\t\tvar markers = [];\n\t\t\t\t\t\tvar counter = 0;\n\t\t\t\t\t\t\t\t\t\t\t\t\t\t\t\t\t\t\t\tvar fusionMapNonce = '7efe601905';\n\t\t\t\t\t\t\t\t\t\t\t\tfunction fusion_run_map_fusion_map_69ed3551329fd() {\n\t\t\t\t\t\t\tjQuery ('#fusion_map_69ed3551329fd' ).fusion_maps( {\n\t\t\t\t\t\t\t\taddresses: [{\"address\":\"Pla\\u00e7a Ind\\u00fastria 1 08036 Canet de Mar\",\"infobox_content\":\"Pla\\u00e7a Ind\\u00fastria 1 08036 Canet de Mar\",\"coordinates\":false,\"cache\":true,\"latitude\":\"41.5894767\",\"longitude\":\"2.5802040999999463\"}],\n\t\t\t\t\t\t\t\tanimations: true,\n\t\t\t\t\t\t\t\tinfobox_background_color: '',\n\t\t\t\t\t\t\t\tinfobox_styling: 'default',\n\t\t\t\t\t\t\t\tinfobox_text_color: '',\n\t\t\t\t\t\t\t\tmap_style: 'default',\n\t\t\t\t\t\t\t\tmap_type: 'roadmap',\n\t\t\t\t\t\t\t\tmarker_icon: '',\n\t\t\t\t\t\t\t\toverlay_color: '',\n\t\t\t\t\t\t\t\toverlay_color_hsl: {\"hue\":0,\"sat\":0,\"lum\":100},\n\t\t\t\t\t\t\t\tshow_address: true,\n\t\t\t\t\t\t\t\tscale_control: false,\n\t\t\t\t\t\t\t\tscrollwheel: false,\n\t\t\t\t\t\t\t\tzoom: 16,\n\t\t\t\t\t\t\t\tzoom_control: true,\n\t\t\t\t\t\t\t} );\n\t\t\t\t\t\t}\n\n\t\t\t\t\t\tgoogle.maps.event.addDomListener(window, 'load', fusion_run_map_fusion_map_69ed3551329fd);\n\t\t\t\t\t<\/script>\n\t\t\t\t\t<div class=\"shortcode-map fusion-google-map fusion-maps-js-type\" id=\"fusion_map_69ed3551329fd\"><\/div><\/div><\/div><div class=\"fusion-clearfix\"><\/div><\/div><\/div><\/div><\/div><div class=\"fusion-fullwidth fullwidth-box fusion-builder-row-3 nonhundred-percent-fullwidth non-hundred-percent-height-scrolling\" style=\"--awb-background-position:left top;--awb-border-radius-top-left:0px;--awb-border-radius-top-right:0px;--awb-border-radius-bottom-right:0px;--awb-border-radius-bottom-left:0px;--awb-padding-top:1px;--awb-padding-right:0px;--awb-padding-bottom:20px;--awb-padding-left:0px;--awb-border-sizes-top:0px;--awb-border-sizes-bottom:0px;--awb-flex-wrap:wrap;\" ><div class=\"fusion-builder-row fusion-row\"><div class=\"fusion-layout-column fusion_builder_column fusion-builder-column-3 fusion_builder_column_3_5 3_5 fusion-three-fifth fusion-column-first\" style=\"--awb-bg-size:cover;width:58.4%; margin-right: 4%;\"><div class=\"fusion-column-wrapper fusion-flex-column-wrapper-legacy\"><div class=\"fusion-text fusion-text-11\"><h3><strong><span style=\"color: #333399;\">Entidades colaboradoras:<\/span><\/strong><\/h3>\n<\/div><div class=\"fusion-sep-clear\"><\/div><div class=\"fusion-separator fusion-full-width-sep\" style=\"margin-left: auto;margin-right: auto;margin-top:10px;margin-bottom:10px;width:100%;\"><\/div><div class=\"fusion-sep-clear\"><\/div><div class=\"fusion-text fusion-text-12\"><p><a href=\"https:\/\/www.cdti.es\/\"><img decoding=\"async\" class=\"aligncenter wp-image-6460\" src=\"https:\/\/eurecat.org\/wp-content\/uploads\/2016\/03\/CDTI-COMPOST.jpg\" alt=\"Logo CDTI-MINECO (v. 2013)\" width=\"498\" height=\"88\" srcset=\"https:\/\/eurecat.org\/wp-content\/uploads\/2016\/03\/CDTI-COMPOST-120x21.jpg 120w, https:\/\/eurecat.org\/wp-content\/uploads\/2016\/03\/CDTI-COMPOST-300x53.jpg 300w, https:\/\/eurecat.org\/wp-content\/uploads\/2016\/03\/CDTI-COMPOST-500x88.jpg 500w, https:\/\/eurecat.org\/wp-content\/uploads\/2016\/03\/CDTI-COMPOST-1160x205.jpg 1160w, https:\/\/eurecat.org\/wp-content\/uploads\/2016\/03\/CDTI-COMPOST.jpg 1200w\" sizes=\"(max-width: 498px) 100vw, 498px\" \/><\/a><\/p>\n<p><a href=\"http:\/\/www.asegema.org\/\"><img decoding=\"async\" class=\"aligncenter wp-image-7021\" src=\"https:\/\/eurecat.org\/wp-content\/uploads\/2016\/04\/logoASEGEMAEVENT200x300.jpg\" alt=\"logoASEGEMAEVENT200x300\" width=\"200\" height=\"133\" srcset=\"https:\/\/eurecat.org\/wp-content\/uploads\/2016\/04\/logoASEGEMAEVENT200x300-120x80.jpg 120w, https:\/\/eurecat.org\/wp-content\/uploads\/2016\/04\/logoASEGEMAEVENT200x300.jpg 300w\" sizes=\"(max-width: 200px) 100vw, 200px\" \/><\/a><a href=\"http:\/\/www.acte.net\/\"><img decoding=\"async\" class=\"aligncenter wp-image-7018\" src=\"https:\/\/eurecat.org\/wp-content\/uploads\/2016\/04\/logoACTEEVENT200x300.jpg\" alt=\"logoACTEEVENT200x300\" width=\"200\" height=\"133\" srcset=\"https:\/\/eurecat.org\/wp-content\/uploads\/2016\/04\/logoACTEEVENT200x300-120x80.jpg 120w, https:\/\/eurecat.org\/wp-content\/uploads\/2016\/04\/logoACTEEVENT200x300.jpg 300w\" sizes=\"(max-width: 200px) 100vw, 200px\" \/><\/a><\/p>\n<\/div><div class=\"fusion-clearfix\"><\/div><\/div><\/div><div class=\"fusion-layout-column fusion_builder_column fusion-builder-column-4 fusion_builder_column_2_5 2_5 fusion-two-fifth fusion-column-last\" style=\"--awb-bg-size:cover;width:37.6%;\"><div class=\"fusion-column-wrapper fusion-flex-column-wrapper-legacy\"><div class=\"fusion-image-element fusion-image-align-center in-legacy-container\" style=\"text-align:center;--awb-caption-title-font-family:var(--h2_typography-font-family);--awb-caption-title-font-weight:var(--h2_typography-font-weight);--awb-caption-title-font-style:var(--h2_typography-font-style);--awb-caption-title-size:var(--h2_typography-font-size);--awb-caption-title-transform:var(--h2_typography-text-transform);--awb-caption-title-line-height:var(--h2_typography-line-height);--awb-caption-title-letter-spacing:var(--h2_typography-letter-spacing);\"><div class=\"imageframe-align-center\"><span class=\" fusion-imageframe imageframe-none imageframe-2 hover-type-none\"><a class=\"fusion-no-lightbox\" href=\"http:\/\/cdn.bdigital.org\/PDF\/JornadaCDTI\/Jornada_CDTI_Textil\/Formulariopeticionentrevistas.docx\" target=\"_self\" aria-label=\"programaCDTICanet2016ESP\"><img decoding=\"async\" width=\"589\" height=\"779\" src=\"https:\/\/eurecat.org\/wp-content\/uploads\/2016\/04\/programaCDTICanet2016ESP.png\" alt class=\"img-responsive wp-image-9458\" srcset=\"https:\/\/eurecat.org\/wp-content\/uploads\/2016\/04\/programaCDTICanet2016ESP-120x159.png 120w, https:\/\/eurecat.org\/wp-content\/uploads\/2016\/04\/programaCDTICanet2016ESP-227x300.png 227w, https:\/\/eurecat.org\/wp-content\/uploads\/2016\/04\/programaCDTICanet2016ESP-500x661.png 500w, https:\/\/eurecat.org\/wp-content\/uploads\/2016\/04\/programaCDTICanet2016ESP.png 589w\" sizes=\"(max-width: 589px) 100vw, 589px\" \/><\/a><\/span><\/div><\/div><div class=\"fusion-text fusion-text-13\"><p>(**) La petici\u00f3n de entrevistas podr\u00e1n enviarse con antelaci\u00f3n al evento a: <span style=\"color: #0000ff;\"><strong><a style=\"color: #0000ff;\" href=\"mailto:events@eurecat.org\" target=\"_blank\">events@eurecat.org<\/a><\/strong><\/span><\/p>\n<\/div><div class=\"fusion-clearfix\"><\/div><\/div><\/div><\/div><\/div>\n","protected":false},"excerpt":{"rendered":"","protected":false},"author":12,"featured_media":0,"parent":2777,"menu_order":4,"comment_status":"closed","ping_status":"closed","template":"","meta":{"footnotes":""},"class_list":["post-7029","page","type-page","status-publish","hentry"],"yoast_head":"<!-- This site is optimized with the Yoast SEO plugin v27.4 - https:\/\/yoast.com\/product\/yoast-seo-wordpress\/ -->\n<title>Jornada Eurecat CDTI TEXTIL<\/title>\n<meta name=\"robots\" content=\"index, follow, max-snippet:-1, max-image-preview:large, max-video-preview:-1\" \/>\n<link rel=\"canonical\" href=\"https:\/\/eurecat.org\/es\/servicios\/eurecatevents\/jornada-eurecat-cdti-textil\/\" \/>\n<meta property=\"og:locale\" content=\"es_ES\" \/>\n<meta property=\"og:type\" content=\"article\" \/>\n<meta property=\"og:title\" content=\"Jornada Eurecat CDTI TEXTIL\" \/>\n<meta property=\"og:url\" content=\"https:\/\/eurecat.org\/es\/servicios\/eurecatevents\/jornada-eurecat-cdti-textil\/\" \/>\n<meta property=\"og:site_name\" content=\"Eurecat\" \/>\n<meta property=\"article:modified_time\" content=\"2016-10-23T16:52:19+00:00\" \/>\n<meta property=\"og:image\" content=\"https:\/\/eurecat.org\/wp-content\/uploads\/2016\/02\/buttonprogramaWEBEVENTS.png\" \/>\n<meta name=\"twitter:card\" content=\"summary_large_image\" \/>\n<meta name=\"twitter:label1\" content=\"Tiempo de lectura\" \/>\n\t<meta name=\"twitter:data1\" content=\"6 minutos\" \/>\n<script type=\"application\/ld+json\" class=\"yoast-schema-graph\">{\"@context\":\"https:\\\/\\\/schema.org\",\"@graph\":[{\"@type\":\"WebPage\",\"@id\":\"https:\\\/\\\/eurecat.org\\\/es\\\/servicios\\\/eurecatevents\\\/jornada-eurecat-cdti-textil\\\/\",\"url\":\"https:\\\/\\\/eurecat.org\\\/es\\\/servicios\\\/eurecatevents\\\/jornada-eurecat-cdti-textil\\\/\",\"name\":\"Jornada Eurecat CDTI TEXTIL\",\"isPartOf\":{\"@id\":\"https:\\\/\\\/eurecat.org\\\/es\\\/#website\"},\"primaryImageOfPage\":{\"@id\":\"https:\\\/\\\/eurecat.org\\\/es\\\/servicios\\\/eurecatevents\\\/jornada-eurecat-cdti-textil\\\/#primaryimage\"},\"image\":{\"@id\":\"https:\\\/\\\/eurecat.org\\\/es\\\/servicios\\\/eurecatevents\\\/jornada-eurecat-cdti-textil\\\/#primaryimage\"},\"thumbnailUrl\":\"https:\\\/\\\/eurecat.org\\\/wp-content\\\/uploads\\\/2016\\\/02\\\/buttonprogramaWEBEVENTS.png\",\"datePublished\":\"2016-04-27T14:14:10+00:00\",\"dateModified\":\"2016-10-23T16:52:19+00:00\",\"breadcrumb\":{\"@id\":\"https:\\\/\\\/eurecat.org\\\/es\\\/servicios\\\/eurecatevents\\\/jornada-eurecat-cdti-textil\\\/#breadcrumb\"},\"inLanguage\":\"es\",\"potentialAction\":[{\"@type\":\"ReadAction\",\"target\":[\"https:\\\/\\\/eurecat.org\\\/es\\\/servicios\\\/eurecatevents\\\/jornada-eurecat-cdti-textil\\\/\"]}]},{\"@type\":\"ImageObject\",\"inLanguage\":\"es\",\"@id\":\"https:\\\/\\\/eurecat.org\\\/es\\\/servicios\\\/eurecatevents\\\/jornada-eurecat-cdti-textil\\\/#primaryimage\",\"url\":\"https:\\\/\\\/eurecat.org\\\/wp-content\\\/uploads\\\/2016\\\/02\\\/buttonprogramaWEBEVENTS.png\",\"contentUrl\":\"https:\\\/\\\/eurecat.org\\\/wp-content\\\/uploads\\\/2016\\\/02\\\/buttonprogramaWEBEVENTS.png\"},{\"@type\":\"BreadcrumbList\",\"@id\":\"https:\\\/\\\/eurecat.org\\\/es\\\/servicios\\\/eurecatevents\\\/jornada-eurecat-cdti-textil\\\/#breadcrumb\",\"itemListElement\":[{\"@type\":\"ListItem\",\"position\":1,\"name\":\"Inici\",\"item\":\"https:\\\/\\\/eurecat.org\\\/es\\\/\"},{\"@type\":\"ListItem\",\"position\":2,\"name\":\"Actividades\",\"item\":\"https:\\\/\\\/eurecat.org\\\/es\\\/servicios\\\/\"},{\"@type\":\"ListItem\",\"position\":3,\"name\":\"Esdeveniments Eurecat\",\"item\":\"https:\\\/\\\/eurecat.org\\\/es\\\/servicios\\\/eurecatevents\\\/\"},{\"@type\":\"ListItem\",\"position\":4,\"name\":\"Jornada Eurecat CDTI TEXTIL\"}]},{\"@type\":\"WebSite\",\"@id\":\"https:\\\/\\\/eurecat.org\\\/es\\\/#website\",\"url\":\"https:\\\/\\\/eurecat.org\\\/es\\\/\",\"name\":\"Eurecat\",\"description\":\"Otro sitio realizado con WordPress\",\"potentialAction\":[{\"@type\":\"SearchAction\",\"target\":{\"@type\":\"EntryPoint\",\"urlTemplate\":\"https:\\\/\\\/eurecat.org\\\/es\\\/?s={search_term_string}\"},\"query-input\":{\"@type\":\"PropertyValueSpecification\",\"valueRequired\":true,\"valueName\":\"search_term_string\"}}],\"inLanguage\":\"es\"}]}<\/script>\n<!-- \/ Yoast SEO plugin. -->","yoast_head_json":{"title":"Jornada Eurecat CDTI TEXTIL","robots":{"index":"index","follow":"follow","max-snippet":"max-snippet:-1","max-image-preview":"max-image-preview:large","max-video-preview":"max-video-preview:-1"},"canonical":"https:\/\/eurecat.org\/es\/servicios\/eurecatevents\/jornada-eurecat-cdti-textil\/","og_locale":"es_ES","og_type":"article","og_title":"Jornada Eurecat CDTI TEXTIL","og_url":"https:\/\/eurecat.org\/es\/servicios\/eurecatevents\/jornada-eurecat-cdti-textil\/","og_site_name":"Eurecat","article_modified_time":"2016-10-23T16:52:19+00:00","og_image":[{"url":"https:\/\/eurecat.org\/wp-content\/uploads\/2016\/02\/buttonprogramaWEBEVENTS.png","type":"","width":"","height":""}],"twitter_card":"summary_large_image","twitter_misc":{"Tiempo de lectura":"6 minutos"},"schema":{"@context":"https:\/\/schema.org","@graph":[{"@type":"WebPage","@id":"https:\/\/eurecat.org\/es\/servicios\/eurecatevents\/jornada-eurecat-cdti-textil\/","url":"https:\/\/eurecat.org\/es\/servicios\/eurecatevents\/jornada-eurecat-cdti-textil\/","name":"Jornada Eurecat CDTI TEXTIL","isPartOf":{"@id":"https:\/\/eurecat.org\/es\/#website"},"primaryImageOfPage":{"@id":"https:\/\/eurecat.org\/es\/servicios\/eurecatevents\/jornada-eurecat-cdti-textil\/#primaryimage"},"image":{"@id":"https:\/\/eurecat.org\/es\/servicios\/eurecatevents\/jornada-eurecat-cdti-textil\/#primaryimage"},"thumbnailUrl":"https:\/\/eurecat.org\/wp-content\/uploads\/2016\/02\/buttonprogramaWEBEVENTS.png","datePublished":"2016-04-27T14:14:10+00:00","dateModified":"2016-10-23T16:52:19+00:00","breadcrumb":{"@id":"https:\/\/eurecat.org\/es\/servicios\/eurecatevents\/jornada-eurecat-cdti-textil\/#breadcrumb"},"inLanguage":"es","potentialAction":[{"@type":"ReadAction","target":["https:\/\/eurecat.org\/es\/servicios\/eurecatevents\/jornada-eurecat-cdti-textil\/"]}]},{"@type":"ImageObject","inLanguage":"es","@id":"https:\/\/eurecat.org\/es\/servicios\/eurecatevents\/jornada-eurecat-cdti-textil\/#primaryimage","url":"https:\/\/eurecat.org\/wp-content\/uploads\/2016\/02\/buttonprogramaWEBEVENTS.png","contentUrl":"https:\/\/eurecat.org\/wp-content\/uploads\/2016\/02\/buttonprogramaWEBEVENTS.png"},{"@type":"BreadcrumbList","@id":"https:\/\/eurecat.org\/es\/servicios\/eurecatevents\/jornada-eurecat-cdti-textil\/#breadcrumb","itemListElement":[{"@type":"ListItem","position":1,"name":"Inici","item":"https:\/\/eurecat.org\/es\/"},{"@type":"ListItem","position":2,"name":"Actividades","item":"https:\/\/eurecat.org\/es\/servicios\/"},{"@type":"ListItem","position":3,"name":"Esdeveniments Eurecat","item":"https:\/\/eurecat.org\/es\/servicios\/eurecatevents\/"},{"@type":"ListItem","position":4,"name":"Jornada Eurecat CDTI TEXTIL"}]},{"@type":"WebSite","@id":"https:\/\/eurecat.org\/es\/#website","url":"https:\/\/eurecat.org\/es\/","name":"Eurecat","description":"Otro sitio realizado con WordPress","potentialAction":[{"@type":"SearchAction","target":{"@type":"EntryPoint","urlTemplate":"https:\/\/eurecat.org\/es\/?s={search_term_string}"},"query-input":{"@type":"PropertyValueSpecification","valueRequired":true,"valueName":"search_term_string"}}],"inLanguage":"es"}]}},"_links":{"self":[{"href":"https:\/\/eurecat.org\/es\/wp-json\/wp\/v2\/pages\/7029","targetHints":{"allow":["GET"]}}],"collection":[{"href":"https:\/\/eurecat.org\/es\/wp-json\/wp\/v2\/pages"}],"about":[{"href":"https:\/\/eurecat.org\/es\/wp-json\/wp\/v2\/types\/page"}],"author":[{"embeddable":true,"href":"https:\/\/eurecat.org\/es\/wp-json\/wp\/v2\/users\/12"}],"replies":[{"embeddable":true,"href":"https:\/\/eurecat.org\/es\/wp-json\/wp\/v2\/comments?post=7029"}],"version-history":[{"count":0,"href":"https:\/\/eurecat.org\/es\/wp-json\/wp\/v2\/pages\/7029\/revisions"}],"up":[{"embeddable":true,"href":"https:\/\/eurecat.org\/es\/wp-json\/wp\/v2\/pages\/2777"}],"wp:attachment":[{"href":"https:\/\/eurecat.org\/es\/wp-json\/wp\/v2\/media?parent=7029"}],"curies":[{"name":"wp","href":"https:\/\/api.w.org\/{rel}","templated":true}]}}