{"id":71158,"date":"2018-09-27T15:31:32","date_gmt":"2018-09-27T15:31:32","guid":{"rendered":"https:\/\/eurecat.org\/?page_id=71158"},"modified":"2018-10-19T09:12:12","modified_gmt":"2018-10-19T09:12:12","slug":"worskhop_etica_dades","status":"publish","type":"page","link":"https:\/\/eurecat.org\/es\/servicios\/eurecatevents\/worskhop_etica_dades\/","title":{"rendered":"Workshop \u00c8tica i Dades"},"content":{"rendered":"<div class=\"fusion-fullwidth fullwidth-box fusion-builder-row-1 hundred-percent-fullwidth non-hundred-percent-height-scrolling\" style=\"--awb-border-radius-top-left:0px;--awb-border-radius-top-right:0px;--awb-border-radius-bottom-right:0px;--awb-border-radius-bottom-left:0px;--awb-padding-top:-40px;--awb-flex-wrap:wrap;\" ><div class=\"fusion-builder-row fusion-row\"><div class=\"fusion-layout-column fusion_builder_column fusion-builder-column-0 fusion_builder_column_1_1 1_1 fusion-one-full fusion-column-first fusion-column-last fusion-column-no-min-height\" style=\"--awb-bg-size:cover;--awb-margin-bottom:0px;\"><div class=\"fusion-column-wrapper fusion-flex-column-wrapper-legacy\"><div class=\"fusion-text fusion-text-1\"><h1 style=\"text-align: center;\"><strong><span style=\"color: #3d6fb6;\">\u00a0WORKSHOP OBERT \u00c8TICA I DADES<\/span><\/strong><\/h1>\n<\/div><div class=\"fusion-sep-clear\"><\/div><div class=\"fusion-separator fusion-full-width-sep\" style=\"margin-left: auto;margin-right: auto;width:100%;\"><\/div><div class=\"fusion-sep-clear\"><\/div><div class=\"fusion-clearfix\"><\/div><\/div><\/div><div class=\"fusion-layout-column fusion_builder_column fusion-builder-column-1 fusion_builder_column_1_3 1_3 fusion-one-third fusion-column-first fusion-column-no-min-height\" style=\"--awb-bg-size:cover;--awb-margin-bottom:0px;width:33.333333333333%;width:calc(33.333333333333% - ( ( 4% ) * 0.33333333333333 ) );margin-right: 4%;\"><div class=\"fusion-column-wrapper fusion-flex-column-wrapper-legacy\"><div class=\"fusion-text fusion-text-2\"><h1 style=\"text-align: center;\"><span style=\"color: #000000;\"><strong>4 Octubre 2018<\/strong><\/span><\/h1>\n<\/div><div class=\"fusion-sep-clear\"><\/div><div class=\"fusion-separator fusion-full-width-sep\" style=\"margin-left: auto;margin-right: auto;width:100%;\"><\/div><div class=\"fusion-sep-clear\"><\/div><div class=\"fusion-text fusion-text-3\"><p style=\"text-align: center;\"><strong><em><a href=\"https:\/\/goo.gl\/maps\/CMTF3kXfexG2\">Aula Magna de la Universitat de Barcelona<\/a><br \/>\nEdifici Pla\u00e7a Universitat<br \/>\n<\/em><\/strong><i>Gran Via de les Corts Catalanes, 585<\/i><br \/>\n<em>08007 Barcelona<\/em><\/p>\n<\/div><div class=\"fusion-sep-clear\"><\/div><div class=\"fusion-separator fusion-full-width-sep\" style=\"margin-left: auto;margin-right: auto;width:100%;\"><div class=\"fusion-separator-border sep-single\" style=\"--awb-height:20px;--awb-amount:20px;--awb-sep-color:#ffffff;border-color:#ffffff;border-top-width:1px;\"><\/div><\/div><div class=\"fusion-sep-clear\"><\/div><div class=\"fusion-clearfix\"><\/div><\/div><\/div><div class=\"fusion-layout-column fusion_builder_column fusion-builder-column-2 fusion_builder_column_2_3 2_3 fusion-two-third fusion-column-last fusion-column-no-min-height\" style=\"--awb-bg-size:cover;--awb-margin-bottom:0px;width:66.666666666667%;width:calc(66.666666666667% - ( ( 4% ) * 0.66666666666667 ) );\"><div class=\"fusion-column-wrapper fusion-flex-column-wrapper-legacy\"><div class=\"fusion-sep-clear\"><\/div><div class=\"fusion-separator fusion-full-width-sep\" style=\"margin-left: auto;margin-right: auto;width:100%;\"><\/div><div class=\"fusion-sep-clear\"><\/div><div class=\"fusion-sep-clear\"><\/div><div class=\"fusion-separator fusion-full-width-sep\" style=\"margin-left: auto;margin-right: auto;width:100%;\"><\/div><div class=\"fusion-sep-clear\"><\/div><div class=\"fusion-text fusion-text-4\"><p><img decoding=\"async\" class=\"aligncenter size-full wp-image-71159\" src=\"https:\/\/eurecat.org\/wp-content\/uploads\/2018\/09\/capcalera.jpg\" alt=\"\" width=\"750\" height=\"128\" srcset=\"https:\/\/eurecat.org\/wp-content\/uploads\/2018\/09\/capcalera-200x34.jpg 200w, https:\/\/eurecat.org\/wp-content\/uploads\/2018\/09\/capcalera-300x51.jpg 300w, https:\/\/eurecat.org\/wp-content\/uploads\/2018\/09\/capcalera-400x68.jpg 400w, https:\/\/eurecat.org\/wp-content\/uploads\/2018\/09\/capcalera-600x102.jpg 600w, https:\/\/eurecat.org\/wp-content\/uploads\/2018\/09\/capcalera.jpg 750w\" sizes=\"(max-width: 750px) 100vw, 750px\" \/><\/p>\n<\/div><div class=\"fusion-clearfix\"><\/div><\/div><\/div><\/div><\/div><div class=\"fusion-fullwidth fullwidth-box fusion-builder-row-2 fusion-parallax-none hundred-percent-fullwidth non-hundred-percent-height-scrolling\" style=\"--awb-border-radius-top-left:0px;--awb-border-radius-top-right:0px;--awb-border-radius-bottom-right:0px;--awb-border-radius-bottom-left:0px;--awb-padding-top:220px;--awb-padding-bottom:220px;--awb-background-image:url(&quot;https:\/\/eurecat.org\/wp-content\/uploads\/2018\/09\/imatgecapweb-3.jpg&quot;);--awb-background-size:cover;--awb-flex-wrap:wrap;\" ><div class=\"fusion-builder-row fusion-row\"><div class=\"fusion-layout-column fusion_builder_column fusion-builder-column-3 fusion_builder_column_1_1 1_1 fusion-one-full fusion-column-first fusion-column-last fusion-column-no-min-height\" style=\"--awb-bg-size:cover;--awb-margin-bottom:0px;\"><div class=\"fusion-column-wrapper fusion-flex-column-wrapper-legacy\"><div class=\"fusion-sep-clear\"><\/div><div class=\"fusion-separator fusion-full-width-sep\" style=\"margin-left: auto;margin-right: auto;width:100%;\"><\/div><div class=\"fusion-sep-clear\"><\/div><div class=\"fusion-clearfix\"><\/div><\/div><\/div><\/div><\/div><div class=\"fusion-fullwidth fullwidth-box fusion-builder-row-3 nonhundred-percent-fullwidth non-hundred-percent-height-scrolling\" style=\"--awb-background-position:left top;--awb-border-radius-top-left:0px;--awb-border-radius-top-right:0px;--awb-border-radius-bottom-right:0px;--awb-border-radius-bottom-left:0px;--awb-padding-top:30px;--awb-padding-right:0px;--awb-padding-bottom:30px;--awb-padding-left:0px;--awb-border-sizes-top:0px;--awb-border-sizes-bottom:0px;--awb-flex-wrap:wrap;\" ><div class=\"fusion-builder-row fusion-row\"><div class=\"fusion-layout-column fusion_builder_column fusion-builder-column-4 fusion_builder_column_3_5 3_5 fusion-three-fifth fusion-column-first\" style=\"--awb-padding-right:20px;--awb-padding-left:40px;--awb-bg-size:cover;width:60%;width:calc(60% - ( ( 4% ) * 0.6 ) );margin-right: 4%;\"><div class=\"fusion-column-wrapper fusion-flex-column-wrapper-legacy\"><div class=\"fusion-text fusion-text-5\"><p>Presentaci\u00f3 de l\u2019informe de \u201cBones pr\u00e0ctiques per compartir dades personals en la nova economia de dades\u201d impulsat per Grup de Treball del Big Data CoE.<\/p>\n<\/div><div class=\"fusion-clearfix\"><\/div><\/div><\/div><div class=\"fusion-layout-column fusion_builder_column fusion-builder-column-5 fusion_builder_column_2_5 2_5 fusion-two-fifth fusion-column-last\" style=\"--awb-padding-right:20px;--awb-padding-left:40px;--awb-bg-size:cover;width:40%;width:calc(40% - ( ( 4% ) * 0.4 ) );\"><div class=\"fusion-column-wrapper fusion-flex-column-wrapper-legacy\"><div class=\"fusion-sep-clear\"><\/div><div class=\"fusion-separator fusion-full-width-sep\" style=\"margin-left: auto;margin-right: auto;width:100%;\"><div class=\"fusion-separator-border sep-single\" style=\"--awb-height:20px;--awb-amount:20px;--awb-sep-color:#ffffff;border-color:#ffffff;border-top-width:1px;\"><\/div><\/div><div class=\"fusion-sep-clear\"><\/div><div class=\"fusion-button-wrapper fusion-aligncenter\"><a class=\"fusion-button button-flat fusion-button-default-size button-default fusion-button-default button-1 fusion-button-default-span fusion-button-default-type\" target=\"_self\" href=\"http:\/\/cdn.bdigital.org\/PDF\/Workshop_Etica_Dades\/programa_workshop_etica_dades.pdf\"><span class=\"fusion-button-text awb-button__text awb-button__text--default\">Descarrega&#8217;t el programa<\/span><i class=\"fa-arrow-alt-circle-down far awb-button__icon awb-button__icon--default button-icon-right\" aria-hidden=\"true\"><\/i><\/a><\/div><div class=\"fusion-clearfix\"><\/div><\/div><\/div><\/div><\/div><div class=\"fusion-fullwidth fullwidth-box fusion-builder-row-4 nonhundred-percent-fullwidth non-hundred-percent-height-scrolling\" style=\"--awb-border-radius-top-left:0px;--awb-border-radius-top-right:0px;--awb-border-radius-bottom-right:0px;--awb-border-radius-bottom-left:0px;--awb-padding-top:20px;--awb-padding-bottom:20px;--awb-background-color:#3d6fb6;--awb-flex-wrap:wrap;\" ><div class=\"fusion-builder-row fusion-row\"><div class=\"fusion-layout-column fusion_builder_column fusion-builder-column-6 fusion_builder_column_1_1 1_1 fusion-one-full fusion-column-first fusion-column-last\" style=\"--awb-bg-size:cover;--awb-margin-top:30px;\"><div class=\"fusion-column-wrapper fusion-flex-column-wrapper-legacy\"><div class=\"fusion-text fusion-text-6\"><h2 style=\"text-align: center;\"><span style=\"color: #ffffff;\"><strong>Programa<\/strong><\/span><\/h2>\n<\/div><div class=\"fusion-clearfix\"><\/div><\/div><\/div><\/div><\/div><div class=\"fusion-fullwidth fullwidth-box fusion-builder-row-5 nonhundred-percent-fullwidth non-hundred-percent-height-scrolling\" style=\"--awb-border-radius-top-left:0px;--awb-border-radius-top-right:0px;--awb-border-radius-bottom-right:0px;--awb-border-radius-bottom-left:0px;--awb-padding-top:20px;--awb-padding-right:50px;--awb-padding-bottom:20px;--awb-padding-left:50px;--awb-background-color:rgba(249,249,249,0);--awb-flex-wrap:wrap;\" ><div class=\"fusion-builder-row fusion-row\"><div class=\"fusion-layout-column fusion_builder_column fusion-builder-column-7 fusion_builder_column_1_2 1_2 fusion-one-half fusion-column-first\" style=\"--awb-padding-right:10px;--awb-padding-left:20px;--awb-bg-size:cover;--awb-border-color:#3d5fb6;--awb-border-right:1px;--awb-border-style:solid;width:50%;width:calc(50% - ( ( 4% ) * 0.5 ) );margin-right: 4%;\"><div class=\"fusion-column-wrapper fusion-flex-column-wrapper-legacy\"><div class=\"fusion-text fusion-text-7\"><p><span style=\"color: #3d6fb6;\"><strong>17:00h<\/strong><\/span><\/p>\n<\/div><div class=\"fusion-text fusion-text-8\"><p><strong><span style=\"color: #000000;\">Introducci\u00f3 de la jornada<br \/>\n<\/span><\/strong><\/p>\n<ul>\n<li><strong>Daniel Marco<\/strong>, director d\u2019SmartCatalonia, Departament de Pol\u00edtiques Digitals i AAPP de la Generalitat de Catalunya<\/li>\n<li><strong>Oriol Pujol<\/strong>, Vice-rector de Transformaci\u00f3 Digital de la Universitat de Barcelona<\/li>\n<li><strong>Marc Torrent<\/strong>, director del Big Data CoE i de la Unitat de de Big Data Analytics del centre tecnol\u00f2gic Eurecat<\/li>\n<\/ul>\n<p>Presentaci\u00f3 de l\u2019informe de \u201cBones pr\u00e0ctiques per compartir dades personals en la nova economia de dades\u201d impulsat per Grup de Treball del Big Data CoE.<\/p>\n<\/div><div class=\"fusion-text fusion-text-9\"><p><span style=\"color: #3d6fb6;\"><strong>17:15h<\/strong><\/span><\/p>\n<\/div><div class=\"fusion-text fusion-text-10\"><p><strong><u>Descripci\u00f3<\/u>:<\/strong>\u00a0 Reflexi\u00f3 al voltant dels beneficis que suposa per a la societat i els individus apostar per la compartici\u00f3 i explotaci\u00f3 de dades, fent \u00e8mfasi al voltant de les dades de car\u00e0cter personal i els aspectes \u00e8tics a tenir en compte.<\/p>\n<p>Moderador: <strong>Jordi Trill<\/strong>, Director de Desenvolupament de Negoci d\u2019Oracle.<\/p>\n<p>Pon\u00e8ncies:<\/p>\n<ol>\n<li>Les dades com a base per a la presa de decisions.<br \/>\n<strong>Nacho Alamillo<\/strong>, director general Astrea, la Infopista Jur\u00eddica<\/li>\n<li>Impacte positiu de l\u2019anal\u00edtica i el creuament de dades en la societat i els individus.<br \/>\n<strong>Ricard Gavald\u00e0<\/strong>, professor del Departament de Ci\u00e8ncies de la Computaci\u00f3 de la UPC.<\/li>\n<li>L\u00edmits \u00e8tics en el tractament de dades.<br \/>\n<strong>Itziar de Lecuona<\/strong>, subdirectora de l\u2019Observatori de Bio-\u00e8tica i Dret \u2013 C\u00e0tedra UNESCO, UB.<\/li>\n<\/ol>\n<\/div><div class=\"fusion-clearfix\"><\/div><\/div><\/div><div class=\"fusion-layout-column fusion_builder_column fusion-builder-column-8 fusion_builder_column_1_2 1_2 fusion-one-half fusion-column-last\" style=\"--awb-padding-right:10px;--awb-bg-size:cover;--awb-border-color:#3d6fb6;--awb-border-right:1px;--awb-border-style:solid;width:50%;width:calc(50% - ( ( 4% ) * 0.5 ) );\"><div class=\"fusion-column-wrapper fusion-flex-column-wrapper-legacy\"><div class=\"fusion-text fusion-text-11\"><p><span style=\"color: #3d6fb6;\"><strong>18:15h<\/strong><\/span><\/p>\n<\/div><div class=\"fusion-text fusion-text-12\"><p><b>PAUSA<\/b><\/p>\n<\/div><div class=\"fusion-text fusion-text-13\"><p><span style=\"color: #3d6fb6;\"><strong>18:30h<\/strong><\/span><\/p>\n<\/div><div class=\"fusion-text fusion-text-14\"><p><u>Descripci\u00f3<\/u>:\u00a0 El ciutad\u00e0 viu en una societat on el nombre d\u2019algoritmes que prenen o ajuden a prendre decisions basades en dades creix r\u00e0pidament. Per aquest motiu, apareix una forta necessitat de transpar\u00e8ncia al voltant d\u2019aquests algoritmes i tamb\u00e9 de formaci\u00f3 i disseminaci\u00f3 que ajudi a entendre les bases de com funcionen. L\u2019administraci\u00f3 oberta \u00e9s un dels primers exemples d\u2019aquest paradigma.<\/p>\n<p>Moderador: <strong>Antoni Dedeu<\/strong>, director de la Ag\u00e8ncia de Qualitat i Avaluaci\u00f3 Sanit\u00e0ries de Catalunya<\/p>\n<p>Pon\u00e8ncies:<\/p>\n<ol>\n<li>Necessitat de transpar\u00e8ncia sobre el funcionament dels algoritmes.<br \/>\n<strong>Carlos Castillo<\/strong>, professor a la UPF<\/li>\n<li>Administraci\u00f3 Oberta.<br \/>\n<strong>Frederic Udina<\/strong>, director de l\u2019Institut d\u2019Estad\u00edstica de Catalunya<\/li>\n<li>Sensibilitzaci\u00f3, formaci\u00f3 i coneixement de la poblaci\u00f3 respecte a l\u2019anal\u00edtica de dades.<br \/>\n<strong>Jordi Vitri\u00e0<\/strong>, Catedr\u00e0tic de Llenguatges i Sistemes Inform\u00e0tics de la UB<\/li>\n<\/ol>\n<\/div><div class=\"fusion-text fusion-text-15\"><p><span style=\"color: #3d6fb6;\"><strong>19:30h<\/strong><\/span><\/p>\n<\/div><div class=\"fusion-text fusion-text-16\"><p><strong>Tancament<\/strong><\/p>\n<\/div><div class=\"fusion-clearfix\"><\/div><\/div><\/div><\/div><\/div><div class=\"fusion-fullwidth fullwidth-box fusion-builder-row-6 nonhundred-percent-fullwidth non-hundred-percent-height-scrolling\" style=\"--awb-border-radius-top-left:0px;--awb-border-radius-top-right:0px;--awb-border-radius-bottom-right:0px;--awb-border-radius-bottom-left:0px;--awb-padding-top:10px;--awb-padding-right:0px;--awb-padding-bottom:10px;--awb-padding-left:0px;--awb-background-color:#3d6fb6;--awb-border-sizes-top:0px;--awb-border-sizes-bottom:0px;--awb-flex-wrap:wrap;\" ><div class=\"fusion-builder-row fusion-row\"><div class=\"fusion-layout-column fusion_builder_column fusion-builder-column-9 fusion_builder_column_1_1 1_1 fusion-one-full fusion-column-first fusion-column-last\" style=\"--awb-padding-top:10px;--awb-padding-right:10px;--awb-padding-bottom:10px;--awb-padding-left:10px;--awb-bg-position:center center;--awb-bg-size:cover;--awb-margin-bottom:2px;\"><div class=\"fusion-column-wrapper fusion-flex-column-wrapper-legacy\"><div class=\"fusion-column-content-centered\"><div class=\"fusion-column-content\"><div class=\"fusion-text fusion-text-17\"><h2><\/h2>\n<h2 style=\"text-align: center;\"><span style=\"color: #ffffff;\"><strong>ON<\/strong><\/span><\/h2>\n<\/div><\/div><\/div><div class=\"fusion-clearfix\"><\/div><\/div><\/div><\/div><\/div><div class=\"fusion-fullwidth fullwidth-box fusion-builder-row-7 nonhundred-percent-fullwidth non-hundred-percent-height-scrolling\" style=\"--awb-border-radius-top-left:0px;--awb-border-radius-top-right:0px;--awb-border-radius-bottom-right:0px;--awb-border-radius-bottom-left:0px;--awb-padding-top:5px;--awb-padding-right:0px;--awb-padding-bottom:5px;--awb-padding-left:0px;--awb-background-color:#ffffff;--awb-border-sizes-top:0px;--awb-border-sizes-bottom:0px;--awb-flex-wrap:wrap;\" ><div class=\"fusion-builder-row fusion-row\"><div class=\"fusion-layout-column fusion_builder_column fusion-builder-column-10 fusion_builder_column_1_1 1_1 fusion-one-full fusion-column-first fusion-column-last\" style=\"--awb-bg-position:center center;--awb-bg-size:cover;--awb-margin-bottom:2px;\"><div class=\"fusion-column-wrapper fusion-flex-column-wrapper-legacy\"><div class=\"fusion-column-content-centered\"><div class=\"fusion-column-content\"><iframe src=\"https:\/\/www.google.com\/maps\/embed?pb=!1m18!1m12!1m3!1d2993.4652639607334!2d2.161099365425726!3d41.38570122926435!2m3!1f0!2f0!3f0!3m2!1i1024!2i768!4f13.1!3m3!1m2!1s0x0%3A0xba3e12058122ec95!2sUniversidad+de+Barcelona!5e0!3m2!1ses!2ses!4v1538062144667\" width=\"1373\" height=\"324\" frameborder=\"0\" style=\"border:0\" allowfullscreen><\/iframe><\/div><\/div><div class=\"fusion-clearfix\"><\/div><\/div><\/div><\/div><\/div>\n","protected":false},"excerpt":{"rendered":"","protected":false},"author":24,"featured_media":71165,"parent":2777,"menu_order":34,"comment_status":"closed","ping_status":"closed","template":"100-width.php","meta":{"footnotes":""},"class_list":["post-71158","page","type-page","status-publish","has-post-thumbnail","hentry"],"yoast_head":"<!-- This site is optimized with the Yoast SEO plugin v27.5 - https:\/\/yoast.com\/product\/yoast-seo-wordpress\/ -->\n<title>Workshop obert \u00c8tica i Dades<\/title>\n<meta name=\"description\" content=\"Workshops obert \u00c8tica i Dades. Presentaci\u00f3 de l\u2019informe de \u201cBones pr\u00e0ctiques per compartir dades personals en la nova economia de dades\u201d impulsat per Grup de Treball del Big Data CoE.\" \/>\n<meta name=\"robots\" content=\"index, follow, max-snippet:-1, max-image-preview:large, max-video-preview:-1\" \/>\n<link rel=\"canonical\" href=\"https:\/\/eurecat.org\/es\/servicios\/eurecatevents\/worskhop_etica_dades\/\" \/>\n<meta property=\"og:locale\" content=\"es_ES\" \/>\n<meta property=\"og:type\" content=\"article\" \/>\n<meta property=\"og:title\" content=\"Workshop obert \u00c8tica i Dades\" \/>\n<meta property=\"og:description\" content=\"Workshops obert \u00c8tica i Dades. Presentaci\u00f3 de l\u2019informe de \u201cBones pr\u00e0ctiques per compartir dades personals en la nova economia de dades\u201d impulsat per Grup de Treball del Big Data CoE.\" \/>\n<meta property=\"og:url\" content=\"https:\/\/eurecat.org\/es\/servicios\/eurecatevents\/worskhop_etica_dades\/\" \/>\n<meta property=\"og:site_name\" content=\"Eurecat\" \/>\n<meta property=\"article:modified_time\" content=\"2018-10-19T09:12:12+00:00\" \/>\n<meta property=\"og:image\" content=\"https:\/\/eurecat.org\/wp-content\/uploads\/2018\/09\/BASEdestacada520x272-3.jpg\" \/>\n\t<meta property=\"og:image:width\" content=\"520\" \/>\n\t<meta property=\"og:image:height\" content=\"272\" \/>\n\t<meta property=\"og:image:type\" content=\"image\/jpeg\" \/>\n<meta name=\"twitter:card\" content=\"summary_large_image\" \/>\n<meta name=\"twitter:label1\" content=\"Tiempo de lectura\" \/>\n\t<meta name=\"twitter:data1\" content=\"13 minutos\" \/>\n<script type=\"application\/ld+json\" class=\"yoast-schema-graph\">{\"@context\":\"https:\\\/\\\/schema.org\",\"@graph\":[{\"@type\":\"WebPage\",\"@id\":\"https:\\\/\\\/eurecat.org\\\/es\\\/servicios\\\/eurecatevents\\\/worskhop_etica_dades\\\/\",\"url\":\"https:\\\/\\\/eurecat.org\\\/es\\\/servicios\\\/eurecatevents\\\/worskhop_etica_dades\\\/\",\"name\":\"Workshop obert \u00c8tica i Dades\",\"isPartOf\":{\"@id\":\"https:\\\/\\\/eurecat.org\\\/es\\\/#website\"},\"primaryImageOfPage\":{\"@id\":\"https:\\\/\\\/eurecat.org\\\/es\\\/servicios\\\/eurecatevents\\\/worskhop_etica_dades\\\/#primaryimage\"},\"image\":{\"@id\":\"https:\\\/\\\/eurecat.org\\\/es\\\/servicios\\\/eurecatevents\\\/worskhop_etica_dades\\\/#primaryimage\"},\"thumbnailUrl\":\"https:\\\/\\\/eurecat.org\\\/wp-content\\\/uploads\\\/2018\\\/09\\\/BASEdestacada520x272-3.jpg\",\"datePublished\":\"2018-09-27T15:31:32+00:00\",\"dateModified\":\"2018-10-19T09:12:12+00:00\",\"description\":\"Workshops obert \u00c8tica i Dades. Presentaci\u00f3 de l\u2019informe de \u201cBones pr\u00e0ctiques per compartir dades personals en la nova economia de dades\u201d impulsat per Grup de Treball del Big Data CoE.\",\"breadcrumb\":{\"@id\":\"https:\\\/\\\/eurecat.org\\\/es\\\/servicios\\\/eurecatevents\\\/worskhop_etica_dades\\\/#breadcrumb\"},\"inLanguage\":\"es\",\"potentialAction\":[{\"@type\":\"ReadAction\",\"target\":[\"https:\\\/\\\/eurecat.org\\\/es\\\/servicios\\\/eurecatevents\\\/worskhop_etica_dades\\\/\"]}]},{\"@type\":\"ImageObject\",\"inLanguage\":\"es\",\"@id\":\"https:\\\/\\\/eurecat.org\\\/es\\\/servicios\\\/eurecatevents\\\/worskhop_etica_dades\\\/#primaryimage\",\"url\":\"https:\\\/\\\/eurecat.org\\\/wp-content\\\/uploads\\\/2018\\\/09\\\/BASEdestacada520x272-3.jpg\",\"contentUrl\":\"https:\\\/\\\/eurecat.org\\\/wp-content\\\/uploads\\\/2018\\\/09\\\/BASEdestacada520x272-3.jpg\",\"width\":520,\"height\":272},{\"@type\":\"BreadcrumbList\",\"@id\":\"https:\\\/\\\/eurecat.org\\\/es\\\/servicios\\\/eurecatevents\\\/worskhop_etica_dades\\\/#breadcrumb\",\"itemListElement\":[{\"@type\":\"ListItem\",\"position\":1,\"name\":\"Inici\",\"item\":\"https:\\\/\\\/eurecat.org\\\/es\\\/\"},{\"@type\":\"ListItem\",\"position\":2,\"name\":\"Actividades\",\"item\":\"https:\\\/\\\/eurecat.org\\\/es\\\/servicios\\\/\"},{\"@type\":\"ListItem\",\"position\":3,\"name\":\"Esdeveniments Eurecat\",\"item\":\"https:\\\/\\\/eurecat.org\\\/es\\\/servicios\\\/eurecatevents\\\/\"},{\"@type\":\"ListItem\",\"position\":4,\"name\":\"Workshop \u00c8tica i Dades\"}]},{\"@type\":\"WebSite\",\"@id\":\"https:\\\/\\\/eurecat.org\\\/es\\\/#website\",\"url\":\"https:\\\/\\\/eurecat.org\\\/es\\\/\",\"name\":\"Eurecat\",\"description\":\"Otro sitio realizado con WordPress\",\"potentialAction\":[{\"@type\":\"SearchAction\",\"target\":{\"@type\":\"EntryPoint\",\"urlTemplate\":\"https:\\\/\\\/eurecat.org\\\/es\\\/?s={search_term_string}\"},\"query-input\":{\"@type\":\"PropertyValueSpecification\",\"valueRequired\":true,\"valueName\":\"search_term_string\"}}],\"inLanguage\":\"es\"}]}<\/script>\n<!-- \/ Yoast SEO plugin. -->","yoast_head_json":{"title":"Workshop obert \u00c8tica i Dades","description":"Workshops obert \u00c8tica i Dades. Presentaci\u00f3 de l\u2019informe de \u201cBones pr\u00e0ctiques per compartir dades personals en la nova economia de dades\u201d impulsat per Grup de Treball del Big Data CoE.","robots":{"index":"index","follow":"follow","max-snippet":"max-snippet:-1","max-image-preview":"max-image-preview:large","max-video-preview":"max-video-preview:-1"},"canonical":"https:\/\/eurecat.org\/es\/servicios\/eurecatevents\/worskhop_etica_dades\/","og_locale":"es_ES","og_type":"article","og_title":"Workshop obert \u00c8tica i Dades","og_description":"Workshops obert \u00c8tica i Dades. Presentaci\u00f3 de l\u2019informe de \u201cBones pr\u00e0ctiques per compartir dades personals en la nova economia de dades\u201d impulsat per Grup de Treball del Big Data CoE.","og_url":"https:\/\/eurecat.org\/es\/servicios\/eurecatevents\/worskhop_etica_dades\/","og_site_name":"Eurecat","article_modified_time":"2018-10-19T09:12:12+00:00","og_image":[{"width":520,"height":272,"url":"https:\/\/eurecat.org\/wp-content\/uploads\/2018\/09\/BASEdestacada520x272-3.jpg","type":"image\/jpeg"}],"twitter_card":"summary_large_image","twitter_misc":{"Tiempo de lectura":"13 minutos"},"schema":{"@context":"https:\/\/schema.org","@graph":[{"@type":"WebPage","@id":"https:\/\/eurecat.org\/es\/servicios\/eurecatevents\/worskhop_etica_dades\/","url":"https:\/\/eurecat.org\/es\/servicios\/eurecatevents\/worskhop_etica_dades\/","name":"Workshop obert \u00c8tica i Dades","isPartOf":{"@id":"https:\/\/eurecat.org\/es\/#website"},"primaryImageOfPage":{"@id":"https:\/\/eurecat.org\/es\/servicios\/eurecatevents\/worskhop_etica_dades\/#primaryimage"},"image":{"@id":"https:\/\/eurecat.org\/es\/servicios\/eurecatevents\/worskhop_etica_dades\/#primaryimage"},"thumbnailUrl":"https:\/\/eurecat.org\/wp-content\/uploads\/2018\/09\/BASEdestacada520x272-3.jpg","datePublished":"2018-09-27T15:31:32+00:00","dateModified":"2018-10-19T09:12:12+00:00","description":"Workshops obert \u00c8tica i Dades. Presentaci\u00f3 de l\u2019informe de \u201cBones pr\u00e0ctiques per compartir dades personals en la nova economia de dades\u201d impulsat per Grup de Treball del Big Data CoE.","breadcrumb":{"@id":"https:\/\/eurecat.org\/es\/servicios\/eurecatevents\/worskhop_etica_dades\/#breadcrumb"},"inLanguage":"es","potentialAction":[{"@type":"ReadAction","target":["https:\/\/eurecat.org\/es\/servicios\/eurecatevents\/worskhop_etica_dades\/"]}]},{"@type":"ImageObject","inLanguage":"es","@id":"https:\/\/eurecat.org\/es\/servicios\/eurecatevents\/worskhop_etica_dades\/#primaryimage","url":"https:\/\/eurecat.org\/wp-content\/uploads\/2018\/09\/BASEdestacada520x272-3.jpg","contentUrl":"https:\/\/eurecat.org\/wp-content\/uploads\/2018\/09\/BASEdestacada520x272-3.jpg","width":520,"height":272},{"@type":"BreadcrumbList","@id":"https:\/\/eurecat.org\/es\/servicios\/eurecatevents\/worskhop_etica_dades\/#breadcrumb","itemListElement":[{"@type":"ListItem","position":1,"name":"Inici","item":"https:\/\/eurecat.org\/es\/"},{"@type":"ListItem","position":2,"name":"Actividades","item":"https:\/\/eurecat.org\/es\/servicios\/"},{"@type":"ListItem","position":3,"name":"Esdeveniments Eurecat","item":"https:\/\/eurecat.org\/es\/servicios\/eurecatevents\/"},{"@type":"ListItem","position":4,"name":"Workshop \u00c8tica i Dades"}]},{"@type":"WebSite","@id":"https:\/\/eurecat.org\/es\/#website","url":"https:\/\/eurecat.org\/es\/","name":"Eurecat","description":"Otro sitio realizado con WordPress","potentialAction":[{"@type":"SearchAction","target":{"@type":"EntryPoint","urlTemplate":"https:\/\/eurecat.org\/es\/?s={search_term_string}"},"query-input":{"@type":"PropertyValueSpecification","valueRequired":true,"valueName":"search_term_string"}}],"inLanguage":"es"}]}},"_links":{"self":[{"href":"https:\/\/eurecat.org\/es\/wp-json\/wp\/v2\/pages\/71158","targetHints":{"allow":["GET"]}}],"collection":[{"href":"https:\/\/eurecat.org\/es\/wp-json\/wp\/v2\/pages"}],"about":[{"href":"https:\/\/eurecat.org\/es\/wp-json\/wp\/v2\/types\/page"}],"author":[{"embeddable":true,"href":"https:\/\/eurecat.org\/es\/wp-json\/wp\/v2\/users\/24"}],"replies":[{"embeddable":true,"href":"https:\/\/eurecat.org\/es\/wp-json\/wp\/v2\/comments?post=71158"}],"version-history":[{"count":0,"href":"https:\/\/eurecat.org\/es\/wp-json\/wp\/v2\/pages\/71158\/revisions"}],"up":[{"embeddable":true,"href":"https:\/\/eurecat.org\/es\/wp-json\/wp\/v2\/pages\/2777"}],"wp:featuredmedia":[{"embeddable":true,"href":"https:\/\/eurecat.org\/es\/wp-json\/wp\/v2\/media\/71165"}],"wp:attachment":[{"href":"https:\/\/eurecat.org\/es\/wp-json\/wp\/v2\/media?parent=71158"}],"curies":[{"name":"wp","href":"https:\/\/api.w.org\/{rel}","templated":true}]}}