{"id":94730,"date":"2020-01-14T15:33:38","date_gmt":"2020-01-14T15:33:38","guid":{"rendered":"https:\/\/eurecat.org\/servicios\/eurecatevents\/taller-big-data-coe\/"},"modified":"2020-01-27T14:55:37","modified_gmt":"2020-01-27T14:55:37","slug":"taller-big-data-coe","status":"publish","type":"page","link":"https:\/\/eurecat.org\/es\/servicios\/eurecatevents\/taller-big-data-coe\/","title":{"rendered":"Taller Big Data COE | Self-supervised learning and multimodal embeddings"},"content":{"rendered":"<div class=\"fusion-fullwidth fullwidth-box fusion-builder-row-1 hundred-percent-fullwidth non-hundred-percent-height-scrolling\" style=\"--awb-border-radius-top-left:0px;--awb-border-radius-top-right:0px;--awb-border-radius-bottom-right:0px;--awb-border-radius-bottom-left:0px;--awb-padding-top:0px;--awb-padding-bottom:0px;--awb-margin-top:0px;--awb-margin-bottom:0px;--awb-flex-wrap:wrap;\" ><div class=\"fusion-builder-row fusion-row\"><div class=\"fusion-layout-column fusion_builder_column fusion-builder-column-0 fusion_builder_column_1_1 1_1 fusion-one-full fusion-column-first fusion-column-last\" style=\"--awb-bg-size:cover;\"><div class=\"fusion-column-wrapper fusion-column-has-shadow fusion-flex-column-wrapper-legacy\"><div class=\"fusion-text fusion-text-1\"><h1 style=\"text-align: center;\"><strong><span style=\"color: #1a4079;\">Taller Big Data COE | Self-supervised learning and multimodal embeddings<\/span><\/strong><\/h1>\n<\/div><div class=\"fusion-clearfix\"><\/div><\/div><\/div><\/div><\/div><div class=\"fusion-fullwidth fullwidth-box fusion-builder-row-2 fusion-parallax-none hundred-percent-fullwidth non-hundred-percent-height-scrolling\" style=\"--awb-border-radius-top-left:0px;--awb-border-radius-top-right:0px;--awb-border-radius-bottom-right:0px;--awb-border-radius-bottom-left:0px;--awb-padding-top:220px;--awb-padding-bottom:100px;--awb-margin-bottom:20px;--awb-background-image:url(&quot;https:\/\/eurecat.org\/wp-content\/uploads\/2020\/01\/imatgecapweb_tallerBDCOE.jpg&quot;);--awb-background-size:cover;--awb-flex-wrap:wrap;\" ><div class=\"fusion-builder-row fusion-row\"><div class=\"fusion-layout-column fusion_builder_column fusion-builder-column-1 fusion_builder_column_1_1 1_1 fusion-one-full fusion-column-first fusion-column-last\" style=\"--awb-bg-size:cover;\"><div class=\"fusion-column-wrapper fusion-column-has-shadow fusion-flex-column-wrapper-legacy\"><div class=\"fusion-clearfix\"><\/div><\/div><\/div><\/div><\/div><div class=\"fusion-fullwidth fullwidth-box fusion-builder-row-3 nonhundred-percent-fullwidth non-hundred-percent-height-scrolling\" style=\"--awb-border-radius-top-left:0px;--awb-border-radius-top-right:0px;--awb-border-radius-bottom-right:0px;--awb-border-radius-bottom-left:0px;--awb-padding-top:20px;--awb-padding-bottom:15px;--awb-flex-wrap:wrap;\" ><div class=\"fusion-builder-row fusion-row\"><div class=\"fusion-layout-column fusion_builder_column fusion-builder-column-2 fusion_builder_column_1_2 1_2 fusion-one-half fusion-column-first\" style=\"--awb-padding-top:0px;--awb-padding-bottom:30px;--awb-bg-size:cover;width:50%;width:calc(50% - ( ( 4% ) * 0.5 ) );margin-right: 4%;\"><div class=\"fusion-column-wrapper fusion-column-has-shadow fusion-flex-column-wrapper-legacy\"><div class=\"fusion-image-element in-legacy-container\" style=\"--awb-caption-title-font-family:var(--h2_typography-font-family);--awb-caption-title-font-weight:var(--h2_typography-font-weight);--awb-caption-title-font-style:var(--h2_typography-font-style);--awb-caption-title-size:var(--h2_typography-font-size);--awb-caption-title-transform:var(--h2_typography-text-transform);--awb-caption-title-line-height:var(--h2_typography-line-height);--awb-caption-title-letter-spacing:var(--h2_typography-letter-spacing);\"><span class=\" fusion-imageframe imageframe-none imageframe-1 hover-type-none\"><img decoding=\"async\" width=\"608\" height=\"215\" alt=\"taller Big Data COE \" title=\"HEADER_cast\" src=\"https:\/\/eurecat.org\/wp-content\/uploads\/2020\/01\/HEADER_cast.jpg\" class=\"img-responsive wp-image-94734\" srcset=\"https:\/\/eurecat.org\/wp-content\/uploads\/2020\/01\/HEADER_cast-200x71.jpg 200w, https:\/\/eurecat.org\/wp-content\/uploads\/2020\/01\/HEADER_cast-400x141.jpg 400w, https:\/\/eurecat.org\/wp-content\/uploads\/2020\/01\/HEADER_cast-600x212.jpg 600w, https:\/\/eurecat.org\/wp-content\/uploads\/2020\/01\/HEADER_cast.jpg 608w\" sizes=\"(max-width: 800px) 100vw, 608px\" \/><\/span><\/div><div class=\"fusion-sep-clear\"><\/div><div class=\"fusion-separator fusion-full-width-sep\" style=\"margin-left: auto;margin-right: auto;width:100%;\"><\/div><div class=\"fusion-sep-clear\"><\/div><div class=\"fusion-clearfix\"><\/div><\/div><\/div><div class=\"fusion-layout-column fusion_builder_column fusion-builder-column-3 fusion_builder_column_1_2 1_2 fusion-one-half fusion-column-last\" style=\"--awb-bg-size:cover;width:50%;width:calc(50% - ( ( 4% ) * 0.5 ) );\"><div class=\"fusion-column-wrapper fusion-column-has-shadow fusion-flex-column-wrapper-legacy\"><div class=\"fusion-sep-clear\"><\/div><div class=\"fusion-separator fusion-full-width-sep\" style=\"margin-left: auto;margin-right: auto;width:100%;\"><\/div><div class=\"fusion-sep-clear\"><\/div><div class=\"fusion-sep-clear\"><\/div><div class=\"fusion-separator fusion-full-width-sep\" style=\"margin-left: auto;margin-right: auto;width:100%;\"><\/div><div class=\"fusion-sep-clear\"><\/div><div class=\"fusion-text fusion-text-2\"><h2 style=\"text-align: center;\"><span style=\"color: #000000;\"><strong>28 de enero 2020<br \/>\nde 16:30h a 18:00h<\/strong><\/span><\/h2>\n<h3><strong>\u00a0<\/strong><\/h3>\n<\/div><div class=\"fusion-text fusion-text-3\"><p style=\"text-align: center;\"><strong><em><a href=\"https:\/\/www.google.com\/maps\/place\/Eurecat+-+Cerdanyola\/@41.4887866,2.1263307,15z\/data=!4m5!3m4!1s0x0:0xb7f38da751c1b3ae!8m2!3d41.4887866!4d2.1263307\" target=\"_blank\" rel=\"noopener noreferrer\">Eurecat Barcelona &#8211; Sala Innova\u00a0<\/a><\/em><\/strong><br \/>\nCalle Bilbao, 72<br \/>\n08005, Barcelona<\/p>\n<\/div><div class=\"fusion-button-wrapper fusion-aligncenter\"><a class=\"fusion-button button-flat fusion-button-default-size button-default fusion-button-default button-1 fusion-button-default-span fusion-button-default-type\" target=\"_blank\" rel=\"noopener noreferrer\" href=\"https:\/\/www.tfaforms.com\/4798167\"><span class=\"fusion-button-text awb-button__text awb-button__text--default\">INSCR\u00cdBETE<\/span><i class=\"fa-clipboard-check fas awb-button__icon awb-button__icon--default button-icon-right\" aria-hidden=\"true\"><\/i><\/a><\/div><div class=\"fusion-clearfix\"><\/div><\/div><\/div><\/div><\/div><div class=\"fusion-fullwidth fullwidth-box fusion-builder-row-4 nonhundred-percent-fullwidth non-hundred-percent-height-scrolling\" style=\"--awb-border-radius-top-left:0px;--awb-border-radius-top-right:0px;--awb-border-radius-bottom-right:0px;--awb-border-radius-bottom-left:0px;--awb-padding-top:10px;--awb-padding-bottom:10px;--awb-background-color:#3d6fb6;--awb-flex-wrap:wrap;\" ><div class=\"fusion-builder-row fusion-row\"><div class=\"fusion-layout-column fusion_builder_column fusion-builder-column-4 fusion_builder_column_1_1 1_1 fusion-one-full fusion-column-first fusion-column-last\" style=\"--awb-bg-size:cover;\"><div class=\"fusion-column-wrapper fusion-column-has-shadow fusion-flex-column-wrapper-legacy\"><div class=\"fusion-text fusion-text-4\"><h2 style=\"text-align: center;\"><strong><span style=\"color: #ffffff;\"><br \/>\nCONTENIDOS DEL TALLER<\/span><\/strong><\/h2>\n<\/div><div class=\"fusion-clearfix\"><\/div><\/div><\/div><\/div><\/div><div class=\"fusion-fullwidth fullwidth-box fusion-builder-row-5 nonhundred-percent-fullwidth non-hundred-percent-height-scrolling\" style=\"--awb-border-radius-top-left:0px;--awb-border-radius-top-right:0px;--awb-border-radius-bottom-right:0px;--awb-border-radius-bottom-left:0px;--awb-padding-top:10px;--awb-padding-bottom:10px;--awb-background-color:#ffffff;--awb-flex-wrap:wrap;\" ><div class=\"fusion-builder-row fusion-row\"><div class=\"fusion-layout-column fusion_builder_column fusion-builder-column-5 fusion_builder_column_1_5 1_5 fusion-one-fifth fusion-column-first\" style=\"--awb-bg-size:cover;width:20%;width:calc(20% - ( ( 4% ) * 0.2 ) );margin-right: 4%;\"><div class=\"fusion-column-wrapper fusion-column-has-shadow fusion-flex-column-wrapper-legacy\"><div class=\"fusion-image-element fusion-image-align-center in-legacy-container\" style=\"text-align:center;--awb-caption-title-font-family:var(--h2_typography-font-family);--awb-caption-title-font-weight:var(--h2_typography-font-weight);--awb-caption-title-font-style:var(--h2_typography-font-style);--awb-caption-title-size:var(--h2_typography-font-size);--awb-caption-title-transform:var(--h2_typography-text-transform);--awb-caption-title-line-height:var(--h2_typography-line-height);--awb-caption-title-letter-spacing:var(--h2_typography-letter-spacing);\"><div class=\"imageframe-align-center\"><span class=\" fusion-imageframe imageframe-none imageframe-2 hover-type-none\"><img decoding=\"async\" width=\"200\" height=\"158\" alt=\"taller Big Data COE\" title=\"marcal_rossinyol\" src=\"https:\/\/eurecat.org\/wp-content\/uploads\/2020\/01\/marcal_rossinyol.jpg\" class=\"img-responsive wp-image-94717\"\/><\/span><\/div><\/div><div class=\"fusion-text fusion-text-5\"><p style=\"text-align: center;\"><strong>Mar\u00e7al Rossinyol<\/strong><br \/>\nCVC<\/p>\n<\/div><div class=\"fusion-clearfix\"><\/div><\/div><\/div><div class=\"fusion-layout-column fusion_builder_column fusion-builder-column-6 fusion_builder_column_4_5 4_5 fusion-four-fifth fusion-column-last\" style=\"--awb-padding-right:40px;--awb-padding-left:20px;--awb-overflow:hidden;--awb-bg-size:cover;--awb-border-color:#3d6fb6;--awb-border-left:3px;--awb-border-style:solid;--awb-border-radius:0px 20px 0px 0px;width:80%;width:calc(80% - ( ( 4% ) * 0.8 ) );\"><div class=\"fusion-column-wrapper fusion-column-has-shadow fusion-flex-column-wrapper-legacy\"><div class=\"fusion-text fusion-text-6\"><p>Uno de los <strong>retos principales de la inteligencia artificial<\/strong> consiste en reducir el esfuerzo necesario para el entrenamiento de los algoritmos de aprendizaje autom\u00e1tico. Cuando se dispone de conjuntos de datos suficientemente amplios, a menudo hay informaci\u00f3n impl\u00edcita que se puede extraer y aprovechar con esta finalidad, evitando as\u00ed la necesidad de etiquetar los datos manualmente.<\/p>\n<p>En este taller, el <strong>Dr. Mar\u00e7al Rossinyol<\/strong> del Centro de Visi\u00f3n por Computador, <strong>explicar\u00e1 los \u00faltimos trabajos sobre t\u00e9cnicas de aprendizaje semi-supervisado<\/strong> y tambi\u00e9n <strong>dar\u00e1 una visi\u00f3n sobre multimodal embeddings<\/strong>, que combinan diversas t\u00e9cnicas para obtener mejores resultados, todo con un enfoque muy pr\u00e1ctico con tal de facilitar la adopci\u00f3n de estas tecnolog\u00edas en la actividad empresarial.<\/p>\n<p><strong>Imprescindible para las organizaciones que est\u00e1n trabajando en anal\u00edtica de datos<\/strong> y necesitan probar y desplegar algoritmos eficientes con rapidez y especialmente <strong>dirigida a ingenieros y cient\u00edficos de datos y especialistas IT<\/strong>.<\/p>\n<\/div><div class=\"fusion-clearfix\"><\/div><\/div><\/div><\/div><\/div><div class=\"fusion-fullwidth fullwidth-box fusion-builder-row-6 nonhundred-percent-fullwidth non-hundred-percent-height-scrolling\" style=\"--awb-border-radius-top-left:0px;--awb-border-radius-top-right:0px;--awb-border-radius-bottom-right:0px;--awb-border-radius-bottom-left:0px;--awb-padding-top:5px;--awb-padding-right:0px;--awb-padding-bottom:5px;--awb-padding-left:0px;--awb-background-color:#3d6fb6;--awb-flex-wrap:wrap;\" ><div class=\"fusion-builder-row fusion-row\"><div class=\"fusion-layout-column fusion_builder_column fusion-builder-column-7 fusion_builder_column_1_1 1_1 fusion-one-full fusion-column-first fusion-column-last\" style=\"--awb-bg-size:cover;\"><div class=\"fusion-column-wrapper fusion-column-has-shadow fusion-flex-column-wrapper-legacy\"><div class=\"fusion-text fusion-text-7\"><h2><\/h2>\n<h2 style=\"text-align: center;\"><strong><span style=\"color: #ffffff;\">UBICACI\u00d3N<\/span><\/strong><\/h2>\n<\/div><div class=\"fusion-clearfix\"><\/div><\/div><\/div><\/div><\/div><div class=\"fusion-fullwidth fullwidth-box fusion-builder-row-7 nonhundred-percent-fullwidth non-hundred-percent-height-scrolling\" style=\"--awb-border-radius-top-left:0px;--awb-border-radius-top-right:0px;--awb-border-radius-bottom-right:0px;--awb-border-radius-bottom-left:0px;--awb-padding-top:5px;--awb-padding-right:0px;--awb-padding-bottom:5px;--awb-padding-left:0px;--awb-background-color:#ffffff;--awb-flex-wrap:wrap;\" ><div class=\"fusion-builder-row fusion-row\"><div class=\"fusion-layout-column fusion_builder_column fusion-builder-column-8 fusion_builder_column_1_1 1_1 fusion-one-full fusion-column-first fusion-column-last\" style=\"--awb-bg-size:cover;--awb-margin-bottom:0px;\"><div class=\"fusion-column-wrapper fusion-column-has-shadow fusion-flex-column-wrapper-legacy\"><div class=\"fusion-column-content-centered\"><div class=\"fusion-column-content\"><div class=\"fusion-text fusion-text-8\"><p><iframe style=\"border: 0;\" src=\"https:\/\/www.google.com\/maps\/embed?pb=!1m18!1m12!1m3!1d191567.18953063796!2d2.0431712035296834!3d41.39065187311794!2m3!1f0!2f0!3f0!3m2!1i1024!2i768!4f13.1!3m3!1m2!1s0x12a4a3234fa4e67b%3A0xc5ec76ea18a47997!2sEurecat%20-%20Centro%20Tecnol%C3%B3gico%20de%20Catalu%C3%B1a!5e0!3m2!1ses!2ses!4v1579017208161!5m2!1ses!2ses\" width=\"1400\" height=\"450\" frameborder=\"0\" allowfullscreen=\"allowfullscreen\"><\/iframe><\/p>\n<\/div><\/div><\/div><div class=\"fusion-clearfix\"><\/div><\/div><\/div><\/div><\/div>\n","protected":false},"excerpt":{"rendered":"","protected":false},"author":23,"featured_media":94709,"parent":2777,"menu_order":45,"comment_status":"closed","ping_status":"closed","template":"100-width.php","meta":{"footnotes":""},"class_list":["post-94730","page","type-page","status-publish","has-post-thumbnail","hentry"],"yoast_head":"<!-- This site is optimized with the Yoast SEO plugin v27.4 - https:\/\/yoast.com\/product\/yoast-seo-wordpress\/ -->\n<title>Taller Big Data COE - Self-supervised learning and multimodal embeddings<\/title>\n<meta name=\"description\" content=\"En este taller del Big Data COE, el Dr. Mar\u00e7al Rossinyol del Centro de Visi\u00f3n por Computador (CVC - UAB) , explicar\u00e1 los \u00faltimos trabajos sobre t\u00e9cnicas de aprendizaje semi-supervisado y tambi\u00e9n dar\u00e1 una visi\u00f3n sobre multimodal embeddings, que combinan diversas t\u00e9cnicas para obtener mejores resultados, todo con un enfoque muy pr\u00e1ctico con tal de facilitar la adopci\u00f3n de estas tecnolog\u00edas en la actividad empresarial.\" \/>\n<meta name=\"robots\" content=\"index, follow, max-snippet:-1, max-image-preview:large, max-video-preview:-1\" \/>\n<link rel=\"canonical\" href=\"https:\/\/eurecat.org\/es\/servicios\/eurecatevents\/taller-big-data-coe\/\" \/>\n<meta property=\"og:locale\" content=\"es_ES\" \/>\n<meta property=\"og:type\" content=\"article\" \/>\n<meta property=\"og:title\" content=\"Taller Big Data COE - Self-supervised learning and multimodal embeddings\" \/>\n<meta property=\"og:description\" content=\"En este taller del Big Data COE, el Dr. Mar\u00e7al Rossinyol del Centro de Visi\u00f3n por Computador (CVC - UAB) , explicar\u00e1 los \u00faltimos trabajos sobre t\u00e9cnicas de aprendizaje semi-supervisado y tambi\u00e9n dar\u00e1 una visi\u00f3n sobre multimodal embeddings, que combinan diversas t\u00e9cnicas para obtener mejores resultados, todo con un enfoque muy pr\u00e1ctico con tal de facilitar la adopci\u00f3n de estas tecnolog\u00edas en la actividad empresarial.\" \/>\n<meta property=\"og:url\" content=\"https:\/\/eurecat.org\/es\/servicios\/eurecatevents\/taller-big-data-coe\/\" \/>\n<meta property=\"og:site_name\" content=\"Eurecat\" \/>\n<meta property=\"article:modified_time\" content=\"2020-01-27T14:55:37+00:00\" \/>\n<meta property=\"og:image\" content=\"https:\/\/eurecat.org\/wp-content\/uploads\/2020\/01\/BASEdestacada520x272_BDCOE_cast.jpg\" \/>\n\t<meta property=\"og:image:width\" content=\"520\" \/>\n\t<meta property=\"og:image:height\" content=\"272\" \/>\n\t<meta property=\"og:image:type\" content=\"image\/jpeg\" \/>\n<meta name=\"twitter:card\" content=\"summary_large_image\" \/>\n<meta name=\"twitter:label1\" content=\"Tiempo de lectura\" \/>\n\t<meta name=\"twitter:data1\" content=\"13 minutos\" \/>\n<script type=\"application\/ld+json\" class=\"yoast-schema-graph\">{\"@context\":\"https:\\\/\\\/schema.org\",\"@graph\":[{\"@type\":\"WebPage\",\"@id\":\"https:\\\/\\\/eurecat.org\\\/es\\\/servicios\\\/eurecatevents\\\/taller-big-data-coe\\\/\",\"url\":\"https:\\\/\\\/eurecat.org\\\/es\\\/servicios\\\/eurecatevents\\\/taller-big-data-coe\\\/\",\"name\":\"Taller Big Data COE - Self-supervised learning and multimodal embeddings\",\"isPartOf\":{\"@id\":\"https:\\\/\\\/eurecat.org\\\/es\\\/#website\"},\"primaryImageOfPage\":{\"@id\":\"https:\\\/\\\/eurecat.org\\\/es\\\/servicios\\\/eurecatevents\\\/taller-big-data-coe\\\/#primaryimage\"},\"image\":{\"@id\":\"https:\\\/\\\/eurecat.org\\\/es\\\/servicios\\\/eurecatevents\\\/taller-big-data-coe\\\/#primaryimage\"},\"thumbnailUrl\":\"https:\\\/\\\/eurecat.org\\\/wp-content\\\/uploads\\\/2020\\\/01\\\/BASEdestacada520x272_BDCOE_cast.jpg\",\"datePublished\":\"2020-01-14T15:33:38+00:00\",\"dateModified\":\"2020-01-27T14:55:37+00:00\",\"description\":\"En este taller del Big Data COE, el Dr. Mar\u00e7al Rossinyol del Centro de Visi\u00f3n por Computador (CVC - UAB) , explicar\u00e1 los \u00faltimos trabajos sobre t\u00e9cnicas de aprendizaje semi-supervisado y tambi\u00e9n dar\u00e1 una visi\u00f3n sobre multimodal embeddings, que combinan diversas t\u00e9cnicas para obtener mejores resultados, todo con un enfoque muy pr\u00e1ctico con tal de facilitar la adopci\u00f3n de estas tecnolog\u00edas en la actividad empresarial.\",\"breadcrumb\":{\"@id\":\"https:\\\/\\\/eurecat.org\\\/es\\\/servicios\\\/eurecatevents\\\/taller-big-data-coe\\\/#breadcrumb\"},\"inLanguage\":\"es\",\"potentialAction\":[{\"@type\":\"ReadAction\",\"target\":[\"https:\\\/\\\/eurecat.org\\\/es\\\/servicios\\\/eurecatevents\\\/taller-big-data-coe\\\/\"]}]},{\"@type\":\"ImageObject\",\"inLanguage\":\"es\",\"@id\":\"https:\\\/\\\/eurecat.org\\\/es\\\/servicios\\\/eurecatevents\\\/taller-big-data-coe\\\/#primaryimage\",\"url\":\"https:\\\/\\\/eurecat.org\\\/wp-content\\\/uploads\\\/2020\\\/01\\\/BASEdestacada520x272_BDCOE_cast.jpg\",\"contentUrl\":\"https:\\\/\\\/eurecat.org\\\/wp-content\\\/uploads\\\/2020\\\/01\\\/BASEdestacada520x272_BDCOE_cast.jpg\",\"width\":520,\"height\":272,\"caption\":\"taller Big Data COE\"},{\"@type\":\"BreadcrumbList\",\"@id\":\"https:\\\/\\\/eurecat.org\\\/es\\\/servicios\\\/eurecatevents\\\/taller-big-data-coe\\\/#breadcrumb\",\"itemListElement\":[{\"@type\":\"ListItem\",\"position\":1,\"name\":\"Inici\",\"item\":\"https:\\\/\\\/eurecat.org\\\/es\\\/\"},{\"@type\":\"ListItem\",\"position\":2,\"name\":\"Actividades\",\"item\":\"https:\\\/\\\/eurecat.org\\\/es\\\/servicios\\\/\"},{\"@type\":\"ListItem\",\"position\":3,\"name\":\"Esdeveniments Eurecat\",\"item\":\"https:\\\/\\\/eurecat.org\\\/es\\\/servicios\\\/eurecatevents\\\/\"},{\"@type\":\"ListItem\",\"position\":4,\"name\":\"Taller Big Data COE | Self-supervised learning and multimodal embeddings\"}]},{\"@type\":\"WebSite\",\"@id\":\"https:\\\/\\\/eurecat.org\\\/es\\\/#website\",\"url\":\"https:\\\/\\\/eurecat.org\\\/es\\\/\",\"name\":\"Eurecat\",\"description\":\"Otro sitio realizado con WordPress\",\"potentialAction\":[{\"@type\":\"SearchAction\",\"target\":{\"@type\":\"EntryPoint\",\"urlTemplate\":\"https:\\\/\\\/eurecat.org\\\/es\\\/?s={search_term_string}\"},\"query-input\":{\"@type\":\"PropertyValueSpecification\",\"valueRequired\":true,\"valueName\":\"search_term_string\"}}],\"inLanguage\":\"es\"}]}<\/script>\n<!-- \/ Yoast SEO plugin. -->","yoast_head_json":{"title":"Taller Big Data COE - Self-supervised learning and multimodal embeddings","description":"En este taller del Big Data COE, el Dr. Mar\u00e7al Rossinyol del Centro de Visi\u00f3n por Computador (CVC - UAB) , explicar\u00e1 los \u00faltimos trabajos sobre t\u00e9cnicas de aprendizaje semi-supervisado y tambi\u00e9n dar\u00e1 una visi\u00f3n sobre multimodal embeddings, que combinan diversas t\u00e9cnicas para obtener mejores resultados, todo con un enfoque muy pr\u00e1ctico con tal de facilitar la adopci\u00f3n de estas tecnolog\u00edas en la actividad empresarial.","robots":{"index":"index","follow":"follow","max-snippet":"max-snippet:-1","max-image-preview":"max-image-preview:large","max-video-preview":"max-video-preview:-1"},"canonical":"https:\/\/eurecat.org\/es\/servicios\/eurecatevents\/taller-big-data-coe\/","og_locale":"es_ES","og_type":"article","og_title":"Taller Big Data COE - Self-supervised learning and multimodal embeddings","og_description":"En este taller del Big Data COE, el Dr. Mar\u00e7al Rossinyol del Centro de Visi\u00f3n por Computador (CVC - UAB) , explicar\u00e1 los \u00faltimos trabajos sobre t\u00e9cnicas de aprendizaje semi-supervisado y tambi\u00e9n dar\u00e1 una visi\u00f3n sobre multimodal embeddings, que combinan diversas t\u00e9cnicas para obtener mejores resultados, todo con un enfoque muy pr\u00e1ctico con tal de facilitar la adopci\u00f3n de estas tecnolog\u00edas en la actividad empresarial.","og_url":"https:\/\/eurecat.org\/es\/servicios\/eurecatevents\/taller-big-data-coe\/","og_site_name":"Eurecat","article_modified_time":"2020-01-27T14:55:37+00:00","og_image":[{"width":520,"height":272,"url":"https:\/\/eurecat.org\/wp-content\/uploads\/2020\/01\/BASEdestacada520x272_BDCOE_cast.jpg","type":"image\/jpeg"}],"twitter_card":"summary_large_image","twitter_misc":{"Tiempo de lectura":"13 minutos"},"schema":{"@context":"https:\/\/schema.org","@graph":[{"@type":"WebPage","@id":"https:\/\/eurecat.org\/es\/servicios\/eurecatevents\/taller-big-data-coe\/","url":"https:\/\/eurecat.org\/es\/servicios\/eurecatevents\/taller-big-data-coe\/","name":"Taller Big Data COE - Self-supervised learning and multimodal embeddings","isPartOf":{"@id":"https:\/\/eurecat.org\/es\/#website"},"primaryImageOfPage":{"@id":"https:\/\/eurecat.org\/es\/servicios\/eurecatevents\/taller-big-data-coe\/#primaryimage"},"image":{"@id":"https:\/\/eurecat.org\/es\/servicios\/eurecatevents\/taller-big-data-coe\/#primaryimage"},"thumbnailUrl":"https:\/\/eurecat.org\/wp-content\/uploads\/2020\/01\/BASEdestacada520x272_BDCOE_cast.jpg","datePublished":"2020-01-14T15:33:38+00:00","dateModified":"2020-01-27T14:55:37+00:00","description":"En este taller del Big Data COE, el Dr. Mar\u00e7al Rossinyol del Centro de Visi\u00f3n por Computador (CVC - UAB) , explicar\u00e1 los \u00faltimos trabajos sobre t\u00e9cnicas de aprendizaje semi-supervisado y tambi\u00e9n dar\u00e1 una visi\u00f3n sobre multimodal embeddings, que combinan diversas t\u00e9cnicas para obtener mejores resultados, todo con un enfoque muy pr\u00e1ctico con tal de facilitar la adopci\u00f3n de estas tecnolog\u00edas en la actividad empresarial.","breadcrumb":{"@id":"https:\/\/eurecat.org\/es\/servicios\/eurecatevents\/taller-big-data-coe\/#breadcrumb"},"inLanguage":"es","potentialAction":[{"@type":"ReadAction","target":["https:\/\/eurecat.org\/es\/servicios\/eurecatevents\/taller-big-data-coe\/"]}]},{"@type":"ImageObject","inLanguage":"es","@id":"https:\/\/eurecat.org\/es\/servicios\/eurecatevents\/taller-big-data-coe\/#primaryimage","url":"https:\/\/eurecat.org\/wp-content\/uploads\/2020\/01\/BASEdestacada520x272_BDCOE_cast.jpg","contentUrl":"https:\/\/eurecat.org\/wp-content\/uploads\/2020\/01\/BASEdestacada520x272_BDCOE_cast.jpg","width":520,"height":272,"caption":"taller Big Data COE"},{"@type":"BreadcrumbList","@id":"https:\/\/eurecat.org\/es\/servicios\/eurecatevents\/taller-big-data-coe\/#breadcrumb","itemListElement":[{"@type":"ListItem","position":1,"name":"Inici","item":"https:\/\/eurecat.org\/es\/"},{"@type":"ListItem","position":2,"name":"Actividades","item":"https:\/\/eurecat.org\/es\/servicios\/"},{"@type":"ListItem","position":3,"name":"Esdeveniments Eurecat","item":"https:\/\/eurecat.org\/es\/servicios\/eurecatevents\/"},{"@type":"ListItem","position":4,"name":"Taller Big Data COE | Self-supervised learning and multimodal embeddings"}]},{"@type":"WebSite","@id":"https:\/\/eurecat.org\/es\/#website","url":"https:\/\/eurecat.org\/es\/","name":"Eurecat","description":"Otro sitio realizado con WordPress","potentialAction":[{"@type":"SearchAction","target":{"@type":"EntryPoint","urlTemplate":"https:\/\/eurecat.org\/es\/?s={search_term_string}"},"query-input":{"@type":"PropertyValueSpecification","valueRequired":true,"valueName":"search_term_string"}}],"inLanguage":"es"}]}},"_links":{"self":[{"href":"https:\/\/eurecat.org\/es\/wp-json\/wp\/v2\/pages\/94730","targetHints":{"allow":["GET"]}}],"collection":[{"href":"https:\/\/eurecat.org\/es\/wp-json\/wp\/v2\/pages"}],"about":[{"href":"https:\/\/eurecat.org\/es\/wp-json\/wp\/v2\/types\/page"}],"author":[{"embeddable":true,"href":"https:\/\/eurecat.org\/es\/wp-json\/wp\/v2\/users\/23"}],"replies":[{"embeddable":true,"href":"https:\/\/eurecat.org\/es\/wp-json\/wp\/v2\/comments?post=94730"}],"version-history":[{"count":0,"href":"https:\/\/eurecat.org\/es\/wp-json\/wp\/v2\/pages\/94730\/revisions"}],"up":[{"embeddable":true,"href":"https:\/\/eurecat.org\/es\/wp-json\/wp\/v2\/pages\/2777"}],"wp:featuredmedia":[{"embeddable":true,"href":"https:\/\/eurecat.org\/es\/wp-json\/wp\/v2\/media\/94709"}],"wp:attachment":[{"href":"https:\/\/eurecat.org\/es\/wp-json\/wp\/v2\/media?parent=94730"}],"curies":[{"name":"wp","href":"https:\/\/api.w.org\/{rel}","templated":true}]}}